{"id":18862,"date":"2026-01-01T13:50:49","date_gmt":"2026-01-01T11:50:49","guid":{"rendered":"https:\/\/vivasem.ro\/?post_type=product&#038;p=18862"},"modified":"2026-02-13T09:30:16","modified_gmt":"2026-02-13T07:30:16","slug":"melon-pepenele-galben-20s","status":"publish","type":"product","link":"https:\/\/vivasem.ro\/?product=melon-pepenele-galben-20s","title":{"rendered":"MELON (PEPENELE GALBEN)  20s"},"content":{"rendered":"<h6><span style=\"color: #ff0000;\">MELON \/TOMATO DYNNYY SAU PEPENELE GALBEN,<\/span><\/h6>\n<h6><span style=\"color: #000080;\">ESTE UN SOI DIN UCRAINA, CU FRUCTE\u00a0 FOARTE MARI, OVALE, DE CULOARE GALBEN SPRE PORTOCALIU, CU<span style=\"color: #ff0000;\"> GUST EXCEP\u021aIONAL, FOARTE DULCE \u0218I INTENS AROMAT, NEACID.<\/span><\/span><\/h6>\n<h6><span style=\"color: #000080;\">ACESTEA SUNT FOARTE C\u0102RNOASE, APROAPE F\u0102R\u0102 SEMIN\u021aE, SUCULENTE, EXCELENTE PENTRU SALATE.<\/span><\/h6>\n<h6><span style=\"color: #000080;\">GREUTATEA MEDIE , ESTE DE 100-200 grame, DAR POATE AJUNGE \u0218I LA 500 grame.<\/span><\/h6>\n<h6><span style=\"color: #ff0000;\">SOI PRODUCTIV, MEDIU TIMPURIU, NEDETERMINAT, DE SEZON LUNG, RODE\u0218TE CONSTANT P\u00c2N\u0102\u00a0 LA\u00a0 \u00ceNGHE\u021a.<\/span><\/h6>\n","protected":false},"excerpt":{"rendered":"<h6><span style=\"color: #0000ff;\">20 SEMIN\u021aE <\/span><\/h6>\n<h6><span style=\"color: #ff00ff;\">SOI DEOSEBIT,DE SEZON LUNG, GUST EXCELENT !<\/span><\/h6>\n","protected":false},"featured_media":4361,"comment_status":"open","ping_status":"closed","template":"","meta":{"site-sidebar-layout":"default","site-content-layout":"default","ast-site-content-layout":"default","site-content-style":"default","site-sidebar-style":"default","ast-global-header-display":"","ast-banner-title-visibility":"","ast-main-header-display":"","ast-hfb-above-header-display":"","ast-hfb-below-header-display":"","ast-hfb-mobile-header-display":"","site-post-title":"","ast-breadcrumbs-content":"","ast-featured-img":"","footer-sml-layout":"","ast-disable-related-posts":"","theme-transparent-header-meta":"default","adv-header-id-meta":"","stick-header-meta":"","header-above-stick-meta":"","header-main-stick-meta":"","header-below-stick-meta":"","astra-migrate-meta-layouts":"set","ast-page-background-enabled":"default","ast-page-background-meta":{"desktop":{"background-color":"var(--ast-global-color-4)","background-image":"","background-repeat":"repeat","background-position":"center center","background-size":"auto","background-attachment":"scroll","background-type":"","background-media":"","overlay-type":"","overlay-color":"","overlay-opacity":"","overlay-gradient":""},"tablet":{"background-color":"","background-image":"","background-repeat":"repeat","background-position":"center center","background-size":"auto","background-attachment":"scroll","background-type":"","background-media":"","overlay-type":"","overlay-color":"","overlay-opacity":"","overlay-gradient":""},"mobile":{"background-color":"","background-image":"","background-repeat":"repeat","background-position":"center center","background-size":"auto","background-attachment":"scroll","background-type":"","background-media":"","overlay-type":"","overlay-color":"","overlay-opacity":"","overlay-gradient":""}},"ast-content-background-meta":{"desktop":{"background-color":"var(--ast-global-color-5)","background-image":"","background-repeat":"repeat","background-position":"center center","background-size":"auto","background-attachment":"scroll","background-type":"","background-media":"","overlay-type":"","overlay-color":"","overlay-opacity":"","overlay-gradient":""},"tablet":{"background-color":"var(--ast-global-color-5)","background-image":"","background-repeat":"repeat","background-position":"center center","background-size":"auto","background-attachment":"scroll","background-type":"","background-media":"","overlay-type":"","overlay-color":"","overlay-opacity":"","overlay-gradient":""},"mobile":{"background-color":"var(--ast-global-color-5)","background-image":"","background-repeat":"repeat","background-position":"center center","background-size":"auto","background-attachment":"scroll","background-type":"","background-media":"","overlay-type":"","overlay-color":"","overlay-opacity":"","overlay-gradient":""}}},"product_brand":[],"product_cat":[139,178,141,15],"product_tag":[],"class_list":{"0":"post-18862","1":"product","2":"type-product","3":"status-publish","4":"has-post-thumbnail","6":"product_cat-tomate-galbene-orange-bicolore-verzi","7":"product_cat-soiuri-lungi","8":"product_cat-soi-gigant-urias","9":"product_cat-tomate-soi","10":"desktop-align-left","11":"tablet-align-left","12":"mobile-align-left","14":"first","15":"instock","16":"sale","17":"taxable","18":"shipping-taxable","19":"purchasable","20":"product-type-simple"},"_links":{"self":[{"href":"https:\/\/vivasem.ro\/index.php?rest_route=\/wp\/v2\/product\/18862","targetHints":{"allow":["GET"]}}],"collection":[{"href":"https:\/\/vivasem.ro\/index.php?rest_route=\/wp\/v2\/product"}],"about":[{"href":"https:\/\/vivasem.ro\/index.php?rest_route=\/wp\/v2\/types\/product"}],"replies":[{"embeddable":true,"href":"https:\/\/vivasem.ro\/index.php?rest_route=%2Fwp%2Fv2%2Fcomments&post=18862"}],"wp:featuredmedia":[{"embeddable":true,"href":"https:\/\/vivasem.ro\/index.php?rest_route=\/wp\/v2\/media\/4361"}],"wp:attachment":[{"href":"https:\/\/vivasem.ro\/index.php?rest_route=%2Fwp%2Fv2%2Fmedia&parent=18862"}],"wp:term":[{"taxonomy":"product_brand","embeddable":true,"href":"https:\/\/vivasem.ro\/index.php?rest_route=%2Fwp%2Fv2%2Fproduct_brand&post=18862"},{"taxonomy":"product_cat","embeddable":true,"href":"https:\/\/vivasem.ro\/index.php?rest_route=%2Fwp%2Fv2%2Fproduct_cat&post=18862"},{"taxonomy":"product_tag","embeddable":true,"href":"https:\/\/vivasem.ro\/index.php?rest_route=%2Fwp%2Fv2%2Fproduct_tag&post=18862"}],"curies":[{"name":"wp","href":"https:\/\/api.w.org\/{rel}","templated":true}]}}