{"id":18844,"date":"2026-01-01T13:26:25","date_gmt":"2026-01-01T11:26:25","guid":{"rendered":"https:\/\/vivasem.ro\/?post_type=product&#038;p=18844"},"modified":"2026-01-01T13:31:21","modified_gmt":"2026-01-01T11:31:21","slug":"ponderosa-pink-giant-oferta-pret-g-60-70","status":"publish","type":"product","link":"https:\/\/vivasem.ro\/?product=ponderosa-pink-giant-oferta-pret-g-60-70","title":{"rendered":"PONDEROSA PINK  (Giant) (Ofert\u0103 pret\/G. 60-70%)"},"content":{"rendered":"<h6><span style=\"color: #ff0000;\">PONDEROSA PINK -Reimeer Seeds USA,<\/span><\/h6>\n<h6>Lot cu germina\u021bie de 60-70%.<\/h6>\n<h6><span style=\"color: #000080;\">ESTE CUNOSCUT\u00a0 \u0218I SUB NUMELE DE :HENDERSONS PONDEROSA ,\u0218I NUMBER 400 TOMATO.<\/span><\/h6>\n<h6><span style=\"color: #ff0000;\">SOI EXCELENT, CU FRUCTE FOARTE MARI , \u00ceN MEDIE DE 150-400 grame, IAR UNELE\u00a0 AJUNG\u00a0 URIA\u0218E, DE LA\u00a0 500 grame \u0218I P\u00c2N\u0102\u00a0 LA 900 grame.<\/span><\/h6>\n<h6><span style=\"color: #000080;\">TOMATELE SUNT DE CULOARE ROZ SPRE RO\u0218U .<\/span><\/h6>\n<h6><span style=\"color: #ff0000;\">GUST EXCEP\u021aIONAL, FOARTE DULCE, SLAB ACID,\u00a0 CU O AROM\u0102\u00a0 \u00a0DE RO\u0218IE TRADI\u021aIONAL\u0102 .<\/span><\/h6>\n<h6><span style=\"color: #000080;\">PULPA ESTE TIP BEEFSTEAK, APROAPE F\u0102R\u0102 SEMIN\u021aE, FOARTE C\u0102RNOAS\u0102, SUCULENT\u0102, CE POATE FI FELIAT\u0102 \u0218I FOLOSIT\u0102 \u00ceN SANDVI\u0218URI, SALATE, ETC.<\/span><\/h6>\n<h6><span style=\"color: #ff0000;\">PLANTELE NEDETERMINATE,\u00a0 SUNT DEOSEBIT DE PRODUCTIVE\u00a0 , CU FOARTE BUNE REZULTATE \u00ceN GR\u0102DIN\u0102, DAR \u0218I \u00ceN SOLAR.<\/span><\/h6>\n<h6><span style=\"color: #000080;\">TIMPURIETATE MEDIE,87\u00a0 ZILE DE LA TRANSPLANT.<\/span><\/h6>\n<h6><span style=\"color: #ff0000;\">SOI DIN SUA, HEIRLOOM, COMERCIALIZAT\u00a0 DE SOCIETATEA\u00a0 PETER HENDERSON &amp; Co, \u00ceNC\u0102 DIN\u00a0 1891 .<\/span><\/h6>\n","protected":false},"excerpt":{"rendered":"<h6><span style=\"color: #ff00ff;\">GUST EXCEP\u021aIONAL,<img loading=\"lazy\" decoding=\"async\" class=\"alignnone size-full wp-image-8306\" src=\"https:\/\/vivasem.ro\/wp-content\/uploads\/2021\/11\/RECOMAND-e1762844609348.jpg\" alt=\"\" width=\"87\" height=\"84\" \/><\/span><\/h6>\n<h6><span style=\"color: #ff00ff;\"> SOI FOARTE PRODUCTIV, GIGANT !<\/span><\/h6>\n<p>&nbsp;<\/p>\n","protected":false},"featured_media":2322,"comment_status":"open","ping_status":"closed","template":"","meta":{"site-sidebar-layout":"default","site-content-layout":"default","ast-site-content-layout":"default","site-content-style":"default","site-sidebar-style":"default","ast-global-header-display":"","ast-banner-title-visibility":"","ast-main-header-display":"","ast-hfb-above-header-display":"","ast-hfb-below-header-display":"","ast-hfb-mobile-header-display":"","site-post-title":"","ast-breadcrumbs-content":"","ast-featured-img":"","footer-sml-layout":"","ast-disable-related-posts":"","theme-transparent-header-meta":"default","adv-header-id-meta":"","stick-header-meta":"","header-above-stick-meta":"","header-main-stick-meta":"","header-below-stick-meta":"","astra-migrate-meta-layouts":"set","ast-page-background-enabled":"default","ast-page-background-meta":{"desktop":{"background-color":"var(--ast-global-color-4)","background-image":"","background-repeat":"repeat","background-position":"center center","background-size":"auto","background-attachment":"scroll","background-type":"","background-media":"","overlay-type":"","overlay-color":"","overlay-opacity":"","overlay-gradient":""},"tablet":{"background-color":"","background-image":"","background-repeat":"repeat","background-position":"center center","background-size":"auto","background-attachment":"scroll","background-type":"","background-media":"","overlay-type":"","overlay-color":"","overlay-opacity":"","overlay-gradient":""},"mobile":{"background-color":"","background-image":"","background-repeat":"repeat","background-position":"center center","background-size":"auto","background-attachment":"scroll","background-type":"","background-media":"","overlay-type":"","overlay-color":"","overlay-opacity":"","overlay-gradient":""}},"ast-content-background-meta":{"desktop":{"background-color":"var(--ast-global-color-5)","background-image":"","background-repeat":"repeat","background-position":"center center","background-size":"auto","background-attachment":"scroll","background-type":"","background-media":"","overlay-type":"","overlay-color":"","overlay-opacity":"","overlay-gradient":""},"tablet":{"background-color":"var(--ast-global-color-5)","background-image":"","background-repeat":"repeat","background-position":"center center","background-size":"auto","background-attachment":"scroll","background-type":"","background-media":"","overlay-type":"","overlay-color":"","overlay-opacity":"","overlay-gradient":""},"mobile":{"background-color":"var(--ast-global-color-5)","background-image":"","background-repeat":"repeat","background-position":"center center","background-size":"auto","background-attachment":"scroll","background-type":"","background-media":"","overlay-type":"","overlay-color":"","overlay-opacity":"","overlay-gradient":""}}},"product_brand":[],"product_cat":[141,142,15],"product_tag":[],"class_list":{"0":"post-18844","1":"product","2":"type-product","3":"status-publish","4":"has-post-thumbnail","6":"product_cat-soi-gigant-urias","7":"product_cat-soiuri-rosii-roz","8":"product_cat-tomate-soi","9":"pa_cantitate-10-seminte","10":"pa_cantitate-100-seminte","11":"pa_cantitate-200-seminte","12":"pa_cantitate-25-seminte","13":"pa_cantitate-250-seminte","14":"pa_cantitate-5-seminte","15":"pa_cantitate-50-seminte","16":"pa_cantitate-500-seminte","17":"desktop-align-left","18":"tablet-align-left","19":"mobile-align-left","21":"first","22":"instock","23":"sale","24":"taxable","25":"shipping-taxable","26":"purchasable","27":"product-type-variable"},"_links":{"self":[{"href":"https:\/\/vivasem.ro\/index.php?rest_route=\/wp\/v2\/product\/18844","targetHints":{"allow":["GET"]}}],"collection":[{"href":"https:\/\/vivasem.ro\/index.php?rest_route=\/wp\/v2\/product"}],"about":[{"href":"https:\/\/vivasem.ro\/index.php?rest_route=\/wp\/v2\/types\/product"}],"replies":[{"embeddable":true,"href":"https:\/\/vivasem.ro\/index.php?rest_route=%2Fwp%2Fv2%2Fcomments&post=18844"}],"wp:featuredmedia":[{"embeddable":true,"href":"https:\/\/vivasem.ro\/index.php?rest_route=\/wp\/v2\/media\/2322"}],"wp:attachment":[{"href":"https:\/\/vivasem.ro\/index.php?rest_route=%2Fwp%2Fv2%2Fmedia&parent=18844"}],"wp:term":[{"taxonomy":"product_brand","embeddable":true,"href":"https:\/\/vivasem.ro\/index.php?rest_route=%2Fwp%2Fv2%2Fproduct_brand&post=18844"},{"taxonomy":"product_cat","embeddable":true,"href":"https:\/\/vivasem.ro\/index.php?rest_route=%2Fwp%2Fv2%2Fproduct_cat&post=18844"},{"taxonomy":"product_tag","embeddable":true,"href":"https:\/\/vivasem.ro\/index.php?rest_route=%2Fwp%2Fv2%2Fproduct_tag&post=18844"}],"curies":[{"name":"wp","href":"https:\/\/api.w.org\/{rel}","templated":true}]}}