{"id":18834,"date":"2026-01-01T13:00:45","date_gmt":"2026-01-01T11:00:45","guid":{"rendered":"https:\/\/vivasem.ro\/?post_type=product&#038;p=18834"},"modified":"2026-01-01T13:01:08","modified_gmt":"2026-01-01T11:01:08","slug":"artisan-pink-tiger-25s","status":"publish","type":"product","link":"https:\/\/vivasem.ro\/?product=artisan-pink-tiger-25s","title":{"rendered":"\u201eARTISAN PINK TIGER 25s"},"content":{"rendered":"<h6><span style=\"color: #ff0000;\">ARTISAN PINK TIGER,<\/span><\/h6>\n<h6><span style=\"color: #000080;\">Lot cu germina\u021bie de\u00a050-65%.<\/span><\/h6>\n<h6><span style=\"color: #ff0000;\">SOI\u00a0 DEOSEBIT, SUPERB, DE TOMATE LUNGI DE 4 -6 cm , CU O CULOARE GALBEN\u0102, COMBINAT\u0102 CU DUNGI RO\u0218II-PORTOCALII.<\/span><\/h6>\n<h6><span style=\"color: #ff0000;\">GUST EXCELENT, DEOSEBIT DE BUN, FOARTE DULCE, INTENS AROMAT.<\/span><\/h6>\n<h6><span style=\"color: #000080;\">FRUCTELE SUNT \u00ceN GREUTATE DE 20-40 grame.<\/span><\/h6>\n<h6><span style=\"color: #000080;\">CRE\u0218TERE NEDETERMINAT\u0102.<\/span><\/h6>\n<h6><span style=\"color: #000080;\">ACEST SOI NOU,A FOST OB\u021aINUT DE AMERICANUL TOM WAGNER, PRIN \u00ceNCRUCI\u0218AREA SOIURILOR RAISIN VERT \u0218I CASADYS FOLLY \u0218I <span style=\"color: #ff0000;\">ESTE FOARTE REZISTENT , MAI ALES LA TEMPERATURI SC\u0102ZUTE, FIIND DE SEZON LUNG, CE PRODUCE MULT, P\u00c2N\u0102 LA \u00ceNGHE\u021a.<\/span><\/span><\/h6>\n","protected":false},"excerpt":{"rendered":"<h6><span style=\"color: #0000ff;\">25 SEMIN\u021aE<\/span><\/h6>\n<h6><span style=\"color: #ff0000;\">SOI SPECTACULOS, FOARTE PRODUCTIV !<\/span><\/h6>\n","protected":false},"featured_media":18833,"comment_status":"open","ping_status":"closed","template":"","meta":{"site-sidebar-layout":"default","site-content-layout":"default","ast-site-content-layout":"default","site-content-style":"default","site-sidebar-style":"default","ast-global-header-display":"","ast-banner-title-visibility":"","ast-main-header-display":"","ast-hfb-above-header-display":"","ast-hfb-below-header-display":"","ast-hfb-mobile-header-display":"","site-post-title":"","ast-breadcrumbs-content":"","ast-featured-img":"","footer-sml-layout":"","ast-disable-related-posts":"","theme-transparent-header-meta":"default","adv-header-id-meta":"","stick-header-meta":"","header-above-stick-meta":"","header-main-stick-meta":"","header-below-stick-meta":"","astra-migrate-meta-layouts":"set","ast-page-background-enabled":"default","ast-page-background-meta":{"desktop":{"background-color":"var(--ast-global-color-4)","background-image":"","background-repeat":"repeat","background-position":"center center","background-size":"auto","background-attachment":"scroll","background-type":"","background-media":"","overlay-type":"","overlay-color":"","overlay-opacity":"","overlay-gradient":""},"tablet":{"background-color":"","background-image":"","background-repeat":"repeat","background-position":"center center","background-size":"auto","background-attachment":"scroll","background-type":"","background-media":"","overlay-type":"","overlay-color":"","overlay-opacity":"","overlay-gradient":""},"mobile":{"background-color":"","background-image":"","background-repeat":"repeat","background-position":"center center","background-size":"auto","background-attachment":"scroll","background-type":"","background-media":"","overlay-type":"","overlay-color":"","overlay-opacity":"","overlay-gradient":""}},"ast-content-background-meta":{"desktop":{"background-color":"var(--ast-global-color-5)","background-image":"","background-repeat":"repeat","background-position":"center center","background-size":"auto","background-attachment":"scroll","background-type":"","background-media":"","overlay-type":"","overlay-color":"","overlay-opacity":"","overlay-gradient":""},"tablet":{"background-color":"var(--ast-global-color-5)","background-image":"","background-repeat":"repeat","background-position":"center center","background-size":"auto","background-attachment":"scroll","background-type":"","background-media":"","overlay-type":"","overlay-color":"","overlay-opacity":"","overlay-gradient":""},"mobile":{"background-color":"var(--ast-global-color-5)","background-image":"","background-repeat":"repeat","background-position":"center center","background-size":"auto","background-attachment":"scroll","background-type":"","background-media":"","overlay-type":"","overlay-color":"","overlay-opacity":"","overlay-gradient":""}}},"product_brand":[],"product_cat":[180,139,143,178,15],"product_tag":[],"class_list":{"0":"post-18834","1":"product","2":"type-product","3":"status-publish","4":"has-post-thumbnail","6":"product_cat-oferte-de-pret-cantitate","7":"product_cat-tomate-galbene-orange-bicolore-verzi","8":"product_cat-soiuri-timpurii-cherry","9":"product_cat-soiuri-lungi","10":"product_cat-tomate-soi","11":"desktop-align-left","12":"tablet-align-left","13":"mobile-align-left","15":"first","16":"instock","17":"taxable","18":"shipping-taxable","19":"purchasable","20":"product-type-simple"},"_links":{"self":[{"href":"https:\/\/vivasem.ro\/index.php?rest_route=\/wp\/v2\/product\/18834","targetHints":{"allow":["GET"]}}],"collection":[{"href":"https:\/\/vivasem.ro\/index.php?rest_route=\/wp\/v2\/product"}],"about":[{"href":"https:\/\/vivasem.ro\/index.php?rest_route=\/wp\/v2\/types\/product"}],"replies":[{"embeddable":true,"href":"https:\/\/vivasem.ro\/index.php?rest_route=%2Fwp%2Fv2%2Fcomments&post=18834"}],"wp:featuredmedia":[{"embeddable":true,"href":"https:\/\/vivasem.ro\/index.php?rest_route=\/wp\/v2\/media\/18833"}],"wp:attachment":[{"href":"https:\/\/vivasem.ro\/index.php?rest_route=%2Fwp%2Fv2%2Fmedia&parent=18834"}],"wp:term":[{"taxonomy":"product_brand","embeddable":true,"href":"https:\/\/vivasem.ro\/index.php?rest_route=%2Fwp%2Fv2%2Fproduct_brand&post=18834"},{"taxonomy":"product_cat","embeddable":true,"href":"https:\/\/vivasem.ro\/index.php?rest_route=%2Fwp%2Fv2%2Fproduct_cat&post=18834"},{"taxonomy":"product_tag","embeddable":true,"href":"https:\/\/vivasem.ro\/index.php?rest_route=%2Fwp%2Fv2%2Fproduct_tag&post=18834"}],"curies":[{"name":"wp","href":"https:\/\/api.w.org\/{rel}","templated":true}]}}