{"id":188,"date":"2021-09-22T18:10:02","date_gmt":"2021-09-22T16:10:02","guid":{"rendered":"https:\/\/vivasem.ro\/?post_type=product&#038;p=188"},"modified":"2025-03-17T08:52:41","modified_gmt":"2025-03-17T06:52:41","slug":"black-zebra","status":"publish","type":"product","link":"https:\/\/vivasem.ro\/?product=black-zebra","title":{"rendered":"BLACK ZEBRA"},"content":{"rendered":"<h6><span style=\"color: #ff0000;\">BLACK ZEBRA, <\/span><\/h6>\n<h6><span style=\"color: #0000ff;\">SOI NOU, EXTRAORDINAR, OB\u021aINUT \u00ceN SUA \u0218I ACLIMATIZAT \u00ceN UCRAINA , CA O VARIETATE LA GREEN ZEBRA, CU FRUCTE SUPERBE<\/span>, DE CULOARE MAHON \u00ceNCHIS,P\u00c2N\u0102 LA NEGRU,V\u0102RGATE RO\u0218U \u0218I VERDE, CE FORMEAZ\u0102 CIORCHINI, DE 6-8 TOMATE,CU GREUTATE MEDIE DE 30 DE grame, DAR POT AJUNGE P\u00c2N\u0102 LA 100 DE grame.<\/h6>\n<h6><span style=\"color: #0000ff;\">FOARTE DULCI, EXCEP\u021aIONAL DE AROMATE, CU GUST DE TOMATE NEGRE ,FRUCTAT.<\/span><br \/>\n<span style=\"color: #0000ff;\">PULPA ARE O CULOARE INCREDIBIL\u0102, INTENS\u0102 VI\u0218INIE-PURPURIE,ASEM\u0102N\u0102TOARE CU SFECLA RO\u0218IE.<\/span><br \/>\nPLANTE SUNT VIGUROASE, NEDETERMINATE.<\/h6>\n","protected":false},"excerpt":{"rendered":"<h6><span style=\"color: #0000ff;\">30 SEMIN\u021aE<\/span><\/h6>\n<h5><span style=\"color: #ff0000;\"> SOI SPECTACULOS !<\/span><\/h5>\n<h5><span style=\"color: #ff0000;\">GUST EXCEP\u021aIONAL !<\/span><\/h5>\n","protected":false},"featured_media":411,"comment_status":"open","ping_status":"closed","template":"","meta":{"site-sidebar-layout":"default","site-content-layout":"default","ast-site-content-layout":"default","site-content-style":"default","site-sidebar-style":"default","ast-global-header-display":"","ast-banner-title-visibility":"","ast-main-header-display":"","ast-hfb-above-header-display":"","ast-hfb-below-header-display":"","ast-hfb-mobile-header-display":"","site-post-title":"","ast-breadcrumbs-content":"","ast-featured-img":"","footer-sml-layout":"","ast-disable-related-posts":"","theme-transparent-header-meta":"default","adv-header-id-meta":"","stick-header-meta":"","header-above-stick-meta":"","header-main-stick-meta":"","header-below-stick-meta":"","astra-migrate-meta-layouts":"set","ast-page-background-enabled":"default","ast-page-background-meta":{"desktop":{"background-color":"var(--ast-global-color-4)","background-image":"","background-repeat":"repeat","background-position":"center center","background-size":"auto","background-attachment":"scroll","background-type":"","background-media":"","overlay-type":"","overlay-color":"","overlay-opacity":"","overlay-gradient":""},"tablet":{"background-color":"","background-image":"","background-repeat":"repeat","background-position":"center center","background-size":"auto","background-attachment":"scroll","background-type":"","background-media":"","overlay-type":"","overlay-color":"","overlay-opacity":"","overlay-gradient":""},"mobile":{"background-color":"","background-image":"","background-repeat":"repeat","background-position":"center center","background-size":"auto","background-attachment":"scroll","background-type":"","background-media":"","overlay-type":"","overlay-color":"","overlay-opacity":"","overlay-gradient":""}},"ast-content-background-meta":{"desktop":{"background-color":"var(--ast-global-color-5)","background-image":"","background-repeat":"repeat","background-position":"center center","background-size":"auto","background-attachment":"scroll","background-type":"","background-media":"","overlay-type":"","overlay-color":"","overlay-opacity":"","overlay-gradient":""},"tablet":{"background-color":"var(--ast-global-color-5)","background-image":"","background-repeat":"repeat","background-position":"center center","background-size":"auto","background-attachment":"scroll","background-type":"","background-media":"","overlay-type":"","overlay-color":"","overlay-opacity":"","overlay-gradient":""},"mobile":{"background-color":"var(--ast-global-color-5)","background-image":"","background-repeat":"repeat","background-position":"center center","background-size":"auto","background-attachment":"scroll","background-type":"","background-media":"","overlay-type":"","overlay-color":"","overlay-opacity":"","overlay-gradient":""}}},"product_brand":[],"product_cat":[139,143,138,15],"product_tag":[],"class_list":{"0":"post-188","1":"product","2":"type-product","3":"status-publish","4":"has-post-thumbnail","6":"product_cat-tomate-galbene-orange-bicolore-verzi","7":"product_cat-soiuri-timpurii-cherry","8":"product_cat-soiuri-negre","9":"product_cat-tomate-soi","10":"desktop-align-left","11":"tablet-align-left","12":"mobile-align-left","14":"first","15":"instock","16":"taxable","17":"shipping-taxable","18":"purchasable","19":"product-type-simple"},"_links":{"self":[{"href":"https:\/\/vivasem.ro\/index.php?rest_route=\/wp\/v2\/product\/188","targetHints":{"allow":["GET"]}}],"collection":[{"href":"https:\/\/vivasem.ro\/index.php?rest_route=\/wp\/v2\/product"}],"about":[{"href":"https:\/\/vivasem.ro\/index.php?rest_route=\/wp\/v2\/types\/product"}],"replies":[{"embeddable":true,"href":"https:\/\/vivasem.ro\/index.php?rest_route=%2Fwp%2Fv2%2Fcomments&post=188"}],"wp:featuredmedia":[{"embeddable":true,"href":"https:\/\/vivasem.ro\/index.php?rest_route=\/wp\/v2\/media\/411"}],"wp:attachment":[{"href":"https:\/\/vivasem.ro\/index.php?rest_route=%2Fwp%2Fv2%2Fmedia&parent=188"}],"wp:term":[{"taxonomy":"product_brand","embeddable":true,"href":"https:\/\/vivasem.ro\/index.php?rest_route=%2Fwp%2Fv2%2Fproduct_brand&post=188"},{"taxonomy":"product_cat","embeddable":true,"href":"https:\/\/vivasem.ro\/index.php?rest_route=%2Fwp%2Fv2%2Fproduct_cat&post=188"},{"taxonomy":"product_tag","embeddable":true,"href":"https:\/\/vivasem.ro\/index.php?rest_route=%2Fwp%2Fv2%2Fproduct_tag&post=188"}],"curies":[{"name":"wp","href":"https:\/\/api.w.org\/{rel}","templated":true}]}}