{"id":18791,"date":"2026-01-01T11:49:15","date_gmt":"2026-01-01T09:49:15","guid":{"rendered":"https:\/\/vivasem.ro\/?post_type=product&#038;p=18791"},"modified":"2026-03-16T11:28:49","modified_gmt":"2026-03-16T09:28:49","slug":"chinese-giant-oferta-pret-g-40-50","status":"publish","type":"product","link":"https:\/\/vivasem.ro\/?product=chinese-giant-oferta-pret-g-40-50","title":{"rendered":"\u201e\u201eCHINESE GIANT  (Ofert\u0103 pret\/G. 40-50%)"},"content":{"rendered":"<h6><span style=\"color: #ff0000;\">CHINESE GIANT\/KITAYSKIY VELIKAN,<\/span><\/h6>\n<h6><span style=\"color: #000080;\">Lot cu germina\u021bie de 40-50%.<\/span><\/h6>\n<div class=\"ast-oembed-container \" style=\"height: 100%;\"><iframe loading=\"lazy\" title=\"Tomate mari  si productive Chinese Giant\" width=\"500\" height=\"281\" src=\"https:\/\/www.youtube.com\/embed\/ZF1TiCKA7e8?start=154&#038;feature=oembed\" frameborder=\"0\" allow=\"accelerometer; autoplay; clipboard-write; encrypted-media; gyroscope; picture-in-picture; web-share\" referrerpolicy=\"strict-origin-when-cross-origin\" allowfullscreen><\/iframe><\/div>\n<p>&nbsp;<\/p>\n<h6><span style=\"color: #000080;\"><span style=\"color: #ff0000;\">SOI EXCEP\u021aIONAL, ACLIMATIZAT \u00ceN UCRAINA , CU FRUCTE FOARTE MARI, \u00ceNTRE 300-500 grame, IAR UNELE DEVIN URIA\u0218E, \u00ceNTRE 700 grame \u0218I PESTE\u00a0 1 kilogram<\/span> , DE CULOARE ROZ-PURPURIE,<\/span><\/h6>\n<h6><span style=\"color: #000080;\"><span style=\"color: #ff0000;\">TOMATELE SUNT FOARTE GUSTOASE, DULCI, U\u0218OR ACIDE, CU AROM\u0102 INTENS\u0102,CLASIC\u0102,DE RO\u0218IE VECHE.<\/span> <\/span><\/h6>\n<h6><span style=\"color: #000080;\">PULPA ESTE C\u0102RNOAS\u0102, TIP BEEFSTEAK, CU PULP\u0102 DENS\u0102 \u0218I SEMIN\u021aE PU\u021aINE, FERM\u0102, REZISTENT\u0102 LA TRANSPORT.<\/span><\/h6>\n<h6><span style=\"color: #000080;\">DE CONSUMAT PROASPETE,DE G\u0102TIT DAR \u0218I DE PROCESAT PENTRU CONSERVAT.<\/span><\/h6>\n<h6><span style=\"color: #000080;\"><span style=\"color: #ff0000;\">PRODUCTIVITATEA ESTE FOARTE \u00ceNALT\u0102<\/span>, DATORAT\u0102 PLANTELOR \u00ceNALTE, NEDETERMINATE, FOARTE PUTERNICE, ADAPTATE LA VARIA\u021aII TERMICE \u0218I TEMPERATURI SC\u0102ZUTE,CARE FORMEAZ\u0102 CIORCHINI CU 3-6 ,P\u00c2N\u0102 LA 9 FRUCTE MARI.<\/span><\/h6>\n<h6><span style=\"color: #ff0000;\">FRECVENT, AM RECOLTAT 1,5-2 kilograme\/ O PLANT\u0102\/O CULEGERE.<\/span><\/h6>\n<h6><span style=\"color: #000080;\">SOI MEDIU-TIMPURIU<\/span><\/h6>\n<h6><\/h6>\n","protected":false},"excerpt":{"rendered":"<h5><span style=\"color: #ff0000;\">VEZI VIDEOCLIP<\/span><\/h5>\n<h6><span style=\"color: #ff00ff;\">EXTREM DE PRODUCTIV !<\/span><\/h6>\n<h6><span style=\"color: #ff00ff;\">GUST EXCELENT ! <\/span><span style=\"color: #ff00ff;\">SOI GIGANT FOARTE REZISTENT !<\/span><\/h6>\n<p>&nbsp;<\/p>\n","protected":false},"featured_media":2512,"comment_status":"open","ping_status":"closed","template":"","meta":{"site-sidebar-layout":"default","site-content-layout":"default","ast-site-content-layout":"default","site-content-style":"default","site-sidebar-style":"default","ast-global-header-display":"","ast-banner-title-visibility":"","ast-main-header-display":"","ast-hfb-above-header-display":"","ast-hfb-below-header-display":"","ast-hfb-mobile-header-display":"","site-post-title":"","ast-breadcrumbs-content":"","ast-featured-img":"","footer-sml-layout":"","ast-disable-related-posts":"","theme-transparent-header-meta":"default","adv-header-id-meta":"","stick-header-meta":"","header-above-stick-meta":"","header-main-stick-meta":"","header-below-stick-meta":"","astra-migrate-meta-layouts":"set","ast-page-background-enabled":"default","ast-page-background-meta":{"desktop":{"background-color":"var(--ast-global-color-4)","background-image":"","background-repeat":"repeat","background-position":"center center","background-size":"auto","background-attachment":"scroll","background-type":"","background-media":"","overlay-type":"","overlay-color":"","overlay-opacity":"","overlay-gradient":""},"tablet":{"background-color":"","background-image":"","background-repeat":"repeat","background-position":"center center","background-size":"auto","background-attachment":"scroll","background-type":"","background-media":"","overlay-type":"","overlay-color":"","overlay-opacity":"","overlay-gradient":""},"mobile":{"background-color":"","background-image":"","background-repeat":"repeat","background-position":"center center","background-size":"auto","background-attachment":"scroll","background-type":"","background-media":"","overlay-type":"","overlay-color":"","overlay-opacity":"","overlay-gradient":""}},"ast-content-background-meta":{"desktop":{"background-color":"var(--ast-global-color-5)","background-image":"","background-repeat":"repeat","background-position":"center center","background-size":"auto","background-attachment":"scroll","background-type":"","background-media":"","overlay-type":"","overlay-color":"","overlay-opacity":"","overlay-gradient":""},"tablet":{"background-color":"var(--ast-global-color-5)","background-image":"","background-repeat":"repeat","background-position":"center center","background-size":"auto","background-attachment":"scroll","background-type":"","background-media":"","overlay-type":"","overlay-color":"","overlay-opacity":"","overlay-gradient":""},"mobile":{"background-color":"var(--ast-global-color-5)","background-image":"","background-repeat":"repeat","background-position":"center center","background-size":"auto","background-attachment":"scroll","background-type":"","background-media":"","overlay-type":"","overlay-color":"","overlay-opacity":"","overlay-gradient":""}}},"product_brand":[],"product_cat":[141,142,15],"product_tag":[],"class_list":{"0":"post-18791","1":"product","2":"type-product","3":"status-publish","4":"has-post-thumbnail","6":"product_cat-soi-gigant-urias","7":"product_cat-soiuri-rosii-roz","8":"product_cat-tomate-soi","9":"pa_cantitate-100-100-seminte","10":"pa_cantitate-100-1000-seminte","11":"pa_cantitate-100-200-seminte","12":"pa_cantitate-100-300-seminte","13":"pa_cantitate-100-400-seminte","14":"pa_cantitate-100-500-seminte","15":"pa_cantitate-100-600-seminte","16":"pa_cantitate-100-800-seminte","17":"pa_cantitate-100-900-seminte","18":"desktop-align-left","19":"tablet-align-left","20":"mobile-align-left","22":"first","23":"outofstock","24":"sale","25":"taxable","26":"shipping-taxable","27":"purchasable","28":"product-type-variable"},"_links":{"self":[{"href":"https:\/\/vivasem.ro\/index.php?rest_route=\/wp\/v2\/product\/18791","targetHints":{"allow":["GET"]}}],"collection":[{"href":"https:\/\/vivasem.ro\/index.php?rest_route=\/wp\/v2\/product"}],"about":[{"href":"https:\/\/vivasem.ro\/index.php?rest_route=\/wp\/v2\/types\/product"}],"replies":[{"embeddable":true,"href":"https:\/\/vivasem.ro\/index.php?rest_route=%2Fwp%2Fv2%2Fcomments&post=18791"}],"wp:featuredmedia":[{"embeddable":true,"href":"https:\/\/vivasem.ro\/index.php?rest_route=\/wp\/v2\/media\/2512"}],"wp:attachment":[{"href":"https:\/\/vivasem.ro\/index.php?rest_route=%2Fwp%2Fv2%2Fmedia&parent=18791"}],"wp:term":[{"taxonomy":"product_brand","embeddable":true,"href":"https:\/\/vivasem.ro\/index.php?rest_route=%2Fwp%2Fv2%2Fproduct_brand&post=18791"},{"taxonomy":"product_cat","embeddable":true,"href":"https:\/\/vivasem.ro\/index.php?rest_route=%2Fwp%2Fv2%2Fproduct_cat&post=18791"},{"taxonomy":"product_tag","embeddable":true,"href":"https:\/\/vivasem.ro\/index.php?rest_route=%2Fwp%2Fv2%2Fproduct_tag&post=18791"}],"curies":[{"name":"wp","href":"https:\/\/api.w.org\/{rel}","templated":true}]}}