{"id":18716,"date":"2026-01-01T10:29:09","date_gmt":"2026-01-01T08:29:09","guid":{"rendered":"https:\/\/vivasem.ro\/?post_type=product&#038;p=18716"},"modified":"2026-01-01T11:52:20","modified_gmt":"2026-01-01T09:52:20","slug":"copacul-de-tomate-tsifomandra-oferta-pret-g-50-60","status":"publish","type":"product","link":"https:\/\/vivasem.ro\/?product=copacul-de-tomate-tsifomandra-oferta-pret-g-50-60","title":{"rendered":"COPACUL DE TOMATE-TSIFOMANDRA (Ofert\u0103 pret\/G. 50-60%)"},"content":{"rendered":"<h6><span style=\"color: #ff0000;\"><strong>COPACUL DE TOMATE-TSIFOMANDRA,<\/strong><\/span><\/h6>\n<h6>\u00a0Lot cu germina\u021bie de 50-60%<\/h6>\n<h6><span style=\"color: #0000ff;\"><strong>UN SOI CU O PRODUCTIVITATE EXTRAORDINAR\u0102 , LEGENDA SPUNE C\u0102 SE POT OB\u021aINE PESTE 30 KILOGRAME\/PLANT\u0102 ,\u00ceN CONDI\u021aII IDEEALE DE CULTIVARE (LA NOI NU S-A CONFIRMAT CHIAR AT\u00c2T, DAR RECOLTA A FOST EXCEP\u021aIONAL\u0102).<\/strong><\/span><\/h6>\n<h6>PLANTELE SUNT ROBUSTE,CU TULPINA SOLID\u0102 , DE PESTE 2 metrii, \u0218I RODESC MASIV, CIORCHINI DE 5-8 FRUCTE ROTUNDE, FOARTE FRUMOASE, DE CULOARE RO\u0218U-APRINS, CU MO\u021a, \u00ceN GREUTATE MEDIE DE 70-130 grame, IAR UNELE\u00a0 TOMATE AJUNG LA 200-400 grame.<\/h6>\n<h6><span style=\"color: #0000ff;\">TOMATELE SUNT DEOSEBIT DE GUSTOASE , DULCI, FOARTE SLAB ACIDE, CU AROM\u0102 PUTERNIC\u0102 DE RO\u0218IE TRADI\u021aIONAL\u0102<\/span><\/h6>\n<h6>FRUCTELE COAPTE NU CRAP\u0102 \u0218I POT STA MULT TIMP NECULESE F\u0102R\u0102 S\u0102 CAD\u0102.<\/h6>\n<h6>DENUMIREA \u0218TIN\u021aIFIC\u0102 ESTE Tsifomandra Cyphomandra betacea\u00a0 \u0219i este o alt\u0103 varietate a familiei Solanaceelor,<\/h6>\n<h6><span style=\"color: #0000ff;\">SOI DIN UCRAINA, DE PROBAT NEAPARAT.<\/span><\/h6>\n","protected":false},"excerpt":{"rendered":"<h6><span style=\"color: #ff00ff;\">SOI EXTREM DE PRODUCTIV !<\/span><\/h6>\n<h6><span style=\"color: #ff00ff;\">DEOSEBIT DE GUSTOS !<\/span><\/h6>\n","protected":false},"featured_media":7552,"comment_status":"open","ping_status":"closed","template":"","meta":{"site-sidebar-layout":"default","site-content-layout":"default","ast-site-content-layout":"default","site-content-style":"default","site-sidebar-style":"default","ast-global-header-display":"","ast-banner-title-visibility":"","ast-main-header-display":"","ast-hfb-above-header-display":"","ast-hfb-below-header-display":"","ast-hfb-mobile-header-display":"","site-post-title":"","ast-breadcrumbs-content":"","ast-featured-img":"","footer-sml-layout":"","ast-disable-related-posts":"","theme-transparent-header-meta":"default","adv-header-id-meta":"","stick-header-meta":"","header-above-stick-meta":"","header-main-stick-meta":"","header-below-stick-meta":"","astra-migrate-meta-layouts":"set","ast-page-background-enabled":"default","ast-page-background-meta":{"desktop":{"background-color":"var(--ast-global-color-4)","background-image":"","background-repeat":"repeat","background-position":"center center","background-size":"auto","background-attachment":"scroll","background-type":"","background-media":"","overlay-type":"","overlay-color":"","overlay-opacity":"","overlay-gradient":""},"tablet":{"background-color":"","background-image":"","background-repeat":"repeat","background-position":"center center","background-size":"auto","background-attachment":"scroll","background-type":"","background-media":"","overlay-type":"","overlay-color":"","overlay-opacity":"","overlay-gradient":""},"mobile":{"background-color":"","background-image":"","background-repeat":"repeat","background-position":"center center","background-size":"auto","background-attachment":"scroll","background-type":"","background-media":"","overlay-type":"","overlay-color":"","overlay-opacity":"","overlay-gradient":""}},"ast-content-background-meta":{"desktop":{"background-color":"var(--ast-global-color-5)","background-image":"","background-repeat":"repeat","background-position":"center center","background-size":"auto","background-attachment":"scroll","background-type":"","background-media":"","overlay-type":"","overlay-color":"","overlay-opacity":"","overlay-gradient":""},"tablet":{"background-color":"var(--ast-global-color-5)","background-image":"","background-repeat":"repeat","background-position":"center center","background-size":"auto","background-attachment":"scroll","background-type":"","background-media":"","overlay-type":"","overlay-color":"","overlay-opacity":"","overlay-gradient":""},"mobile":{"background-color":"var(--ast-global-color-5)","background-image":"","background-repeat":"repeat","background-position":"center center","background-size":"auto","background-attachment":"scroll","background-type":"","background-media":"","overlay-type":"","overlay-color":"","overlay-opacity":"","overlay-gradient":""}}},"product_brand":[],"product_cat":[139,143,142,15],"product_tag":[],"class_list":{"0":"post-18716","1":"product","2":"type-product","3":"status-publish","4":"has-post-thumbnail","6":"product_cat-tomate-galbene-orange-bicolore-verzi","7":"product_cat-soiuri-timpurii-cherry","8":"product_cat-soiuri-rosii-roz","9":"product_cat-tomate-soi","10":"pa_numar-30-s-202","11":"pa_numar-30-s-1200-seminte","12":"pa_numar-30-s-150-seminte","13":"pa_numar-30-s-1500-seminte","14":"pa_numar-30-s-180-seminte","15":"pa_numar-30-s-210-seminte","16":"pa_numar-30-s-240-seminte","17":"pa_numar-30-s-270-seminte","18":"pa_numar-30-s-30-seminte","19":"pa_numar-30-s-300-seminte","20":"pa_numar-30-s-60-seminte","21":"pa_numar-30-s-600-seminte","22":"pa_numar-30-s-90-seminte","23":"pa_numar-30-s-900-seminte","24":"desktop-align-left","25":"tablet-align-left","26":"mobile-align-left","28":"first","29":"instock","30":"sale","31":"taxable","32":"shipping-taxable","33":"purchasable","34":"product-type-variable"},"_links":{"self":[{"href":"https:\/\/vivasem.ro\/index.php?rest_route=\/wp\/v2\/product\/18716","targetHints":{"allow":["GET"]}}],"collection":[{"href":"https:\/\/vivasem.ro\/index.php?rest_route=\/wp\/v2\/product"}],"about":[{"href":"https:\/\/vivasem.ro\/index.php?rest_route=\/wp\/v2\/types\/product"}],"replies":[{"embeddable":true,"href":"https:\/\/vivasem.ro\/index.php?rest_route=%2Fwp%2Fv2%2Fcomments&post=18716"}],"wp:featuredmedia":[{"embeddable":true,"href":"https:\/\/vivasem.ro\/index.php?rest_route=\/wp\/v2\/media\/7552"}],"wp:attachment":[{"href":"https:\/\/vivasem.ro\/index.php?rest_route=%2Fwp%2Fv2%2Fmedia&parent=18716"}],"wp:term":[{"taxonomy":"product_brand","embeddable":true,"href":"https:\/\/vivasem.ro\/index.php?rest_route=%2Fwp%2Fv2%2Fproduct_brand&post=18716"},{"taxonomy":"product_cat","embeddable":true,"href":"https:\/\/vivasem.ro\/index.php?rest_route=%2Fwp%2Fv2%2Fproduct_cat&post=18716"},{"taxonomy":"product_tag","embeddable":true,"href":"https:\/\/vivasem.ro\/index.php?rest_route=%2Fwp%2Fv2%2Fproduct_tag&post=18716"}],"curies":[{"name":"wp","href":"https:\/\/api.w.org\/{rel}","templated":true}]}}