{"id":18589,"date":"2025-12-30T10:14:21","date_gmt":"2025-12-30T08:14:21","guid":{"rendered":"https:\/\/vivasem.ro\/?post_type=product&#038;p=18589"},"modified":"2025-12-30T10:17:49","modified_gmt":"2025-12-30T08:17:49","slug":"dixie-golden-giant-20s","status":"publish","type":"product","link":"https:\/\/vivasem.ro\/?product=dixie-golden-giant-20s","title":{"rendered":"DIXIE GOLDEN GIANT (20s)"},"content":{"rendered":"<h6><span style=\"color: #ff0000;\">DIXIE GOLDEN GIANT-Reimeer Seeds USA,<\/span><\/h6>\n<h6><strong>SOI VECHI AMERICAN, HEIRLOOM, CULTIVAT DE COMUNITATEA AMISH,<\/strong><\/h6>\n<h6><strong>(DESPRE CARE \u0218TIM C\u0102 ARE ORIGINI OLANDEZE), <\/strong><strong>\u00ceNAINTE DE 1930, C\u00c2ND A FOST ATESTAT PRIMA DAT\u0102,\u00a0<\/strong><\/h6>\n<h6><span style=\"color: #0000ff;\"><strong>FRUCTELE\u00a0 MARI, \u00ceN MEDIE DE 200-500 grame, POT AJUNGE URIA\u0218E,PESTE 1 kilogram.<\/strong><\/span><\/h6>\n<h6><span style=\"color: #0000ff;\"><strong>ACESTEA SUNT DE CULOAREA L\u0102M\u00c2IEI, TIP BEEFSTEAK, FOARTE C\u0102RNOASE,.<\/strong><\/span><\/h6>\n<h6><span style=\"color: #0000ff;\"><strong>FOARTE<\/strong> <strong>DULCI<\/strong>, NEACIDE,AROMATE \u0218I DELICIOASE.<\/span><\/h6>\n<h6>\u00ceN SEC\u021aIUNE , \u00ceN CENTRU,PREZINT\u0102 ZONE DE CULOARE RO\u0218IE, PULPA FERM\u0102, PERMITE T\u0102IEREA IN FELII, CUBULE\u021aE , ASPECTUL FELIILOR T\u0102IATE FIIND MINUNAT.<\/h6>\n<h6>PLANTE NEDETERMINATE,TIMPURII.<\/h6>\n","protected":false},"excerpt":{"rendered":"<h6><img loading=\"lazy\" decoding=\"async\" class=\"alignnone wp-image-5612\" style=\"font-weight: inherit;\" src=\"https:\/\/vivasem.ro\/wp-content\/uploads\/2021\/11\/NOU3-1.jpg\" alt=\"\" width=\"63\" height=\"61\" \/><\/h6>\n<h6><span style=\"color: #ff00ff;\">SOI GIGANT\u00a0 DEOSEBIT !<\/span><\/h6>\n<h6><span style=\"color: #ff00ff;\">GUST EXCEP\u021aIONAL !<\/span><\/h6>\n","protected":false},"featured_media":2618,"comment_status":"open","ping_status":"closed","template":"","meta":{"site-sidebar-layout":"default","site-content-layout":"default","ast-site-content-layout":"default","site-content-style":"default","site-sidebar-style":"default","ast-global-header-display":"","ast-banner-title-visibility":"","ast-main-header-display":"","ast-hfb-above-header-display":"","ast-hfb-below-header-display":"","ast-hfb-mobile-header-display":"","site-post-title":"","ast-breadcrumbs-content":"","ast-featured-img":"","footer-sml-layout":"","ast-disable-related-posts":"","theme-transparent-header-meta":"default","adv-header-id-meta":"","stick-header-meta":"","header-above-stick-meta":"","header-main-stick-meta":"","header-below-stick-meta":"","astra-migrate-meta-layouts":"set","ast-page-background-enabled":"default","ast-page-background-meta":{"desktop":{"background-color":"var(--ast-global-color-4)","background-image":"","background-repeat":"repeat","background-position":"center center","background-size":"auto","background-attachment":"scroll","background-type":"","background-media":"","overlay-type":"","overlay-color":"","overlay-opacity":"","overlay-gradient":""},"tablet":{"background-color":"","background-image":"","background-repeat":"repeat","background-position":"center center","background-size":"auto","background-attachment":"scroll","background-type":"","background-media":"","overlay-type":"","overlay-color":"","overlay-opacity":"","overlay-gradient":""},"mobile":{"background-color":"","background-image":"","background-repeat":"repeat","background-position":"center center","background-size":"auto","background-attachment":"scroll","background-type":"","background-media":"","overlay-type":"","overlay-color":"","overlay-opacity":"","overlay-gradient":""}},"ast-content-background-meta":{"desktop":{"background-color":"var(--ast-global-color-5)","background-image":"","background-repeat":"repeat","background-position":"center center","background-size":"auto","background-attachment":"scroll","background-type":"","background-media":"","overlay-type":"","overlay-color":"","overlay-opacity":"","overlay-gradient":""},"tablet":{"background-color":"var(--ast-global-color-5)","background-image":"","background-repeat":"repeat","background-position":"center center","background-size":"auto","background-attachment":"scroll","background-type":"","background-media":"","overlay-type":"","overlay-color":"","overlay-opacity":"","overlay-gradient":""},"mobile":{"background-color":"var(--ast-global-color-5)","background-image":"","background-repeat":"repeat","background-position":"center center","background-size":"auto","background-attachment":"scroll","background-type":"","background-media":"","overlay-type":"","overlay-color":"","overlay-opacity":"","overlay-gradient":""}}},"product_brand":[],"product_cat":[139,141,15],"product_tag":[],"class_list":{"0":"post-18589","1":"product","2":"type-product","3":"status-publish","4":"has-post-thumbnail","6":"product_cat-tomate-galbene-orange-bicolore-verzi","7":"product_cat-soi-gigant-urias","8":"product_cat-tomate-soi","9":"pa_numar-s-40-120-seminte","10":"pa_numar-s-40-160-seminte","11":"pa_numar-s-40-20-seminte","12":"pa_numar-s-40-200-seminte","13":"pa_numar-s-40-40-seminte","14":"pa_numar-s-40-400-seminte","15":"pa_numar-s-40-80-seminte","16":"desktop-align-left","17":"tablet-align-left","18":"mobile-align-left","20":"first","21":"instock","22":"sale","23":"taxable","24":"shipping-taxable","25":"purchasable","26":"product-type-simple"},"_links":{"self":[{"href":"https:\/\/vivasem.ro\/index.php?rest_route=\/wp\/v2\/product\/18589","targetHints":{"allow":["GET"]}}],"collection":[{"href":"https:\/\/vivasem.ro\/index.php?rest_route=\/wp\/v2\/product"}],"about":[{"href":"https:\/\/vivasem.ro\/index.php?rest_route=\/wp\/v2\/types\/product"}],"replies":[{"embeddable":true,"href":"https:\/\/vivasem.ro\/index.php?rest_route=%2Fwp%2Fv2%2Fcomments&post=18589"}],"wp:featuredmedia":[{"embeddable":true,"href":"https:\/\/vivasem.ro\/index.php?rest_route=\/wp\/v2\/media\/2618"}],"wp:attachment":[{"href":"https:\/\/vivasem.ro\/index.php?rest_route=%2Fwp%2Fv2%2Fmedia&parent=18589"}],"wp:term":[{"taxonomy":"product_brand","embeddable":true,"href":"https:\/\/vivasem.ro\/index.php?rest_route=%2Fwp%2Fv2%2Fproduct_brand&post=18589"},{"taxonomy":"product_cat","embeddable":true,"href":"https:\/\/vivasem.ro\/index.php?rest_route=%2Fwp%2Fv2%2Fproduct_cat&post=18589"},{"taxonomy":"product_tag","embeddable":true,"href":"https:\/\/vivasem.ro\/index.php?rest_route=%2Fwp%2Fv2%2Fproduct_tag&post=18589"}],"curies":[{"name":"wp","href":"https:\/\/api.w.org\/{rel}","templated":true}]}}