{"id":18567,"date":"2025-12-30T09:40:54","date_gmt":"2025-12-30T07:40:54","guid":{"rendered":"https:\/\/vivasem.ro\/?post_type=product&#038;p=18567"},"modified":"2025-12-30T10:10:32","modified_gmt":"2025-12-30T08:10:32","slug":"blue-tom-oferta-de-pret-g-70-95","status":"publish","type":"product","link":"https:\/\/vivasem.ro\/?product=blue-tom-oferta-de-pret-g-70-95","title":{"rendered":"BLUE TOM (Ofert\u0103 de pret\/G. 70-95%)"},"content":{"rendered":"<h6><span style=\"color: #ff0000;\">BLUE TOM, <\/span><\/h6>\n<h6><strong>Lot cu germina\u021bie de 70-95%.<\/strong><\/h6>\n<h6><span style=\"color: #000080;\">ESTE UNUL DINTRE CELE MAI FRUMOASE , GUSTOASE\u00a0 \u0218I BENEFICE S\u0102N\u0102T\u0102\u021aII, SOIURI PE CARE LE-AM CULTIVAT.<\/span><\/h6>\n<h6><span style=\"color: #ff0000;\">FRUCTELE \u00ceSI SCHIMB\u0102 MULT CULOAREA PE M\u0102SUR\u0102 CE SE COC , AJUNG\u00c2ND LA NUAN\u021aE RO\u0218II-PURPURII CU UMERII INDIGO SPRE NEGRU, A\u0218A DOVEDIND CANTIT\u0102\u021aII MARI DE ANTOCIANIN\u0102, UN ALT ANTIOXIDANT FOARTE PUTERNIC, AL\u0102TURI DE LICOPEN.<\/span><\/h6>\n<h6><span style=\"color: #000080;\">MIEZUL ESTE RO\u0218U, CU PULP\u0102 C\u0102RNOAS\u0102, TIP BEEF.<\/span><\/h6>\n<h6><span style=\"color: #ff0000;\">GUSTUL EXCEP\u021aIONAL,DULCE DEAR \u0218I ECHILIBRAT CU PU\u021aIN\u0102 ACIDITATE, \u0218I AROM\u0102 INTENS\u0102.<\/span><\/h6>\n<h6><span style=\"color: #000080;\">GREUTATEA MEDIE ESTE \u00ceNTRE 100-200 grame ,CHIAR \u0218I MAI MULT.<\/span><\/h6>\n<h6><span style=\"color: #000080;\">ARE REZISTEN\u021a\u0102 MARE LA C\u0102LDUR\u0102, DAR \u0218I LA FRIG, FIIND DE SEZON LUNG, RODE\u0218TE \u0218I CAND ALTE SOIURI S-AU TRECUT.<\/span><\/h6>\n<h6><span style=\"color: #000080;\">PLANTELE SUNT NEDETERMINATE.<\/span><\/h6>\n<ul data-complete=\"true\" data-processed=\"true\">\n<li data-hveid=\"CAEIBRAB\" data-complete=\"true\" data-sae=\"\">\n<h6><span style=\"color: #000080;\"><span dir=\"auto\">Beneficii pentru s\u0103n\u0103tate<\/span><span dir=\"auto\"> : Pigmenta\u021bia indigo\/neagr\u0103 se datoreaz\u0103 nivelurilor ridicate de antocianine, antioxidan\u021bi puternici care se g\u0103sesc \u0219i \u00een afine, care ofer\u0103 diverse beneficii pentru s\u0103n\u0103tate.<\/span><\/span><\/h6>\n<\/li>\n<li data-hveid=\"CAEIBRAD\" data-complete=\"true\" data-sae=\"\">\n<h6><span style=\"color: #000080;\"><span dir=\"auto\">Utilizare<\/span><span dir=\"auto\">\u00a0: Este descris\u0103 ca o ro\u0219ie versatil\u0103, excelent\u0103 pentru consumul \u00een stare proasp\u0103t\u0103 (feliat\u0103 \u00een salate sau sandvi\u0219uri), precum \u0219i pentru g\u0103tit, sosuri \u0219i conservare.<\/span><\/span><\/h6>\n<\/li>\n<li data-hveid=\"CAEIBRAE\" data-complete=\"true\" data-sae=\"\">\n<h6><span style=\"color: #000080;\"><span dir=\"auto\">Cultivare<\/span><span dir=\"auto\">\u00a0: Este un soi rezistent, cu randament ridicat, rezistent la arsuri solare \u0219i cr\u0103p\u0103turi.<\/span>\u00a0<\/span><\/h6>\n<\/li>\n<\/ul>\n","protected":false},"excerpt":{"rendered":"<h6><span style=\"color: #ff00ff;\">SOI EXCEP\u021aIONAL CU <\/span><span style=\"color: #ff00ff;\">GUST EXTRAORDINAR !<\/span><\/h6>\n","protected":false},"featured_media":18572,"comment_status":"open","ping_status":"closed","template":"","meta":{"site-sidebar-layout":"default","site-content-layout":"default","ast-site-content-layout":"default","site-content-style":"default","site-sidebar-style":"default","ast-global-header-display":"","ast-banner-title-visibility":"","ast-main-header-display":"","ast-hfb-above-header-display":"","ast-hfb-below-header-display":"","ast-hfb-mobile-header-display":"","site-post-title":"","ast-breadcrumbs-content":"","ast-featured-img":"","footer-sml-layout":"","ast-disable-related-posts":"","theme-transparent-header-meta":"default","adv-header-id-meta":"","stick-header-meta":"","header-above-stick-meta":"","header-main-stick-meta":"","header-below-stick-meta":"","astra-migrate-meta-layouts":"set","ast-page-background-enabled":"default","ast-page-background-meta":{"desktop":{"background-color":"var(--ast-global-color-4)","background-image":"","background-repeat":"repeat","background-position":"center center","background-size":"auto","background-attachment":"scroll","background-type":"","background-media":"","overlay-type":"","overlay-color":"","overlay-opacity":"","overlay-gradient":""},"tablet":{"background-color":"","background-image":"","background-repeat":"repeat","background-position":"center center","background-size":"auto","background-attachment":"scroll","background-type":"","background-media":"","overlay-type":"","overlay-color":"","overlay-opacity":"","overlay-gradient":""},"mobile":{"background-color":"","background-image":"","background-repeat":"repeat","background-position":"center center","background-size":"auto","background-attachment":"scroll","background-type":"","background-media":"","overlay-type":"","overlay-color":"","overlay-opacity":"","overlay-gradient":""}},"ast-content-background-meta":{"desktop":{"background-color":"var(--ast-global-color-5)","background-image":"","background-repeat":"repeat","background-position":"center center","background-size":"auto","background-attachment":"scroll","background-type":"","background-media":"","overlay-type":"","overlay-color":"","overlay-opacity":"","overlay-gradient":""},"tablet":{"background-color":"var(--ast-global-color-5)","background-image":"","background-repeat":"repeat","background-position":"center center","background-size":"auto","background-attachment":"scroll","background-type":"","background-media":"","overlay-type":"","overlay-color":"","overlay-opacity":"","overlay-gradient":""},"mobile":{"background-color":"var(--ast-global-color-5)","background-image":"","background-repeat":"repeat","background-position":"center center","background-size":"auto","background-attachment":"scroll","background-type":"","background-media":"","overlay-type":"","overlay-color":"","overlay-opacity":"","overlay-gradient":""}}},"product_brand":[],"product_cat":[139,137,15],"product_tag":[],"class_list":{"0":"post-18567","1":"product","2":"type-product","3":"status-publish","4":"has-post-thumbnail","6":"product_cat-tomate-galbene-orange-bicolore-verzi","7":"product_cat-tomate-indigo","8":"product_cat-tomate-soi","9":"pa_cantitate-10-seminte","10":"pa_cantitate-100-seminte","11":"pa_cantitate-200-seminte","12":"pa_cantitate-25-seminte","13":"pa_cantitate-250-seminte","14":"pa_cantitate-5-seminte","15":"pa_cantitate-50-seminte","16":"pa_cantitate-500-seminte","17":"desktop-align-left","18":"tablet-align-left","19":"mobile-align-left","21":"first","22":"instock","23":"sale","24":"taxable","25":"shipping-taxable","26":"purchasable","27":"product-type-variable"},"_links":{"self":[{"href":"https:\/\/vivasem.ro\/index.php?rest_route=\/wp\/v2\/product\/18567","targetHints":{"allow":["GET"]}}],"collection":[{"href":"https:\/\/vivasem.ro\/index.php?rest_route=\/wp\/v2\/product"}],"about":[{"href":"https:\/\/vivasem.ro\/index.php?rest_route=\/wp\/v2\/types\/product"}],"replies":[{"embeddable":true,"href":"https:\/\/vivasem.ro\/index.php?rest_route=%2Fwp%2Fv2%2Fcomments&post=18567"}],"wp:featuredmedia":[{"embeddable":true,"href":"https:\/\/vivasem.ro\/index.php?rest_route=\/wp\/v2\/media\/18572"}],"wp:attachment":[{"href":"https:\/\/vivasem.ro\/index.php?rest_route=%2Fwp%2Fv2%2Fmedia&parent=18567"}],"wp:term":[{"taxonomy":"product_brand","embeddable":true,"href":"https:\/\/vivasem.ro\/index.php?rest_route=%2Fwp%2Fv2%2Fproduct_brand&post=18567"},{"taxonomy":"product_cat","embeddable":true,"href":"https:\/\/vivasem.ro\/index.php?rest_route=%2Fwp%2Fv2%2Fproduct_cat&post=18567"},{"taxonomy":"product_tag","embeddable":true,"href":"https:\/\/vivasem.ro\/index.php?rest_route=%2Fwp%2Fv2%2Fproduct_tag&post=18567"}],"curies":[{"name":"wp","href":"https:\/\/api.w.org\/{rel}","templated":true}]}}