{"id":18477,"date":"2025-12-28T19:09:56","date_gmt":"2025-12-28T17:09:56","guid":{"rendered":"https:\/\/vivasem.ro\/?post_type=product&#038;p=18477"},"modified":"2025-12-30T17:42:02","modified_gmt":"2025-12-30T15:42:02","slug":"domingo-giant-oferta-pret-g-80-95","status":"publish","type":"product","link":"https:\/\/vivasem.ro\/?product=domingo-giant-oferta-pret-g-80-95","title":{"rendered":"DOMINGO GIANT (Ofert\u0103 pret\/G. 80-95%)"},"content":{"rendered":"<h6><span style=\"color: #ff0000;\">DOMINGO GIANT USA,<\/span><\/h6>\n<h6><span style=\"color: #000080;\">Lot cu germina\u021bie de 80-95%.<\/span><\/h6>\n<h6><span style=\"color: #ff0000;\">SOI HEIRLOOM, CU FRUCTE FOARTE MARI , \u00ceN MEDIE DE 250-500 grame DAR POT ATINGE \u0218I 1 KG.<\/span><\/h6>\n<h6><span style=\"color: #ff0000;\">TOMATELE SUNT DE CULOARE ROZ SPRE RO\u0218U , DELICIOASE, FOARTE ECHILIBRATE DULCE-ACID,\u00a0 CU O AROM\u0102\u00a0 FOARTE INTENS\u0102 DE RO\u0218IE TRADI\u021aIONAL\u0102 .<\/span><\/h6>\n<h6><span style=\"color: #000080;\">PULPA ESTE TIP BEEFSTEAK, FOARTE C\u0102RNOAS\u0102, SUCULENT\u0102, CE POATE FI FELIAT\u0102 \u0218I FOLOSIT\u0102 \u00ceN SANDVI\u0218URI, SALATE, ETC.<\/span><\/h6>\n<h6><span style=\"color: #000080;\">PLANTELE NEDETERMINATE, CU FRUNZE NORMALE, SUNT FOARTE PRODUCTIVE, CU FOARTE BUNE REZULTATE \u00ceN GR\u0102DIN\u0102, DAR \u0218I \u00ceN SOLAR.<\/span><\/h6>\n<h6><span style=\"color: #000080;\">TIMPURIETATE MEDIE,\u00a0 85\u00a0 ZILE DE LA TRANSPLANT.<\/span><\/h6>\n<ul>\n<li>\n<h6><span style=\"color: #000080;\"><strong><span class=\"T286Pc\" data-sfc-cp=\"\" data-complete=\"true\"><span dir=\"auto\">Origine<\/span><span dir=\"auto\"> : Soiul este o mo\u0219tenire familial\u0103 multigenera\u021bional\u0103, originar\u0103 din Castellammare del Golfo, Sicilia, Italia. A fost introdus \u00een America de Nord de Vincenzo Domingo.<\/span><\/span><\/strong><\/span><\/h6>\n<\/li>\n<li>\n<h6><span style=\"color: #000080;\"><strong><span dir=\"auto\">Utiliz\u0103ri<\/span><span dir=\"auto\" style=\"font-size: 17.6px;\"> : Aroma sa bogat\u0103 \u0219i textura c\u0103rnoas\u0103 \u00eel fac perfect pentru consumul \u00een stare proasp\u0103t\u0103, sandvi\u0219uri , sosuri \u0219i suc de ro\u0219ii.<\/span><\/strong><\/span><\/h6>\n<\/li>\n<li>\n<h6><span style=\"color: #000080;\"><strong><span class=\"T286Pc\" data-sfc-cp=\"\" data-complete=\"true\"><span dir=\"auto\">Condi\u021bii<\/span><span dir=\"auto\">\u00a0: Planta are un frunzi\u0219 bogat, oferind o oarecare protec\u021bie natural\u0103 \u00eempotriva arsurilor solare. Are nevoie de lumin\u0103 solar\u0103 \u0219i nutrien\u021bi adecva\u021bi pentru a ob\u021bine o dezvoltare optim\u0103 a fructelor.<\/span><\/span><span class=\"uJ19be notranslate\" data-wiz-uids=\"e0G3tb_2i,e0G3tb_2j,e0G3tb_2k\" data-complete=\"true\"><span class=\"vKEkVd\" data-animation-atomic=\"\" data-wiz-attrbind=\"class=e0G3tb_2i\/TKHnVd;\" data-sae=\"\">\u00a0<button class=\"rBl3me\" tabindex=\"0\" data-amic=\"true\" data-icl-uuid=\"21d5dd5f-403c-4d76-9e3f-4e6849d48942\" aria-label=\"Vezi linkuri conexe\" data-wiz-attrbind=\"disabled=e0G3tb_2i\/C5gNJc;class=e0G3tb_2i\/UpSNec;\" data-ved=\"2ahUKEwjz8Iah4-CRAxXn9bsIHc0UIKQQye0OegYIAQgHEAQ\"><\/button><\/span><\/span><\/strong><\/span><\/h6>\n<\/li>\n<\/ul>\n<div class=\"pWvJNd\" data-processed=\"true\" data-complete=\"true\">\n<div class=\"mZJni Dn7Fzd\" dir=\"ltr\" data-container-id=\"main-col\" data-xid=\"VpUvz\" data-ved=\"2ahUKEwjz8Iah4-CRAxXn9bsIHc0UIKQQ3KYQegYIAQgAEAE\" data-processed=\"true\">\n<div class=\"Y3BBE\" data-sfc-cp=\"\" data-hveid=\"CAEIAhAA\" data-complete=\"true\" data-processed=\"true\"><\/div>\n<div class=\"Fsg96\" data-sfc-cp=\"\" data-complete=\"true\" data-processed=\"true\"><\/div>\n<div class=\"WTfRgd\" data-wiz-uids=\"e0G3tb_k\" data-processed=\"true\" data-complete=\"true\">\n<div class=\"MimRQe\" role=\"list\" data-sn-container=\"\" data-animation-nesting=\"\" data-sfc-cp=\"\" data-wiz-uids=\"e0G3tb_m,e0G3tb_n,e0G3tb_o\" data-hveid=\"CAEIAxAA\" data-complete=\"true\" data-sae=\"\">\n<div class=\"N8RrG\" data-thcrc-cc=\"\" data-complete=\"true\">\n<div class=\"Knsxdf PmZFeb\" role=\"listitem\" data-sfc-cp=\"\" data-complete=\"true\">\n<div class=\"PwvzCf U12DLd\" data-wiz-uids=\"e0G3tb_r,e0G3tb_s\" data-complete=\"true\">\n<div id=\"ic-1VHPqIRm27NELM\" class=\"QwWKjd\" tabindex=\"0\" role=\"button\" data-ved=\"2ahUKEwjz8Iah4-CRAxXn9bsIHc0UIKQQoLIPegYIAQgDEAE\" data-sve=\"\" data-ssid=\"svim\" data-sv-cpt=\"4\" data-im=\"[0,&quot;1VHPqIRm27NELM&quot;,[&quot;https:\/\/encrypted-tbn1.gstatic.com\/images?q=tbn:ANd9GcRRivrviInHbqBrQ3CvdVyZu3HMPzwwyywj-u3jOYDiQ5Hkp66J&quot;,0,0],[&quot;https:\/\/encrypted-tbn1.gstatic.com\/images?q=tbn:ANd9GcRRivrviInHbqBrQ3CvdVyZu3HMPzwwyywj-u3jOYDiQ5Hkp66J&quot;,0,0],{&quot;2003&quot;:[null,&quot;S2A3YpY9sjhZBM&quot;,&quot;https:\/\/www.giantvegseeds.com\/product\/giant-tomato-domingo\/&quot;,&quot;Giant Tomato \u2013 Domingo&quot;,null,null,null,null,null,null,null,null,&quot;www.giantvegseeds.com&quot;,null,null,null,null,&quot;www.giantvegseeds.com&quot;]}]\"><\/div>\n<\/div>\n<\/div>\n<div class=\"Knsxdf PmZFeb\" role=\"listitem\" data-sfc-cp=\"\" data-complete=\"true\">\n<div class=\"PwvzCf U12DLd\" data-wiz-uids=\"e0G3tb_v,e0G3tb_w\" data-complete=\"true\">\n<div>\n<div id=\"ic-7LWYFUe9Cmo4dM\" class=\"QwWKjd\" tabindex=\"0\" role=\"button\" data-ved=\"2ahUKEwjz8Iah4-CRAxXn9bsIHc0UIKQQoLIPegYIAQgDEAM\" data-sve=\"\" data-ssid=\"svim\" data-sv-cpt=\"4\" data-im=\"[0,&quot;7LWYFUe9Cmo4dM&quot;,[&quot;https:\/\/encrypted-tbn0.gstatic.com\/images?q=tbn:ANd9GcTRcG-aA4t1RvggoQd0XZx2V9neB48HblVq36bBoHxkvBA2fKkM&quot;,0,0],[&quot;https:\/\/encrypted-tbn0.gstatic.com\/images?q=tbn:ANd9GcTRcG-aA4t1RvggoQd0XZx2V9neB48HblVq36bBoHxkvBA2fKkM&quot;,0,0],{&quot;2003&quot;:[null,&quot;pZIgh9JN1oeA3M&quot;,&quot;https:\/\/www.tomatofifou.com\/en\/produit\/domingo\/&quot;,&quot;Domingo&quot;,null,null,null,null,null,null,null,null,&quot;www.tomatofifou.com&quot;,null,null,null,null,&quot;www.tomatofifou.com&quot;]}]\"><\/div>\n<\/div>\n<\/div>\n<\/div>\n<div class=\"Knsxdf PmZFeb\" role=\"listitem\" data-sfc-cp=\"\" data-complete=\"true\">\n<div class=\"PwvzCf U12DLd\" data-wiz-uids=\"e0G3tb_z,e0G3tb_10\" data-complete=\"true\">\n<div>\n<div id=\"ic-_6LbMkPq_LOayM\" class=\"QwWKjd\" tabindex=\"0\" role=\"button\" data-ved=\"2ahUKEwjz8Iah4-CRAxXn9bsIHc0UIKQQoLIPegYIAQgDEAU\" data-sve=\"\" data-ssid=\"svim\" data-sv-cpt=\"4\" data-im=\"[0,&quot;_6LbMkPq_LOayM&quot;,[&quot;https:\/\/encrypted-tbn3.gstatic.com\/images?q=tbn:ANd9GcSLEL1wvl_KiL6PzDxgNWWG-Ednaa0mcIjwEmnY1_AALJQCRaPj&quot;,0,0],[&quot;https:\/\/encrypted-tbn3.gstatic.com\/images?q=tbn:ANd9GcSLEL1wvl_KiL6PzDxgNWWG-Ednaa0mcIjwEmnY1_AALJQCRaPj&quot;,0,0],{&quot;2003&quot;:[null,&quot;1sP-K8GjpSJNaM&quot;,&quot;https:\/\/www.ebay.com\/itm\/155808935724&quot;,&quot;Giant Tomato Seeds X10! (Domingo Variety) Award Winning ...&quot;,null,null,null,null,null,null,null,null,&quot;www.ebay.com&quot;,null,null,null,null,&quot;www.ebay.com&quot;]}]\"><\/div>\n<\/div>\n<\/div>\n<\/div>\n<div class=\"Knsxdf PmZFeb\" role=\"listitem\" data-sfc-cp=\"\" data-complete=\"true\">\n<div class=\"PwvzCf U12DLd\" data-wiz-uids=\"e0G3tb_13,e0G3tb_14\" data-complete=\"true\">\n<div id=\"ic-lxPGNghQwoea8M\" class=\"QwWKjd\" tabindex=\"0\" role=\"button\" data-ved=\"2ahUKEwjz8Iah4-CRAxXn9bsIHc0UIKQQoLIPegYIAQgDEAc\" data-sve=\"\" data-ssid=\"svim\" data-sv-cpt=\"4\" data-im=\"[0,&quot;lxPGNghQwoea8M&quot;,[&quot;https:\/\/encrypted-tbn3.gstatic.com\/images?q=tbn:ANd9GcSWdjK8p-ULUIWrV8iPoAxPBAqgV6zlh3l0JFCOMD6ti3wb1RHn&quot;,0,0],[&quot;https:\/\/encrypted-tbn3.gstatic.com\/images?q=tbn:ANd9GcSWdjK8p-ULUIWrV8iPoAxPBAqgV6zlh3l0JFCOMD6ti3wb1RHn&quot;,0,0],{&quot;2003&quot;:[null,&quot;5stL4Z5ziyy5dM&quot;,&quot;https:\/\/renaissancefarms.org\/product\/domingo-tomato\/&quot;,&quot;Domingo Tomato Seeds For Sale At Renaissance Farms&quot;,null,null,null,null,null,null,null,null,&quot;renaissancefarms.org&quot;,null,null,null,null,&quot;renaissancefarms.org&quot;]}]\"><\/div>\n<\/div>\n<\/div>\n<\/div>\n<div data-ved=\"2ahUKEwjz8Iah4-CRAxXn9bsIHc0UIKQQ8ZsSegYIAQgDEAk\" data-complete=\"true\">\n<div class=\"oC53i HX2sCc MuNdUd OXIfe\" tabindex=\"0\" role=\"button\" aria-label=\"\u00cenapoi\" data-sfc-cp=\"\" data-signal-inputs=\"OWB6Me=e0G3tb_l\/jJ4Wuf\" data-complete=\"true\"><\/div>\n<\/div>\n<\/div>\n<\/div>\n<div class=\"w6SxZb\" data-processed=\"true\"><\/div>\n<\/div>\n<\/div>\n<div class=\"\" data-complete=\"true\" data-processed=\"true\">\n<div class=\"ofHStc\" data-container-id=\"rhs-col\" data-ved=\"2ahUKEwjz8Iah4-CRAxXn9bsIHc0UIKQQ3aYQegYIAQgAEAI\" data-processed=\"true\">\n<div data-container-id=\"13\" data-processed=\"true\">\n<div class=\"jKhXsc notranslate\" dir=\"ltr\" data-animation-skip=\"\" data-xid=\"aim-aside-initial-corroboration-container\" data-sfc-cp=\"\" data-wiz-uids=\"e0G3tb_70,e0G3tb_71,e0G3tb_72\" data-processed=\"true\">\n<div class=\"BTkBWc\" data-ved=\"2ahUKEwjz8Iah4-CRAxXn9bsIHc0UIKQQ_YQPegYIAQgNEAA\" data-processed=\"true\"><\/div>\n<\/div>\n<\/div>\n<\/div>\n<\/div>\n","protected":false},"excerpt":{"rendered":"<h6><span style=\"color: #ff00ff;\">SOI GIGANT CU GUSTUL EXCEP\u021aIONAL !<\/span><\/h6>\n","protected":false},"featured_media":18487,"comment_status":"open","ping_status":"closed","template":"","meta":{"site-sidebar-layout":"default","site-content-layout":"default","ast-site-content-layout":"default","site-content-style":"default","site-sidebar-style":"default","ast-global-header-display":"","ast-banner-title-visibility":"","ast-main-header-display":"","ast-hfb-above-header-display":"","ast-hfb-below-header-display":"","ast-hfb-mobile-header-display":"","site-post-title":"","ast-breadcrumbs-content":"","ast-featured-img":"","footer-sml-layout":"","ast-disable-related-posts":"","theme-transparent-header-meta":"default","adv-header-id-meta":"","stick-header-meta":"","header-above-stick-meta":"","header-main-stick-meta":"","header-below-stick-meta":"","astra-migrate-meta-layouts":"set","ast-page-background-enabled":"default","ast-page-background-meta":{"desktop":{"background-color":"var(--ast-global-color-4)","background-image":"","background-repeat":"repeat","background-position":"center center","background-size":"auto","background-attachment":"scroll","background-type":"","background-media":"","overlay-type":"","overlay-color":"","overlay-opacity":"","overlay-gradient":""},"tablet":{"background-color":"","background-image":"","background-repeat":"repeat","background-position":"center center","background-size":"auto","background-attachment":"scroll","background-type":"","background-media":"","overlay-type":"","overlay-color":"","overlay-opacity":"","overlay-gradient":""},"mobile":{"background-color":"","background-image":"","background-repeat":"repeat","background-position":"center center","background-size":"auto","background-attachment":"scroll","background-type":"","background-media":"","overlay-type":"","overlay-color":"","overlay-opacity":"","overlay-gradient":""}},"ast-content-background-meta":{"desktop":{"background-color":"var(--ast-global-color-5)","background-image":"","background-repeat":"repeat","background-position":"center center","background-size":"auto","background-attachment":"scroll","background-type":"","background-media":"","overlay-type":"","overlay-color":"","overlay-opacity":"","overlay-gradient":""},"tablet":{"background-color":"var(--ast-global-color-5)","background-image":"","background-repeat":"repeat","background-position":"center center","background-size":"auto","background-attachment":"scroll","background-type":"","background-media":"","overlay-type":"","overlay-color":"","overlay-opacity":"","overlay-gradient":""},"mobile":{"background-color":"var(--ast-global-color-5)","background-image":"","background-repeat":"repeat","background-position":"center center","background-size":"auto","background-attachment":"scroll","background-type":"","background-media":"","overlay-type":"","overlay-color":"","overlay-opacity":"","overlay-gradient":""}}},"product_brand":[],"product_cat":[141,142,15],"product_tag":[],"class_list":{"0":"post-18477","1":"product","2":"type-product","3":"status-publish","4":"has-post-thumbnail","6":"product_cat-soi-gigant-urias","7":"product_cat-soiuri-rosii-roz","8":"product_cat-tomate-soi","9":"pa_numar-30-s-202","10":"pa_numar-30-s-1200-seminte","11":"pa_numar-30-s-150-seminte","12":"pa_numar-30-s-1500-seminte","13":"pa_numar-30-s-180-seminte","14":"pa_numar-30-s-210-seminte","15":"pa_numar-30-s-240-seminte","16":"pa_numar-30-s-270-seminte","17":"pa_numar-30-s-30-seminte","18":"pa_numar-30-s-300-seminte","19":"pa_numar-30-s-60-seminte","20":"pa_numar-30-s-600-seminte","21":"pa_numar-30-s-90-seminte","22":"pa_numar-30-s-900-seminte","23":"desktop-align-left","24":"tablet-align-left","25":"mobile-align-left","27":"first","28":"instock","29":"sale","30":"taxable","31":"shipping-taxable","32":"purchasable","33":"product-type-variable"},"_links":{"self":[{"href":"https:\/\/vivasem.ro\/index.php?rest_route=\/wp\/v2\/product\/18477","targetHints":{"allow":["GET"]}}],"collection":[{"href":"https:\/\/vivasem.ro\/index.php?rest_route=\/wp\/v2\/product"}],"about":[{"href":"https:\/\/vivasem.ro\/index.php?rest_route=\/wp\/v2\/types\/product"}],"replies":[{"embeddable":true,"href":"https:\/\/vivasem.ro\/index.php?rest_route=%2Fwp%2Fv2%2Fcomments&post=18477"}],"wp:featuredmedia":[{"embeddable":true,"href":"https:\/\/vivasem.ro\/index.php?rest_route=\/wp\/v2\/media\/18487"}],"wp:attachment":[{"href":"https:\/\/vivasem.ro\/index.php?rest_route=%2Fwp%2Fv2%2Fmedia&parent=18477"}],"wp:term":[{"taxonomy":"product_brand","embeddable":true,"href":"https:\/\/vivasem.ro\/index.php?rest_route=%2Fwp%2Fv2%2Fproduct_brand&post=18477"},{"taxonomy":"product_cat","embeddable":true,"href":"https:\/\/vivasem.ro\/index.php?rest_route=%2Fwp%2Fv2%2Fproduct_cat&post=18477"},{"taxonomy":"product_tag","embeddable":true,"href":"https:\/\/vivasem.ro\/index.php?rest_route=%2Fwp%2Fv2%2Fproduct_tag&post=18477"}],"curies":[{"name":"wp","href":"https:\/\/api.w.org\/{rel}","templated":true}]}}