{"id":18323,"date":"2025-12-28T15:33:18","date_gmt":"2025-12-28T13:33:18","guid":{"rendered":"https:\/\/vivasem.ro\/?post_type=product&#038;p=18323"},"modified":"2025-12-28T15:38:44","modified_gmt":"2025-12-28T13:38:44","slug":"dark-galaxy-oferta-de-pret-g-70-95","status":"publish","type":"product","link":"https:\/\/vivasem.ro\/?product=dark-galaxy-oferta-de-pret-g-70-95","title":{"rendered":"DARK GALAXY (Ofert\u0103 de pret\/G. 70-95%)"},"content":{"rendered":"<h6><span style=\"color: #ff0000;\">DARK GALAXY,<\/span><\/h6>\n<h6><strong>Lot cu germina\u021bie de 70-95%.<\/strong><\/h6>\n<h6><span style=\"color: #000080;\">SOI SPECTACULOS, LA CARE FRUCTELE \u00ceSI SCHIMB\u0102 CULOAREA PE M\u0102SUR\u0102 CE SE COC , AJUNG\u00c2ND LA NUAN\u021aE DE MAHON-VI\u0218INIU-RO\u0218U, COMBINATE CU UMERI \u0218I DUNGI INDIGO, (NEGRUL -INDIGO, DOVEDE\u0218TE PREZEN\u021aA UNEI CANTIT\u0102\u021aII MARI DE ANTOCIANIN\u0102, UN ALT ANTIOXIDANT FOARTE PUTERNIC, AL\u0102TURI DE LICOPEN).<\/span><\/h6>\n<h6><span style=\"color: #ff0000;\">MIEZUL ESTE RO\u0218U, GUSTUL EXCEP\u021aIONAL,TIP CHERRY, DULCE, ECHILIBRAT CU PU\u021aIN\u0102 ACIDITATE, \u0218I AROM\u0102 INTENS\u0102.<\/span><\/h6>\n<h6><span style=\"color: #000080;\">FORMA ESTE ROTUND-TURTIT\u0102 , GREUTATEA MEDIE ESTE \u00ceNTRE 50-150 grame ,\u0218I MAI MARI.<\/span><\/h6>\n<h6><span style=\"color: #000080;\">ARE REZISTEN\u021a\u0102 MARE LA C\u0102LDUR\u0102, DAR \u0218I LA FRIG, FIIND DE SEZON LUNG.<\/span><\/h6>\n<h6><\/h6>\n","protected":false},"excerpt":{"rendered":"<h6><span style=\"color: #ff00ff;\">SOI EXCEP\u021aIONAL !<\/span><\/h6>\n<h6><span style=\"color: #ff00ff;\">GUST EXTRAORDINAR !<\/span><\/h6>\n","protected":false},"featured_media":13826,"comment_status":"open","ping_status":"closed","template":"","meta":{"site-sidebar-layout":"default","site-content-layout":"default","ast-site-content-layout":"default","site-content-style":"default","site-sidebar-style":"default","ast-global-header-display":"","ast-banner-title-visibility":"","ast-main-header-display":"","ast-hfb-above-header-display":"","ast-hfb-below-header-display":"","ast-hfb-mobile-header-display":"","site-post-title":"","ast-breadcrumbs-content":"","ast-featured-img":"","footer-sml-layout":"","ast-disable-related-posts":"","theme-transparent-header-meta":"default","adv-header-id-meta":"","stick-header-meta":"","header-above-stick-meta":"","header-main-stick-meta":"","header-below-stick-meta":"","astra-migrate-meta-layouts":"set","ast-page-background-enabled":"default","ast-page-background-meta":{"desktop":{"background-color":"var(--ast-global-color-4)","background-image":"","background-repeat":"repeat","background-position":"center center","background-size":"auto","background-attachment":"scroll","background-type":"","background-media":"","overlay-type":"","overlay-color":"","overlay-opacity":"","overlay-gradient":""},"tablet":{"background-color":"","background-image":"","background-repeat":"repeat","background-position":"center center","background-size":"auto","background-attachment":"scroll","background-type":"","background-media":"","overlay-type":"","overlay-color":"","overlay-opacity":"","overlay-gradient":""},"mobile":{"background-color":"","background-image":"","background-repeat":"repeat","background-position":"center center","background-size":"auto","background-attachment":"scroll","background-type":"","background-media":"","overlay-type":"","overlay-color":"","overlay-opacity":"","overlay-gradient":""}},"ast-content-background-meta":{"desktop":{"background-color":"var(--ast-global-color-5)","background-image":"","background-repeat":"repeat","background-position":"center center","background-size":"auto","background-attachment":"scroll","background-type":"","background-media":"","overlay-type":"","overlay-color":"","overlay-opacity":"","overlay-gradient":""},"tablet":{"background-color":"var(--ast-global-color-5)","background-image":"","background-repeat":"repeat","background-position":"center center","background-size":"auto","background-attachment":"scroll","background-type":"","background-media":"","overlay-type":"","overlay-color":"","overlay-opacity":"","overlay-gradient":""},"mobile":{"background-color":"var(--ast-global-color-5)","background-image":"","background-repeat":"repeat","background-position":"center center","background-size":"auto","background-attachment":"scroll","background-type":"","background-media":"","overlay-type":"","overlay-color":"","overlay-opacity":"","overlay-gradient":""}}},"product_brand":[],"product_cat":[180,139,137,15],"product_tag":[],"class_list":{"0":"post-18323","1":"product","2":"type-product","3":"status-publish","4":"has-post-thumbnail","6":"product_cat-oferte-de-pret-cantitate","7":"product_cat-tomate-galbene-orange-bicolore-verzi","8":"product_cat-tomate-indigo","9":"product_cat-tomate-soi","10":"pa_cantitate-10-seminte","11":"pa_cantitate-100-seminte","12":"pa_cantitate-200-seminte","13":"pa_cantitate-25-seminte","14":"pa_cantitate-250-seminte","15":"pa_cantitate-5-seminte","16":"pa_cantitate-50-seminte","17":"pa_cantitate-500-seminte","18":"desktop-align-left","19":"tablet-align-left","20":"mobile-align-left","22":"first","23":"instock","24":"sale","25":"taxable","26":"shipping-taxable","27":"purchasable","28":"product-type-variable"},"_links":{"self":[{"href":"https:\/\/vivasem.ro\/index.php?rest_route=\/wp\/v2\/product\/18323","targetHints":{"allow":["GET"]}}],"collection":[{"href":"https:\/\/vivasem.ro\/index.php?rest_route=\/wp\/v2\/product"}],"about":[{"href":"https:\/\/vivasem.ro\/index.php?rest_route=\/wp\/v2\/types\/product"}],"replies":[{"embeddable":true,"href":"https:\/\/vivasem.ro\/index.php?rest_route=%2Fwp%2Fv2%2Fcomments&post=18323"}],"wp:featuredmedia":[{"embeddable":true,"href":"https:\/\/vivasem.ro\/index.php?rest_route=\/wp\/v2\/media\/13826"}],"wp:attachment":[{"href":"https:\/\/vivasem.ro\/index.php?rest_route=%2Fwp%2Fv2%2Fmedia&parent=18323"}],"wp:term":[{"taxonomy":"product_brand","embeddable":true,"href":"https:\/\/vivasem.ro\/index.php?rest_route=%2Fwp%2Fv2%2Fproduct_brand&post=18323"},{"taxonomy":"product_cat","embeddable":true,"href":"https:\/\/vivasem.ro\/index.php?rest_route=%2Fwp%2Fv2%2Fproduct_cat&post=18323"},{"taxonomy":"product_tag","embeddable":true,"href":"https:\/\/vivasem.ro\/index.php?rest_route=%2Fwp%2Fv2%2Fproduct_tag&post=18323"}],"curies":[{"name":"wp","href":"https:\/\/api.w.org\/{rel}","templated":true}]}}