{"id":18314,"date":"2025-12-28T15:23:49","date_gmt":"2025-12-28T13:23:49","guid":{"rendered":"https:\/\/vivasem.ro\/?post_type=product&#038;p=18314"},"modified":"2026-02-06T12:13:14","modified_gmt":"2026-02-06T10:13:14","slug":"lush-queen-oferta-de-pret-g-70-95","status":"publish","type":"product","link":"https:\/\/vivasem.ro\/?product=lush-queen-oferta-de-pret-g-70-95","title":{"rendered":"LUSH QUEEN (Ofert\u0103 de pret\/G. 70-95%)"},"content":{"rendered":"<h6><span style=\"color: #ff0000;\">LUSH QUEEN,<\/span><\/h6>\n<p><strong>Lot cu germina\u021bie de 70-95%.<\/strong><\/p>\n<p><strong><span style=\"color: #0000ff;\">UN SOI SUPERB DE TOMATE , V\u0102RGATE GALBEN CU RO\u0218U, CARE \u00ceN AFAR\u0102 DE ASPECTUL SPECTACULOS, ARE FRUCTE FOARTE AROMATE, DULCI, FIIND UNUL DINTRE CELE MAI GUSTOASE SOIURI DE CONSUMAT PROASPETE, \u00ceN SALATE .<\/span><\/strong><\/p>\n<h6><strong><span style=\"color: #ff0000;\">FRUCTELE SUNT C\u0102RNOASE,CU FOARTE PU\u021aINE SEMIN\u021aE \u0218I POT AJUNGE \u0218I LA 15 CM DIAMETRU,\u00a0 IAR GREUTATEA ESTE \u00ceN MEDIE DE 150-200 grame, DAR POT TRECE \u0218I DE 400 grame.<\/span><\/strong><\/h6>\n<h6><strong><span style=\"color: #ff0000;\">SUNT REZISTENTE LA CR\u0102PARE, DIN ELE SE POT OB\u021aINE , NU NUMAI SALATE, CI \u0218I SOSURI SAU CONSERVE EXCELENTE.<\/span><\/strong><\/h6>\n<h6><strong><span style=\"color: #0000ff;\">PLANTELE\u00a0 PRODUCTIVE ,AU O BUN\u0102 TRZISTEN\u021a\u0102\u00a0 LA TEMPERATURI SC\u0102ZUTE,\u00a0 PRODUC\u00c2ND CONSTANT P\u00c2N\u0102 LA SOSIREA FRIGULUI.<\/span><\/strong><\/h6>\n<h6><strong><span style=\"color: #ff0000;\">SOI CREEAT LA FAIMOASA WILD BOAR FARM-SUA.<\/span><\/strong><\/h6>\n<p>&nbsp;<\/p>\n<h6><\/h6>\n","protected":false},"excerpt":{"rendered":"<h6><span style=\"color: #ff00ff;\">SOI SPECTACULOS \u0218I DEOSEBIT DE GUSTOS !<\/span><\/h6>\n<p>&nbsp;<\/p>\n","protected":false},"featured_media":9019,"comment_status":"open","ping_status":"closed","template":"","meta":{"site-sidebar-layout":"default","site-content-layout":"default","ast-site-content-layout":"default","site-content-style":"default","site-sidebar-style":"default","ast-global-header-display":"","ast-banner-title-visibility":"","ast-main-header-display":"","ast-hfb-above-header-display":"","ast-hfb-below-header-display":"","ast-hfb-mobile-header-display":"","site-post-title":"","ast-breadcrumbs-content":"","ast-featured-img":"","footer-sml-layout":"","ast-disable-related-posts":"","theme-transparent-header-meta":"default","adv-header-id-meta":"","stick-header-meta":"","header-above-stick-meta":"","header-main-stick-meta":"","header-below-stick-meta":"","astra-migrate-meta-layouts":"set","ast-page-background-enabled":"default","ast-page-background-meta":{"desktop":{"background-color":"var(--ast-global-color-4)","background-image":"","background-repeat":"repeat","background-position":"center center","background-size":"auto","background-attachment":"scroll","background-type":"","background-media":"","overlay-type":"","overlay-color":"","overlay-opacity":"","overlay-gradient":""},"tablet":{"background-color":"","background-image":"","background-repeat":"repeat","background-position":"center center","background-size":"auto","background-attachment":"scroll","background-type":"","background-media":"","overlay-type":"","overlay-color":"","overlay-opacity":"","overlay-gradient":""},"mobile":{"background-color":"","background-image":"","background-repeat":"repeat","background-position":"center center","background-size":"auto","background-attachment":"scroll","background-type":"","background-media":"","overlay-type":"","overlay-color":"","overlay-opacity":"","overlay-gradient":""}},"ast-content-background-meta":{"desktop":{"background-color":"var(--ast-global-color-5)","background-image":"","background-repeat":"repeat","background-position":"center center","background-size":"auto","background-attachment":"scroll","background-type":"","background-media":"","overlay-type":"","overlay-color":"","overlay-opacity":"","overlay-gradient":""},"tablet":{"background-color":"var(--ast-global-color-5)","background-image":"","background-repeat":"repeat","background-position":"center center","background-size":"auto","background-attachment":"scroll","background-type":"","background-media":"","overlay-type":"","overlay-color":"","overlay-opacity":"","overlay-gradient":""},"mobile":{"background-color":"var(--ast-global-color-5)","background-image":"","background-repeat":"repeat","background-position":"center center","background-size":"auto","background-attachment":"scroll","background-type":"","background-media":"","overlay-type":"","overlay-color":"","overlay-opacity":"","overlay-gradient":""}}},"product_brand":[],"product_cat":[180,139,15],"product_tag":[],"class_list":{"0":"post-18314","1":"product","2":"type-product","3":"status-publish","4":"has-post-thumbnail","6":"product_cat-oferte-de-pret-cantitate","7":"product_cat-tomate-galbene-orange-bicolore-verzi","8":"product_cat-tomate-soi","9":"pa_cantitate-10-seminte","10":"pa_cantitate-100-seminte","11":"pa_cantitate-200-seminte","12":"pa_cantitate-25-seminte","13":"pa_cantitate-250-seminte","14":"pa_cantitate-5-seminte","15":"pa_cantitate-50-seminte","16":"pa_cantitate-500-seminte","17":"desktop-align-left","18":"tablet-align-left","19":"mobile-align-left","21":"first","22":"instock","23":"sale","24":"taxable","25":"shipping-taxable","26":"purchasable","27":"product-type-variable"},"_links":{"self":[{"href":"https:\/\/vivasem.ro\/index.php?rest_route=\/wp\/v2\/product\/18314","targetHints":{"allow":["GET"]}}],"collection":[{"href":"https:\/\/vivasem.ro\/index.php?rest_route=\/wp\/v2\/product"}],"about":[{"href":"https:\/\/vivasem.ro\/index.php?rest_route=\/wp\/v2\/types\/product"}],"replies":[{"embeddable":true,"href":"https:\/\/vivasem.ro\/index.php?rest_route=%2Fwp%2Fv2%2Fcomments&post=18314"}],"wp:featuredmedia":[{"embeddable":true,"href":"https:\/\/vivasem.ro\/index.php?rest_route=\/wp\/v2\/media\/9019"}],"wp:attachment":[{"href":"https:\/\/vivasem.ro\/index.php?rest_route=%2Fwp%2Fv2%2Fmedia&parent=18314"}],"wp:term":[{"taxonomy":"product_brand","embeddable":true,"href":"https:\/\/vivasem.ro\/index.php?rest_route=%2Fwp%2Fv2%2Fproduct_brand&post=18314"},{"taxonomy":"product_cat","embeddable":true,"href":"https:\/\/vivasem.ro\/index.php?rest_route=%2Fwp%2Fv2%2Fproduct_cat&post=18314"},{"taxonomy":"product_tag","embeddable":true,"href":"https:\/\/vivasem.ro\/index.php?rest_route=%2Fwp%2Fv2%2Fproduct_tag&post=18314"}],"curies":[{"name":"wp","href":"https:\/\/api.w.org\/{rel}","templated":true}]}}