{"id":183,"date":"2021-09-22T17:34:54","date_gmt":"2021-09-22T15:34:54","guid":{"rendered":"https:\/\/vivasem.ro\/?post_type=product&#038;p=183"},"modified":"2025-11-25T12:34:24","modified_gmt":"2025-11-25T10:34:24","slug":"red-robin-se-poate-cultiva-in-ghiveci","status":"publish","type":"product","link":"https:\/\/vivasem.ro\/?product=red-robin-se-poate-cultiva-in-ghiveci","title":{"rendered":"_RED ROBIN (30s)"},"content":{"rendered":"<h6><span style=\"color: #ff0000;\">RED ROBIN (soi \u0219i de ghiveci ),<\/span><\/h6>\n<h6>SOI ORIGINAR DIN SUA, <span style=\"color: #0000ff;\">FORMEAZ\u0102 O MINUNAT\u0102 PLANT\u0102 \u00ceN MINIATUR\u0102 , CARE , AV\u00c2ND CRE\u0218TERE DETERMINAT\u0102, DE P\u00c2N\u0102 LA 50 cm., CE SE POATE CULTIVA \u00a0\u00ceN GR\u0102DIN\u0102, DAR \u0218I \u00ceN GHIVECI, \u00ceN INTERIOR, PE TERASE, BALCOANE, LA GEAM ,PE PERVAZ\u00a0 ,TOT TIMPUL ANULUI.\u00a0\u00a0<\/span><br \/>\nDE\u0218I MIC\u0102 , <span style=\"color: #0000ff;\">PRODUCE NUMEROASE FRUCTE ROTUNDE, DE 20-39 grame, MARI PENTRU UN SOI CHERRY, REZISTENTE LA CR\u0102PARE, EXCEP\u021aIONAL DE DULCI \u0218I GUSTOASE.<\/span><br \/>\n<span style=\"color: #0000ff;\">FRUNZELE SUNT PU\u021aINE, DE CULOARE VERDE \u00ceNCHIS \u0218I CREEAZ\u0102 UN CONTRAST MINUNAT CU CIORCHINII RO\u0218II.<\/span><br \/>\nSOI EXTRATIMPURIU, RODE\u0218TE \u00ceN 55 ZILE DE LA TRANSPLANT.<\/h6>\n","protected":false},"excerpt":{"rendered":"<h6><span style=\"color: #0000ff;\">30 SEMIN\u021aE<\/span><\/h6>\n<h6><span style=\"color: #ff00ff;\">SOI DE GHIVECI CU GUST EXCEP\u021aIONAL !<\/span><\/h6>\n","protected":false},"featured_media":541,"comment_status":"open","ping_status":"closed","template":"","meta":{"site-sidebar-layout":"default","site-content-layout":"default","ast-site-content-layout":"default","site-content-style":"default","site-sidebar-style":"default","ast-global-header-display":"","ast-banner-title-visibility":"","ast-main-header-display":"","ast-hfb-above-header-display":"","ast-hfb-below-header-display":"","ast-hfb-mobile-header-display":"","site-post-title":"","ast-breadcrumbs-content":"","ast-featured-img":"","footer-sml-layout":"","ast-disable-related-posts":"","theme-transparent-header-meta":"default","adv-header-id-meta":"","stick-header-meta":"","header-above-stick-meta":"","header-main-stick-meta":"","header-below-stick-meta":"","astra-migrate-meta-layouts":"set","ast-page-background-enabled":"default","ast-page-background-meta":{"desktop":{"background-color":"var(--ast-global-color-4)","background-image":"","background-repeat":"repeat","background-position":"center center","background-size":"auto","background-attachment":"scroll","background-type":"","background-media":"","overlay-type":"","overlay-color":"","overlay-opacity":"","overlay-gradient":""},"tablet":{"background-color":"","background-image":"","background-repeat":"repeat","background-position":"center center","background-size":"auto","background-attachment":"scroll","background-type":"","background-media":"","overlay-type":"","overlay-color":"","overlay-opacity":"","overlay-gradient":""},"mobile":{"background-color":"","background-image":"","background-repeat":"repeat","background-position":"center center","background-size":"auto","background-attachment":"scroll","background-type":"","background-media":"","overlay-type":"","overlay-color":"","overlay-opacity":"","overlay-gradient":""}},"ast-content-background-meta":{"desktop":{"background-color":"var(--ast-global-color-5)","background-image":"","background-repeat":"repeat","background-position":"center center","background-size":"auto","background-attachment":"scroll","background-type":"","background-media":"","overlay-type":"","overlay-color":"","overlay-opacity":"","overlay-gradient":""},"tablet":{"background-color":"var(--ast-global-color-5)","background-image":"","background-repeat":"repeat","background-position":"center center","background-size":"auto","background-attachment":"scroll","background-type":"","background-media":"","overlay-type":"","overlay-color":"","overlay-opacity":"","overlay-gradient":""},"mobile":{"background-color":"var(--ast-global-color-5)","background-image":"","background-repeat":"repeat","background-position":"center center","background-size":"auto","background-attachment":"scroll","background-type":"","background-media":"","overlay-type":"","overlay-color":"","overlay-opacity":"","overlay-gradient":""}}},"product_brand":[],"product_cat":[143,167,142,15],"product_tag":[],"class_list":{"0":"post-183","1":"product","2":"type-product","3":"status-publish","4":"has-post-thumbnail","6":"product_cat-soiuri-timpurii-cherry","7":"product_cat-tufa","8":"product_cat-soiuri-rosii-roz","9":"product_cat-tomate-soi","10":"desktop-align-left","11":"tablet-align-left","12":"mobile-align-left","14":"first","15":"instock","16":"taxable","17":"shipping-taxable","18":"purchasable","19":"product-type-simple"},"_links":{"self":[{"href":"https:\/\/vivasem.ro\/index.php?rest_route=\/wp\/v2\/product\/183","targetHints":{"allow":["GET"]}}],"collection":[{"href":"https:\/\/vivasem.ro\/index.php?rest_route=\/wp\/v2\/product"}],"about":[{"href":"https:\/\/vivasem.ro\/index.php?rest_route=\/wp\/v2\/types\/product"}],"replies":[{"embeddable":true,"href":"https:\/\/vivasem.ro\/index.php?rest_route=%2Fwp%2Fv2%2Fcomments&post=183"}],"wp:featuredmedia":[{"embeddable":true,"href":"https:\/\/vivasem.ro\/index.php?rest_route=\/wp\/v2\/media\/541"}],"wp:attachment":[{"href":"https:\/\/vivasem.ro\/index.php?rest_route=%2Fwp%2Fv2%2Fmedia&parent=183"}],"wp:term":[{"taxonomy":"product_brand","embeddable":true,"href":"https:\/\/vivasem.ro\/index.php?rest_route=%2Fwp%2Fv2%2Fproduct_brand&post=183"},{"taxonomy":"product_cat","embeddable":true,"href":"https:\/\/vivasem.ro\/index.php?rest_route=%2Fwp%2Fv2%2Fproduct_cat&post=183"},{"taxonomy":"product_tag","embeddable":true,"href":"https:\/\/vivasem.ro\/index.php?rest_route=%2Fwp%2Fv2%2Fproduct_tag&post=183"}],"curies":[{"name":"wp","href":"https:\/\/api.w.org\/{rel}","templated":true}]}}