{"id":18299,"date":"2025-12-28T15:13:57","date_gmt":"2025-12-28T13:13:57","guid":{"rendered":"https:\/\/vivasem.ro\/?post_type=product&#038;p=18299"},"modified":"2025-12-28T15:21:28","modified_gmt":"2025-12-28T13:21:28","slug":"red-pear-pearson-oferta-de-pret-g-70-95","status":"publish","type":"product","link":"https:\/\/vivasem.ro\/?product=red-pear-pearson-oferta-de-pret-g-70-95","title":{"rendered":"RED PEAR -PEARSON (Ofert\u0103 de pret\/G. 70-95%)"},"content":{"rendered":"<h6><strong><span style=\"color: #ff0000;\">RED PEAR ,denumit \u0219i PEARSON ,<\/span><\/strong><\/h6>\n<p><strong>Lot cu germina\u021bie de 70-95%.<\/strong><\/p>\n<h6><span style=\"color: #000080;\">SOI VECHI , HEIRLOOM, AMERICAN, ATESTAT DE PESTE 200 ANI, DEOSEBIT, \u00ceN FORM\u0102 DE PAR\u0102, CU FRUCTE CUTATE, DE CULOARE RO\u0218U INTENS.<\/span><\/h6>\n<h6><span style=\"color: #ff0000;\">AU GUST EXTRAORDINAR, SUNT FOARTE DULCI, PUTERNIC AROMATE, ECHILIBRAT DE\u00a0 ACIDE, FOARTE C\u0102RNOASE, CU PU\u021aINE SEMIN\u021aE .<\/span><\/h6>\n<h6><span style=\"color: #000080;\">GREUTATEA MEDIE ESTE \u00ceNTRE 80-150 grame, IAR UNELE TOMATE , AJUNG LA 250 grame \u0218I CHIAR MAI MULT .<\/span><\/h6>\n<h6><span style=\"color: #000080;\">PLANTELE NEDETERMINATE, SUNT PRODUCTIVE, FOARTE VIGUROASE \u0218I REZISTENTE.<\/span><\/h6>\n<h6><span style=\"color: #000080;\">SE CREDE C\u0102,\u00a0 ACESTA\u00a0 ESTE SOIUL DIN CARE PROVINE VESTITA INIM\u0102 DE ALBENGA.<\/span><\/h6>\n<h6><span style=\"color: #000080;\">G 100%<\/span><\/h6>\n","protected":false},"excerpt":{"rendered":"<h6><span style=\"color: #ff00ff;\">GUST EXTRAORDINAR , FRUCTE DE CALITATE \u00ceNALT\u0102<\/span><\/h6>\n","protected":false},"featured_media":2950,"comment_status":"open","ping_status":"closed","template":"","meta":{"site-sidebar-layout":"default","site-content-layout":"default","ast-site-content-layout":"default","site-content-style":"default","site-sidebar-style":"default","ast-global-header-display":"","ast-banner-title-visibility":"","ast-main-header-display":"","ast-hfb-above-header-display":"","ast-hfb-below-header-display":"","ast-hfb-mobile-header-display":"","site-post-title":"","ast-breadcrumbs-content":"","ast-featured-img":"","footer-sml-layout":"","ast-disable-related-posts":"","theme-transparent-header-meta":"default","adv-header-id-meta":"","stick-header-meta":"","header-above-stick-meta":"","header-main-stick-meta":"","header-below-stick-meta":"","astra-migrate-meta-layouts":"set","ast-page-background-enabled":"default","ast-page-background-meta":{"desktop":{"background-color":"var(--ast-global-color-4)","background-image":"","background-repeat":"repeat","background-position":"center center","background-size":"auto","background-attachment":"scroll","background-type":"","background-media":"","overlay-type":"","overlay-color":"","overlay-opacity":"","overlay-gradient":""},"tablet":{"background-color":"","background-image":"","background-repeat":"repeat","background-position":"center center","background-size":"auto","background-attachment":"scroll","background-type":"","background-media":"","overlay-type":"","overlay-color":"","overlay-opacity":"","overlay-gradient":""},"mobile":{"background-color":"","background-image":"","background-repeat":"repeat","background-position":"center center","background-size":"auto","background-attachment":"scroll","background-type":"","background-media":"","overlay-type":"","overlay-color":"","overlay-opacity":"","overlay-gradient":""}},"ast-content-background-meta":{"desktop":{"background-color":"var(--ast-global-color-5)","background-image":"","background-repeat":"repeat","background-position":"center center","background-size":"auto","background-attachment":"scroll","background-type":"","background-media":"","overlay-type":"","overlay-color":"","overlay-opacity":"","overlay-gradient":""},"tablet":{"background-color":"var(--ast-global-color-5)","background-image":"","background-repeat":"repeat","background-position":"center center","background-size":"auto","background-attachment":"scroll","background-type":"","background-media":"","overlay-type":"","overlay-color":"","overlay-opacity":"","overlay-gradient":""},"mobile":{"background-color":"var(--ast-global-color-5)","background-image":"","background-repeat":"repeat","background-position":"center center","background-size":"auto","background-attachment":"scroll","background-type":"","background-media":"","overlay-type":"","overlay-color":"","overlay-opacity":"","overlay-gradient":""}}},"product_brand":[],"product_cat":[180,142,144,15],"product_tag":[],"class_list":{"0":"post-18299","1":"product","2":"type-product","3":"status-publish","4":"has-post-thumbnail","6":"product_cat-oferte-de-pret-cantitate","7":"product_cat-soiuri-rosii-roz","8":"product_cat-soiuri-tip-inima-de-bou","9":"product_cat-tomate-soi","10":"pa_numar-30-s-202","11":"pa_numar-30-s-1200-seminte","12":"pa_numar-30-s-150-seminte","13":"pa_numar-30-s-1500-seminte","14":"pa_numar-30-s-180-seminte","15":"pa_numar-30-s-210-seminte","16":"pa_numar-30-s-240-seminte","17":"pa_numar-30-s-270-seminte","18":"pa_numar-30-s-30-seminte","19":"pa_numar-30-s-300-seminte","20":"pa_numar-30-s-60-seminte","21":"pa_numar-30-s-600-seminte","22":"pa_numar-30-s-90-seminte","23":"pa_numar-30-s-900-seminte","24":"desktop-align-left","25":"tablet-align-left","26":"mobile-align-left","28":"first","29":"instock","30":"sale","31":"taxable","32":"shipping-taxable","33":"purchasable","34":"product-type-variable"},"_links":{"self":[{"href":"https:\/\/vivasem.ro\/index.php?rest_route=\/wp\/v2\/product\/18299","targetHints":{"allow":["GET"]}}],"collection":[{"href":"https:\/\/vivasem.ro\/index.php?rest_route=\/wp\/v2\/product"}],"about":[{"href":"https:\/\/vivasem.ro\/index.php?rest_route=\/wp\/v2\/types\/product"}],"replies":[{"embeddable":true,"href":"https:\/\/vivasem.ro\/index.php?rest_route=%2Fwp%2Fv2%2Fcomments&post=18299"}],"wp:featuredmedia":[{"embeddable":true,"href":"https:\/\/vivasem.ro\/index.php?rest_route=\/wp\/v2\/media\/2950"}],"wp:attachment":[{"href":"https:\/\/vivasem.ro\/index.php?rest_route=%2Fwp%2Fv2%2Fmedia&parent=18299"}],"wp:term":[{"taxonomy":"product_brand","embeddable":true,"href":"https:\/\/vivasem.ro\/index.php?rest_route=%2Fwp%2Fv2%2Fproduct_brand&post=18299"},{"taxonomy":"product_cat","embeddable":true,"href":"https:\/\/vivasem.ro\/index.php?rest_route=%2Fwp%2Fv2%2Fproduct_cat&post=18299"},{"taxonomy":"product_tag","embeddable":true,"href":"https:\/\/vivasem.ro\/index.php?rest_route=%2Fwp%2Fv2%2Fproduct_tag&post=18299"}],"curies":[{"name":"wp","href":"https:\/\/api.w.org\/{rel}","templated":true}]}}