{"id":18181,"date":"2025-12-26T10:35:34","date_gmt":"2025-12-26T08:35:34","guid":{"rendered":"https:\/\/vivasem.ro\/?post_type=product&#038;p=18181"},"modified":"2025-12-26T11:25:30","modified_gmt":"2025-12-26T09:25:30","slug":"malinowy-ozarowski-zmeura-ozarowski-30s","status":"publish","type":"product","link":"https:\/\/vivasem.ro\/?product=malinowy-ozarowski-zmeura-ozarowski-30s","title":{"rendered":"Malinowy Warszawski\/ Zmeura de Varsovia (30s)"},"content":{"rendered":"<div data-sfc-cp=\"\" data-hveid=\"CAEQAA\" data-processed=\"true\">\n<h6><span style=\"color: #ff0000;\"><strong>Malinowy <\/strong><\/span><span dir=\"auto\" style=\"color: #ff0000;\">Warszawski\/ <\/span><span style=\"color: #ff0000;\"><strong><span dir=\"auto\"><span style=\"color: #ff0000;\">Zmeur<\/span>a de Var\u0219ovia,<\/span><\/strong><\/span><\/h6>\n<h6><span style=\"color: #000080;\"><strong><span dir=\"auto\">Celebru soi <\/span><span dir=\"auto\">polonez , cu randament ridicat, cunoscut pentru fructele sale mari, extrem de gustoase, dulci, suculente, roz-ro\u0219ii (de culoarea zmeurei), excelente pentru consumul proasp\u0103t, salate \u0219i sosuri.<\/span><\/strong><\/span><\/h6>\n<\/div>\n<h6 data-hveid=\"CAEQAA\" data-processed=\"true\"><span style=\"color: #000080;\"><strong><span dir=\"auto\">Este o varietate \u00eenalt\u0103 (care necesit\u0103 sus\u021binere\/sus\u021binere), productiv\u0103 \u0219i rezistent\u0103 la temperaturi sc\u0103zute, varia\u021bii termice, dar \u0219i la boli comune, cum ar fi mana.<\/span><\/strong><\/span><\/h6>\n<ul data-processed=\"true\">\n<li data-hveid=\"CAQQAA\" data-processed=\"true\">\n<h6><span style=\"color: #000080;\"><strong><span dir=\"auto\">Fructe:<\/span><span dir=\"auto\"> M\u0103rimea medie este de 100-250 g, uneori \u0219i peste 500 grame , rotund- aplatizate, ondulate, de culoare roz-ro\u0219ie(\u201ezmeurie\u201d), pulp\u0103 ferm\u0103,\u00a0 dulce \u0219i aromat\u0103, oferind un echilibru \u00eenc\u00e2nt\u0103tor \u00eentre dulce \u0219i acri\u0219or.<\/span><\/strong><\/span><\/h6>\n<\/li>\n<li data-hveid=\"CAQQAQ\" data-processed=\"true\">\n<h6><span style=\"color: #000080;\"><strong><span dir=\"auto\">Plant\u0103:<\/span><span dir=\"auto\"> Nedeterminat\u0103 (cre\u0219tere \u00eenalt\u0103, p\u00e2n\u0103 la 2 m), necesit\u0103 sus\u021binere\/sus\u021binere, productiv\u0103.<\/span><\/strong><\/span><\/h6>\n<\/li>\n<li data-hveid=\"CAQQAg\" data-processed=\"true\">\n<h6><span style=\"color: #000080;\"><strong><span dir=\"auto\">Maturitate:<\/span><span dir=\"auto\"> La \u00eenceputul spre mijlocul sezonului, coacerea se produce \u00een aproximativ 75-85 de zile de la plantare.<\/span><\/strong><\/span><\/h6>\n<\/li>\n<li data-hveid=\"CAQQAw\" data-processed=\"true\">\n<h6><span style=\"color: #000080;\"><strong><span dir=\"auto\">Profil aromatic:<\/span><span dir=\"auto\">\u00a0Dulce cu o not\u0103 acri\u0219oar\u0103, arom\u0103 bogat\u0103 de ro\u0219ii.<\/span><\/strong><\/span><\/h6>\n<\/li>\n<li data-hveid=\"CAQQBA\" data-processed=\"true\">\n<h6><span style=\"color: #000080;\"><strong><span dir=\"auto\">Utiliz\u0103ri:<\/span><span dir=\"auto\"> Pentru consum \u00een stare proasp\u0103t\u0103, salate \u0219i sosuri.<\/span><\/strong><\/span><\/h6>\n<\/li>\n<li data-hveid=\"CAQQBQ\" data-processed=\"true\">\n<h6><span style=\"color: #000080;\"><strong><span dir=\"auto\">Rezisten\u021be:<\/span><span dir=\"auto\"> la umeri verzi ( <\/span><a style=\"color: #000080;\" href=\"https:\/\/www.google.com\/search?q=greenspot&amp;rlz=1C1CHBF_enRO1145RO1145&amp;oq=MALINOWY&amp;gs_lcrp=EgZjaHJvbWUqBwgEEAAYgAQyBggAEEUYOTIHCAEQABiABDIHCAIQABiABDITCAMQLhivARjHARiABBiYBRiZBTIHCAQQABiABDIHCAUQABiABDIHCAYQABiABDIHCAcQABiABDIHCAgQABiABDIHCAkQABiABNIBCTExOTEyajBqN6gCALACAA&amp;sourceid=chrome&amp;ie=UTF-8&amp;mstk=AUtExfDcoGg_r9RTXpHCaK-QUe58Sb-pTj0x_UvP3tSTQVJ9RgwcU_j15l_RW8Fp70Oz7CaixCyLROFcRac4b_tDiAoausEOQ9Kn78hocgmF_zz5dYTNh4monhteBhZrRJt73HBNBFd4pfwMiXlmfD4yh704PBkdt2Hdbq5adOTfnV0sIdg&amp;csui=3&amp;ved=2ahUKEwjLn9vQ69qRAxVj2gIHHcXnAaQQgK4QegQIBBAG\" data-wiz-uids=\"TwWbwd_1x\" data-ved=\"2ahUKEwjLn9vQ69qRAxVj2gIHHcXnAaQQgK4QegQIBBAG\" data-hveid=\"CAQQBg\" data-processed=\"true\"><span dir=\"auto\">pete verzi<\/span><\/a><span dir=\"auto\"> ), la boli \u00een general , la varia\u021bii termice \u0219i frig.<\/span>\u00a0<\/strong><\/span><\/h6>\n<\/li>\n<\/ul>\n","protected":false},"excerpt":{"rendered":"<h6><span style=\"color: #0000ff;\">30 SEMIN\u021aE<\/span><img loading=\"lazy\" decoding=\"async\" class=\"alignnone wp-image-5565\" src=\"https:\/\/vivasem.ro\/wp-content\/uploads\/2021\/11\/NOU3.jpg\" alt=\"\" width=\"53\" height=\"51\" \/><\/h6>\n<h6>GUST EXCEP\u021aIONAL\u00a0 !<\/h6>\n","protected":false},"featured_media":18186,"comment_status":"open","ping_status":"closed","template":"","meta":{"site-sidebar-layout":"default","site-content-layout":"default","ast-site-content-layout":"default","site-content-style":"default","site-sidebar-style":"default","ast-global-header-display":"","ast-banner-title-visibility":"","ast-main-header-display":"","ast-hfb-above-header-display":"","ast-hfb-below-header-display":"","ast-hfb-mobile-header-display":"","site-post-title":"","ast-breadcrumbs-content":"","ast-featured-img":"","footer-sml-layout":"","ast-disable-related-posts":"","theme-transparent-header-meta":"default","adv-header-id-meta":"","stick-header-meta":"","header-above-stick-meta":"","header-main-stick-meta":"","header-below-stick-meta":"","astra-migrate-meta-layouts":"set","ast-page-background-enabled":"default","ast-page-background-meta":{"desktop":{"background-color":"var(--ast-global-color-4)","background-image":"","background-repeat":"repeat","background-position":"center center","background-size":"auto","background-attachment":"scroll","background-type":"","background-media":"","overlay-type":"","overlay-color":"","overlay-opacity":"","overlay-gradient":""},"tablet":{"background-color":"","background-image":"","background-repeat":"repeat","background-position":"center center","background-size":"auto","background-attachment":"scroll","background-type":"","background-media":"","overlay-type":"","overlay-color":"","overlay-opacity":"","overlay-gradient":""},"mobile":{"background-color":"","background-image":"","background-repeat":"repeat","background-position":"center center","background-size":"auto","background-attachment":"scroll","background-type":"","background-media":"","overlay-type":"","overlay-color":"","overlay-opacity":"","overlay-gradient":""}},"ast-content-background-meta":{"desktop":{"background-color":"var(--ast-global-color-5)","background-image":"","background-repeat":"repeat","background-position":"center center","background-size":"auto","background-attachment":"scroll","background-type":"","background-media":"","overlay-type":"","overlay-color":"","overlay-opacity":"","overlay-gradient":""},"tablet":{"background-color":"var(--ast-global-color-5)","background-image":"","background-repeat":"repeat","background-position":"center center","background-size":"auto","background-attachment":"scroll","background-type":"","background-media":"","overlay-type":"","overlay-color":"","overlay-opacity":"","overlay-gradient":""},"mobile":{"background-color":"var(--ast-global-color-5)","background-image":"","background-repeat":"repeat","background-position":"center center","background-size":"auto","background-attachment":"scroll","background-type":"","background-media":"","overlay-type":"","overlay-color":"","overlay-opacity":"","overlay-gradient":""}}},"product_brand":[],"product_cat":[141,142,15],"product_tag":[],"class_list":{"0":"post-18181","1":"product","2":"type-product","3":"status-publish","4":"has-post-thumbnail","6":"product_cat-soi-gigant-urias","7":"product_cat-soiuri-rosii-roz","8":"product_cat-tomate-soi","9":"desktop-align-left","10":"tablet-align-left","11":"mobile-align-left","13":"first","14":"instock","15":"taxable","16":"shipping-taxable","17":"purchasable","18":"product-type-simple"},"_links":{"self":[{"href":"https:\/\/vivasem.ro\/index.php?rest_route=\/wp\/v2\/product\/18181","targetHints":{"allow":["GET"]}}],"collection":[{"href":"https:\/\/vivasem.ro\/index.php?rest_route=\/wp\/v2\/product"}],"about":[{"href":"https:\/\/vivasem.ro\/index.php?rest_route=\/wp\/v2\/types\/product"}],"replies":[{"embeddable":true,"href":"https:\/\/vivasem.ro\/index.php?rest_route=%2Fwp%2Fv2%2Fcomments&post=18181"}],"wp:featuredmedia":[{"embeddable":true,"href":"https:\/\/vivasem.ro\/index.php?rest_route=\/wp\/v2\/media\/18186"}],"wp:attachment":[{"href":"https:\/\/vivasem.ro\/index.php?rest_route=%2Fwp%2Fv2%2Fmedia&parent=18181"}],"wp:term":[{"taxonomy":"product_brand","embeddable":true,"href":"https:\/\/vivasem.ro\/index.php?rest_route=%2Fwp%2Fv2%2Fproduct_brand&post=18181"},{"taxonomy":"product_cat","embeddable":true,"href":"https:\/\/vivasem.ro\/index.php?rest_route=%2Fwp%2Fv2%2Fproduct_cat&post=18181"},{"taxonomy":"product_tag","embeddable":true,"href":"https:\/\/vivasem.ro\/index.php?rest_route=%2Fwp%2Fv2%2Fproduct_tag&post=18181"}],"curies":[{"name":"wp","href":"https:\/\/api.w.org\/{rel}","templated":true}]}}