{"id":18105,"date":"2025-12-19T19:00:04","date_gmt":"2025-12-19T17:00:04","guid":{"rendered":"https:\/\/vivasem.ro\/?post_type=product&#038;p=18105"},"modified":"2025-12-19T19:08:54","modified_gmt":"2025-12-19T17:08:54","slug":"patrunjel-de-frunze-italian-giant-patru-agro-5g","status":"publish","type":"product","link":"https:\/\/vivasem.ro\/?product=patrunjel-de-frunze-italian-giant-patru-agro-5g","title":{"rendered":"P\u0102TRUNJEL DE FRUNZE ITALIAN GIANT (Patru Agro) (5g)"},"content":{"rendered":"<h6><span style=\"color: #ff0000;\">P\u0102TRUNJEL DE FRUNZE\u00a0 ITALIAN GIANT ,\u00a0<\/span> \u00a0 \u00a0 \u00a0<span style=\"color: #ff6600;\"><strong><u><a href=\"https:\/\/vivasem.ro\/wp-content\/uploads\/2023\/06\/PATRU-AGRO-original.jpg\"><img loading=\"lazy\" decoding=\"async\" class=\"alignnone wp-image-11044\" src=\"https:\/\/vivasem.ro\/wp-content\/uploads\/2023\/06\/PATRU-AGRO-300x120.jpg\" alt=\"\" width=\"153\" height=\"61\" srcset=\"https:\/\/vivasem.ro\/wp-content\/uploads\/2023\/06\/PATRU-AGRO-300x120.jpg 300w, https:\/\/vivasem.ro\/wp-content\/uploads\/2023\/06\/PATRU-AGRO-original-248x99.jpg 248w, https:\/\/vivasem.ro\/wp-content\/uploads\/2023\/06\/PATRU-AGRO-original.jpg 420w\" sizes=\"auto, (max-width: 153px) 100vw, 153px\" \/><\/a><\/u><\/strong><\/span><\/h6>\n<h6><span style=\"color: #ff0000;\">PRODUS \u0218I AMBALAT DE PATRU AGRO SRL ROM\u00c2NIA<\/span><\/h6>\n<h6><span style=\"color: #000080;\">Patrunjelul Gigant Italian, este o planta aromat\u0103 cu crestere viguroas\u0103, cu frunze mari, netede, aromate, de culoare verde \u00eenchis, ce au coada lung\u0103.<\/span><\/h6>\n<h6><span style=\"color: #000080;\">Soi timpuriu,ce se cultiva din primavara pana toamna tarziu.<\/span><\/h6>\n<h6><span style=\"color: #000080;\">Se poate cutiva in c\u00e2mp, in spatii acoperite, in jardiniere, etc.<\/span><\/h6>\n<h6><span style=\"color: #000080;\">Se consuma in stare proaspata sau conservat.<\/span><\/h6>\n<h6><span style=\"color: #000080;\">Sem\u0103nare in aer liber: martie-aprilie.<\/span><\/h6>\n<h6><span style=\"color: #000080;\">Distanta intre plante: 30 x 4 cm.<\/span><\/h6>\n<h6><span style=\"color: #000080;\">Recoltare: iunie-septembrie.<\/span><\/h6>\n<h6><span style=\"color: #000080;\">Perioada de vegetatie este de 75-85 zile.<\/span><\/h6>\n<h6><span style=\"color: #000080;\">Se recomanda nivelarea solului si stropirea usoara dupa insamantare.<\/span><\/h6>\n<h6><span style=\"color: #000080;\">Perioada de insamantat: 20 februarie-10 martie si 01-15 decembrie.<\/span><\/h6>\n<h6><span style=\"color: #000080;\">Specificatii tehnice:<\/span><\/h6>\n<ul>\n<li>\n<h6><span style=\"color: #000080;\">adancime 2-2,5 cm<\/span><\/h6>\n<\/li>\n<li>\n<h6><span style=\"color: #000080;\">insamantat incepand cu luna februarie-decembrie<\/span><\/h6>\n<\/li>\n<li>\n<h6><span style=\"color: #000080;\">norma de insamantat 8-10 grame\/100 mp<\/span><\/h6>\n<\/li>\n<li>\n<h6><span style=\"color: #000080;\">-sunt 600-700 seminte\/gram<\/span><\/h6>\n<\/li>\n<\/ul>\n<h6><\/h6>\n","protected":false},"excerpt":{"rendered":"<h6><span style=\"color: #0000ff;\">5 grame\/2500 -3000 SEMIN\u021aE<\/span><\/h6>\n","protected":false},"featured_media":18107,"comment_status":"open","ping_status":"closed","template":"","meta":{"site-sidebar-layout":"default","site-content-layout":"default","ast-site-content-layout":"default","site-content-style":"default","site-sidebar-style":"default","ast-global-header-display":"","ast-banner-title-visibility":"","ast-main-header-display":"","ast-hfb-above-header-display":"","ast-hfb-below-header-display":"","ast-hfb-mobile-header-display":"","site-post-title":"","ast-breadcrumbs-content":"","ast-featured-img":"","footer-sml-layout":"","ast-disable-related-posts":"","theme-transparent-header-meta":"default","adv-header-id-meta":"","stick-header-meta":"","header-above-stick-meta":"","header-main-stick-meta":"","header-below-stick-meta":"","astra-migrate-meta-layouts":"set","ast-page-background-enabled":"default","ast-page-background-meta":{"desktop":{"background-color":"var(--ast-global-color-4)","background-image":"","background-repeat":"repeat","background-position":"center center","background-size":"auto","background-attachment":"scroll","background-type":"","background-media":"","overlay-type":"","overlay-color":"","overlay-opacity":"","overlay-gradient":""},"tablet":{"background-color":"","background-image":"","background-repeat":"repeat","background-position":"center center","background-size":"auto","background-attachment":"scroll","background-type":"","background-media":"","overlay-type":"","overlay-color":"","overlay-opacity":"","overlay-gradient":""},"mobile":{"background-color":"","background-image":"","background-repeat":"repeat","background-position":"center center","background-size":"auto","background-attachment":"scroll","background-type":"","background-media":"","overlay-type":"","overlay-color":"","overlay-opacity":"","overlay-gradient":""}},"ast-content-background-meta":{"desktop":{"background-color":"var(--ast-global-color-5)","background-image":"","background-repeat":"repeat","background-position":"center center","background-size":"auto","background-attachment":"scroll","background-type":"","background-media":"","overlay-type":"","overlay-color":"","overlay-opacity":"","overlay-gradient":""},"tablet":{"background-color":"var(--ast-global-color-5)","background-image":"","background-repeat":"repeat","background-position":"center center","background-size":"auto","background-attachment":"scroll","background-type":"","background-media":"","overlay-type":"","overlay-color":"","overlay-opacity":"","overlay-gradient":""},"mobile":{"background-color":"var(--ast-global-color-5)","background-image":"","background-repeat":"repeat","background-position":"center center","background-size":"auto","background-attachment":"scroll","background-type":"","background-media":"","overlay-type":"","overlay-color":"","overlay-opacity":"","overlay-gradient":""}}},"product_brand":[],"product_cat":[90],"product_tag":[],"class_list":{"0":"post-18105","1":"product","2":"type-product","3":"status-publish","4":"has-post-thumbnail","6":"product_cat-plante-aromatice","7":"desktop-align-left","8":"tablet-align-left","9":"mobile-align-left","11":"first","12":"instock","13":"taxable","14":"shipping-taxable","15":"purchasable","16":"product-type-simple"},"_links":{"self":[{"href":"https:\/\/vivasem.ro\/index.php?rest_route=\/wp\/v2\/product\/18105","targetHints":{"allow":["GET"]}}],"collection":[{"href":"https:\/\/vivasem.ro\/index.php?rest_route=\/wp\/v2\/product"}],"about":[{"href":"https:\/\/vivasem.ro\/index.php?rest_route=\/wp\/v2\/types\/product"}],"replies":[{"embeddable":true,"href":"https:\/\/vivasem.ro\/index.php?rest_route=%2Fwp%2Fv2%2Fcomments&post=18105"}],"wp:featuredmedia":[{"embeddable":true,"href":"https:\/\/vivasem.ro\/index.php?rest_route=\/wp\/v2\/media\/18107"}],"wp:attachment":[{"href":"https:\/\/vivasem.ro\/index.php?rest_route=%2Fwp%2Fv2%2Fmedia&parent=18105"}],"wp:term":[{"taxonomy":"product_brand","embeddable":true,"href":"https:\/\/vivasem.ro\/index.php?rest_route=%2Fwp%2Fv2%2Fproduct_brand&post=18105"},{"taxonomy":"product_cat","embeddable":true,"href":"https:\/\/vivasem.ro\/index.php?rest_route=%2Fwp%2Fv2%2Fproduct_cat&post=18105"},{"taxonomy":"product_tag","embeddable":true,"href":"https:\/\/vivasem.ro\/index.php?rest_route=%2Fwp%2Fv2%2Fproduct_tag&post=18105"}],"curies":[{"name":"wp","href":"https:\/\/api.w.org\/{rel}","templated":true}]}}