{"id":18103,"date":"2025-12-19T18:43:55","date_gmt":"2025-12-19T16:43:55","guid":{"rendered":"https:\/\/vivasem.ro\/?post_type=product&#038;p=18103"},"modified":"2026-03-16T14:18:00","modified_gmt":"2026-03-16T12:18:00","slug":"fasole-pitica-sonesta-100g","status":"publish","type":"product","link":"https:\/\/vivasem.ro\/?product=fasole-pitica-sonesta-100g","title":{"rendered":"FASOLE FIDELUT\u0102 PITIC\u0102 SONESTA (100G)"},"content":{"rendered":"<h6><span style=\"color: #ff6600;\"><strong><u>FASOLE SONESTA<\/u><\/strong><\/span>,\u00a0 \u00a0 \u00a0 \u00a0 \u00a0 \u00a0 \u00a0 \u00a0 \u00a0 \u00a0 \u00a0 \u00a0 \u00a0 \u00a0 \u00a0 \u00a0 \u00a0 \u00a0 \u00a0 \u00a0 \u00a0 \u00a0 \u00a0 \u00a0 \u00a0 \u00a0 \u00a0 \u00a0 \u00a0 \u00a0 \u00a0 \u00a0 \u00a0 \u00a0 \u00a0<span style=\"color: #ff6600;\"><strong><u><a href=\"https:\/\/vivasem.ro\/wp-content\/uploads\/2023\/06\/PATRU-AGRO-original.jpg\"><img loading=\"lazy\" decoding=\"async\" class=\"alignnone wp-image-11044\" src=\"https:\/\/vivasem.ro\/wp-content\/uploads\/2023\/06\/PATRU-AGRO-300x120.jpg\" alt=\"\" width=\"153\" height=\"61\" srcset=\"https:\/\/vivasem.ro\/wp-content\/uploads\/2023\/06\/PATRU-AGRO-300x120.jpg 300w, https:\/\/vivasem.ro\/wp-content\/uploads\/2023\/06\/PATRU-AGRO-original-248x99.jpg 248w, https:\/\/vivasem.ro\/wp-content\/uploads\/2023\/06\/PATRU-AGRO-original.jpg 420w\" sizes=\"auto, (max-width: 153px) 100vw, 153px\" \/><\/a><\/u><\/strong><\/span><\/h6>\n<h6><span style=\"color: #ff0000;\">PRODUS \u0218I AMBALAT DE PATRU AGRO SRL ROM\u00c2NIA<\/span><\/h6>\n<h6><span style=\"color: #000080;\"><strong>SOI FOARTE PRODUCTIV DE FASOLE PITIC\u0102, CU P\u0102STAIA TIP FIDELU\u021a\u0102 CE PRODUCE\u00a0 P\u0102STAI GALBENE, LUNGI DE 10-15centimetrii, C\u0102RNOASE, F\u0102R\u0102 A\u021aE \u0218I FOARTE GUSTOASE.<\/strong><\/span><\/h6>\n<h6><span style=\"color: #000080;\"><strong>TUFA PITIC\u0102,AJUNGE LA 40-50 centimetrii IN\u0102L\u021aIME.<\/strong><\/span><\/h6>\n<h6><span style=\"color: #000080;\">\u00a0Se consuma in stare proaspata sau congelata.<\/span><\/h6>\n<h6><\/h6>\n","protected":false},"excerpt":{"rendered":"<h6><span style=\"color: #0000ff;\">100 grame\/500 SEMIN\u021aE<\/span><\/h6>\n","protected":false},"featured_media":11174,"comment_status":"open","ping_status":"closed","template":"","meta":{"site-sidebar-layout":"default","site-content-layout":"default","ast-site-content-layout":"default","site-content-style":"default","site-sidebar-style":"default","ast-global-header-display":"","ast-banner-title-visibility":"","ast-main-header-display":"","ast-hfb-above-header-display":"","ast-hfb-below-header-display":"","ast-hfb-mobile-header-display":"","site-post-title":"","ast-breadcrumbs-content":"","ast-featured-img":"","footer-sml-layout":"","ast-disable-related-posts":"","theme-transparent-header-meta":"default","adv-header-id-meta":"","stick-header-meta":"","header-above-stick-meta":"","header-main-stick-meta":"","header-below-stick-meta":"","astra-migrate-meta-layouts":"set","ast-page-background-enabled":"default","ast-page-background-meta":{"desktop":{"background-color":"var(--ast-global-color-4)","background-image":"","background-repeat":"repeat","background-position":"center center","background-size":"auto","background-attachment":"scroll","background-type":"","background-media":"","overlay-type":"","overlay-color":"","overlay-opacity":"","overlay-gradient":""},"tablet":{"background-color":"","background-image":"","background-repeat":"repeat","background-position":"center center","background-size":"auto","background-attachment":"scroll","background-type":"","background-media":"","overlay-type":"","overlay-color":"","overlay-opacity":"","overlay-gradient":""},"mobile":{"background-color":"","background-image":"","background-repeat":"repeat","background-position":"center center","background-size":"auto","background-attachment":"scroll","background-type":"","background-media":"","overlay-type":"","overlay-color":"","overlay-opacity":"","overlay-gradient":""}},"ast-content-background-meta":{"desktop":{"background-color":"var(--ast-global-color-5)","background-image":"","background-repeat":"repeat","background-position":"center center","background-size":"auto","background-attachment":"scroll","background-type":"","background-media":"","overlay-type":"","overlay-color":"","overlay-opacity":"","overlay-gradient":""},"tablet":{"background-color":"var(--ast-global-color-5)","background-image":"","background-repeat":"repeat","background-position":"center center","background-size":"auto","background-attachment":"scroll","background-type":"","background-media":"","overlay-type":"","overlay-color":"","overlay-opacity":"","overlay-gradient":""},"mobile":{"background-color":"var(--ast-global-color-5)","background-image":"","background-repeat":"repeat","background-position":"center center","background-size":"auto","background-attachment":"scroll","background-type":"","background-media":"","overlay-type":"","overlay-color":"","overlay-opacity":"","overlay-gradient":""}}},"product_brand":[],"product_cat":[112],"product_tag":[],"class_list":{"0":"post-18103","1":"product","2":"type-product","3":"status-publish","4":"has-post-thumbnail","6":"product_cat-fasole-oloaga-fasole-pitica","7":"desktop-align-left","8":"tablet-align-left","9":"mobile-align-left","11":"first","12":"instock","13":"taxable","14":"shipping-taxable","15":"purchasable","16":"product-type-simple"},"_links":{"self":[{"href":"https:\/\/vivasem.ro\/index.php?rest_route=\/wp\/v2\/product\/18103","targetHints":{"allow":["GET"]}}],"collection":[{"href":"https:\/\/vivasem.ro\/index.php?rest_route=\/wp\/v2\/product"}],"about":[{"href":"https:\/\/vivasem.ro\/index.php?rest_route=\/wp\/v2\/types\/product"}],"replies":[{"embeddable":true,"href":"https:\/\/vivasem.ro\/index.php?rest_route=%2Fwp%2Fv2%2Fcomments&post=18103"}],"wp:featuredmedia":[{"embeddable":true,"href":"https:\/\/vivasem.ro\/index.php?rest_route=\/wp\/v2\/media\/11174"}],"wp:attachment":[{"href":"https:\/\/vivasem.ro\/index.php?rest_route=%2Fwp%2Fv2%2Fmedia&parent=18103"}],"wp:term":[{"taxonomy":"product_brand","embeddable":true,"href":"https:\/\/vivasem.ro\/index.php?rest_route=%2Fwp%2Fv2%2Fproduct_brand&post=18103"},{"taxonomy":"product_cat","embeddable":true,"href":"https:\/\/vivasem.ro\/index.php?rest_route=%2Fwp%2Fv2%2Fproduct_cat&post=18103"},{"taxonomy":"product_tag","embeddable":true,"href":"https:\/\/vivasem.ro\/index.php?rest_route=%2Fwp%2Fv2%2Fproduct_tag&post=18103"}],"curies":[{"name":"wp","href":"https:\/\/api.w.org\/{rel}","templated":true}]}}