{"id":18094,"date":"2025-12-15T11:09:29","date_gmt":"2025-12-15T09:09:29","guid":{"rendered":"https:\/\/vivasem.ro\/?post_type=product&#038;p=18094"},"modified":"2026-01-01T16:52:23","modified_gmt":"2026-01-01T14:52:23","slug":"visul-roz-rozov-blyan-pink-dreamgigant-30s","status":"publish","type":"product","link":"https:\/\/vivasem.ro\/?product=visul-roz-rozov-blyan-pink-dreamgigant-30s","title":{"rendered":"VISUL ROZ \/ROZOV BLYAN (GIGANT) 30S (G. 80-95%)"},"content":{"rendered":"<h6><span style=\"color: #ff0000;\">VISUL ROZ\/ROZOV BLYAN\/PINK DREAM,<\/span><\/h6>\n<h6><span class=\"post-meta-key\">Produc\u0103tor semin\u021be:FLORIAN -Bulgaria<\/span>,\u00a0 \u00a0 \u00a0 <img loading=\"lazy\" decoding=\"async\" class=\"alignnone wp-image-15306 size-thumbnail\" src=\"https:\/\/vivasem.ro\/wp-content\/uploads\/2024\/12\/FLORIAN-PATRAT-e1765789937546-150x81.jpg\" alt=\"\" width=\"150\" height=\"81\" srcset=\"https:\/\/vivasem.ro\/wp-content\/uploads\/2024\/12\/FLORIAN-PATRAT-e1765789937546-150x81.jpg 150w, https:\/\/vivasem.ro\/wp-content\/uploads\/2024\/12\/FLORIAN-PATRAT-e1765789937546-248x134.jpg 248w, https:\/\/vivasem.ro\/wp-content\/uploads\/2024\/12\/FLORIAN-PATRAT-e1765789937546-590x320.jpg 590w, https:\/\/vivasem.ro\/wp-content\/uploads\/2024\/12\/FLORIAN-PATRAT-e1765789937546-300x163.jpg 300w, https:\/\/vivasem.ro\/wp-content\/uploads\/2024\/12\/FLORIAN-PATRAT-e1765789937546.jpg 699w\" sizes=\"auto, (max-width: 150px) 100vw, 150px\" \/><\/h6>\n<p><span style=\"color: #333399;\"><strong>Semin\u021bele sunt ambalate \u00een plicuri de polietilen\u0103 cu ziplock,resigilabile, etichetate .<\/strong><\/span><\/p>\n<h6><span style=\"color: #000000;\">Lot cu germina\u021bie de 80-95%.<\/span><\/h6>\n<div class=\"ast-oembed-container \" style=\"height: 100%;\"><iframe loading=\"lazy\" title=\"Tomate  uria\u0219e  din bel\u0219ug pe v\u00e2rfurile lujerilor\" width=\"500\" height=\"281\" src=\"https:\/\/www.youtube.com\/embed\/y_KahOH12iw?start=25&#038;feature=oembed\" frameborder=\"0\" allow=\"accelerometer; autoplay; clipboard-write; encrypted-media; gyroscope; picture-in-picture; web-share\" referrerpolicy=\"strict-origin-when-cross-origin\" allowfullscreen><\/iframe><\/div>\n<p>&nbsp;<\/p>\n<h6><span style=\"color: #333399;\">SOI DE TIP GIGANT, BULG\u0102RESC, CARE, \u00ceN AFAR\u0102 DE\u00a0 FRUCTE\u00a0 MARI \u0218I FOARTE MARI , DE CULOARE PURPURIE, AU \u0218I UN GUST DE EXCEP\u021aIE, DE RO\u0218IE CLASIC\u0102, PERFECT ECHILIBRAT DULCE-ACID, \u0218I CU AROM\u0102 FOARTE INTENS\u0102 , UNII SPECIALI\u0218TI \u00ceL CONSIDER\u0102 CEA \/PINK DREAMMAI GUSTOAS\u0102 TOMAT\u0102 BULG\u0102REASC\u0102.<\/span><\/h6>\n<h6>GREUTATEA MEDIE ESTE DE 250-300 grame, DAR <span style=\"color: #0000ff;\">UNELE DEVIN URIA\u0218E \u0218I POT DEP\u0102\u0218II 500-600 grame P\u00c2N\u0102 SPRE 1 KG..<\/span><\/h6>\n<h6><span style=\"color: #0000ff;\">FRUCTELE SUNT COMPACTE, NETEDE, C\u0102RNOASE,<\/span> DURITATE MEDIE SI NU CRAP\u0102.<\/h6>\n<h6>PLANTELE SUNT NEDETERMINATE\u00a0 , SEMITIMPURII, REZISTENTE LA MOZAICUL TUTUNULUI, OFILIRE VERTICILIAN\u0102, FUZARIOZ\u0102.<\/h6>\n","protected":false},"excerpt":{"rendered":"<h6><span style=\"color: #0000ff;\">30 SEMIN\u021aE<\/span><\/h6>\n<h6><span style=\"color: #003366;\">VEZI VIDEOCLIP !<\/span><\/h6>\n<h6><span style=\"color: #ff00ff;\">CONSIDERAT CEL MAI GUSTOS SOI BULG\u0102RESC! <\/span><\/h6>\n<h6><span style=\"color: #ff00ff;\">FRUCTE GIGANT !<\/span><\/h6>\n","protected":false},"featured_media":1832,"comment_status":"open","ping_status":"closed","template":"","meta":{"site-sidebar-layout":"default","site-content-layout":"default","ast-site-content-layout":"default","site-content-style":"default","site-sidebar-style":"default","ast-global-header-display":"","ast-banner-title-visibility":"","ast-main-header-display":"","ast-hfb-above-header-display":"","ast-hfb-below-header-display":"","ast-hfb-mobile-header-display":"","site-post-title":"","ast-breadcrumbs-content":"","ast-featured-img":"","footer-sml-layout":"","ast-disable-related-posts":"","theme-transparent-header-meta":"default","adv-header-id-meta":"","stick-header-meta":"","header-above-stick-meta":"","header-main-stick-meta":"","header-below-stick-meta":"","astra-migrate-meta-layouts":"set","ast-page-background-enabled":"default","ast-page-background-meta":{"desktop":{"background-color":"var(--ast-global-color-4)","background-image":"","background-repeat":"repeat","background-position":"center center","background-size":"auto","background-attachment":"scroll","background-type":"","background-media":"","overlay-type":"","overlay-color":"","overlay-opacity":"","overlay-gradient":""},"tablet":{"background-color":"","background-image":"","background-repeat":"repeat","background-position":"center center","background-size":"auto","background-attachment":"scroll","background-type":"","background-media":"","overlay-type":"","overlay-color":"","overlay-opacity":"","overlay-gradient":""},"mobile":{"background-color":"","background-image":"","background-repeat":"repeat","background-position":"center center","background-size":"auto","background-attachment":"scroll","background-type":"","background-media":"","overlay-type":"","overlay-color":"","overlay-opacity":"","overlay-gradient":""}},"ast-content-background-meta":{"desktop":{"background-color":"var(--ast-global-color-5)","background-image":"","background-repeat":"repeat","background-position":"center center","background-size":"auto","background-attachment":"scroll","background-type":"","background-media":"","overlay-type":"","overlay-color":"","overlay-opacity":"","overlay-gradient":""},"tablet":{"background-color":"var(--ast-global-color-5)","background-image":"","background-repeat":"repeat","background-position":"center center","background-size":"auto","background-attachment":"scroll","background-type":"","background-media":"","overlay-type":"","overlay-color":"","overlay-opacity":"","overlay-gradient":""},"mobile":{"background-color":"var(--ast-global-color-5)","background-image":"","background-repeat":"repeat","background-position":"center center","background-size":"auto","background-attachment":"scroll","background-type":"","background-media":"","overlay-type":"","overlay-color":"","overlay-opacity":"","overlay-gradient":""}}},"product_brand":[],"product_cat":[141,142,187,15],"product_tag":[],"class_list":{"0":"post-18094","1":"product","2":"type-product","3":"status-publish","4":"has-post-thumbnail","6":"product_cat-soi-gigant-urias","7":"product_cat-soiuri-rosii-roz","8":"product_cat-soiuri-florian-opal-bulgaria","9":"product_cat-tomate-soi","10":"desktop-align-left","11":"tablet-align-left","12":"mobile-align-left","14":"first","15":"instock","16":"sale","17":"taxable","18":"shipping-taxable","19":"purchasable","20":"product-type-simple"},"_links":{"self":[{"href":"https:\/\/vivasem.ro\/index.php?rest_route=\/wp\/v2\/product\/18094","targetHints":{"allow":["GET"]}}],"collection":[{"href":"https:\/\/vivasem.ro\/index.php?rest_route=\/wp\/v2\/product"}],"about":[{"href":"https:\/\/vivasem.ro\/index.php?rest_route=\/wp\/v2\/types\/product"}],"replies":[{"embeddable":true,"href":"https:\/\/vivasem.ro\/index.php?rest_route=%2Fwp%2Fv2%2Fcomments&post=18094"}],"wp:featuredmedia":[{"embeddable":true,"href":"https:\/\/vivasem.ro\/index.php?rest_route=\/wp\/v2\/media\/1832"}],"wp:attachment":[{"href":"https:\/\/vivasem.ro\/index.php?rest_route=%2Fwp%2Fv2%2Fmedia&parent=18094"}],"wp:term":[{"taxonomy":"product_brand","embeddable":true,"href":"https:\/\/vivasem.ro\/index.php?rest_route=%2Fwp%2Fv2%2Fproduct_brand&post=18094"},{"taxonomy":"product_cat","embeddable":true,"href":"https:\/\/vivasem.ro\/index.php?rest_route=%2Fwp%2Fv2%2Fproduct_cat&post=18094"},{"taxonomy":"product_tag","embeddable":true,"href":"https:\/\/vivasem.ro\/index.php?rest_route=%2Fwp%2Fv2%2Fproduct_tag&post=18094"}],"curies":[{"name":"wp","href":"https:\/\/api.w.org\/{rel}","templated":true}]}}