{"id":18063,"date":"2025-12-14T09:45:18","date_gmt":"2025-12-14T07:45:18","guid":{"rendered":"https:\/\/vivasem.ro\/?post_type=product&#038;p=18063"},"modified":"2025-12-14T10:42:41","modified_gmt":"2025-12-14T08:42:41","slug":"romanian-giant-ovis-gigante-romanesti-ovi","status":"publish","type":"product","link":"https:\/\/vivasem.ro\/?product=romanian-giant-ovis-gigante-romanesti-ovi","title":{"rendered":"ROMANIAN GIANT Ovi\u2019s \/GIGANTE ROM\u00c2NESTI OVI"},"content":{"rendered":"<h6><span style=\"color: #ff0000;\">ROMANIAN GIANT OVI\u2019S\/GIGANTE ROM\u00c2NESTI OVI ,<\/span><\/h6>\n<div class=\"ast-oembed-container \" style=\"height: 100%;\"><iframe loading=\"lazy\" title=\"Ovi&#039;s Romanian Giant\" width=\"500\" height=\"281\" src=\"https:\/\/www.youtube.com\/embed\/jzAD-bl8ato?feature=oembed\" frameborder=\"0\" allow=\"accelerometer; autoplay; clipboard-write; encrypted-media; gyroscope; picture-in-picture; web-share\" referrerpolicy=\"strict-origin-when-cross-origin\" allowfullscreen><\/iframe><\/div>\n<h6><span style=\"color: #000080;\"><strong>\u00a0SOI\u00a0 DE GR\u0102DIN\u0102, TRADI\u021aIONAL, ROM\u00c2NENESC, DIN ZONA\u00a0 IA\u0218ULUI , CUNOSCUT \u0218I\u00a0 INTERNA\u021aIONAL\u00a0 SUB NUMELE Ovi\u2019s Romanian Giant, adic\u0103 Marea ro\u0219ie a lui Ovidiu.<\/strong><\/span><\/h6>\n<h6><span style=\"color: #000080;\"><strong>ESTE MULT CULTIVAT \u00ceN ANGLIA, MULTE \u021a\u0102RI EUROPENE, RUSIA , UCRAINA \u0218I SUA .<\/strong><\/span><\/h6>\n<h6><span style=\"color: #ff0000;\"><strong>SOI DELICIOS, CU FRUCTE\u00a0 MARI, \u00ceN MEDIE DE 200-300 grame, CE TREC FRECVENT DE ACEST BAREM \u0218I POT AJUNGJE \u0218I PESTE 1 KILOGRAM.<\/strong><\/span><\/h6>\n<h6><span style=\"color: #000080;\"><strong>FRUCTELE SUNT FOARTE AROMATE, CU GUSTUL RO\u0218IILOR VECHI,\u00a0 DULCI \u0218I POTRIVIT ACIDE<\/strong>, SUCULENTE,\u00a0 F\u0102R\u0102 GOLURI INTERIOARE, DE CULOARE RO\u0218U -INTENS, CU PULPA C\u0102RNOAS\u0102 , TIP BEEFSTEAK, CU MIEZ CENTRAL MARE. <\/span><\/h6>\n<h6><span style=\"color: #000080;\">Au forma clasic\u0103,turtit\u0103 ,ondulat\u0103 in zona umerilor.\u00a0<\/span><\/h6>\n<h6><span style=\"color: #000080;\">PLANTELE\u00a0 SUNT NEDETERMINATE, VIGUROASE, SUNT REZISTENTE LA BOLI \u0218I VARIA\u021aII TERMICE, CE DAU PRODUC\u021aII FOARTE BUNE \u00ceN GR\u0102DIN\u0102 \u0218I \u00ceN SOLAR, SEMITIMPURII.<\/span><\/h6>\n<h6><span style=\"color: #000080;\">\u00a0ACEST SOI ROM\u00c2NESC, LA NOI, LA BRA\u0218OV, A EVOLUAT FOARTE BINE \u0218I \u00ceN GR\u0102DIN\u0102, \u0218I<\/span><span style=\"color: #000080;\">\u00a0<\/span><span style=\"color: #000080;\">\u00a0\u00ceN SOLAR.<\/span><\/h6>\n<p>&nbsp;<\/p>\n","protected":false},"excerpt":{"rendered":"<h6><span style=\"color: #0000ff;\">30 SEMIN\u021aE<\/span><\/h6>\n<p><img loading=\"lazy\" decoding=\"async\" class=\"alignnone size-medium wp-image-7098\" src=\"https:\/\/vivasem.ro\/wp-content\/uploads\/2021\/11\/RO-1-300x107.jpg\" alt=\"\" width=\"300\" height=\"107\" \/><img loading=\"lazy\" decoding=\"async\" class=\"alignnone wp-image-8306 size-full\" src=\"https:\/\/vivasem.ro\/wp-content\/uploads\/2021\/11\/RECOMAND-e1762844609348.jpg\" alt=\"\" width=\"87\" height=\"84\" \/><\/p>\n<h6><span style=\"color: #ff00ff;\">FOARTE PRODUCTIV, GUST EXCEP\u021aIONAL !<\/span><\/h6>\n<h6><span style=\"color: #ff00ff;\">VEZI VIDEO!<\/span><\/h6>\n","protected":false},"featured_media":18065,"comment_status":"open","ping_status":"closed","template":"","meta":{"site-sidebar-layout":"default","site-content-layout":"default","ast-site-content-layout":"default","site-content-style":"default","site-sidebar-style":"default","ast-global-header-display":"","ast-banner-title-visibility":"","ast-main-header-display":"","ast-hfb-above-header-display":"","ast-hfb-below-header-display":"","ast-hfb-mobile-header-display":"","site-post-title":"","ast-breadcrumbs-content":"","ast-featured-img":"","footer-sml-layout":"","ast-disable-related-posts":"","theme-transparent-header-meta":"default","adv-header-id-meta":"","stick-header-meta":"","header-above-stick-meta":"","header-main-stick-meta":"","header-below-stick-meta":"","astra-migrate-meta-layouts":"set","ast-page-background-enabled":"default","ast-page-background-meta":{"desktop":{"background-color":"var(--ast-global-color-4)","background-image":"","background-repeat":"repeat","background-position":"center center","background-size":"auto","background-attachment":"scroll","background-type":"","background-media":"","overlay-type":"","overlay-color":"","overlay-opacity":"","overlay-gradient":""},"tablet":{"background-color":"","background-image":"","background-repeat":"repeat","background-position":"center center","background-size":"auto","background-attachment":"scroll","background-type":"","background-media":"","overlay-type":"","overlay-color":"","overlay-opacity":"","overlay-gradient":""},"mobile":{"background-color":"","background-image":"","background-repeat":"repeat","background-position":"center center","background-size":"auto","background-attachment":"scroll","background-type":"","background-media":"","overlay-type":"","overlay-color":"","overlay-opacity":"","overlay-gradient":""}},"ast-content-background-meta":{"desktop":{"background-color":"var(--ast-global-color-5)","background-image":"","background-repeat":"repeat","background-position":"center center","background-size":"auto","background-attachment":"scroll","background-type":"","background-media":"","overlay-type":"","overlay-color":"","overlay-opacity":"","overlay-gradient":""},"tablet":{"background-color":"var(--ast-global-color-5)","background-image":"","background-repeat":"repeat","background-position":"center center","background-size":"auto","background-attachment":"scroll","background-type":"","background-media":"","overlay-type":"","overlay-color":"","overlay-opacity":"","overlay-gradient":""},"mobile":{"background-color":"var(--ast-global-color-5)","background-image":"","background-repeat":"repeat","background-position":"center center","background-size":"auto","background-attachment":"scroll","background-type":"","background-media":"","overlay-type":"","overlay-color":"","overlay-opacity":"","overlay-gradient":""}}},"product_brand":[],"product_cat":[141,140,142,15],"product_tag":[],"class_list":{"0":"post-18063","1":"product","2":"type-product","3":"status-publish","4":"has-post-thumbnail","6":"product_cat-soi-gigant-urias","7":"product_cat-soiuri-romanesti","8":"product_cat-soiuri-rosii-roz","9":"product_cat-tomate-soi","10":"desktop-align-left","11":"tablet-align-left","12":"mobile-align-left","14":"first","15":"instock","16":"sale","17":"taxable","18":"shipping-taxable","19":"purchasable","20":"product-type-simple"},"_links":{"self":[{"href":"https:\/\/vivasem.ro\/index.php?rest_route=\/wp\/v2\/product\/18063","targetHints":{"allow":["GET"]}}],"collection":[{"href":"https:\/\/vivasem.ro\/index.php?rest_route=\/wp\/v2\/product"}],"about":[{"href":"https:\/\/vivasem.ro\/index.php?rest_route=\/wp\/v2\/types\/product"}],"replies":[{"embeddable":true,"href":"https:\/\/vivasem.ro\/index.php?rest_route=%2Fwp%2Fv2%2Fcomments&post=18063"}],"wp:featuredmedia":[{"embeddable":true,"href":"https:\/\/vivasem.ro\/index.php?rest_route=\/wp\/v2\/media\/18065"}],"wp:attachment":[{"href":"https:\/\/vivasem.ro\/index.php?rest_route=%2Fwp%2Fv2%2Fmedia&parent=18063"}],"wp:term":[{"taxonomy":"product_brand","embeddable":true,"href":"https:\/\/vivasem.ro\/index.php?rest_route=%2Fwp%2Fv2%2Fproduct_brand&post=18063"},{"taxonomy":"product_cat","embeddable":true,"href":"https:\/\/vivasem.ro\/index.php?rest_route=%2Fwp%2Fv2%2Fproduct_cat&post=18063"},{"taxonomy":"product_tag","embeddable":true,"href":"https:\/\/vivasem.ro\/index.php?rest_route=%2Fwp%2Fv2%2Fproduct_tag&post=18063"}],"curies":[{"name":"wp","href":"https:\/\/api.w.org\/{rel}","templated":true}]}}