{"id":17808,"date":"2025-12-03T09:58:53","date_gmt":"2025-12-03T07:58:53","guid":{"rendered":"https:\/\/vivasem.ro\/?post_type=product&#038;p=17808"},"modified":"2026-02-03T13:38:23","modified_gmt":"2026-02-03T11:38:23","slug":"griphon-f1-nunhems-basf","status":"publish","type":"product","link":"https:\/\/vivasem.ro\/?product=griphon-f1-nunhems-basf","title":{"rendered":"GRYPHON F1 (NUNHEMS-BASF)"},"content":{"rendered":"<h6><span style=\"color: #ff0000;\"><strong><u>GRYPHON F1 &#8211;<a href=\"https:\/\/vivasem.ro\/wp-content\/uploads\/2023\/11\/BASF-original.jpg\"><img loading=\"lazy\" decoding=\"async\" class=\"alignnone wp-image-11274\" src=\"https:\/\/vivasem.ro\/wp-content\/uploads\/2023\/11\/BASF-original.jpg\" alt=\"\" width=\"293\" height=\"55\" srcset=\"https:\/\/vivasem.ro\/wp-content\/uploads\/2023\/11\/BASF-original.jpg 671w, https:\/\/vivasem.ro\/wp-content\/uploads\/2023\/11\/BASF-original-248x47.jpg 248w, https:\/\/vivasem.ro\/wp-content\/uploads\/2023\/11\/BASF-original-590x111.jpg 590w, https:\/\/vivasem.ro\/wp-content\/uploads\/2023\/11\/BASF-300x56.jpg 300w\" sizes=\"auto, (max-width: 293px) 100vw, 293px\" \/><\/a><\/u><\/strong><\/span><\/h6>\n<h6><span style=\"color: #ff0000;\"><strong><u>Produc\u0103tor semin\u021be :BASF-NUNHEMS,<\/u><\/strong><\/span><\/h6>\n<div class=\"ast-oembed-container \" style=\"height: 100%;\"><iframe loading=\"lazy\" title=\"Gryphon F1 - pink indeterminate tomato Nunhems, BASF VS\" width=\"500\" height=\"281\" src=\"https:\/\/www.youtube.com\/embed\/Ot3_Ytwjfvc?start=56&#038;feature=oembed\" frameborder=\"0\" allow=\"accelerometer; autoplay; clipboard-write; encrypted-media; gyroscope; picture-in-picture; web-share\" referrerpolicy=\"strict-origin-when-cross-origin\" allowfullscreen><\/iframe><\/div>\n<div class=\"ast-oembed-container \" style=\"height: 100%;\"><iframe loading=\"lazy\" title=\"\u0413\u0440\u0438\u0444\u043e\u043d F1 \/ Gryphon F1,50-55 \u0434\u043d\u0435\u0439 - \u0422\u043e\u043c\u0430\u0442, Nunhems\" width=\"422\" height=\"750\" src=\"https:\/\/www.youtube.com\/embed\/H1wGVx71Ipw?feature=oembed\" frameborder=\"0\" allow=\"accelerometer; autoplay; clipboard-write; encrypted-media; gyroscope; picture-in-picture; web-share\" referrerpolicy=\"strict-origin-when-cross-origin\" allowfullscreen><\/iframe><\/div>\n<h6><span style=\"color: #333399;\">GRYPHON F1 , este un hibrid timpuriu de tomate roz, cu cre\u0219tere nedeterminat\u0103, de la BASF-Nunhems, cu fructe mari ce c\u00e2ntaresc \u00een medie 200-250 grame.<\/span><\/h6>\n<h6><span style=\"color: #ff0000;\">Acestea sunt foarte gustoase,<span dir=\"auto\"> suculente, prezint\u0103 o arom\u0103 excelent\u0103, <\/span>au un raport echilibrat dulce-acid <span dir=\"auto\">\u0219i au pulpa c\u0103rnoas\u0103, dens\u0103. <\/span><\/span><\/h6>\n<h6><span style=\"color: #333399;\">Nu au guler verde, sunt uniforme ca marime,\u00a0 de form\u0103 clasic\u0103, rotunjit\u0103, u\u0219or turtit\u0103,\u00a0<\/span><\/h6>\n<h6><span style=\"color: #333399;\">Plantele sunt viguroase, deschise, bine ventilate, generative, cu foliaj bogat ce protejeaz\u0103 bine fructele de arsurile solare, internodiile sunt scurte.<\/span><\/h6>\n<h6><span style=\"color: #ff0000;\"><span dir=\"auto\">Aceast\u0103 plant\u0103 nepreten\u021bioas\u0103 se adapteaz\u0103 <\/span>la toate zonele de cultivare <span dir=\"auto\">\u0219i toate tipurile de sol.<\/span><\/span><\/h6>\n<h6><span style=\"color: #ff0000;\"><span dir=\"auto\">Este pu\u021bin sensibil\u0103 la condi\u021biile de cultivare, \u0219i l<\/span>eag\u0103 foarte bine chiar \u0219i in conditii nefavorabile de c\u0103ldur\u0103 excesiv\u0103.<\/span><\/h6>\n<h6><span dir=\"auto\" style=\"color: #333399;\">Perioada de la plantarea r\u0103sadurilor p\u00e2n\u0103 la formarea fructelor mature este \u00een medie de 60 p\u00e2n\u0103 la 65 de zile.<\/span><\/h6>\n<h6><span style=\"color: #333399;\">Are o\u00a0<\/span><span style=\"color: #333399;\">rezisten\u021b\u0103 <\/span><span style=\"color: #333399;\">foarte mare la cr\u0103pare \u0219i rezisten\u021b\u0103 la pastrare .<\/span><\/h6>\n<h6><span style=\"color: #333399;\">Prezinta rezisten\u021b\u0103 ridicat\u0103 la urm\u0103toarele boli:<\/span><\/h6>\n<h6><span style=\"color: #333399;\">Verticillium(Va,Vd)<\/span><\/h6>\n<h6><span style=\"color: #333399;\">Fusarium (Fol:0,1)<\/span><\/h6>\n<h6><span style=\"color: #333399;\">Virusul mozaic al tutunului (ToMV)<\/span><\/h6>\n<h6><span style=\"color: #333399;\">Rezistenta medie la Nematozi (Ma,Mi,Mj)<\/span><\/h6>\n<h6><span style=\"color: #333399;\">\u00a0<strong>Ff-5 (Cladosporium fulvum)-Patarea cafenie<\/strong><\/span><\/h6>\n<h6><\/h6>\n<h6><span style=\"color: #000080;\"><span dir=\"auto\">\u00a0 <\/span><\/span><\/h6>\n","protected":false},"excerpt":{"rendered":"<h6><span style=\"color: #0000ff;\">HIBRID FOARTE GUSTOS \u0218I PRODUCTIV!<img loading=\"lazy\" decoding=\"async\" class=\"alignnone wp-image-15077\" src=\"https:\/\/vivasem.ro\/wp-content\/uploads\/2023\/12\/SUPEROFERTA-11-Copy-300x153.jpg\" alt=\"\" width=\"218\" height=\"111\" srcset=\"https:\/\/vivasem.ro\/wp-content\/uploads\/2023\/12\/SUPEROFERTA-11-Copy-300x153.jpg 300w, https:\/\/vivasem.ro\/wp-content\/uploads\/2023\/12\/SUPEROFERTA-11-Copy-248x126.jpg 248w, https:\/\/vivasem.ro\/wp-content\/uploads\/2023\/12\/SUPEROFERTA-11-Copy-590x301.jpg 590w, https:\/\/vivasem.ro\/wp-content\/uploads\/2023\/12\/SUPEROFERTA-11-Copy-150x77.jpg 150w, https:\/\/vivasem.ro\/wp-content\/uploads\/2023\/12\/SUPEROFERTA-11-Copy.jpg 700w\" sizes=\"auto, (max-width: 218px) 100vw, 218px\" \/><\/span><\/h6>\n<h6><span style=\"color: #ff0000;\">Vezi video !<\/span><\/h6>\n","protected":false},"featured_media":17821,"comment_status":"open","ping_status":"closed","template":"","meta":{"site-sidebar-layout":"default","site-content-layout":"default","ast-site-content-layout":"default","site-content-style":"default","site-sidebar-style":"default","ast-global-header-display":"","ast-banner-title-visibility":"","ast-main-header-display":"","ast-hfb-above-header-display":"","ast-hfb-below-header-display":"","ast-hfb-mobile-header-display":"","site-post-title":"","ast-breadcrumbs-content":"","ast-featured-img":"","footer-sml-layout":"","ast-disable-related-posts":"","theme-transparent-header-meta":"default","adv-header-id-meta":"","stick-header-meta":"","header-above-stick-meta":"","header-main-stick-meta":"","header-below-stick-meta":"","astra-migrate-meta-layouts":"set","ast-page-background-enabled":"default","ast-page-background-meta":{"desktop":{"background-color":"var(--ast-global-color-4)","background-image":"","background-repeat":"repeat","background-position":"center center","background-size":"auto","background-attachment":"scroll","background-type":"","background-media":"","overlay-type":"","overlay-color":"","overlay-opacity":"","overlay-gradient":""},"tablet":{"background-color":"","background-image":"","background-repeat":"repeat","background-position":"center center","background-size":"auto","background-attachment":"scroll","background-type":"","background-media":"","overlay-type":"","overlay-color":"","overlay-opacity":"","overlay-gradient":""},"mobile":{"background-color":"","background-image":"","background-repeat":"repeat","background-position":"center center","background-size":"auto","background-attachment":"scroll","background-type":"","background-media":"","overlay-type":"","overlay-color":"","overlay-opacity":"","overlay-gradient":""}},"ast-content-background-meta":{"desktop":{"background-color":"var(--ast-global-color-5)","background-image":"","background-repeat":"repeat","background-position":"center center","background-size":"auto","background-attachment":"scroll","background-type":"","background-media":"","overlay-type":"","overlay-color":"","overlay-opacity":"","overlay-gradient":""},"tablet":{"background-color":"var(--ast-global-color-5)","background-image":"","background-repeat":"repeat","background-position":"center center","background-size":"auto","background-attachment":"scroll","background-type":"","background-media":"","overlay-type":"","overlay-color":"","overlay-opacity":"","overlay-gradient":""},"mobile":{"background-color":"var(--ast-global-color-5)","background-image":"","background-repeat":"repeat","background-position":"center center","background-size":"auto","background-attachment":"scroll","background-type":"","background-media":"","overlay-type":"","overlay-color":"","overlay-opacity":"","overlay-gradient":""}}},"product_brand":[],"product_cat":[110],"product_tag":[],"class_list":{"0":"post-17808","1":"product","2":"type-product","3":"status-publish","4":"has-post-thumbnail","6":"product_cat-tomate-hibrid","7":"pa_cantitate-10-seminte","8":"pa_cantitate-100-seminte","9":"pa_cantitate-200-seminte","10":"pa_cantitate-25-seminte","11":"pa_cantitate-250-seminte","12":"pa_cantitate-5-seminte","13":"pa_cantitate-50-seminte","14":"pa_cantitate-500-seminte","15":"desktop-align-left","16":"tablet-align-left","17":"mobile-align-left","19":"first","20":"instock","21":"sale","22":"taxable","23":"shipping-taxable","24":"purchasable","25":"product-type-variable"},"_links":{"self":[{"href":"https:\/\/vivasem.ro\/index.php?rest_route=\/wp\/v2\/product\/17808","targetHints":{"allow":["GET"]}}],"collection":[{"href":"https:\/\/vivasem.ro\/index.php?rest_route=\/wp\/v2\/product"}],"about":[{"href":"https:\/\/vivasem.ro\/index.php?rest_route=\/wp\/v2\/types\/product"}],"replies":[{"embeddable":true,"href":"https:\/\/vivasem.ro\/index.php?rest_route=%2Fwp%2Fv2%2Fcomments&post=17808"}],"wp:featuredmedia":[{"embeddable":true,"href":"https:\/\/vivasem.ro\/index.php?rest_route=\/wp\/v2\/media\/17821"}],"wp:attachment":[{"href":"https:\/\/vivasem.ro\/index.php?rest_route=%2Fwp%2Fv2%2Fmedia&parent=17808"}],"wp:term":[{"taxonomy":"product_brand","embeddable":true,"href":"https:\/\/vivasem.ro\/index.php?rest_route=%2Fwp%2Fv2%2Fproduct_brand&post=17808"},{"taxonomy":"product_cat","embeddable":true,"href":"https:\/\/vivasem.ro\/index.php?rest_route=%2Fwp%2Fv2%2Fproduct_cat&post=17808"},{"taxonomy":"product_tag","embeddable":true,"href":"https:\/\/vivasem.ro\/index.php?rest_route=%2Fwp%2Fv2%2Fproduct_tag&post=17808"}],"curies":[{"name":"wp","href":"https:\/\/api.w.org\/{rel}","templated":true}]}}