{"id":17793,"date":"2025-12-03T09:09:45","date_gmt":"2025-12-03T07:09:45","guid":{"rendered":"https:\/\/vivasem.ro\/?post_type=product&#038;p=17793"},"modified":"2025-12-05T14:11:47","modified_gmt":"2025-12-05T12:11:47","slug":"castraveti-pickscore-f1-nunhems-basf","status":"publish","type":"product","link":"https:\/\/vivasem.ro\/?product=castraveti-pickscore-f1-nunhems-basf","title":{"rendered":"CASTRAVETI PICKSCORE F1 (NUNHEMS-BASF)"},"content":{"rendered":"<h6><span style=\"color: #ff0000;\"><strong><u>CASTRAVE\u021aI PICKSCORE F1 &#8211;<a href=\"https:\/\/vivasem.ro\/wp-content\/uploads\/2023\/11\/BASF-original.jpg\"><img loading=\"lazy\" decoding=\"async\" class=\"alignnone wp-image-11274\" src=\"https:\/\/vivasem.ro\/wp-content\/uploads\/2023\/11\/BASF-original.jpg\" alt=\"\" width=\"293\" height=\"55\" srcset=\"https:\/\/vivasem.ro\/wp-content\/uploads\/2023\/11\/BASF-original.jpg 671w, https:\/\/vivasem.ro\/wp-content\/uploads\/2023\/11\/BASF-original-248x47.jpg 248w, https:\/\/vivasem.ro\/wp-content\/uploads\/2023\/11\/BASF-original-590x111.jpg 590w, https:\/\/vivasem.ro\/wp-content\/uploads\/2023\/11\/BASF-300x56.jpg 300w\" sizes=\"auto, (max-width: 293px) 100vw, 293px\" \/><\/a><\/u><\/strong><\/span><\/h6>\n<h6><span style=\"color: #ff0000;\"><strong><u>Produc\u0103tor semin\u021be :BASF-NUNHEMS,<\/u><\/strong><\/span><\/h6>\n<p>https:\/\/www.facebook.com\/watch\/?v=1392160541840376<\/p>\n<div class=\"ast-oembed-container \" style=\"height: 100%;\"><iframe loading=\"lazy\" title=\"\u041f\u0406\u041a\u0421\u041a\u041e\u0420 F1 \u2013 \u041f\u0420\u0410\u0426\u042e\u0404 \u041d\u0410\u0419\u0414\u041e\u0412\u0428\u0415\" width=\"500\" height=\"281\" src=\"https:\/\/www.youtube.com\/embed\/HerE4UyxAHk?feature=oembed\" frameborder=\"0\" allow=\"accelerometer; autoplay; clipboard-write; encrypted-media; gyroscope; picture-in-picture; web-share\" referrerpolicy=\"strict-origin-when-cross-origin\" allowfullscreen><\/iframe><\/div>\n<h6><span style=\"color: #000080;\">Pickscore F1 este un hibrid tip cornichon, semitimpuriu, de castravete partenocarpic, foarte rezistent la condi\u021bii nefavorabile, stres termic ,boli \u0219i d\u0103un\u0103tori.<\/span><\/h6>\n<h6><span style=\"color: #000080;\"> Este recomandat de <\/span><span style=\"color: #000080;\">a fi cultivat in spa\u021bii protejate (sere si solarii) , pe toate ciclurile de cultura,<\/span><span style=\"color: #000080;\"> dar mai ales pentru perioada de \u00eenceput de toamn\u0103, \u0219i toamn\u0103, datorit\u0103 rezisten\u021bei la frig \u0219i la luminozitate sc\u0103zut\u0103.\u00a0<\/span><\/h6>\n<h6><span style=\"color: #ff0000;\">Fructificarea este abundent\u0103, recoltarea se face e\u0219alonat, pe perioada lung\u0103.<\/span><\/h6>\n<h6><span style=\"color: #000080;\">Fructele sunt uniforme, cilindrice, de culoare verde \u00eenchis, cu \u021bepi.\u00a0<\/span><\/h6>\n<h6><span style=\"color: #000080;\">Prezinta o plant\u0103 \u00a0puternic\u0103, viguroas\u0103, generativ\u0103, rezistent\u0103 la condi\u021bii defavorabile, adaptat\u0103 at\u00e2t pentru cultivarea in solarii c\u00e2t \u0219i \u00een c\u00e2mp.<\/span><\/h6>\n<h6><span style=\"color: #000080;\">Este recomandat pentru consumul in stare proaspat\u0103 \u0219i conservare.<\/span><\/h6>\n<h6><span style=\"color: #ff0000;\">PICKSCORE F1,\u00a0 prezint\u0103 rezisten\u021be IR la :<\/span><\/h6>\n<h6><span style=\"color: #ff0000;\">-Cladosporium Cucumerinum (Cladosporioza) (Ccu), <\/span><\/h6>\n<h6><span style=\"color: #ff0000;\">-Cucumber green mottle mosaic virus (Virusul mozaicului marmorat verde al castravetilor)<i>\u00a0(<\/i>CGMMV)<\/span><\/h6>\n<h6><span style=\"color: #ff0000;\">-Cucumber Mosaic Virus (Virusul mozaicului castravetilor) (CMV), <\/span><\/h6>\n<h6><span style=\"color: #ff0000;\">-Cucurbits vein yellow virus (Virusul ingalbenirii castravetilor) (CVYV),<\/span><\/h6>\n<h6><span style=\"color: #ff0000;\">-Powdery mildew (Fainarea castravetilor) (PM)<\/span><\/h6>\n<p>&nbsp;<\/p>\n","protected":false},"excerpt":{"rendered":"<h6><span style=\"color: #0000ff;\">HIBRID FOARTE REZISTENT \u0218I PRODUCTIV!<\/span><\/h6>\n<h6><span style=\"color: #ff0000;\">Vezi video !<\/span><\/h6>\n","protected":false},"featured_media":17803,"comment_status":"open","ping_status":"closed","template":"","meta":{"site-sidebar-layout":"default","site-content-layout":"default","ast-site-content-layout":"default","site-content-style":"default","site-sidebar-style":"default","ast-global-header-display":"","ast-banner-title-visibility":"","ast-main-header-display":"","ast-hfb-above-header-display":"","ast-hfb-below-header-display":"","ast-hfb-mobile-header-display":"","site-post-title":"","ast-breadcrumbs-content":"","ast-featured-img":"","footer-sml-layout":"","ast-disable-related-posts":"","theme-transparent-header-meta":"default","adv-header-id-meta":"","stick-header-meta":"","header-above-stick-meta":"","header-main-stick-meta":"","header-below-stick-meta":"","astra-migrate-meta-layouts":"set","ast-page-background-enabled":"default","ast-page-background-meta":{"desktop":{"background-color":"var(--ast-global-color-4)","background-image":"","background-repeat":"repeat","background-position":"center center","background-size":"auto","background-attachment":"scroll","background-type":"","background-media":"","overlay-type":"","overlay-color":"","overlay-opacity":"","overlay-gradient":""},"tablet":{"background-color":"","background-image":"","background-repeat":"repeat","background-position":"center center","background-size":"auto","background-attachment":"scroll","background-type":"","background-media":"","overlay-type":"","overlay-color":"","overlay-opacity":"","overlay-gradient":""},"mobile":{"background-color":"","background-image":"","background-repeat":"repeat","background-position":"center center","background-size":"auto","background-attachment":"scroll","background-type":"","background-media":"","overlay-type":"","overlay-color":"","overlay-opacity":"","overlay-gradient":""}},"ast-content-background-meta":{"desktop":{"background-color":"var(--ast-global-color-5)","background-image":"","background-repeat":"repeat","background-position":"center center","background-size":"auto","background-attachment":"scroll","background-type":"","background-media":"","overlay-type":"","overlay-color":"","overlay-opacity":"","overlay-gradient":""},"tablet":{"background-color":"var(--ast-global-color-5)","background-image":"","background-repeat":"repeat","background-position":"center center","background-size":"auto","background-attachment":"scroll","background-type":"","background-media":"","overlay-type":"","overlay-color":"","overlay-opacity":"","overlay-gradient":""},"mobile":{"background-color":"var(--ast-global-color-5)","background-image":"","background-repeat":"repeat","background-position":"center center","background-size":"auto","background-attachment":"scroll","background-type":"","background-media":"","overlay-type":"","overlay-color":"","overlay-opacity":"","overlay-gradient":""}}},"product_brand":[],"product_cat":[147,83],"product_tag":[],"class_list":{"0":"post-17793","1":"product","2":"type-product","3":"status-publish","4":"has-post-thumbnail","6":"product_cat-02-castraveti","7":"product_cat-castraveti-hibrid","8":"pa_cantitate-10-seminte","9":"pa_cantitate-100-seminte","10":"pa_cantitate-200-seminte","11":"pa_cantitate-25-seminte","12":"pa_cantitate-250-seminte","13":"pa_cantitate-5-seminte","14":"pa_cantitate-50-seminte","15":"pa_cantitate-500-seminte","16":"desktop-align-left","17":"tablet-align-left","18":"mobile-align-left","20":"first","21":"instock","22":"sale","23":"taxable","24":"shipping-taxable","25":"purchasable","26":"product-type-variable"},"_links":{"self":[{"href":"https:\/\/vivasem.ro\/index.php?rest_route=\/wp\/v2\/product\/17793","targetHints":{"allow":["GET"]}}],"collection":[{"href":"https:\/\/vivasem.ro\/index.php?rest_route=\/wp\/v2\/product"}],"about":[{"href":"https:\/\/vivasem.ro\/index.php?rest_route=\/wp\/v2\/types\/product"}],"replies":[{"embeddable":true,"href":"https:\/\/vivasem.ro\/index.php?rest_route=%2Fwp%2Fv2%2Fcomments&post=17793"}],"wp:featuredmedia":[{"embeddable":true,"href":"https:\/\/vivasem.ro\/index.php?rest_route=\/wp\/v2\/media\/17803"}],"wp:attachment":[{"href":"https:\/\/vivasem.ro\/index.php?rest_route=%2Fwp%2Fv2%2Fmedia&parent=17793"}],"wp:term":[{"taxonomy":"product_brand","embeddable":true,"href":"https:\/\/vivasem.ro\/index.php?rest_route=%2Fwp%2Fv2%2Fproduct_brand&post=17793"},{"taxonomy":"product_cat","embeddable":true,"href":"https:\/\/vivasem.ro\/index.php?rest_route=%2Fwp%2Fv2%2Fproduct_cat&post=17793"},{"taxonomy":"product_tag","embeddable":true,"href":"https:\/\/vivasem.ro\/index.php?rest_route=%2Fwp%2Fv2%2Fproduct_tag&post=17793"}],"curies":[{"name":"wp","href":"https:\/\/api.w.org\/{rel}","templated":true}]}}