{"id":17781,"date":"2025-12-01T15:39:25","date_gmt":"2025-12-01T13:39:25","guid":{"rendered":"https:\/\/vivasem.ro\/?post_type=product&#038;p=17781"},"modified":"2025-12-01T15:40:10","modified_gmt":"2025-12-01T13:40:10","slug":"black-prince-printul-negru-30sg-65-75","status":"publish","type":"product","link":"https:\/\/vivasem.ro\/?product=black-prince-printul-negru-30sg-65-75","title":{"rendered":"BLACK PRINCE \/PRINTUL NEGRU (30s)(G.65-75%)"},"content":{"rendered":"<h6><span style=\"color: #ff0000;\"><strong>BLACK PRINCE \/PRIN\u021aUL NEGRU,<\/strong><\/span><\/h6>\n<h6><strong>LOT CU GERMINA\u021aIE DE 65-75%<\/strong><\/h6>\n<h6><span style=\"color: #000080;\"><strong>SOI HEIRLOOM SIBERIAN, DE CULOARE MAHON \u00ceNCHIS , P\u00c2N\u0102 LA NEGRU, ADAPTAT S\u0102 CREASC\u0102 \u00ceN DIVERSE CONDI\u021aII CLIMATERICE DIFICILE, EXTRATIMPURIU<\/strong>, SE COACE \u00ceN 2 LUNI DE LA PLANTARE<strong>.<\/strong><\/span><\/h6>\n<h6><span style=\"color: #ff0000;\">FORMEAZ\u0102 CIORCHINI DE FRUCTE CU GUST DELICIOS ,DULCE,\u0218I AROM\u0102 EXCELENT\u0102, SPECIFIC\u0102 SOIURILOR NEGRE.<\/span><\/h6>\n<h6><span style=\"color: #ff0000;\">GREUTATEA MEDIE ESTE DE 100-200 grame \u0218I POT AJUNGE \u0218I LA 400 grame.<\/span><\/h6>\n<h6><span style=\"color: #000080;\">PLANTELE SUNT NEDETERMINATE, VIGUROASE , PRODUCTIVE \u00a0\u0218I NECESIT\u0102 SUPORT SOLID.<\/span><\/h6>\n","protected":false},"excerpt":{"rendered":"<h6><span style=\"color: #0000ff;\">30 SEMIN\u021aE\u00a0<\/span><\/h6>\n<h6><span style=\"color: #ff00ff;\">SOI EXTRATIMPURIU, FOARTE REZISTENT !<\/span><\/h6>\n<h6><span style=\"color: #ff00ff;\">PRODUCTIVITATE \u00ceNALT\u0102!<\/span><\/h6>\n<h6><\/h6>\n","protected":false},"featured_media":3340,"comment_status":"open","ping_status":"closed","template":"","meta":{"site-sidebar-layout":"default","site-content-layout":"default","ast-site-content-layout":"default","site-content-style":"default","site-sidebar-style":"default","ast-global-header-display":"","ast-banner-title-visibility":"","ast-main-header-display":"","ast-hfb-above-header-display":"","ast-hfb-below-header-display":"","ast-hfb-mobile-header-display":"","site-post-title":"","ast-breadcrumbs-content":"","ast-featured-img":"","footer-sml-layout":"","ast-disable-related-posts":"","theme-transparent-header-meta":"default","adv-header-id-meta":"","stick-header-meta":"","header-above-stick-meta":"","header-main-stick-meta":"","header-below-stick-meta":"","astra-migrate-meta-layouts":"set","ast-page-background-enabled":"default","ast-page-background-meta":{"desktop":{"background-color":"var(--ast-global-color-4)","background-image":"","background-repeat":"repeat","background-position":"center center","background-size":"auto","background-attachment":"scroll","background-type":"","background-media":"","overlay-type":"","overlay-color":"","overlay-opacity":"","overlay-gradient":""},"tablet":{"background-color":"","background-image":"","background-repeat":"repeat","background-position":"center center","background-size":"auto","background-attachment":"scroll","background-type":"","background-media":"","overlay-type":"","overlay-color":"","overlay-opacity":"","overlay-gradient":""},"mobile":{"background-color":"","background-image":"","background-repeat":"repeat","background-position":"center center","background-size":"auto","background-attachment":"scroll","background-type":"","background-media":"","overlay-type":"","overlay-color":"","overlay-opacity":"","overlay-gradient":""}},"ast-content-background-meta":{"desktop":{"background-color":"var(--ast-global-color-5)","background-image":"","background-repeat":"repeat","background-position":"center center","background-size":"auto","background-attachment":"scroll","background-type":"","background-media":"","overlay-type":"","overlay-color":"","overlay-opacity":"","overlay-gradient":""},"tablet":{"background-color":"var(--ast-global-color-5)","background-image":"","background-repeat":"repeat","background-position":"center center","background-size":"auto","background-attachment":"scroll","background-type":"","background-media":"","overlay-type":"","overlay-color":"","overlay-opacity":"","overlay-gradient":""},"mobile":{"background-color":"var(--ast-global-color-5)","background-image":"","background-repeat":"repeat","background-position":"center center","background-size":"auto","background-attachment":"scroll","background-type":"","background-media":"","overlay-type":"","overlay-color":"","overlay-opacity":"","overlay-gradient":""}}},"product_brand":[],"product_cat":[180,143,138,15],"product_tag":[],"class_list":{"0":"post-17781","1":"product","2":"type-product","3":"status-publish","4":"has-post-thumbnail","6":"product_cat-oferte-de-pret-cantitate","7":"product_cat-soiuri-timpurii-cherry","8":"product_cat-soiuri-negre","9":"product_cat-tomate-soi","10":"desktop-align-left","11":"tablet-align-left","12":"mobile-align-left","14":"first","15":"instock","16":"sale","17":"taxable","18":"shipping-taxable","19":"purchasable","20":"product-type-simple"},"_links":{"self":[{"href":"https:\/\/vivasem.ro\/index.php?rest_route=\/wp\/v2\/product\/17781","targetHints":{"allow":["GET"]}}],"collection":[{"href":"https:\/\/vivasem.ro\/index.php?rest_route=\/wp\/v2\/product"}],"about":[{"href":"https:\/\/vivasem.ro\/index.php?rest_route=\/wp\/v2\/types\/product"}],"replies":[{"embeddable":true,"href":"https:\/\/vivasem.ro\/index.php?rest_route=%2Fwp%2Fv2%2Fcomments&post=17781"}],"wp:featuredmedia":[{"embeddable":true,"href":"https:\/\/vivasem.ro\/index.php?rest_route=\/wp\/v2\/media\/3340"}],"wp:attachment":[{"href":"https:\/\/vivasem.ro\/index.php?rest_route=%2Fwp%2Fv2%2Fmedia&parent=17781"}],"wp:term":[{"taxonomy":"product_brand","embeddable":true,"href":"https:\/\/vivasem.ro\/index.php?rest_route=%2Fwp%2Fv2%2Fproduct_brand&post=17781"},{"taxonomy":"product_cat","embeddable":true,"href":"https:\/\/vivasem.ro\/index.php?rest_route=%2Fwp%2Fv2%2Fproduct_cat&post=17781"},{"taxonomy":"product_tag","embeddable":true,"href":"https:\/\/vivasem.ro\/index.php?rest_route=%2Fwp%2Fv2%2Fproduct_tag&post=17781"}],"curies":[{"name":"wp","href":"https:\/\/api.w.org\/{rel}","templated":true}]}}