{"id":17756,"date":"2025-11-29T08:05:47","date_gmt":"2025-11-29T06:05:47","guid":{"rendered":"https:\/\/vivasem.ro\/?post_type=product&#038;p=17756"},"modified":"2025-12-15T11:40:35","modified_gmt":"2025-12-15T09:40:35","slug":"champion-ii-f1-25s","status":"publish","type":"product","link":"https:\/\/vivasem.ro\/?product=champion-ii-f1-25s","title":{"rendered":".CHAMPION II F1 (25s)"},"content":{"rendered":"<h6><span style=\"color: #ff0000;\"><strong><u>CHAMPION II F1- Holmes Seeds.SUA,<\/u><\/strong><\/span><\/h6>\n<h6><span style=\"color: #0000ff;\"><strong>Dintre cei mai buni hibrizi ,din lume, la ora actual\u0103 !<\/strong><\/span><\/h6>\n<h6><span style=\"color: #ff0000;\"><strong>Este mult cultivat, \u00een primul r\u00e2nd ,datorit\u0103 calit\u0103\u021bii fructelor, ce au\u00a0 calit\u0103\u021bi gustative excep\u021bionale, <\/strong>intens-aromate , c\u0103rnoase, cu pulp\u0103 tip beef, sunt foarte aspectuase, sferice, u\u0219or turtite , lucioase, netede, de\u00a0 culoare intens\u0103,ro\u0219ie.<\/span><\/h6>\n<h6><span style=\"color: #000080;\">Greutatea este \u00eentre 150-250 grame.<\/span><\/h6>\n<h6><span style=\"color: #ff0000;\">Apoi, foarte important\u0103 este <span style=\"color: #000080;\">productivitatea \u00eenalt\u0103 ,dat\u0103 de rezisten\u021ba la o palet\u0103 larg\u0103 de boli:<\/span><\/span><\/h6>\n<h6><span style=\"color: #ff0000;\"><span style=\"color: #000080;\">Aal-Alternaria alternata-ALTENARIOZ\u0102<\/span><\/span><\/h6>\n<h6><span style=\"color: #ff0000;\"><span style=\"color: #000080;\">Fol1-2-FUZARIOZ\u0102,<\/span><\/span><\/h6>\n<h6><span style=\"color: #ff0000;\"><span style=\"color: #000080;\">M-NEMATOZI<\/span><\/span><\/h6>\n<h6><span style=\"color: #ff0000;\"><span style=\"color: #000080;\">V-Verticillium wilt<\/span><\/span><\/h6>\n<h6><span style=\"color: #ff0000;\"><span style=\"color: #000080;\">TYLCV-VIRUSUL R\u0102SUCIRII \u0218I \u00ceNG\u0102LBENIRII FRUNZELOR<\/span><\/span><\/h6>\n<h6><span style=\"color: #ff0000;\"><span style=\"color: #000080;\">TMV-VIRUSUL MOZAIC AL TOMATELOR.<\/span><\/span><\/h6>\n<h6><span style=\"color: #ff0000;\">Nu \u00een r\u00e2nd, este ales de mul\u021bi legumicultori, <strong>datorit\u0103 timpuriet\u0103\u021bii ,se coace \u00een 62 zile.<\/strong><\/span><\/h6>\n<h6><span style=\"color: #000080;\">Plantele sunt foarte viguroase,la noi au dep\u0103\u0219it 3 m. dar aerisite, cu un foliaj mediu, nedeterminate,rezistente la varia\u021bii de temperatur\u0103.<\/span><\/h6>\n<h6><\/h6>\n","protected":false},"excerpt":{"rendered":"<h6><span style=\"color: #0000ff;\">25 SEMIN\u021aE<\/span><\/h6>\n<h6><span style=\"color: #ff00ff;\">HIBRID EXCEP\u021aIONAL !<\/span><\/h6>\n<h6><span style=\"color: #ff00ff;\">FOARTE GUSTOS, FOARTE PRODUCTIV !<\/span><\/h6>\n<h6><span style=\"color: #ff00ff;\"><img loading=\"lazy\" decoding=\"async\" class=\"alignnone size-full wp-image-8306\" src=\"https:\/\/vivasem.ro\/wp-content\/uploads\/2021\/11\/RECOMAND-e1762844609348.jpg\" alt=\"\" width=\"87\" height=\"84\" \/><img loading=\"lazy\" decoding=\"async\" class=\"alignnone wp-image-15077\" style=\"color: #3a3a3a; font-size: 16px; font-weight: inherit;\" src=\"https:\/\/vivasem.ro\/wp-content\/uploads\/2023\/12\/SUPEROFERTA-11-Copy-300x153.jpg\" alt=\"\" width=\"170\" height=\"87\" srcset=\"https:\/\/vivasem.ro\/wp-content\/uploads\/2023\/12\/SUPEROFERTA-11-Copy-300x153.jpg 300w, https:\/\/vivasem.ro\/wp-content\/uploads\/2023\/12\/SUPEROFERTA-11-Copy-248x126.jpg 248w, https:\/\/vivasem.ro\/wp-content\/uploads\/2023\/12\/SUPEROFERTA-11-Copy-590x301.jpg 590w, https:\/\/vivasem.ro\/wp-content\/uploads\/2023\/12\/SUPEROFERTA-11-Copy-150x77.jpg 150w, https:\/\/vivasem.ro\/wp-content\/uploads\/2023\/12\/SUPEROFERTA-11-Copy.jpg 700w\" sizes=\"auto, (max-width: 170px) 100vw, 170px\" \/> <\/span><\/h6>\n<h6><\/h6>\n","protected":false},"featured_media":4782,"comment_status":"open","ping_status":"closed","template":"","meta":{"site-sidebar-layout":"default","site-content-layout":"default","ast-site-content-layout":"default","site-content-style":"default","site-sidebar-style":"default","ast-global-header-display":"","ast-banner-title-visibility":"","ast-main-header-display":"","ast-hfb-above-header-display":"","ast-hfb-below-header-display":"","ast-hfb-mobile-header-display":"","site-post-title":"","ast-breadcrumbs-content":"","ast-featured-img":"","footer-sml-layout":"","ast-disable-related-posts":"","theme-transparent-header-meta":"default","adv-header-id-meta":"","stick-header-meta":"","header-above-stick-meta":"","header-main-stick-meta":"","header-below-stick-meta":"","astra-migrate-meta-layouts":"set","ast-page-background-enabled":"default","ast-page-background-meta":{"desktop":{"background-color":"var(--ast-global-color-4)","background-image":"","background-repeat":"repeat","background-position":"center center","background-size":"auto","background-attachment":"scroll","background-type":"","background-media":"","overlay-type":"","overlay-color":"","overlay-opacity":"","overlay-gradient":""},"tablet":{"background-color":"","background-image":"","background-repeat":"repeat","background-position":"center center","background-size":"auto","background-attachment":"scroll","background-type":"","background-media":"","overlay-type":"","overlay-color":"","overlay-opacity":"","overlay-gradient":""},"mobile":{"background-color":"","background-image":"","background-repeat":"repeat","background-position":"center center","background-size":"auto","background-attachment":"scroll","background-type":"","background-media":"","overlay-type":"","overlay-color":"","overlay-opacity":"","overlay-gradient":""}},"ast-content-background-meta":{"desktop":{"background-color":"var(--ast-global-color-5)","background-image":"","background-repeat":"repeat","background-position":"center center","background-size":"auto","background-attachment":"scroll","background-type":"","background-media":"","overlay-type":"","overlay-color":"","overlay-opacity":"","overlay-gradient":""},"tablet":{"background-color":"var(--ast-global-color-5)","background-image":"","background-repeat":"repeat","background-position":"center center","background-size":"auto","background-attachment":"scroll","background-type":"","background-media":"","overlay-type":"","overlay-color":"","overlay-opacity":"","overlay-gradient":""},"mobile":{"background-color":"var(--ast-global-color-5)","background-image":"","background-repeat":"repeat","background-position":"center center","background-size":"auto","background-attachment":"scroll","background-type":"","background-media":"","overlay-type":"","overlay-color":"","overlay-opacity":"","overlay-gradient":""}}},"product_brand":[],"product_cat":[110],"product_tag":[],"class_list":{"0":"post-17756","1":"product","2":"type-product","3":"status-publish","4":"has-post-thumbnail","6":"product_cat-tomate-hibrid","7":"pa_z-cantitate-10-seminte","8":"pa_z-cantitate-100-seminte","9":"pa_z-cantitate-200-seminte","10":"pa_z-cantitate-25-seminte","11":"pa_z-cantitate-250-seminte","12":"pa_z-cantitate-50-seminte","13":"pa_z-cantitate-500-seminte","14":"desktop-align-left","15":"tablet-align-left","16":"mobile-align-left","18":"first","19":"instock","20":"sale","21":"taxable","22":"shipping-taxable","23":"purchasable","24":"product-type-simple"},"_links":{"self":[{"href":"https:\/\/vivasem.ro\/index.php?rest_route=\/wp\/v2\/product\/17756","targetHints":{"allow":["GET"]}}],"collection":[{"href":"https:\/\/vivasem.ro\/index.php?rest_route=\/wp\/v2\/product"}],"about":[{"href":"https:\/\/vivasem.ro\/index.php?rest_route=\/wp\/v2\/types\/product"}],"replies":[{"embeddable":true,"href":"https:\/\/vivasem.ro\/index.php?rest_route=%2Fwp%2Fv2%2Fcomments&post=17756"}],"wp:featuredmedia":[{"embeddable":true,"href":"https:\/\/vivasem.ro\/index.php?rest_route=\/wp\/v2\/media\/4782"}],"wp:attachment":[{"href":"https:\/\/vivasem.ro\/index.php?rest_route=%2Fwp%2Fv2%2Fmedia&parent=17756"}],"wp:term":[{"taxonomy":"product_brand","embeddable":true,"href":"https:\/\/vivasem.ro\/index.php?rest_route=%2Fwp%2Fv2%2Fproduct_brand&post=17756"},{"taxonomy":"product_cat","embeddable":true,"href":"https:\/\/vivasem.ro\/index.php?rest_route=%2Fwp%2Fv2%2Fproduct_cat&post=17756"},{"taxonomy":"product_tag","embeddable":true,"href":"https:\/\/vivasem.ro\/index.php?rest_route=%2Fwp%2Fv2%2Fproduct_tag&post=17756"}],"curies":[{"name":"wp","href":"https:\/\/api.w.org\/{rel}","templated":true}]}}