{"id":17718,"date":"2025-11-27T20:33:20","date_gmt":"2025-11-27T18:33:20","guid":{"rendered":"https:\/\/vivasem.ro\/?post_type=product&#038;p=17718"},"modified":"2025-11-27T21:19:52","modified_gmt":"2025-11-27T19:19:52","slug":"ardei-iute-diavolicchio-calabrese-fratelli-ingegnoli-milano-italia","status":"publish","type":"product","link":"https:\/\/vivasem.ro\/?product=ardei-iute-diavolicchio-calabrese-fratelli-ingegnoli-milano-italia","title":{"rendered":"ARDEI IUTE DIAVOLICCHIO CALABRESE (Fratelli Ingegnoli)"},"content":{"rendered":"<h6><span style=\"color: #ff0000;\">\u00a0<span class=\"base\" data-ui-id=\"page-title-wrapper\">PEPERONCINO PICCANTE DIAVOLICCHIO CALABRESE,<\/span><\/span><\/h6>\n<h6><span style=\"color: #ff0000;\"><strong><u>Produc\u0103tor semin\u021be:Fratelli Ingegnoli Milano Italia,<\/u><\/strong><\/span><\/h6>\n<h6>\u00a0<span style=\"color: #333399;\"><span class=\"base\" data-ui-id=\"page-title-wrapper\">PEPERONCINO PICCANTE DIAVOLICCHIO CALABRESE, SOI DE <\/span><strong>ARDEI\u00a0 SPECTACULO\u0218I, CE CRESC \u00ceN BUCHETE VERTICALE, \u0218I SE COLOREAZA, DE LA VERDE, LA RO\u0218U INTENS. <\/strong><\/span><\/h6>\n<h6><span style=\"color: #ff0000;\"><strong>POT FI CRESCU\u021aI IN INTERIOR, \u00ceN GHIVECE SAU IN GR\u0102DIN\u0102. <\/strong><\/span><\/h6>\n<h6><span style=\"color: #333399;\">Planta este compact\u0103, de dimensiuni medii spre joase, cu frunze verde \u00eenchis.<\/span><\/h6>\n<h6><span style=\"color: #ff0000;\"> Fructul este picant \u0219i aromat , iu\u021beala ardeiului Diavolicchio variaz\u0103 \u00eentre aproximativ <strong class=\"Yjhzub\" data-processed=\"true\">25.000 \u0219i 50.000 de unit\u0103\u021bi Scoville (SHU)<\/strong>, \u0219i este considerat <\/span><span style=\"color: #ff0000; font-size: 17.6px;\">un ardei mediu-picant, dar uneori poate atinge \u0219i 100.000 <\/span><span style=\"color: #ff0000;\"><strong class=\"Yjhzub\" data-processed=\"true\">unit\u0103\u021bi Scoville <\/strong><\/span><span style=\"color: #ff0000; font-size: 17.6px;\">.<\/span><\/h6>\n<h6><span style=\"color: #333399;\"> Poate fi cultivat\u0103 \u0219i \u00een ghivece ,at\u00e2t pentru consum, c\u00e2t \u0219i ca plant\u0103 ornamental\u0103.<\/span><\/h6>\n<h6><span style=\"color: #333399;\"><strong>PRODUC\u021aIE CONSTANT\u0102, PERMANENT\u0102. <\/strong><\/span><\/h6>\n<h6><span style=\"color: #333399;\"><strong><span class=\"T286Pc\" data-sfc-cp=\"\" data-processed=\"true\">Este utilizat \u00een buc\u0103t\u0103ria italian\u0103 \u00een diverse feluri, de la paste la pizza<span id=\"iv5soadKBDdOA9u8PrtOSqAg_1\" data-processed=\"true\">.<\/span><\/span><span id=\"iv5soadKBDdOA9u8PrtOSqAg_2\" data-processed=\"true\"><span class=\"uJ19be notranslate\" data-wiz-uids=\"DSAVMe_1n,DSAVMe_1o,DSAVMe_1p\" data-processed=\"true\"><span class=\"vKEkVd\" data-animation-atomic=\"\"> Poate fi conservat \u0219i prin uscare.<\/span><\/span><\/span><\/strong><\/span><\/h6>\n<h6><\/h6>\n","protected":false},"excerpt":{"rendered":"<h6><span style=\"color: #0000ff;\">SOI TRADI\u021aIONAL ITALIAN<\/span><\/h6>\n","protected":false},"featured_media":17719,"comment_status":"open","ping_status":"closed","template":"","meta":{"site-sidebar-layout":"default","site-content-layout":"default","ast-site-content-layout":"default","site-content-style":"default","site-sidebar-style":"default","ast-global-header-display":"","ast-banner-title-visibility":"","ast-main-header-display":"","ast-hfb-above-header-display":"","ast-hfb-below-header-display":"","ast-hfb-mobile-header-display":"","site-post-title":"","ast-breadcrumbs-content":"","ast-featured-img":"","footer-sml-layout":"","ast-disable-related-posts":"","theme-transparent-header-meta":"default","adv-header-id-meta":"","stick-header-meta":"","header-above-stick-meta":"","header-main-stick-meta":"","header-below-stick-meta":"","astra-migrate-meta-layouts":"set","ast-page-background-enabled":"default","ast-page-background-meta":{"desktop":{"background-color":"var(--ast-global-color-4)","background-image":"","background-repeat":"repeat","background-position":"center center","background-size":"auto","background-attachment":"scroll","background-type":"","background-media":"","overlay-type":"","overlay-color":"","overlay-opacity":"","overlay-gradient":""},"tablet":{"background-color":"","background-image":"","background-repeat":"repeat","background-position":"center center","background-size":"auto","background-attachment":"scroll","background-type":"","background-media":"","overlay-type":"","overlay-color":"","overlay-opacity":"","overlay-gradient":""},"mobile":{"background-color":"","background-image":"","background-repeat":"repeat","background-position":"center center","background-size":"auto","background-attachment":"scroll","background-type":"","background-media":"","overlay-type":"","overlay-color":"","overlay-opacity":"","overlay-gradient":""}},"ast-content-background-meta":{"desktop":{"background-color":"var(--ast-global-color-5)","background-image":"","background-repeat":"repeat","background-position":"center center","background-size":"auto","background-attachment":"scroll","background-type":"","background-media":"","overlay-type":"","overlay-color":"","overlay-opacity":"","overlay-gradient":""},"tablet":{"background-color":"var(--ast-global-color-5)","background-image":"","background-repeat":"repeat","background-position":"center center","background-size":"auto","background-attachment":"scroll","background-type":"","background-media":"","overlay-type":"","overlay-color":"","overlay-opacity":"","overlay-gradient":""},"mobile":{"background-color":"var(--ast-global-color-5)","background-image":"","background-repeat":"repeat","background-position":"center center","background-size":"auto","background-attachment":"scroll","background-type":"","background-media":"","overlay-type":"","overlay-color":"","overlay-opacity":"","overlay-gradient":""}}},"product_brand":[],"product_cat":[111],"product_tag":[],"class_list":{"0":"post-17718","1":"product","2":"type-product","3":"status-publish","4":"has-post-thumbnail","6":"product_cat-ardei-iute","7":"pa_cantitate-10-seminte","8":"pa_cantitate-100-seminte","9":"pa_cantitate-200-seminte","10":"pa_cantitate-25-seminte","11":"pa_cantitate-250-seminte","12":"pa_cantitate-5-seminte","13":"pa_cantitate-50-seminte","14":"pa_cantitate-500-seminte","15":"desktop-align-left","16":"tablet-align-left","17":"mobile-align-left","19":"first","20":"instock","21":"sale","22":"taxable","23":"shipping-taxable","24":"purchasable","25":"product-type-variable"},"_links":{"self":[{"href":"https:\/\/vivasem.ro\/index.php?rest_route=\/wp\/v2\/product\/17718","targetHints":{"allow":["GET"]}}],"collection":[{"href":"https:\/\/vivasem.ro\/index.php?rest_route=\/wp\/v2\/product"}],"about":[{"href":"https:\/\/vivasem.ro\/index.php?rest_route=\/wp\/v2\/types\/product"}],"replies":[{"embeddable":true,"href":"https:\/\/vivasem.ro\/index.php?rest_route=%2Fwp%2Fv2%2Fcomments&post=17718"}],"wp:featuredmedia":[{"embeddable":true,"href":"https:\/\/vivasem.ro\/index.php?rest_route=\/wp\/v2\/media\/17719"}],"wp:attachment":[{"href":"https:\/\/vivasem.ro\/index.php?rest_route=%2Fwp%2Fv2%2Fmedia&parent=17718"}],"wp:term":[{"taxonomy":"product_brand","embeddable":true,"href":"https:\/\/vivasem.ro\/index.php?rest_route=%2Fwp%2Fv2%2Fproduct_brand&post=17718"},{"taxonomy":"product_cat","embeddable":true,"href":"https:\/\/vivasem.ro\/index.php?rest_route=%2Fwp%2Fv2%2Fproduct_cat&post=17718"},{"taxonomy":"product_tag","embeddable":true,"href":"https:\/\/vivasem.ro\/index.php?rest_route=%2Fwp%2Fv2%2Fproduct_tag&post=17718"}],"curies":[{"name":"wp","href":"https:\/\/api.w.org\/{rel}","templated":true}]}}