{"id":17696,"date":"2025-11-27T17:59:25","date_gmt":"2025-11-27T15:59:25","guid":{"rendered":"https:\/\/vivasem.ro\/?post_type=product&#038;p=17696"},"modified":"2025-11-27T20:01:24","modified_gmt":"2025-11-27T18:01:24","slug":"fasole-lima-del-papa-fratlli-ingegnoli-milano-italia","status":"publish","type":"product","link":"https:\/\/vivasem.ro\/?product=fasole-lima-del-papa-fratlli-ingegnoli-milano-italia","title":{"rendered":"Fasole LIMA DEL PAPA (FRATLLI INGEGNOLI -MILANO ITALIA)"},"content":{"rendered":"<h6><span style=\"color: #ff0000;\"><strong><u>Fasole Fasole LIMA DEL PAPA (FRATLLI INGEGNOLI -MILANO ITALIA),\u00a0 <img loading=\"lazy\" decoding=\"async\" class=\"alignnone size-full wp-image-8034\" src=\"https:\/\/vivasem.ro\/wp-content\/uploads\/2021\/11\/INGEGNOLI.jpg\" alt=\"\" width=\"390\" height=\"98\" srcset=\"https:\/\/vivasem.ro\/wp-content\/uploads\/2021\/11\/INGEGNOLI.jpg 390w, https:\/\/vivasem.ro\/wp-content\/uploads\/2021\/11\/INGEGNOLI-248x62.jpg 248w\" sizes=\"auto, (max-width: 390px) 100vw, 390px\" \/><\/u><\/strong><\/span><\/h6>\n<h6><span style=\"color: #ff0000;\">SOI DE FASOLE URC\u0102TOARE, DE ARAC, FOARTE REZISTENT ,\u00a0 DE LA CARE SE OB\u021aIN BOABE USCATE PLATE, ALB-VI\u0218INII, GUSTOASE, CREMOASE \u0218I CU AROM\u0102 DE CASTANE C\u00c2ND SUNT G\u0102TITE.<\/span><\/h6>\n<h6><span style=\"color: #ff0000;\">PRODUCE NUMEROASE\u00a0 P\u0102ST\u0102I VERZI -\u00ceNCHIS , APLATIZATE, FRAGEDE,\u00a0 DULCI SI FOARTE GUSTOASE C\u00c2ND SUNT G\u00c2TITE FRAGEDE.<\/span><\/h6>\n<h6><span style=\"color: #333399;\">Vrejul este foarte gros, lemnos, specific varietatilor Lima care poate ajunge pana la 5-6 m lungime<\/span><\/h6>\n<h6><span style=\"color: #333399;\">BOABELE SAU P\u0102ST\u0102ILE,SUNT MULT FOLOSITE \u00ceN BUC\u0102T\u0102RIA ITALIAN\u0102, GRECEASC\u0102, MEDITERANEEAN\u0102. RECOLTARE \u00ceN 90 DILE DE LA SEM\u0102NAT.<\/span><\/h6>\n<h6><span style=\"color: #333399;\">Fasolea Lima sau Phaseolus lunatus isi are originile in Peru.<br \/>\nEa a fost exportat\u0103 \u00een toat\u0103 lumea \u0219i\u00a0 cutiile de ambalajera etichetat\u0103 originea \u201e Lima, Peru \u201d, apoi fasolea a fost denumit\u0103 ca atare.\u00a0<\/span><\/h6>\n","protected":false},"excerpt":{"rendered":"<h6><span style=\"color: #0000ff;\">SOI FOARTE GUSTOS<\/span><\/h6>\n","protected":false},"featured_media":17698,"comment_status":"open","ping_status":"closed","template":"","meta":{"site-sidebar-layout":"default","site-content-layout":"default","ast-site-content-layout":"default","site-content-style":"default","site-sidebar-style":"default","ast-global-header-display":"","ast-banner-title-visibility":"","ast-main-header-display":"","ast-hfb-above-header-display":"","ast-hfb-below-header-display":"","ast-hfb-mobile-header-display":"","site-post-title":"","ast-breadcrumbs-content":"","ast-featured-img":"","footer-sml-layout":"","ast-disable-related-posts":"","theme-transparent-header-meta":"default","adv-header-id-meta":"","stick-header-meta":"","header-above-stick-meta":"","header-main-stick-meta":"","header-below-stick-meta":"","astra-migrate-meta-layouts":"set","ast-page-background-enabled":"default","ast-page-background-meta":{"desktop":{"background-color":"var(--ast-global-color-4)","background-image":"","background-repeat":"repeat","background-position":"center center","background-size":"auto","background-attachment":"scroll","background-type":"","background-media":"","overlay-type":"","overlay-color":"","overlay-opacity":"","overlay-gradient":""},"tablet":{"background-color":"","background-image":"","background-repeat":"repeat","background-position":"center center","background-size":"auto","background-attachment":"scroll","background-type":"","background-media":"","overlay-type":"","overlay-color":"","overlay-opacity":"","overlay-gradient":""},"mobile":{"background-color":"","background-image":"","background-repeat":"repeat","background-position":"center center","background-size":"auto","background-attachment":"scroll","background-type":"","background-media":"","overlay-type":"","overlay-color":"","overlay-opacity":"","overlay-gradient":""}},"ast-content-background-meta":{"desktop":{"background-color":"var(--ast-global-color-5)","background-image":"","background-repeat":"repeat","background-position":"center center","background-size":"auto","background-attachment":"scroll","background-type":"","background-media":"","overlay-type":"","overlay-color":"","overlay-opacity":"","overlay-gradient":""},"tablet":{"background-color":"var(--ast-global-color-5)","background-image":"","background-repeat":"repeat","background-position":"center center","background-size":"auto","background-attachment":"scroll","background-type":"","background-media":"","overlay-type":"","overlay-color":"","overlay-opacity":"","overlay-gradient":""},"mobile":{"background-color":"var(--ast-global-color-5)","background-image":"","background-repeat":"repeat","background-position":"center center","background-size":"auto","background-attachment":"scroll","background-type":"","background-media":"","overlay-type":"","overlay-color":"","overlay-opacity":"","overlay-gradient":""}}},"product_brand":[],"product_cat":[85],"product_tag":[],"class_list":{"0":"post-17696","1":"product","2":"type-product","3":"status-publish","4":"has-post-thumbnail","6":"product_cat-fasole","7":"pa_cantitate-10-seminte","8":"pa_cantitate-100-seminte","9":"pa_cantitate-200-seminte","10":"pa_cantitate-25-seminte","11":"pa_cantitate-250-seminte","12":"pa_cantitate-5-seminte","13":"pa_cantitate-50-seminte","14":"pa_cantitate-500-seminte","15":"pa_z-cantitate-1000-seminte","16":"pa_z-cantitate-120-seminte","17":"pa_z-cantitate-150-seminte","18":"pa_z-cantitate-160-seminte","19":"pa_z-cantitate-20-seminte","20":"pa_z-cantitate-200-seminte","21":"pa_z-cantitate-250-seminte","22":"pa_z-cantitate-30-seminte","23":"pa_z-cantitate-300-seminte","24":"pa_z-cantitate-40-seminte","25":"pa_z-cantitate-400-seminte","26":"pa_z-cantitate-5-seminte","27":"pa_z-cantitate-500-seminte","28":"pa_z-cantitate-60-seminte","29":"pa_z-cantitate-600-seminte","30":"pa_z-cantitate-80-seminte","31":"pa_z-cantitate-90-seminte","32":"pa_z-cantitate-900-seminte","33":"desktop-align-left","34":"tablet-align-left","35":"mobile-align-left","37":"first","38":"instock","39":"sale","40":"taxable","41":"shipping-taxable","42":"purchasable","43":"product-type-variable"},"_links":{"self":[{"href":"https:\/\/vivasem.ro\/index.php?rest_route=\/wp\/v2\/product\/17696","targetHints":{"allow":["GET"]}}],"collection":[{"href":"https:\/\/vivasem.ro\/index.php?rest_route=\/wp\/v2\/product"}],"about":[{"href":"https:\/\/vivasem.ro\/index.php?rest_route=\/wp\/v2\/types\/product"}],"replies":[{"embeddable":true,"href":"https:\/\/vivasem.ro\/index.php?rest_route=%2Fwp%2Fv2%2Fcomments&post=17696"}],"wp:featuredmedia":[{"embeddable":true,"href":"https:\/\/vivasem.ro\/index.php?rest_route=\/wp\/v2\/media\/17698"}],"wp:attachment":[{"href":"https:\/\/vivasem.ro\/index.php?rest_route=%2Fwp%2Fv2%2Fmedia&parent=17696"}],"wp:term":[{"taxonomy":"product_brand","embeddable":true,"href":"https:\/\/vivasem.ro\/index.php?rest_route=%2Fwp%2Fv2%2Fproduct_brand&post=17696"},{"taxonomy":"product_cat","embeddable":true,"href":"https:\/\/vivasem.ro\/index.php?rest_route=%2Fwp%2Fv2%2Fproduct_cat&post=17696"},{"taxonomy":"product_tag","embeddable":true,"href":"https:\/\/vivasem.ro\/index.php?rest_route=%2Fwp%2Fv2%2Fproduct_tag&post=17696"}],"curies":[{"name":"wp","href":"https:\/\/api.w.org\/{rel}","templated":true}]}}