{"id":17670,"date":"2025-11-27T08:38:22","date_gmt":"2025-11-27T06:38:22","guid":{"rendered":"https:\/\/vivasem.ro\/?post_type=product&#038;p=17670"},"modified":"2026-02-08T15:59:43","modified_gmt":"2026-02-08T13:59:43","slug":"_supermarzano-f1-fratelli-ingegnoli","status":"publish","type":"product","link":"https:\/\/vivasem.ro\/?product=_supermarzano-f1-fratelli-ingegnoli","title":{"rendered":"SUPERMARZANO F1 (Fratelli Ingegnoli)"},"content":{"rendered":"<h6><span style=\"color: #ff0000;\"><strong><u>SUPERMARZANO F1,<\/u><\/strong><\/span><\/h6>\n<h6><span style=\"color: #ff0000;\"><strong><u>Produc\u0103tor :Fratelli Ingegnoli Milano Italia,<\/u><\/strong><\/span> \u00a0\u00a0 \u00a0\u00a0 \u00a0\u00a0<a href=\"https:\/\/vivasem.ro\/wp-content\/uploads\/2021\/11\/INGEGNOLI.jpg\"><img loading=\"lazy\" decoding=\"async\" class=\"alignnone size-full wp-image-8034\" src=\"https:\/\/vivasem.ro\/wp-content\/uploads\/2021\/11\/INGEGNOLI.jpg\" alt=\"\" width=\"390\" height=\"98\" srcset=\"https:\/\/vivasem.ro\/wp-content\/uploads\/2021\/11\/INGEGNOLI.jpg 390w, https:\/\/vivasem.ro\/wp-content\/uploads\/2021\/11\/INGEGNOLI-248x62.jpg 248w\" sizes=\"auto, (max-width: 390px) 100vw, 390px\" \/><\/a><\/h6>\n<h6><\/h6>\n<h6><span style=\"color: #000080;\">Hibrid nou, deosebit de productiv, fiind o<span dir=\"auto\"> nou\u0103 \u00eencruci\u0219are a celebrei ro\u0219ii San Marzano, potrivit at\u00e2t pentru salate, c\u00e2t \u0219i pentru conservare! <\/span><\/span><\/h6>\n<h6><span dir=\"auto\" style=\"color: #ff0000;\">Produce numero\u0219i ciorchini de 5-7 fructe lungi ,de aproximativ 12 cm lungime ,ce\u00a0 c\u00e2nt\u0103resc \u00een medie 100 g. <\/span><\/h6>\n<h6><span dir=\"auto\" style=\"color: #000080;\">Au pieli\u021ba mai groas\u0103, sunt foarte rezistente la cr\u0103pare, pulp\u0103 ferm\u0103, u\u0219or suculent\u0103, o culoare ro\u0219ie frumoas\u0103 \u0219i o arom\u0103 excelent\u0103. <\/span><\/h6>\n<h6><span style=\"color: #000080;\">PLANTELE SUNT NEDETERMINATE, VIGUROASE, NECESIT\u0102 SUS\u021aINERE\u00a0 , \u0218I PREZINT\u0102 REZISTEN\u021a\u0102 RIDICAT\u0102 LA:<\/span><\/h6>\n<h6><span style=\"color: #000080;\"> <span dir=\"auto\">Va\/Vd-<\/span><span dir=\"auto\">Verticillium, <\/span><\/span><\/h6>\n<h6><span dir=\"auto\" style=\"color: #000080;\">Fol-Fusarium , <\/span><\/h6>\n<h6><span style=\"color: #000080;\"><span dir=\"auto\">ToMV-V<\/span>irusul Mozaic al tomatelor<span dir=\"auto\">.<\/span><\/span><\/h6>\n<h6><span style=\"color: #ff0000;\"><span dir=\"auto\">DE ASEMENI, <\/span>SUPERMARZANO F1 , ESTE FOARTE REZISTENT LA TEMPERATURI RIDICATE, COMPORT\u00c2NDU-SE EXCELENT \u0218I \u00ceN MIEZUL VERII.<\/span><\/h6>\n<h6><span style=\"color: #000080;\"><span dir=\"auto\">Se recomand\u0103 cultivarea pe dou\u0103 bra\u021be. Astfel se pot ob\u021bine\u00a0 u\u0219or 4-5 kg \u200b\u200bde ro\u0219ii\/plant\u0103.<\/span>\u00a0<\/span><\/h6>\n","protected":false},"excerpt":{"rendered":"<h6><span style=\"color: #ff00ff;\">HIBRID REZISTENT FOARTE PRODUCTIV <\/span><span style=\"color: #ff00ff;\">!\u00a0<\/span><\/h6>\n<h6><\/h6>\n","protected":false},"featured_media":17768,"comment_status":"open","ping_status":"closed","template":"","meta":{"site-sidebar-layout":"default","site-content-layout":"default","ast-site-content-layout":"default","site-content-style":"default","site-sidebar-style":"default","ast-global-header-display":"","ast-banner-title-visibility":"","ast-main-header-display":"","ast-hfb-above-header-display":"","ast-hfb-below-header-display":"","ast-hfb-mobile-header-display":"","site-post-title":"","ast-breadcrumbs-content":"","ast-featured-img":"","footer-sml-layout":"","ast-disable-related-posts":"","theme-transparent-header-meta":"default","adv-header-id-meta":"","stick-header-meta":"","header-above-stick-meta":"","header-main-stick-meta":"","header-below-stick-meta":"","astra-migrate-meta-layouts":"set","ast-page-background-enabled":"default","ast-page-background-meta":{"desktop":{"background-color":"var(--ast-global-color-4)","background-image":"","background-repeat":"repeat","background-position":"center center","background-size":"auto","background-attachment":"scroll","background-type":"","background-media":"","overlay-type":"","overlay-color":"","overlay-opacity":"","overlay-gradient":""},"tablet":{"background-color":"","background-image":"","background-repeat":"repeat","background-position":"center center","background-size":"auto","background-attachment":"scroll","background-type":"","background-media":"","overlay-type":"","overlay-color":"","overlay-opacity":"","overlay-gradient":""},"mobile":{"background-color":"","background-image":"","background-repeat":"repeat","background-position":"center center","background-size":"auto","background-attachment":"scroll","background-type":"","background-media":"","overlay-type":"","overlay-color":"","overlay-opacity":"","overlay-gradient":""}},"ast-content-background-meta":{"desktop":{"background-color":"var(--ast-global-color-5)","background-image":"","background-repeat":"repeat","background-position":"center center","background-size":"auto","background-attachment":"scroll","background-type":"","background-media":"","overlay-type":"","overlay-color":"","overlay-opacity":"","overlay-gradient":""},"tablet":{"background-color":"var(--ast-global-color-5)","background-image":"","background-repeat":"repeat","background-position":"center center","background-size":"auto","background-attachment":"scroll","background-type":"","background-media":"","overlay-type":"","overlay-color":"","overlay-opacity":"","overlay-gradient":""},"mobile":{"background-color":"var(--ast-global-color-5)","background-image":"","background-repeat":"repeat","background-position":"center center","background-size":"auto","background-attachment":"scroll","background-type":"","background-media":"","overlay-type":"","overlay-color":"","overlay-opacity":"","overlay-gradient":""}}},"product_brand":[],"product_cat":[110],"product_tag":[],"class_list":{"0":"post-17670","1":"product","2":"type-product","3":"status-publish","4":"has-post-thumbnail","6":"product_cat-tomate-hibrid","7":"pa_z-cantitate-10-seminte","8":"pa_z-cantitate-100-seminte","9":"pa_z-cantitate-200-seminte","10":"pa_z-cantitate-25-seminte","11":"pa_z-cantitate-250-seminte","12":"pa_z-cantitate-50-seminte","13":"pa_z-cantitate-500-seminte","14":"desktop-align-left","15":"tablet-align-left","16":"mobile-align-left","18":"first","19":"instock","20":"sale","21":"taxable","22":"shipping-taxable","23":"purchasable","24":"product-type-variable"},"_links":{"self":[{"href":"https:\/\/vivasem.ro\/index.php?rest_route=\/wp\/v2\/product\/17670","targetHints":{"allow":["GET"]}}],"collection":[{"href":"https:\/\/vivasem.ro\/index.php?rest_route=\/wp\/v2\/product"}],"about":[{"href":"https:\/\/vivasem.ro\/index.php?rest_route=\/wp\/v2\/types\/product"}],"replies":[{"embeddable":true,"href":"https:\/\/vivasem.ro\/index.php?rest_route=%2Fwp%2Fv2%2Fcomments&post=17670"}],"wp:featuredmedia":[{"embeddable":true,"href":"https:\/\/vivasem.ro\/index.php?rest_route=\/wp\/v2\/media\/17768"}],"wp:attachment":[{"href":"https:\/\/vivasem.ro\/index.php?rest_route=%2Fwp%2Fv2%2Fmedia&parent=17670"}],"wp:term":[{"taxonomy":"product_brand","embeddable":true,"href":"https:\/\/vivasem.ro\/index.php?rest_route=%2Fwp%2Fv2%2Fproduct_brand&post=17670"},{"taxonomy":"product_cat","embeddable":true,"href":"https:\/\/vivasem.ro\/index.php?rest_route=%2Fwp%2Fv2%2Fproduct_cat&post=17670"},{"taxonomy":"product_tag","embeddable":true,"href":"https:\/\/vivasem.ro\/index.php?rest_route=%2Fwp%2Fv2%2Fproduct_tag&post=17670"}],"curies":[{"name":"wp","href":"https:\/\/api.w.org\/{rel}","templated":true}]}}