{"id":17603,"date":"2025-11-26T16:49:58","date_gmt":"2025-11-26T14:49:58","guid":{"rendered":"https:\/\/vivasem.ro\/?post_type=product&#038;p=17603"},"modified":"2026-03-16T14:04:04","modified_gmt":"2026-03-16T12:04:04","slug":"_olympe-f1-fratelli-ingegnoli-italia","status":"publish","type":"product","link":"https:\/\/vivasem.ro\/?product=_olympe-f1-fratelli-ingegnoli-italia","title":{"rendered":"BORSALINA F1 (Fratelli Ingegnoli-Italia)"},"content":{"rendered":"<h6><span style=\"color: #ff0000;\"><strong><u>BORSALINA F1,<\/u><\/strong><\/span><\/h6>\n<h6><span style=\"color: #ff0000;\"><strong><u>Produc\u0103tor :Fratelli Ingegnoli Italia,<\/u><\/strong><\/span> \u00a0\u00a0 \u00a0\u00a0 \u00a0\u00a0<a href=\"https:\/\/vivasem.ro\/wp-content\/uploads\/2021\/11\/INGEGNOLI.jpg\"><img loading=\"lazy\" decoding=\"async\" class=\"alignnone size-full wp-image-8034\" src=\"https:\/\/vivasem.ro\/wp-content\/uploads\/2021\/11\/INGEGNOLI.jpg\" alt=\"\" width=\"390\" height=\"98\" srcset=\"https:\/\/vivasem.ro\/wp-content\/uploads\/2021\/11\/INGEGNOLI.jpg 390w, https:\/\/vivasem.ro\/wp-content\/uploads\/2021\/11\/INGEGNOLI-248x62.jpg 248w\" sizes=\"auto, (max-width: 390px) 100vw, 390px\" \/><\/a><\/h6>\n<h6><\/h6>\n<h6><span style=\"color: #333399;\"><strong>UN HIBRID EXCELENT, CU FORMA DE TIP INIM\u0102 DE BOU ITALIAN\u0102 .<\/strong><\/span><\/h6>\n<h6><span style=\"color: #ff0000;\"><strong>BORSALINA F1 PREZINT\u0102 MULTIPLE CALIT\u0102\u021aI INCLUSIV FRUCTE CU GUST GUST EXCELENT, DULCE,<\/strong> AROMATE, ASPECTUASE, DE CULOARE RO\u0218IE INTENS\u0102, UNIFORME PE TOT SEZONUL.<\/span><\/h6>\n<h6><span style=\"color: #ff0000;\">PULPA ESTE TIP BEEFSTEAK, C\u0102RNOAS\u0102, DENS\u0102, FERM\u0102.<\/span><\/h6>\n<h6><span style=\"color: #333399;\"><strong>\u00a0<\/strong>PLANTELE SUNT NEDETERMINATE, NECESIT\u0102 SUS\u021aINERE\u00a0 , AU FOLIAJ BOGAT \u0218I PREZINT\u0102 REZISTEN\u021a\u0102 LA <strong><span dir=\"auto\">Verticillium (Va,Vd).<\/span><\/strong><\/span><\/h6>\n<h6><span style=\"color: #ff0000;\"><strong>BORSALINA F1 <\/strong>\u00a0OB\u021aINE \u0218I LA CULTIVAREA\u00a0 \u00ceN SERE \u0218I SOLARII, CELE MAI BUNE REZULTATE, CA\u00a0\u0218I \u00ceN GR\u0102DIN\u0102, FIIND REZISTENT LA TEMPERATURI RIDICATE.<\/span><\/h6>\n<h6><span dir=\"auto\" style=\"color: #333399;\">Coacerea fructelor este uniform\u0103.<\/span><\/h6>\n<h6><\/h6>\n<p>&nbsp;<\/p>\n","protected":false},"excerpt":{"rendered":"<h6><span style=\"color: #ff00ff;\">FRUCTE <\/span><span style=\"color: #ff00ff;\">\u00a0FOARTE GUSTOASE, REZISTEN\u021a\u0102 LA C\u0102LDUR\u0102!\u00a0<\/span><\/h6>\n<h6><\/h6>\n","protected":false},"featured_media":17635,"comment_status":"open","ping_status":"closed","template":"","meta":{"site-sidebar-layout":"default","site-content-layout":"default","ast-site-content-layout":"default","site-content-style":"default","site-sidebar-style":"default","ast-global-header-display":"","ast-banner-title-visibility":"","ast-main-header-display":"","ast-hfb-above-header-display":"","ast-hfb-below-header-display":"","ast-hfb-mobile-header-display":"","site-post-title":"","ast-breadcrumbs-content":"","ast-featured-img":"","footer-sml-layout":"","ast-disable-related-posts":"","theme-transparent-header-meta":"default","adv-header-id-meta":"","stick-header-meta":"","header-above-stick-meta":"","header-main-stick-meta":"","header-below-stick-meta":"","astra-migrate-meta-layouts":"set","ast-page-background-enabled":"default","ast-page-background-meta":{"desktop":{"background-color":"var(--ast-global-color-4)","background-image":"","background-repeat":"repeat","background-position":"center center","background-size":"auto","background-attachment":"scroll","background-type":"","background-media":"","overlay-type":"","overlay-color":"","overlay-opacity":"","overlay-gradient":""},"tablet":{"background-color":"","background-image":"","background-repeat":"repeat","background-position":"center center","background-size":"auto","background-attachment":"scroll","background-type":"","background-media":"","overlay-type":"","overlay-color":"","overlay-opacity":"","overlay-gradient":""},"mobile":{"background-color":"","background-image":"","background-repeat":"repeat","background-position":"center center","background-size":"auto","background-attachment":"scroll","background-type":"","background-media":"","overlay-type":"","overlay-color":"","overlay-opacity":"","overlay-gradient":""}},"ast-content-background-meta":{"desktop":{"background-color":"var(--ast-global-color-5)","background-image":"","background-repeat":"repeat","background-position":"center center","background-size":"auto","background-attachment":"scroll","background-type":"","background-media":"","overlay-type":"","overlay-color":"","overlay-opacity":"","overlay-gradient":""},"tablet":{"background-color":"var(--ast-global-color-5)","background-image":"","background-repeat":"repeat","background-position":"center center","background-size":"auto","background-attachment":"scroll","background-type":"","background-media":"","overlay-type":"","overlay-color":"","overlay-opacity":"","overlay-gradient":""},"mobile":{"background-color":"var(--ast-global-color-5)","background-image":"","background-repeat":"repeat","background-position":"center center","background-size":"auto","background-attachment":"scroll","background-type":"","background-media":"","overlay-type":"","overlay-color":"","overlay-opacity":"","overlay-gradient":""}}},"product_brand":[],"product_cat":[110],"product_tag":[],"class_list":{"0":"post-17603","1":"product","2":"type-product","3":"status-publish","4":"has-post-thumbnail","6":"product_cat-tomate-hibrid","7":"pa_z-cantitate-10-seminte","8":"pa_z-cantitate-100-seminte","9":"pa_z-cantitate-1000-seminte","10":"pa_z-cantitate-120-seminte","11":"pa_z-cantitate-150-seminte","12":"pa_z-cantitate-160-seminte","13":"pa_z-cantitate-20-seminte","14":"pa_z-cantitate-200-seminte","15":"pa_z-cantitate-25-seminte","16":"pa_z-cantitate-250-seminte","17":"pa_z-cantitate-30-seminte","18":"pa_z-cantitate-300-seminte","19":"pa_z-cantitate-40-seminte","20":"pa_z-cantitate-400-seminte","21":"pa_z-cantitate-5-seminte","22":"pa_z-cantitate-50-seminte","23":"pa_z-cantitate-500-seminte","24":"pa_z-cantitate-60-seminte","25":"pa_z-cantitate-600-seminte","26":"pa_z-cantitate-80-seminte","27":"pa_z-cantitate-90-seminte","28":"pa_z-cantitate-900-seminte","29":"desktop-align-left","30":"tablet-align-left","31":"mobile-align-left","33":"first","34":"instock","35":"sale","36":"taxable","37":"shipping-taxable","38":"purchasable","39":"product-type-variable"},"_links":{"self":[{"href":"https:\/\/vivasem.ro\/index.php?rest_route=\/wp\/v2\/product\/17603","targetHints":{"allow":["GET"]}}],"collection":[{"href":"https:\/\/vivasem.ro\/index.php?rest_route=\/wp\/v2\/product"}],"about":[{"href":"https:\/\/vivasem.ro\/index.php?rest_route=\/wp\/v2\/types\/product"}],"replies":[{"embeddable":true,"href":"https:\/\/vivasem.ro\/index.php?rest_route=%2Fwp%2Fv2%2Fcomments&post=17603"}],"wp:featuredmedia":[{"embeddable":true,"href":"https:\/\/vivasem.ro\/index.php?rest_route=\/wp\/v2\/media\/17635"}],"wp:attachment":[{"href":"https:\/\/vivasem.ro\/index.php?rest_route=%2Fwp%2Fv2%2Fmedia&parent=17603"}],"wp:term":[{"taxonomy":"product_brand","embeddable":true,"href":"https:\/\/vivasem.ro\/index.php?rest_route=%2Fwp%2Fv2%2Fproduct_brand&post=17603"},{"taxonomy":"product_cat","embeddable":true,"href":"https:\/\/vivasem.ro\/index.php?rest_route=%2Fwp%2Fv2%2Fproduct_cat&post=17603"},{"taxonomy":"product_tag","embeddable":true,"href":"https:\/\/vivasem.ro\/index.php?rest_route=%2Fwp%2Fv2%2Fproduct_tag&post=17603"}],"curies":[{"name":"wp","href":"https:\/\/api.w.org\/{rel}","templated":true}]}}