{"id":17553,"date":"2025-11-24T11:30:51","date_gmt":"2025-11-24T09:30:51","guid":{"rendered":"https:\/\/vivasem.ro\/?post_type=product&#038;p=17553"},"modified":"2025-11-27T11:51:57","modified_gmt":"2025-11-27T09:51:57","slug":"_-rugby-f1-geosem-bulgaria-25s","status":"publish","type":"product","link":"https:\/\/vivasem.ro\/?product=_-rugby-f1-geosem-bulgaria-25s","title":{"rendered":"_ RUGBY F1 (Geosem-Bulgaria) 25s"},"content":{"rendered":"<h6><span style=\"color: #ff0000;\"><strong><u>RUGBY F1 ,<\/u><\/strong><\/span><\/h6>\n<h6><span style=\"color: #ff0000;\"><span class=\"post-meta-key\">Produs \u0219i ambalat de :GEOSEM SELECT -Bulgaria<\/span>,<img loading=\"lazy\" decoding=\"async\" class=\"alignnone wp-image-17542\" src=\"https:\/\/vivasem.ro\/wp-content\/uploads\/2022\/12\/GEOSEM-NOU-300x97.jpg\" alt=\"\" width=\"188\" height=\"61\" srcset=\"https:\/\/vivasem.ro\/wp-content\/uploads\/2022\/12\/GEOSEM-NOU-300x97.jpg 300w, https:\/\/vivasem.ro\/wp-content\/uploads\/2022\/12\/GEOSEM-NOU-150x49.jpg 150w, https:\/\/vivasem.ro\/wp-content\/uploads\/2022\/12\/GEOSEM-NOU-248x80.jpg 248w, https:\/\/vivasem.ro\/wp-content\/uploads\/2022\/12\/GEOSEM-NOU.jpg 413w\" sizes=\"auto, (max-width: 188px) 100vw, 188px\" \/><\/span><\/h6>\n<h6><span style=\"color: #333399;\">Hibrid<\/span><span style=\"color: #0000ff;\">\u00a0de tomate bulgare\u0219ti <span style=\"color: #ff0000;\">cu fructe ovale,mari, cu o greutate medie de 150-200 de grame \u0219i un gust\u00a0 bun .<\/span><\/span><\/h6>\n<h6><span style=\"color: #0000ff;\">P<\/span><span style=\"color: #0000ff;\">lantele sunt nedeterminate, viguroase \u0219i formeaz\u0103 ciorchini de 4-6 fructe pe etaj.<\/span><\/h6>\n<h6><span style=\"color: #000080;\">Fructele tomatelor au o forma unei mingi de rugby, de unde \u0219i numele, sunt netede , de culoare roz spre ro\u0219u \u0219i au o bun\u0103 rezisten\u021b\u0103 la cr\u0103pare.<\/span><\/h6>\n<h6><span style=\"color: #0000ff;\">Se preteaza atat pentru cultivarea din c\u00e2mp , spa\u021bii deschise dar \u0219i \u00een cultur\u0103 protejat\u0103, solarii,sere,etc.<\/span><\/h6>\n<h6><span style=\"color: #ff0000;\">Destinat \u00een special consumului in stare proaspat\u0103,dar \u0219i pentru conservat.<\/span><\/h6>\n<h6><span style=\"color: #0000ff;\">Tomatele\u00a0<strong>Rugby<\/strong>\u00a0<strong>F1<\/strong>\u00a0prezinta multiple rezistente precum: virusul mozaicului, fusarioza, verticilium.<\/span><\/h6>\n<h6><span style=\"color: #0000ff;\">Tomatele\u00a0<strong>Rugby<\/strong>\u00a0<strong>F1\u00a0<\/strong>se remarca \u0219i printr-o productivitate destul de ridicat\u0103.<\/span><\/h6>\n<hr \/>\n<p>&nbsp;<\/p>\n","protected":false},"excerpt":{"rendered":"<h6><span style=\"color: #0000ff;\">25 SEMIN\u021aE<img loading=\"lazy\" decoding=\"async\" class=\"alignnone wp-image-5567\" src=\"https:\/\/vivasem.ro\/wp-content\/uploads\/2021\/11\/NOU3.jpg\" alt=\"\" width=\"61\" height=\"59\" srcset=\"https:\/\/vivasem.ro\/wp-content\/uploads\/2021\/11\/NOU3.jpg 270w, https:\/\/vivasem.ro\/wp-content\/uploads\/2021\/11\/NOU3-248x241.jpg 248w\" sizes=\"auto, (max-width: 61px) 100vw, 61px\" \/><\/span><\/h6>\n<h6><span style=\"color: #ff00ff;\">TIMPURIU \u0218I FOARTE GUSTOS<\/span><\/h6>\n","protected":false},"featured_media":17688,"comment_status":"open","ping_status":"closed","template":"","meta":{"site-sidebar-layout":"default","site-content-layout":"default","ast-site-content-layout":"default","site-content-style":"default","site-sidebar-style":"default","ast-global-header-display":"","ast-banner-title-visibility":"","ast-main-header-display":"","ast-hfb-above-header-display":"","ast-hfb-below-header-display":"","ast-hfb-mobile-header-display":"","site-post-title":"","ast-breadcrumbs-content":"","ast-featured-img":"","footer-sml-layout":"","ast-disable-related-posts":"","theme-transparent-header-meta":"default","adv-header-id-meta":"","stick-header-meta":"","header-above-stick-meta":"","header-main-stick-meta":"","header-below-stick-meta":"","astra-migrate-meta-layouts":"set","ast-page-background-enabled":"default","ast-page-background-meta":{"desktop":{"background-color":"var(--ast-global-color-4)","background-image":"","background-repeat":"repeat","background-position":"center center","background-size":"auto","background-attachment":"scroll","background-type":"","background-media":"","overlay-type":"","overlay-color":"","overlay-opacity":"","overlay-gradient":""},"tablet":{"background-color":"","background-image":"","background-repeat":"repeat","background-position":"center center","background-size":"auto","background-attachment":"scroll","background-type":"","background-media":"","overlay-type":"","overlay-color":"","overlay-opacity":"","overlay-gradient":""},"mobile":{"background-color":"","background-image":"","background-repeat":"repeat","background-position":"center center","background-size":"auto","background-attachment":"scroll","background-type":"","background-media":"","overlay-type":"","overlay-color":"","overlay-opacity":"","overlay-gradient":""}},"ast-content-background-meta":{"desktop":{"background-color":"var(--ast-global-color-5)","background-image":"","background-repeat":"repeat","background-position":"center center","background-size":"auto","background-attachment":"scroll","background-type":"","background-media":"","overlay-type":"","overlay-color":"","overlay-opacity":"","overlay-gradient":""},"tablet":{"background-color":"var(--ast-global-color-5)","background-image":"","background-repeat":"repeat","background-position":"center center","background-size":"auto","background-attachment":"scroll","background-type":"","background-media":"","overlay-type":"","overlay-color":"","overlay-opacity":"","overlay-gradient":""},"mobile":{"background-color":"var(--ast-global-color-5)","background-image":"","background-repeat":"repeat","background-position":"center center","background-size":"auto","background-attachment":"scroll","background-type":"","background-media":"","overlay-type":"","overlay-color":"","overlay-opacity":"","overlay-gradient":""}}},"product_brand":[],"product_cat":[110,150],"product_tag":[],"class_list":{"0":"post-17553","1":"product","2":"type-product","3":"status-publish","4":"has-post-thumbnail","6":"product_cat-tomate-hibrid","7":"product_cat-hibrizi-bulgaresti","8":"desktop-align-left","9":"tablet-align-left","10":"mobile-align-left","12":"first","13":"instock","14":"taxable","15":"shipping-taxable","16":"purchasable","17":"product-type-simple"},"_links":{"self":[{"href":"https:\/\/vivasem.ro\/index.php?rest_route=\/wp\/v2\/product\/17553","targetHints":{"allow":["GET"]}}],"collection":[{"href":"https:\/\/vivasem.ro\/index.php?rest_route=\/wp\/v2\/product"}],"about":[{"href":"https:\/\/vivasem.ro\/index.php?rest_route=\/wp\/v2\/types\/product"}],"replies":[{"embeddable":true,"href":"https:\/\/vivasem.ro\/index.php?rest_route=%2Fwp%2Fv2%2Fcomments&post=17553"}],"wp:featuredmedia":[{"embeddable":true,"href":"https:\/\/vivasem.ro\/index.php?rest_route=\/wp\/v2\/media\/17688"}],"wp:attachment":[{"href":"https:\/\/vivasem.ro\/index.php?rest_route=%2Fwp%2Fv2%2Fmedia&parent=17553"}],"wp:term":[{"taxonomy":"product_brand","embeddable":true,"href":"https:\/\/vivasem.ro\/index.php?rest_route=%2Fwp%2Fv2%2Fproduct_brand&post=17553"},{"taxonomy":"product_cat","embeddable":true,"href":"https:\/\/vivasem.ro\/index.php?rest_route=%2Fwp%2Fv2%2Fproduct_cat&post=17553"},{"taxonomy":"product_tag","embeddable":true,"href":"https:\/\/vivasem.ro\/index.php?rest_route=%2Fwp%2Fv2%2Fproduct_tag&post=17553"}],"curies":[{"name":"wp","href":"https:\/\/api.w.org\/{rel}","templated":true}]}}