{"id":17544,"date":"2025-11-24T08:34:36","date_gmt":"2025-11-24T06:34:36","guid":{"rendered":"https:\/\/vivasem.ro\/?post_type=product&#038;p=17544"},"modified":"2026-03-06T01:52:34","modified_gmt":"2026-03-05T23:52:34","slug":"_-rozalina-rossa-f1-geosem-bulgaria-25s","status":"publish","type":"product","link":"https:\/\/vivasem.ro\/?product=_-rozalina-rossa-f1-geosem-bulgaria-25s","title":{"rendered":"ROZALINA ROSSA F1 (Geosem-Bulgaria) 25s"},"content":{"rendered":"<h6><span style=\"color: #ff0000;\"><strong><u>ROZALINA ROSSA F1 ,<\/u><\/strong><\/span><\/h6>\n<h6><span style=\"color: #ff0000;\"><span class=\"post-meta-key\">Produs \u0219i ambalat de :GEOSEM SELECT -Bulgaria<\/span>,<img loading=\"lazy\" decoding=\"async\" class=\"alignnone wp-image-17542\" src=\"https:\/\/vivasem.ro\/wp-content\/uploads\/2022\/12\/GEOSEM-NOU-300x97.jpg\" alt=\"\" width=\"188\" height=\"61\" srcset=\"https:\/\/vivasem.ro\/wp-content\/uploads\/2022\/12\/GEOSEM-NOU-300x97.jpg 300w, https:\/\/vivasem.ro\/wp-content\/uploads\/2022\/12\/GEOSEM-NOU-150x49.jpg 150w, https:\/\/vivasem.ro\/wp-content\/uploads\/2022\/12\/GEOSEM-NOU-248x80.jpg 248w, https:\/\/vivasem.ro\/wp-content\/uploads\/2022\/12\/GEOSEM-NOU.jpg 413w\" sizes=\"auto, (max-width: 188px) 100vw, 188px\" \/><\/span><\/h6>\n<h6><span style=\"color: #333399;\">Hibrid\u00a0 nedeterminat, pentru produc\u021bia in spa\u021bii protejate (sere, solarii) c\u00e2t \u0219i in aer liber.<\/span><\/h6>\n<h6><span style=\"color: #ff0000;\">Fructele sunt roz, au o greutate de aproximativ 150-170 grame, de form\u0103 rotund-turtit\u0103. sunt netede,fara capac verde, excelente la gust, <\/span><\/h6>\n<h6><span style=\"color: #ff0000;\">Pulpa este ferm\u0103,astfel\u00a0 fructele fiind rezistente la cr\u0103pare, p\u0103strare \u0219i transport .<\/span><\/h6>\n<h6><span style=\"color: #333399;\">Este recomandat pentru produc\u021bia <\/span><span style=\"color: #333399;\">\u00een gr\u0103din\u0103, \u00een c\u00e2mp, c\u00e2t \u0219i \u00ee<\/span><span style=\"color: #333399;\">n spa\u021bii protejate (sere si solarii). <\/span><\/h6>\n<h6><span style=\"color: #ff0000;\">Hibrid rezistent la virusul Mozaicului tutunului, Verticilium \u0219i Fusarioz\u0103 .<\/span><\/h6>\n<h6><span style=\"color: #333399;\">Destinat \u00een special consumului in stare proaspat\u0103,dar \u0219i pentru conservat.<\/span><\/h6>\n<h6><span style=\"color: #333399;\">Plantare: 80\/35 cm, palisat.<\/span><\/h6>\n<h6><span style=\"color: #003366;\"><strong>Hibridul Rozalina Rossa F1 <\/strong>are o rezistenta la depozitare de peste 10 zile.<\/span><\/h6>\n<p>&nbsp;<\/p>\n<p>&nbsp;<\/p>\n","protected":false},"excerpt":{"rendered":"<h6><span style=\"color: #0000ff;\">25 SEMIN\u021aE<img loading=\"lazy\" decoding=\"async\" class=\"alignnone wp-image-5567\" src=\"https:\/\/vivasem.ro\/wp-content\/uploads\/2021\/11\/NOU3.jpg\" alt=\"\" width=\"61\" height=\"59\" srcset=\"https:\/\/vivasem.ro\/wp-content\/uploads\/2021\/11\/NOU3.jpg 270w, https:\/\/vivasem.ro\/wp-content\/uploads\/2021\/11\/NOU3-248x241.jpg 248w\" sizes=\"auto, (max-width: 61px) 100vw, 61px\" \/><\/span><\/h6>\n<h6><span style=\"color: #ff00ff;\">EXTRATIMPURIU \u0218I FOARTE GUSTOS<\/span><\/h6>\n","protected":false},"featured_media":17689,"comment_status":"open","ping_status":"closed","template":"","meta":{"site-sidebar-layout":"default","site-content-layout":"default","ast-site-content-layout":"default","site-content-style":"default","site-sidebar-style":"default","ast-global-header-display":"","ast-banner-title-visibility":"","ast-main-header-display":"","ast-hfb-above-header-display":"","ast-hfb-below-header-display":"","ast-hfb-mobile-header-display":"","site-post-title":"","ast-breadcrumbs-content":"","ast-featured-img":"","footer-sml-layout":"","ast-disable-related-posts":"","theme-transparent-header-meta":"default","adv-header-id-meta":"","stick-header-meta":"","header-above-stick-meta":"","header-main-stick-meta":"","header-below-stick-meta":"","astra-migrate-meta-layouts":"set","ast-page-background-enabled":"default","ast-page-background-meta":{"desktop":{"background-color":"var(--ast-global-color-4)","background-image":"","background-repeat":"repeat","background-position":"center center","background-size":"auto","background-attachment":"scroll","background-type":"","background-media":"","overlay-type":"","overlay-color":"","overlay-opacity":"","overlay-gradient":""},"tablet":{"background-color":"","background-image":"","background-repeat":"repeat","background-position":"center center","background-size":"auto","background-attachment":"scroll","background-type":"","background-media":"","overlay-type":"","overlay-color":"","overlay-opacity":"","overlay-gradient":""},"mobile":{"background-color":"","background-image":"","background-repeat":"repeat","background-position":"center center","background-size":"auto","background-attachment":"scroll","background-type":"","background-media":"","overlay-type":"","overlay-color":"","overlay-opacity":"","overlay-gradient":""}},"ast-content-background-meta":{"desktop":{"background-color":"var(--ast-global-color-5)","background-image":"","background-repeat":"repeat","background-position":"center center","background-size":"auto","background-attachment":"scroll","background-type":"","background-media":"","overlay-type":"","overlay-color":"","overlay-opacity":"","overlay-gradient":""},"tablet":{"background-color":"var(--ast-global-color-5)","background-image":"","background-repeat":"repeat","background-position":"center center","background-size":"auto","background-attachment":"scroll","background-type":"","background-media":"","overlay-type":"","overlay-color":"","overlay-opacity":"","overlay-gradient":""},"mobile":{"background-color":"var(--ast-global-color-5)","background-image":"","background-repeat":"repeat","background-position":"center center","background-size":"auto","background-attachment":"scroll","background-type":"","background-media":"","overlay-type":"","overlay-color":"","overlay-opacity":"","overlay-gradient":""}}},"product_brand":[],"product_cat":[110,150],"product_tag":[],"class_list":{"0":"post-17544","1":"product","2":"type-product","3":"status-publish","4":"has-post-thumbnail","6":"product_cat-tomate-hibrid","7":"product_cat-hibrizi-bulgaresti","8":"desktop-align-left","9":"tablet-align-left","10":"mobile-align-left","12":"first","13":"instock","14":"taxable","15":"shipping-taxable","16":"purchasable","17":"product-type-simple"},"_links":{"self":[{"href":"https:\/\/vivasem.ro\/index.php?rest_route=\/wp\/v2\/product\/17544","targetHints":{"allow":["GET"]}}],"collection":[{"href":"https:\/\/vivasem.ro\/index.php?rest_route=\/wp\/v2\/product"}],"about":[{"href":"https:\/\/vivasem.ro\/index.php?rest_route=\/wp\/v2\/types\/product"}],"replies":[{"embeddable":true,"href":"https:\/\/vivasem.ro\/index.php?rest_route=%2Fwp%2Fv2%2Fcomments&post=17544"}],"wp:featuredmedia":[{"embeddable":true,"href":"https:\/\/vivasem.ro\/index.php?rest_route=\/wp\/v2\/media\/17689"}],"wp:attachment":[{"href":"https:\/\/vivasem.ro\/index.php?rest_route=%2Fwp%2Fv2%2Fmedia&parent=17544"}],"wp:term":[{"taxonomy":"product_brand","embeddable":true,"href":"https:\/\/vivasem.ro\/index.php?rest_route=%2Fwp%2Fv2%2Fproduct_brand&post=17544"},{"taxonomy":"product_cat","embeddable":true,"href":"https:\/\/vivasem.ro\/index.php?rest_route=%2Fwp%2Fv2%2Fproduct_cat&post=17544"},{"taxonomy":"product_tag","embeddable":true,"href":"https:\/\/vivasem.ro\/index.php?rest_route=%2Fwp%2Fv2%2Fproduct_tag&post=17544"}],"curies":[{"name":"wp","href":"https:\/\/api.w.org\/{rel}","templated":true}]}}