{"id":17344,"date":"2025-11-20T07:42:59","date_gmt":"2025-11-20T05:42:59","guid":{"rendered":"https:\/\/vivasem.ro\/?post_type=product&#038;p=17344"},"modified":"2026-03-20T08:23:34","modified_gmt":"2026-03-20T06:23:34","slug":"castraveti-elvinara-rz-f1","status":"publish","type":"product","link":"https:\/\/vivasem.ro\/?product=castraveti-elvinara-rz-f1","title":{"rendered":"Castraveti ELVINARA RZ F1"},"content":{"rendered":"<h6><span style=\"color: #ff0000;\">Castrave\u021bi ELVINARA RZ F1\u00a0 \u00a0 \u00a0 \u00a0 \u00a0 \u00a0 \u00a0 \u00a0 \u00a0 \u00a0 \u00a0 \u00a0 \u00a0 \u00a0 \u00a0 \u00a0 \u00a0 \u00a0 \u00a0 \u00a0 \u00a0 \u00a0 \u00a0 \u00a0 \u00a0 \u00a0 \u00a0 \u00a0 \u00a0 \u00a0 \u00a0 \u00a0 <img loading=\"lazy\" decoding=\"async\" class=\"alignnone size-medium wp-image-14882\" src=\"https:\/\/vivasem.ro\/wp-content\/uploads\/2022\/03\/RIJK-ZWAAN-300x71.jpg\" alt=\"\" width=\"300\" height=\"71\" srcset=\"https:\/\/vivasem.ro\/wp-content\/uploads\/2022\/03\/RIJK-ZWAAN-300x71.jpg 300w, https:\/\/vivasem.ro\/wp-content\/uploads\/2022\/03\/RIJK-ZWAAN-248x58.jpg 248w, https:\/\/vivasem.ro\/wp-content\/uploads\/2022\/03\/RIJK-ZWAAN-150x35.jpg 150w, https:\/\/vivasem.ro\/wp-content\/uploads\/2022\/03\/RIJK-ZWAAN.jpg 526w\" sizes=\"auto, (max-width: 300px) 100vw, 300px\" \/><\/span><\/h6>\n<h6><span style=\"color: #ff0000;\">Produc\u0103tor semin\u021be:Rijk Zwaan.Olanda,<\/span><\/h6>\n<h6><\/h6>\n<h6><span style=\"color: #333399;\">Elvinara RZ F1 este un hibrid nou, <\/span><span style=\"color: #333399;\">de tip &#8222;Blue Leaf&#8221;\u00a0<\/span><span style=\"color: #333399;\">, partenocarpic, de tip multifruct, foarte productiv \u0219i timpuriu, <\/span><span style=\"color: #333399;\">potrivit pentru ciclul I si II.<\/span><\/h6>\n<h6><span style=\"color: #ff0000;\">Hibrid partenocarpic de castrave\u021bi cornichon, cu \u021bepi, foarte productiv \u0219i timpuriu.<\/span><\/h6>\n<h6><span style=\"color: #000080;\">Plant\u0103 aerisit\u0103, necesit\u0103 un volum sc\u0103zut de lucr\u0103ri \u00een verde, cu frunze de tip blue leaf.<\/span><\/h6>\n<h6><span style=\"color: #000080;\">Fructificare pe tulpina principal\u0103, 3-4 castrave\u021bi\/axil\u0103.<\/span><\/h6>\n<h6><span style=\"color: #000080;\">Fructe cilindrice, cu \u021bepi , u\u0219or de recoltat, de culoare verde \u00eenchis.<\/span><\/h6>\n<h6><span style=\"color: #000080;\">Fructele sunt crocante \u0219i uniforme, sub\u021biri chiar \u0219i la dimensiuni mari de p\u00e2n\u0103 la 12-14 cm.<\/span><\/h6>\n<h6><span style=\"color: #000080;\">Raportul lungime:diametru este 3,8:1.<\/span><\/h6>\n<h6><span style=\"color: #000080;\">Procent ridicat de fructe de calitatea I cu rezisten\u021b\u0103 foarte bun\u0103 dup\u0103 recoltat.<\/span><\/h6>\n<h6><span style=\"color: #000080;\">Calitatea intern\u0103 a fructelor este excelent\u0103.<\/span><\/h6>\n<h6><span style=\"color: #333399;\">Spre deosebire de al\u021bi hibrizi, Elvinara RZ F1, ofer\u0103 productivitate \u0219i pe timpul verii.<\/span><\/h6>\n<h6><span style=\"color: #ff0000;\">Rezisten\u021b\u0103 ridicat\u0103 la:<\/span><\/h6>\n<h6><span style=\"color: #ff0000;\">Ccu &#8211; cladosporioza castrave\u021bilor<\/span><\/h6>\n<h6><span style=\"color: #ff0000;\">Px &#8211; f\u0103inarea castrave\u021bilor<\/span><\/h6>\n<h6><span style=\"color: #ff0000;\">Rezisten\u021b\u0103 intermediar\u0103 la:<\/span><\/h6>\n<h6><span style=\"color: #ff0000;\">CMV &#8211; virusul mozaicului la castrave\u021bi<\/span><\/h6>\n<h6><span style=\"color: #ff0000;\">CVYV &#8211; virusul galben al nervurilor la castrave\u021bi<\/span><\/h6>\n<h6><span style=\"color: #000080;\"> DE CULTIVAT \u00ceN C\u00c2MP, GR\u0102DIN\u0102 ,SERE \u0218I SOLAR.<\/span><\/h6>\n<h6><span style=\"color: #000080;\">Schema de plantare:<\/span><br \/>\n<span style=\"color: #000080;\">\u2013 2,0-2,4 plante\/ m2<\/span><\/h6>\n<h6><span style=\"color: #333399;\">Castrave\u021bii &#8222;Blue Leaf&#8221; sunt un tip de hibrizi de castrave\u021bi, recunoscu\u021bi pentru frunzele lor de culoare verde-alb\u0103struie, care \u00eei diferen\u021biaz\u0103 de alte soiuri. Ace\u0219ti hibrizi sunt dezvolta\u021bi de produc\u0103tori precum Rijk Zwaan \u0219i sunt cunoscu\u021bi pentru performan\u021ba ridicat\u0103, rezisten\u021ba la anumite boli \u0219i productivitatea bun\u0103, fiind cultiva\u021bi \u00een sere sau \u00een c\u00e2mp deschis, \u00een func\u021bie de hibrid.<\/span><\/h6>\n<p>https:\/\/www.tiktok.com\/@cristimarin.ing.horticol\/video\/7493587932427635990<\/p>\n","protected":false},"excerpt":{"rendered":"<h6><span style=\"color: #ff00ff;\">FRUCTE DE CALITATE \u00ceNALT\u0102, PRODUCTIVITATE \u00ceNALT\u0102!<\/span><\/h6>\n<h6><span style=\"color: #0000ff;\"><img loading=\"lazy\" decoding=\"async\" class=\"alignnone wp-image-5567\" src=\"https:\/\/vivasem.ro\/wp-content\/uploads\/2021\/11\/NOU3.jpg\" alt=\"\" width=\"66\" height=\"64\" srcset=\"https:\/\/vivasem.ro\/wp-content\/uploads\/2021\/11\/NOU3.jpg 270w, https:\/\/vivasem.ro\/wp-content\/uploads\/2021\/11\/NOU3-248x241.jpg 248w\" sizes=\"auto, (max-width: 66px) 100vw, 66px\" \/>VEZI VIDEOCLIP !<\/span><\/h6>\n<h6><\/h6>\n","protected":false},"featured_media":17354,"comment_status":"open","ping_status":"closed","template":"","meta":{"site-sidebar-layout":"default","site-content-layout":"default","ast-site-content-layout":"default","site-content-style":"default","site-sidebar-style":"default","ast-global-header-display":"","ast-banner-title-visibility":"","ast-main-header-display":"","ast-hfb-above-header-display":"","ast-hfb-below-header-display":"","ast-hfb-mobile-header-display":"","site-post-title":"","ast-breadcrumbs-content":"","ast-featured-img":"","footer-sml-layout":"","ast-disable-related-posts":"","theme-transparent-header-meta":"default","adv-header-id-meta":"","stick-header-meta":"","header-above-stick-meta":"","header-main-stick-meta":"","header-below-stick-meta":"","astra-migrate-meta-layouts":"set","ast-page-background-enabled":"default","ast-page-background-meta":{"desktop":{"background-color":"var(--ast-global-color-4)","background-image":"","background-repeat":"repeat","background-position":"center center","background-size":"auto","background-attachment":"scroll","background-type":"","background-media":"","overlay-type":"","overlay-color":"","overlay-opacity":"","overlay-gradient":""},"tablet":{"background-color":"","background-image":"","background-repeat":"repeat","background-position":"center center","background-size":"auto","background-attachment":"scroll","background-type":"","background-media":"","overlay-type":"","overlay-color":"","overlay-opacity":"","overlay-gradient":""},"mobile":{"background-color":"","background-image":"","background-repeat":"repeat","background-position":"center center","background-size":"auto","background-attachment":"scroll","background-type":"","background-media":"","overlay-type":"","overlay-color":"","overlay-opacity":"","overlay-gradient":""}},"ast-content-background-meta":{"desktop":{"background-color":"var(--ast-global-color-5)","background-image":"","background-repeat":"repeat","background-position":"center center","background-size":"auto","background-attachment":"scroll","background-type":"","background-media":"","overlay-type":"","overlay-color":"","overlay-opacity":"","overlay-gradient":""},"tablet":{"background-color":"var(--ast-global-color-5)","background-image":"","background-repeat":"repeat","background-position":"center center","background-size":"auto","background-attachment":"scroll","background-type":"","background-media":"","overlay-type":"","overlay-color":"","overlay-opacity":"","overlay-gradient":""},"mobile":{"background-color":"var(--ast-global-color-5)","background-image":"","background-repeat":"repeat","background-position":"center center","background-size":"auto","background-attachment":"scroll","background-type":"","background-media":"","overlay-type":"","overlay-color":"","overlay-opacity":"","overlay-gradient":""}}},"product_brand":[],"product_cat":[147,83],"product_tag":[],"class_list":{"0":"post-17344","1":"product","2":"type-product","3":"status-publish","4":"has-post-thumbnail","6":"product_cat-02-castraveti","7":"product_cat-castraveti-hibrid","8":"pa_cantitate-10-seminte","9":"pa_cantitate-100-seminte","10":"pa_cantitate-200-seminte","11":"pa_cantitate-25-seminte","12":"pa_cantitate-250-seminte","13":"pa_cantitate-5-seminte","14":"pa_cantitate-50-seminte","15":"pa_cantitate-500-seminte","16":"desktop-align-left","17":"tablet-align-left","18":"mobile-align-left","20":"first","21":"instock","22":"sale","23":"taxable","24":"shipping-taxable","25":"purchasable","26":"product-type-variable"},"_links":{"self":[{"href":"https:\/\/vivasem.ro\/index.php?rest_route=\/wp\/v2\/product\/17344","targetHints":{"allow":["GET"]}}],"collection":[{"href":"https:\/\/vivasem.ro\/index.php?rest_route=\/wp\/v2\/product"}],"about":[{"href":"https:\/\/vivasem.ro\/index.php?rest_route=\/wp\/v2\/types\/product"}],"replies":[{"embeddable":true,"href":"https:\/\/vivasem.ro\/index.php?rest_route=%2Fwp%2Fv2%2Fcomments&post=17344"}],"wp:featuredmedia":[{"embeddable":true,"href":"https:\/\/vivasem.ro\/index.php?rest_route=\/wp\/v2\/media\/17354"}],"wp:attachment":[{"href":"https:\/\/vivasem.ro\/index.php?rest_route=%2Fwp%2Fv2%2Fmedia&parent=17344"}],"wp:term":[{"taxonomy":"product_brand","embeddable":true,"href":"https:\/\/vivasem.ro\/index.php?rest_route=%2Fwp%2Fv2%2Fproduct_brand&post=17344"},{"taxonomy":"product_cat","embeddable":true,"href":"https:\/\/vivasem.ro\/index.php?rest_route=%2Fwp%2Fv2%2Fproduct_cat&post=17344"},{"taxonomy":"product_tag","embeddable":true,"href":"https:\/\/vivasem.ro\/index.php?rest_route=%2Fwp%2Fv2%2Fproduct_tag&post=17344"}],"curies":[{"name":"wp","href":"https:\/\/api.w.org\/{rel}","templated":true}]}}