{"id":17341,"date":"2025-11-19T14:07:42","date_gmt":"2025-11-19T12:07:42","guid":{"rendered":"https:\/\/vivasem.ro\/?post_type=product&#038;p=17341"},"modified":"2026-03-02T12:01:37","modified_gmt":"2026-03-02T10:01:37","slug":"ardei-iute-cayenne-long-slim","status":"publish","type":"product","link":"https:\/\/vivasem.ro\/?product=ardei-iute-cayenne-long-slim","title":{"rendered":"ARDEI IUTE  CAYENNE LONG SLIM"},"content":{"rendered":"<h6><span style=\"color: #ff0000;\"><u><b>ARDEI IUTE \u00a0CAYENNE LONG SLIM \/PICCANTE DI CAYENNA\/DE CAYENNE-HORTI TOPS OLANDA<\/b>,<\/u><\/span><\/h6>\n<h6><strong>DINTRE CEI MAI CULTIVA\u021aI ARDEI, CU FRUCTE LUNGI DE 8-15 centimetrii .<\/strong><\/h6>\n<h6><span style=\"color: #0000ff;\"><strong>INTENSITATEA IU\u021aELII ESTE MEDIE, \u00ceNTRE 10.000 \u0218I 15.000 grade SCOVILLE, DE ACEEA ESTE MULT CONSUMAT, AT\u00c2T \u00ceN STARE PROASP\u0102T\u0102,C\u00c2T \u0218I MURAT.<\/strong><\/span><\/h6>\n<h6><strong>SUNT IU\u021aI \u0218I VERZI \u0218I LA MATURITATE, <\/strong>CAND AU CULOAREA RO\u0218U INCHIS, AROMA\u021aI, CU GUST INTENS .<\/h6>\n<h6>SOI CE FACE SEMIN\u021aE DESTUL DE PU\u021aINE.<\/h6>\n<h6>VARIETATE LA CARE <span style=\"color: #0000ff;\">PLANTELE SUNT PUTERNICE,\u00a0 FOARTE PRODUCTIVE,\u00a0 \u00a0DE \u00ceNAL\u021aIME MEDIE.<\/span><\/h6>\n<ul>\n<li>varietate semi timpurie<\/li>\n<li>planta foarte bine ramificata cu frunze mici si numeroase si cu o buna recolta<\/li>\n<li>produce multe fructe iuti, lungi si subtiri, de culoare rosie la maturitatea deplina<\/li>\n<li>fructele se pot usca pentru obtinerea pudrei de boia iute<\/li>\n<li>cca 150 seminte\/gram<\/li>\n<li>semanare in rasadnita: martie-iunie<\/li>\n<li>transplantare: aprilie-iulie<\/li>\n<li>recoltare: iunie-noiembrie<\/li>\n<\/ul>\n<h6><\/h6>\n<h6><\/h6>\n","protected":false},"excerpt":{"rendered":"<h6><span style=\"color: #0000ff;\">1,5 grame\/200-225 SEMIN\u021aE<\/span><\/h6>\n<h6><span style=\"color: #ff0000;\">MEDIU IUTE<\/span><\/h6>\n<h6><\/h6>\n","protected":false},"featured_media":17342,"comment_status":"open","ping_status":"closed","template":"","meta":{"site-sidebar-layout":"default","site-content-layout":"default","ast-site-content-layout":"default","site-content-style":"default","site-sidebar-style":"default","ast-global-header-display":"","ast-banner-title-visibility":"","ast-main-header-display":"","ast-hfb-above-header-display":"","ast-hfb-below-header-display":"","ast-hfb-mobile-header-display":"","site-post-title":"","ast-breadcrumbs-content":"","ast-featured-img":"","footer-sml-layout":"","ast-disable-related-posts":"","theme-transparent-header-meta":"default","adv-header-id-meta":"","stick-header-meta":"","header-above-stick-meta":"","header-main-stick-meta":"","header-below-stick-meta":"","astra-migrate-meta-layouts":"set","ast-page-background-enabled":"default","ast-page-background-meta":{"desktop":{"background-color":"var(--ast-global-color-4)","background-image":"","background-repeat":"repeat","background-position":"center center","background-size":"auto","background-attachment":"scroll","background-type":"","background-media":"","overlay-type":"","overlay-color":"","overlay-opacity":"","overlay-gradient":""},"tablet":{"background-color":"","background-image":"","background-repeat":"repeat","background-position":"center center","background-size":"auto","background-attachment":"scroll","background-type":"","background-media":"","overlay-type":"","overlay-color":"","overlay-opacity":"","overlay-gradient":""},"mobile":{"background-color":"","background-image":"","background-repeat":"repeat","background-position":"center center","background-size":"auto","background-attachment":"scroll","background-type":"","background-media":"","overlay-type":"","overlay-color":"","overlay-opacity":"","overlay-gradient":""}},"ast-content-background-meta":{"desktop":{"background-color":"var(--ast-global-color-5)","background-image":"","background-repeat":"repeat","background-position":"center center","background-size":"auto","background-attachment":"scroll","background-type":"","background-media":"","overlay-type":"","overlay-color":"","overlay-opacity":"","overlay-gradient":""},"tablet":{"background-color":"var(--ast-global-color-5)","background-image":"","background-repeat":"repeat","background-position":"center center","background-size":"auto","background-attachment":"scroll","background-type":"","background-media":"","overlay-type":"","overlay-color":"","overlay-opacity":"","overlay-gradient":""},"mobile":{"background-color":"var(--ast-global-color-5)","background-image":"","background-repeat":"repeat","background-position":"center center","background-size":"auto","background-attachment":"scroll","background-type":"","background-media":"","overlay-type":"","overlay-color":"","overlay-opacity":"","overlay-gradient":""}}},"product_brand":[],"product_cat":[111],"product_tag":[],"class_list":{"0":"post-17341","1":"product","2":"type-product","3":"status-publish","4":"has-post-thumbnail","6":"product_cat-ardei-iute","7":"desktop-align-left","8":"tablet-align-left","9":"mobile-align-left","11":"first","12":"instock","13":"taxable","14":"shipping-taxable","15":"purchasable","16":"product-type-simple"},"_links":{"self":[{"href":"https:\/\/vivasem.ro\/index.php?rest_route=\/wp\/v2\/product\/17341","targetHints":{"allow":["GET"]}}],"collection":[{"href":"https:\/\/vivasem.ro\/index.php?rest_route=\/wp\/v2\/product"}],"about":[{"href":"https:\/\/vivasem.ro\/index.php?rest_route=\/wp\/v2\/types\/product"}],"replies":[{"embeddable":true,"href":"https:\/\/vivasem.ro\/index.php?rest_route=%2Fwp%2Fv2%2Fcomments&post=17341"}],"wp:featuredmedia":[{"embeddable":true,"href":"https:\/\/vivasem.ro\/index.php?rest_route=\/wp\/v2\/media\/17342"}],"wp:attachment":[{"href":"https:\/\/vivasem.ro\/index.php?rest_route=%2Fwp%2Fv2%2Fmedia&parent=17341"}],"wp:term":[{"taxonomy":"product_brand","embeddable":true,"href":"https:\/\/vivasem.ro\/index.php?rest_route=%2Fwp%2Fv2%2Fproduct_brand&post=17341"},{"taxonomy":"product_cat","embeddable":true,"href":"https:\/\/vivasem.ro\/index.php?rest_route=%2Fwp%2Fv2%2Fproduct_cat&post=17341"},{"taxonomy":"product_tag","embeddable":true,"href":"https:\/\/vivasem.ro\/index.php?rest_route=%2Fwp%2Fv2%2Fproduct_tag&post=17341"}],"curies":[{"name":"wp","href":"https:\/\/api.w.org\/{rel}","templated":true}]}}