{"id":17327,"date":"2025-11-18T11:26:09","date_gmt":"2025-11-18T09:26:09","guid":{"rendered":"https:\/\/vivasem.ro\/?post_type=product&#038;p=17327"},"modified":"2025-11-23T09:05:51","modified_gmt":"2025-11-23T07:05:51","slug":"ardei-capia-kaptur-f1-seminis-copie","status":"publish","type":"product","link":"https:\/\/vivasem.ro\/?product=ardei-capia-kaptur-f1-seminis-copie","title":{"rendered":"ARDEI CAPIA KUBAT F1 (Seminis)"},"content":{"rendered":"<h6 style=\"text-align: left;\"><span style=\"color: #ff0000;\"><u>ARDEI CAPIA KUBAT F1 ,\u00a0<\/u><\/span> \u00a0\u00a0 \u00a0\u00a0 \u00a0\u00a0 \u00a0\u00a0 \u00a0\u00a0 \u00a0\u00a0 \u00a0\u00a0 \u00a0\u00a0 \u00a0\u00a0 \u00a0\u00a0 \u00a0\u00a0 \u00a0\u00a0 \u00a0\u00a0 \u00a0\u00a0 \u00a0\u00a0 \u00a0\u00a0 \u00a0\u00a0 \u00a0\u00a0 \u00a0\u00a0 \u00a0\u00a0 \u00a0\u00a0 \u00a0\u00a0 \u00a0\u00a0 \u00a0\u00a0 \u00a0\u00a0 <img loading=\"lazy\" decoding=\"async\" class=\"alignnone wp-image-14218\" src=\"https:\/\/vivasem.ro\/wp-content\/uploads\/2023\/11\/SEMINIS-BAYER-300x105.png\" alt=\"\" width=\"183\" height=\"64\" srcset=\"https:\/\/vivasem.ro\/wp-content\/uploads\/2023\/11\/SEMINIS-BAYER-300x105.png 300w, https:\/\/vivasem.ro\/wp-content\/uploads\/2023\/11\/SEMINIS-BAYER-248x87.png 248w, https:\/\/vivasem.ro\/wp-content\/uploads\/2023\/11\/SEMINIS-BAYER-150x53.png 150w, https:\/\/vivasem.ro\/wp-content\/uploads\/2023\/11\/SEMINIS-BAYER.png 376w\" sizes=\"auto, (max-width: 183px) 100vw, 183px\" \/><\/h6>\n<h6 style=\"text-align: left;\"><span style=\"color: #ff0000;\"><u>-Produc\u0103tor semin\u021be : Monsanto Holland BV-SEMINIS,<\/u><\/span><\/h6>\n<p>https:\/\/www.youtube.com\/shorts\/DflYDSPYnVE<\/p>\n<p>https:\/\/www.youtube.com\/shorts\/EoBeniMNpOw<\/p>\n<p>https:\/\/www.youtube.com\/shorts\/KayS85w19as<\/p>\n<h6><span style=\"color: #333399;\">Hibrid nou, profesional, timpuriu, de ardei tip capia,\u00a0 cu crestere nedeterminat\u0103. <\/span><\/h6>\n<h6>\u00a0<span style=\"color: #ff0000;\">Fructele\u00a0 de dimensiuni foarte mari,de 18-19 cm lungime si greutate medie de 170-175 de grame, cu gust excelent, foarte dulce.<\/span><\/h6>\n<h6><span style=\"color: #333399;\"> Pulpa este groas\u0103 , cu un con\u021binut ridicat de substan\u021b\u0103 uscat\u0103 . <\/span><\/h6>\n<h6><span style=\"color: #333399;\">Culoarea ini\u021bial verde intens, vireaz\u0103 repede la maturitate \u00een ro\u0219u-aprins .<\/span><\/h6>\n<h6><span style=\"color: #ff0000;\">Un alt avantaj este forma plat\u0103, in 2 lobi, fapt ce faciliteaz\u0103 g\u0103tirea lor prin coacere.<\/span><\/h6>\n<h6><span style=\"color: #333399;\"><em><strong>Recomandat pentru cultura de var\u0103 \u0219i toamn\u0103, at\u00e2t \u00een c\u00e2mp, gr\u0103din\u0103, c\u00e2t \u0219i \u00een spa\u021bii protejate .<\/strong><\/em><\/span><\/h6>\n<h6><span style=\"color: #ff0000;\">KUBAT F1 , este un hibrid foarte productiv, ce se remarca prin vigoarea tulpinilor \u0219i a aparatului foliar, printr-o distan\u021b\u0103 redus\u0103 \u00eentre noduri \u0219i printr-o bun\u0103 capacitate a aparatului foliar de acoperire a fructelor.<\/span><\/h6>\n<h6><span style=\"color: #333399;\">Planta este viguroas\u0103, cu foliaj bine dezvoltat.<\/span><br \/>\n<span style=\"color: #333399;\">Fructele au o cantitate mare de substanta uscat\u0103, pretandu-se pentru industrializare , conservare, dar \u0219i consumului in stare proaspata .<\/span><\/h6>\n<h6><span style=\"color: #333399;\">Kubat F1, se remarc\u0103 \u0219i prin uniformitatea fructelor pe toat\u0103 perioada de vegeta\u0163ie \u015fi prin poten\u0163ialul deosebit de produc\u0163ie;<\/span><br \/>\n<span style=\"color: #333399;\">Este rezistent la:<\/span><\/h6>\n<h6><span style=\"color: #333399;\">\u00a0TSWV-VIRUSUL PETELOR DE BRONZ<\/span><\/h6>\n<h6><span style=\"color: #333399;\">Tm 0-Virusul mozaicului tomatelor<\/span><\/h6>\n<h6><span style=\"color: #333399;\">TM:0\/M\u0103\/Mi\/Mj. <strong>Tobamo (Tobamo Virus )<\/strong>.<\/span><\/h6>\n<h6><span style=\"color: #0000ff;\">DE CULTIVAT \u00ceN GR\u0102DIN\u0102 \u0218I \u00ceN SOLAR!<\/span><\/h6>\n<h6><\/h6>\n<p>&nbsp;<\/p>\n","protected":false},"excerpt":{"rendered":"<h6><span style=\"color: #ff00ff;\">HIBRID CU FRUCTE MARI, PRODUCTIV \u0218I REZISTENT!<\/span><\/h6>\n<h6><span style=\"color: #0000ff;\">VEZI VIDEOCLIP !<\/span><\/h6>\n","protected":false},"featured_media":17337,"comment_status":"open","ping_status":"closed","template":"","meta":{"site-sidebar-layout":"default","site-content-layout":"default","ast-site-content-layout":"default","site-content-style":"default","site-sidebar-style":"default","ast-global-header-display":"","ast-banner-title-visibility":"","ast-main-header-display":"","ast-hfb-above-header-display":"","ast-hfb-below-header-display":"","ast-hfb-mobile-header-display":"","site-post-title":"","ast-breadcrumbs-content":"","ast-featured-img":"","footer-sml-layout":"","ast-disable-related-posts":"","theme-transparent-header-meta":"default","adv-header-id-meta":"","stick-header-meta":"","header-above-stick-meta":"","header-main-stick-meta":"","header-below-stick-meta":"","astra-migrate-meta-layouts":"set","ast-page-background-enabled":"default","ast-page-background-meta":{"desktop":{"background-color":"var(--ast-global-color-4)","background-image":"","background-repeat":"repeat","background-position":"center center","background-size":"auto","background-attachment":"scroll","background-type":"","background-media":"","overlay-type":"","overlay-color":"","overlay-opacity":"","overlay-gradient":""},"tablet":{"background-color":"","background-image":"","background-repeat":"repeat","background-position":"center center","background-size":"auto","background-attachment":"scroll","background-type":"","background-media":"","overlay-type":"","overlay-color":"","overlay-opacity":"","overlay-gradient":""},"mobile":{"background-color":"","background-image":"","background-repeat":"repeat","background-position":"center center","background-size":"auto","background-attachment":"scroll","background-type":"","background-media":"","overlay-type":"","overlay-color":"","overlay-opacity":"","overlay-gradient":""}},"ast-content-background-meta":{"desktop":{"background-color":"var(--ast-global-color-5)","background-image":"","background-repeat":"repeat","background-position":"center center","background-size":"auto","background-attachment":"scroll","background-type":"","background-media":"","overlay-type":"","overlay-color":"","overlay-opacity":"","overlay-gradient":""},"tablet":{"background-color":"var(--ast-global-color-5)","background-image":"","background-repeat":"repeat","background-position":"center center","background-size":"auto","background-attachment":"scroll","background-type":"","background-media":"","overlay-type":"","overlay-color":"","overlay-opacity":"","overlay-gradient":""},"mobile":{"background-color":"var(--ast-global-color-5)","background-image":"","background-repeat":"repeat","background-position":"center center","background-size":"auto","background-attachment":"scroll","background-type":"","background-media":"","overlay-type":"","overlay-color":"","overlay-opacity":"","overlay-gradient":""}}},"product_brand":[],"product_cat":[84,145],"product_tag":[],"class_list":{"0":"post-17327","1":"product","2":"type-product","3":"status-publish","4":"has-post-thumbnail","6":"product_cat-ardei","7":"product_cat-ardei-hibrid","8":"pa_cantitate-10-seminte","9":"pa_cantitate-100-seminte","10":"pa_cantitate-200-seminte","11":"pa_cantitate-25-seminte","12":"pa_cantitate-250-seminte","13":"pa_cantitate-5-seminte","14":"pa_cantitate-50-seminte","15":"pa_cantitate-500-seminte","16":"desktop-align-left","17":"tablet-align-left","18":"mobile-align-left","20":"first","21":"instock","22":"sale","23":"taxable","24":"shipping-taxable","25":"purchasable","26":"product-type-variable"},"_links":{"self":[{"href":"https:\/\/vivasem.ro\/index.php?rest_route=\/wp\/v2\/product\/17327","targetHints":{"allow":["GET"]}}],"collection":[{"href":"https:\/\/vivasem.ro\/index.php?rest_route=\/wp\/v2\/product"}],"about":[{"href":"https:\/\/vivasem.ro\/index.php?rest_route=\/wp\/v2\/types\/product"}],"replies":[{"embeddable":true,"href":"https:\/\/vivasem.ro\/index.php?rest_route=%2Fwp%2Fv2%2Fcomments&post=17327"}],"wp:featuredmedia":[{"embeddable":true,"href":"https:\/\/vivasem.ro\/index.php?rest_route=\/wp\/v2\/media\/17337"}],"wp:attachment":[{"href":"https:\/\/vivasem.ro\/index.php?rest_route=%2Fwp%2Fv2%2Fmedia&parent=17327"}],"wp:term":[{"taxonomy":"product_brand","embeddable":true,"href":"https:\/\/vivasem.ro\/index.php?rest_route=%2Fwp%2Fv2%2Fproduct_brand&post=17327"},{"taxonomy":"product_cat","embeddable":true,"href":"https:\/\/vivasem.ro\/index.php?rest_route=%2Fwp%2Fv2%2Fproduct_cat&post=17327"},{"taxonomy":"product_tag","embeddable":true,"href":"https:\/\/vivasem.ro\/index.php?rest_route=%2Fwp%2Fv2%2Fproduct_tag&post=17327"}],"curies":[{"name":"wp","href":"https:\/\/api.w.org\/{rel}","templated":true}]}}