{"id":17307,"date":"2025-11-18T10:55:02","date_gmt":"2025-11-18T08:55:02","guid":{"rendered":"https:\/\/vivasem.ro\/?post_type=product&#038;p=17307"},"modified":"2025-11-23T09:38:08","modified_gmt":"2025-11-23T07:38:08","slug":"gogosari-carcassone-f1","status":"publish","type":"product","link":"https:\/\/vivasem.ro\/?product=gogosari-carcassone-f1","title":{"rendered":"GOGOSARI CARCASSONE F1"},"content":{"rendered":"<h6 style=\"text-align: left;\"><span style=\"color: #ff0000;\"><u>ARDEI GOGO\u0218ARI CARCASSONE\u00a0 F1 ,<\/u><\/span>\u00a0 \u00a0 \u00a0 \u00a0 \u00a0 \u00a0 \u00a0 \u00a0 \u00a0 \u00a0 \u00a0 \u00a0 \u00a0 \u00a0 \u00a0 \u00a0 \u00a0 <img loading=\"lazy\" decoding=\"async\" class=\"alignnone wp-image-14218\" src=\"https:\/\/vivasem.ro\/wp-content\/uploads\/2023\/11\/SEMINIS-BAYER-300x105.png\" alt=\"\" width=\"200\" height=\"70\" srcset=\"https:\/\/vivasem.ro\/wp-content\/uploads\/2023\/11\/SEMINIS-BAYER-300x105.png 300w, https:\/\/vivasem.ro\/wp-content\/uploads\/2023\/11\/SEMINIS-BAYER-248x87.png 248w, https:\/\/vivasem.ro\/wp-content\/uploads\/2023\/11\/SEMINIS-BAYER-150x53.png 150w, https:\/\/vivasem.ro\/wp-content\/uploads\/2023\/11\/SEMINIS-BAYER.png 376w\" sizes=\"auto, (max-width: 200px) 100vw, 200px\" \/><\/h6>\n<h6 style=\"text-align: left;\"><span style=\"color: #ff0000;\"><u>Produc\u0103tor semin\u021be :Monsanto Holland BV -SEMINIS,<\/u><\/span><\/h6>\n<p>https:\/\/www.youtube.com\/shorts\/BKo-eNkeprc<\/p>\n<h6><span style=\"color: #333399;\">Hibrid nou de ardei gogosar timpuriu, \u00a0(90 zile de la plantat). <\/span><\/h6>\n<h6><span style=\"color: #ff0000;\">Special recomandat pentru cultura \u00een c\u00e2mp ,pentru c\u0103 are foliajul compact, de culoare verde \u00eenchis, dens, ceeace \u00eei ofer\u0103 o excelent\u0103 protec\u021bie solar\u0103 fructelor.<\/span><\/h6>\n<h6><span style=\"color: #ff0000;\">Foarte tolerant \u00a0la temperaturi ridicate Carcassone F1 are capacitatea de a-\u0219i valorifica bine poten\u021bialul ridicat de produc\u021bie chiar \u0219i \u00een anii mai pu\u021bin favorabili din punct de vedere climatic.<\/span><\/h6>\n<h6><span style=\"color: #333399;\">Formeaz\u0103 plante viguroase, dar cu talie mai redus\u0103, fapt ce le confer\u0103 o foarte bun\u0103 stabilitate \u00een c\u00e2mp.<\/span><\/h6>\n<h6><span style=\"color: #333399;\">Greutate medie fruct: 150-170 g, dimensiunile fructelor sunt 6 x 9 cm.<\/span><\/h6>\n<h6><span style=\"color: #333399;\">Fructele sunt uniforme in 4 lobi, cu peduncul scurt, au in faza ini\u021bial\u0103 culoarea verde intens ce se schimba in ro\u0219u inchis la maturitatea de recoltare \u0219i au un aspect comercial excelent.<\/span><\/h6>\n<h6><span style=\"color: #ff0000;\">Gustul fructelor este foarte dulce, placut.<\/span><\/h6>\n<h6><span style=\"color: #ff0000;\"><strong>P<\/strong>ulpa este foarte goas\u0103,\u00een medie de 7-8 mm.<\/span><\/h6>\n<h6><span style=\"color: #333399;\">Fructele sunt destinate atat pentru consum in stare proaspata, cat si pentru industrializa<\/span><\/h6>\n<h6><span style=\"color: #333399;\">Prezinta toleranta deosebita la conditii mai putin favorabile de temperaturi ridicate.<\/span><\/h6>\n<h6><span style=\"color: #333399;\">\u00a0Rezistent la: TMV tulpina P0 (Virusul mozaicului ardeiului -Tobacco mosaic virus )<\/span><\/h6>\n<h6><span style=\"color: #ff0000;\">SPECIAL DE CULTIVAT \u00ceN C\u00c2MP, GR\u0102DIN\u0102, DAR POATE FI PUS \u0218I \u00ceN SOLAR, PENTRU PRODUCTII EXTRATIMPURII.<\/span><\/h6>\n<p><strong>Semin\u021bele sunt ambalate \u00een plicuri de polietilen\u0103 cu ziplock,resigilabile, etichetate .<\/strong><\/p>\n","protected":false},"excerpt":{"rendered":"<h6><span style=\"color: #ff00ff;\">SPECIAL DE C\u00c2MP, <\/span><span style=\"color: #ff00ff;\">FOARTE\u00a0 REZISTENT LA C\u0102LDUR\u0102 !<\/span><\/h6>\n<h6><span style=\"color: #0000ff;\">\u00a0Vezi video !<\/span><\/h6>\n<p>&nbsp;<\/p>\n","protected":false},"featured_media":17316,"comment_status":"open","ping_status":"closed","template":"","meta":{"site-sidebar-layout":"default","site-content-layout":"default","ast-site-content-layout":"default","site-content-style":"default","site-sidebar-style":"default","ast-global-header-display":"","ast-banner-title-visibility":"","ast-main-header-display":"","ast-hfb-above-header-display":"","ast-hfb-below-header-display":"","ast-hfb-mobile-header-display":"","site-post-title":"","ast-breadcrumbs-content":"","ast-featured-img":"","footer-sml-layout":"","ast-disable-related-posts":"","theme-transparent-header-meta":"default","adv-header-id-meta":"","stick-header-meta":"","header-above-stick-meta":"","header-main-stick-meta":"","header-below-stick-meta":"","astra-migrate-meta-layouts":"set","ast-page-background-enabled":"default","ast-page-background-meta":{"desktop":{"background-color":"var(--ast-global-color-4)","background-image":"","background-repeat":"repeat","background-position":"center center","background-size":"auto","background-attachment":"scroll","background-type":"","background-media":"","overlay-type":"","overlay-color":"","overlay-opacity":"","overlay-gradient":""},"tablet":{"background-color":"","background-image":"","background-repeat":"repeat","background-position":"center center","background-size":"auto","background-attachment":"scroll","background-type":"","background-media":"","overlay-type":"","overlay-color":"","overlay-opacity":"","overlay-gradient":""},"mobile":{"background-color":"","background-image":"","background-repeat":"repeat","background-position":"center center","background-size":"auto","background-attachment":"scroll","background-type":"","background-media":"","overlay-type":"","overlay-color":"","overlay-opacity":"","overlay-gradient":""}},"ast-content-background-meta":{"desktop":{"background-color":"var(--ast-global-color-5)","background-image":"","background-repeat":"repeat","background-position":"center center","background-size":"auto","background-attachment":"scroll","background-type":"","background-media":"","overlay-type":"","overlay-color":"","overlay-opacity":"","overlay-gradient":""},"tablet":{"background-color":"var(--ast-global-color-5)","background-image":"","background-repeat":"repeat","background-position":"center center","background-size":"auto","background-attachment":"scroll","background-type":"","background-media":"","overlay-type":"","overlay-color":"","overlay-opacity":"","overlay-gradient":""},"mobile":{"background-color":"var(--ast-global-color-5)","background-image":"","background-repeat":"repeat","background-position":"center center","background-size":"auto","background-attachment":"scroll","background-type":"","background-media":"","overlay-type":"","overlay-color":"","overlay-opacity":"","overlay-gradient":""}}},"product_brand":[],"product_cat":[84,145],"product_tag":[],"class_list":{"0":"post-17307","1":"product","2":"type-product","3":"status-publish","4":"has-post-thumbnail","6":"product_cat-ardei","7":"product_cat-ardei-hibrid","8":"pa_cantitate-10-seminte","9":"pa_cantitate-100-seminte","10":"pa_cantitate-200-seminte","11":"pa_cantitate-25-seminte","12":"pa_cantitate-250-seminte","13":"pa_cantitate-5-seminte","14":"pa_cantitate-50-seminte","15":"pa_cantitate-500-seminte","16":"desktop-align-left","17":"tablet-align-left","18":"mobile-align-left","20":"first","21":"instock","22":"sale","23":"taxable","24":"shipping-taxable","25":"purchasable","26":"product-type-variable"},"_links":{"self":[{"href":"https:\/\/vivasem.ro\/index.php?rest_route=\/wp\/v2\/product\/17307","targetHints":{"allow":["GET"]}}],"collection":[{"href":"https:\/\/vivasem.ro\/index.php?rest_route=\/wp\/v2\/product"}],"about":[{"href":"https:\/\/vivasem.ro\/index.php?rest_route=\/wp\/v2\/types\/product"}],"replies":[{"embeddable":true,"href":"https:\/\/vivasem.ro\/index.php?rest_route=%2Fwp%2Fv2%2Fcomments&post=17307"}],"wp:featuredmedia":[{"embeddable":true,"href":"https:\/\/vivasem.ro\/index.php?rest_route=\/wp\/v2\/media\/17316"}],"wp:attachment":[{"href":"https:\/\/vivasem.ro\/index.php?rest_route=%2Fwp%2Fv2%2Fmedia&parent=17307"}],"wp:term":[{"taxonomy":"product_brand","embeddable":true,"href":"https:\/\/vivasem.ro\/index.php?rest_route=%2Fwp%2Fv2%2Fproduct_brand&post=17307"},{"taxonomy":"product_cat","embeddable":true,"href":"https:\/\/vivasem.ro\/index.php?rest_route=%2Fwp%2Fv2%2Fproduct_cat&post=17307"},{"taxonomy":"product_tag","embeddable":true,"href":"https:\/\/vivasem.ro\/index.php?rest_route=%2Fwp%2Fv2%2Fproduct_tag&post=17307"}],"curies":[{"name":"wp","href":"https:\/\/api.w.org\/{rel}","templated":true}]}}