{"id":17273,"date":"2025-11-18T07:47:18","date_gmt":"2025-11-18T05:47:18","guid":{"rendered":"https:\/\/vivasem.ro\/?post_type=product&#038;p=17273"},"modified":"2025-11-23T10:05:10","modified_gmt":"2025-11-23T08:05:10","slug":"_eterei-f1-seminis","status":"publish","type":"product","link":"https:\/\/vivasem.ro\/?product=_eterei-f1-seminis","title":{"rendered":"_ETEREI F1 Seminis"},"content":{"rendered":"<h6><span style=\"color: #ff0000;\"><strong><u>ETEREI F1,<\/u><\/strong><\/span><\/h6>\n<h6><span style=\"color: #ff0000;\"><strong><u>Produc\u0103tor:SEMINS-BAYER HOLLAND BV ,<\/u><\/strong><\/span>\u00a0 \u00a0 \u00a0 \u00a0 \u00a0 \u00a0 \u00a0 \u00a0 \u00a0 \u00a0 \u00a0 \u00a0 \u00a0 \u00a0 \u00a0 \u00a0 \u00a0 \u00a0 \u00a0 \u00a0 \u00a0 \u00a0 \u00a0 \u00a0 \u00a0 \u00a0 \u00a0 \u00a0 \u00a0 \u00a0<strong style=\"font-style: normal; font-size: 17.6px; color: #ff0000;\"><u><img loading=\"lazy\" decoding=\"async\" class=\"alignnone wp-image-14218\" src=\"https:\/\/vivasem.ro\/wp-content\/uploads\/2023\/11\/SEMINIS-BAYER-300x105.png\" alt=\"\" width=\"186\" height=\"65\" srcset=\"https:\/\/vivasem.ro\/wp-content\/uploads\/2023\/11\/SEMINIS-BAYER-300x105.png 300w, https:\/\/vivasem.ro\/wp-content\/uploads\/2023\/11\/SEMINIS-BAYER-248x87.png 248w, https:\/\/vivasem.ro\/wp-content\/uploads\/2023\/11\/SEMINIS-BAYER-150x53.png 150w, https:\/\/vivasem.ro\/wp-content\/uploads\/2023\/11\/SEMINIS-BAYER.png 376w\" sizes=\"auto, (max-width: 186px) 100vw, 186px\" \/><\/u><\/strong><\/h6>\n<p>https:\/\/www.youtube.com\/shorts\/N8n15sF7g-w<\/p>\n<h6><span style=\"color: #0000ff;\">ETEREI F1, este un hibrid nou cu poten\u021bial de produc\u021bie foarte ridicat.<\/span><\/h6>\n<h6><span style=\"color: #0000ff;\">Fructele sunt mari, greutatea medie fiind de 220-240gr., \u00een num\u0103r de 5-6 \u00een fiecare inflorescen\u021b\u0103, uniforme at\u00e2t \u00een cadrul aceleia\u0219i inflorescen\u021be c\u00e2t \u0219i \u00eentre inflorescen\u021be pe plant\u0103.Au un gust bun, aspect comercial deosebit, culoare excelent\u0103, ro\u0219u intens la maturitate, foarte apreciata , insotita de o fermitate foarte buna a fructelor .<\/span><\/h6>\n<h6><span style=\"color: #0000ff;\">Plantele sunt nedeterminate, cu internoduri scurte, plante viguroase, cu o adaptabilitate foarte bun\u0103 la varia\u021biile\u00a0 de cultur\u0103 \u0219i rezisten\u021be multiple la boli.<\/span><\/h6>\n<h6><span style=\"color: #0000ff;\">Suma tuturor acestor calit\u0103\u021bi, determin\u0103 o producttivitate \u00eenalt\u0103, cu fructe de calitate.<\/span><\/h6>\n<h6><span style=\"color: #0000ff;\">Eterei F1, este recomandat pentru cultura \u00een spa\u021bii protejate, at\u00e2t \u00een ciclu prelungit de<br \/>\nproduc\u021bie c\u00e2t \u0219i \u00een cicluri scurte.<\/span><\/h6>\n<h6><span style=\"color: #ff0000;\">Prezint\u0103 o gam\u0103 larg\u0103 de rezisten\u021be ridicat\u0103 la boli :<\/span><\/h6>\n<ul>\n<li>\n<h6><span style=\"color: #ff0000;\">ToMV:0-2 &#8211; Tomato Mosaic Virus (Virusul mozaicului tomatelor);<\/span><\/h6>\n<\/li>\n<li>\n<h6><span style=\"color: #ff0000;\">F &#8211; Fusarium wilt oxysporum f. sp. Lycopersici Race 1&amp;2(Ofilirea vasculara);<\/span><\/h6>\n<\/li>\n<li>\n<h6><span style=\"color: #ff0000;\">\u2022 TSWV (Tomato spotted wilt virus)<\/span><span style=\"color: #ff0000; font-size: 16px;\">(Virusul petelor de bronz).<\/span><\/h6>\n<\/li>\n<li><strong><span style=\"color: #ff0000;\">\u00a0\u00a0V (Verticillium wilt, Verticillium dahliae)(Uscare vasculara);<\/span><\/strong><\/li>\n<li><strong><span style=\"color: #ff0000;\">\u00a0Ma\/MI\/MJ Nematozi<\/span><\/strong><\/li>\n<\/ul>\n<p>https:\/\/www.youtube.com\/shorts\/RmUwRW0Dhv4<\/p>\n<div class=\"ast-oembed-container \" style=\"height: 100%;\"><iframe loading=\"lazy\" title=\"Recolt\u0103 bogat\u0103 cu Eterei F1 #agriculture #romania #tomato #ro #farming #garden #agro #plants #horti\" width=\"422\" height=\"750\" src=\"https:\/\/www.youtube.com\/embed\/fkW8wApow-8?feature=oembed\" frameborder=\"0\" allow=\"accelerometer; autoplay; clipboard-write; encrypted-media; gyroscope; picture-in-picture; web-share\" referrerpolicy=\"strict-origin-when-cross-origin\" allowfullscreen><\/iframe><\/div>\n<div class=\"ast-oembed-container \" style=\"height: 100%;\"><iframe loading=\"lazy\" title=\"ETEREI Seminis | Experiencias con agricultores y recomendaciones de la novedad en tomate |\" width=\"500\" height=\"281\" src=\"https:\/\/www.youtube.com\/embed\/o8rF175Nsl0?feature=oembed\" frameborder=\"0\" allow=\"accelerometer; autoplay; clipboard-write; encrypted-media; gyroscope; picture-in-picture; web-share\" referrerpolicy=\"strict-origin-when-cross-origin\" allowfullscreen><\/iframe><\/div>\n<div class=\"ast-oembed-container \" style=\"height: 100%;\"><iframe loading=\"lazy\" title=\"Eterei\" width=\"500\" height=\"281\" src=\"https:\/\/www.youtube.com\/embed\/zAEu7iSisN8?feature=oembed\" frameborder=\"0\" allow=\"accelerometer; autoplay; clipboard-write; encrypted-media; gyroscope; picture-in-picture; web-share\" referrerpolicy=\"strict-origin-when-cross-origin\" allowfullscreen><\/iframe><\/div>\n","protected":false},"excerpt":{"rendered":"<h6><span style=\"color: #ff00ff;\">HIBRID EXTREM DE PRODUCTIV \u0218I REZISTENT <img loading=\"lazy\" decoding=\"async\" class=\"alignnone wp-image-6106 \" src=\"https:\/\/vivasem.ro\/wp-content\/uploads\/2021\/12\/NOU3.jpg\" alt=\"\" width=\"77\" height=\"74\" srcset=\"https:\/\/vivasem.ro\/wp-content\/uploads\/2021\/12\/NOU3.jpg 270w, https:\/\/vivasem.ro\/wp-content\/uploads\/2021\/12\/NOU3-248x241.jpg 248w\" sizes=\"auto, (max-width: 77px) 100vw, 77px\" \/><\/span><\/h6>\n<h6><span style=\"color: #ff00ff;\">VEZI VIDEO\u00a0 !<\/span><\/h6>\n<h6><\/h6>\n","protected":false},"featured_media":17285,"comment_status":"open","ping_status":"closed","template":"","meta":{"site-sidebar-layout":"default","site-content-layout":"default","ast-site-content-layout":"default","site-content-style":"default","site-sidebar-style":"default","ast-global-header-display":"","ast-banner-title-visibility":"","ast-main-header-display":"","ast-hfb-above-header-display":"","ast-hfb-below-header-display":"","ast-hfb-mobile-header-display":"","site-post-title":"","ast-breadcrumbs-content":"","ast-featured-img":"","footer-sml-layout":"","ast-disable-related-posts":"","theme-transparent-header-meta":"default","adv-header-id-meta":"","stick-header-meta":"","header-above-stick-meta":"","header-main-stick-meta":"","header-below-stick-meta":"","astra-migrate-meta-layouts":"set","ast-page-background-enabled":"default","ast-page-background-meta":{"desktop":{"background-color":"var(--ast-global-color-4)","background-image":"","background-repeat":"repeat","background-position":"center center","background-size":"auto","background-attachment":"scroll","background-type":"","background-media":"","overlay-type":"","overlay-color":"","overlay-opacity":"","overlay-gradient":""},"tablet":{"background-color":"","background-image":"","background-repeat":"repeat","background-position":"center center","background-size":"auto","background-attachment":"scroll","background-type":"","background-media":"","overlay-type":"","overlay-color":"","overlay-opacity":"","overlay-gradient":""},"mobile":{"background-color":"","background-image":"","background-repeat":"repeat","background-position":"center center","background-size":"auto","background-attachment":"scroll","background-type":"","background-media":"","overlay-type":"","overlay-color":"","overlay-opacity":"","overlay-gradient":""}},"ast-content-background-meta":{"desktop":{"background-color":"var(--ast-global-color-5)","background-image":"","background-repeat":"repeat","background-position":"center center","background-size":"auto","background-attachment":"scroll","background-type":"","background-media":"","overlay-type":"","overlay-color":"","overlay-opacity":"","overlay-gradient":""},"tablet":{"background-color":"var(--ast-global-color-5)","background-image":"","background-repeat":"repeat","background-position":"center center","background-size":"auto","background-attachment":"scroll","background-type":"","background-media":"","overlay-type":"","overlay-color":"","overlay-opacity":"","overlay-gradient":""},"mobile":{"background-color":"var(--ast-global-color-5)","background-image":"","background-repeat":"repeat","background-position":"center center","background-size":"auto","background-attachment":"scroll","background-type":"","background-media":"","overlay-type":"","overlay-color":"","overlay-opacity":"","overlay-gradient":""}}},"product_brand":[],"product_cat":[110],"product_tag":[],"class_list":{"0":"post-17273","1":"product","2":"type-product","3":"status-publish","4":"has-post-thumbnail","6":"product_cat-tomate-hibrid","7":"pa_cantitate-10-seminte","8":"pa_cantitate-100-seminte","9":"pa_cantitate-200-seminte","10":"pa_cantitate-25-seminte","11":"pa_cantitate-250-seminte","12":"pa_cantitate-5-seminte","13":"pa_cantitate-50-seminte","14":"pa_cantitate-500-seminte","15":"desktop-align-left","16":"tablet-align-left","17":"mobile-align-left","19":"first","20":"instock","21":"sale","22":"taxable","23":"shipping-taxable","24":"purchasable","25":"product-type-variable"},"_links":{"self":[{"href":"https:\/\/vivasem.ro\/index.php?rest_route=\/wp\/v2\/product\/17273","targetHints":{"allow":["GET"]}}],"collection":[{"href":"https:\/\/vivasem.ro\/index.php?rest_route=\/wp\/v2\/product"}],"about":[{"href":"https:\/\/vivasem.ro\/index.php?rest_route=\/wp\/v2\/types\/product"}],"replies":[{"embeddable":true,"href":"https:\/\/vivasem.ro\/index.php?rest_route=%2Fwp%2Fv2%2Fcomments&post=17273"}],"wp:featuredmedia":[{"embeddable":true,"href":"https:\/\/vivasem.ro\/index.php?rest_route=\/wp\/v2\/media\/17285"}],"wp:attachment":[{"href":"https:\/\/vivasem.ro\/index.php?rest_route=%2Fwp%2Fv2%2Fmedia&parent=17273"}],"wp:term":[{"taxonomy":"product_brand","embeddable":true,"href":"https:\/\/vivasem.ro\/index.php?rest_route=%2Fwp%2Fv2%2Fproduct_brand&post=17273"},{"taxonomy":"product_cat","embeddable":true,"href":"https:\/\/vivasem.ro\/index.php?rest_route=%2Fwp%2Fv2%2Fproduct_cat&post=17273"},{"taxonomy":"product_tag","embeddable":true,"href":"https:\/\/vivasem.ro\/index.php?rest_route=%2Fwp%2Fv2%2Fproduct_tag&post=17273"}],"curies":[{"name":"wp","href":"https:\/\/api.w.org\/{rel}","templated":true}]}}