{"id":17225,"date":"2025-11-12T16:49:31","date_gmt":"2025-11-12T14:49:31","guid":{"rendered":"https:\/\/vivasem.ro\/?post_type=product&#038;p=17225"},"modified":"2025-11-25T16:54:05","modified_gmt":"2025-11-25T14:54:05","slug":"pensuvio-f1-fratelli-ingegnoli-italia","status":"publish","type":"product","link":"https:\/\/vivasem.ro\/?product=pensuvio-f1-fratelli-ingegnoli-italia","title":{"rendered":"_PENSUVIO F1 (Fratelli Ingegnoli-Italia)"},"content":{"rendered":"<h6><span style=\"color: #ff0000;\"><strong><u> PENSUVIO F1,<\/u><\/strong><\/span><\/h6>\n<h6><span style=\"color: #ff0000;\"><strong><u>Produc\u0103tor :Fratelli Ingegnoli Italia,<\/u><\/strong><\/span> \u00a0\u00a0 \u00a0\u00a0 \u00a0\u00a0<a href=\"https:\/\/vivasem.ro\/wp-content\/uploads\/2021\/11\/INGEGNOLI.jpg\"><img loading=\"lazy\" decoding=\"async\" class=\"alignnone size-full wp-image-8034\" src=\"https:\/\/vivasem.ro\/wp-content\/uploads\/2021\/11\/INGEGNOLI.jpg\" alt=\"\" width=\"390\" height=\"98\" srcset=\"https:\/\/vivasem.ro\/wp-content\/uploads\/2021\/11\/INGEGNOLI.jpg 390w, https:\/\/vivasem.ro\/wp-content\/uploads\/2021\/11\/INGEGNOLI-248x62.jpg 248w\" sizes=\"auto, (max-width: 390px) 100vw, 390px\" \/><\/a><\/h6>\n<h6><\/h6>\n<h6><span style=\"color: #000080;\"><strong>UN HIBRID OB\u021aINUT DIN CELEBRUL SOI PIENNOLO DEL VESUVIO RO\u0218U, ORIGINAR DIN NAPOLI.<\/strong><\/span><\/h6>\n<h6><span style=\"color: #ff0000;\"><strong>\u00a0ESTE <\/strong><\/span><span style=\"color: #ff0000;\">FOARTE PRODUCTIV,\u00a0<\/span><span style=\"color: #ff0000;\">LA FIECARE ETAJ, FORMEAZ\u0102 CIORCHINI CU MULTE FRUCTE FRUMOASE, RO\u0218U-INTENS, LUNGI, ASCU\u021aITE LA V\u00c2RF<\/span><span style=\"color: #ff0000;\"><strong>, \u00ceN MEDIE \u00ceNTRE 25-35 grame,\u00a0 FOARTE <\/strong><\/span><span style=\"color: #ff0000;\">GUSTOASE, DULCI,U\u0218OR ACRI\u0218OARE, CU AROM\u0102 INTENS\u0102, C\u0102RNOASE, DENSE. SE RECOLTEAZ\u0102 CU TOT CU CRENGU\u021aE \u0218I DATORIT\u0102 CON\u021aINUTULUI RIDICAT DE ZAH\u0102R, SUNT FOARTE REZISTENTE LA DEPOZITARE \u0218I\u00a0 P\u0102STRARE \u00ceN PERIOADA DE IARN\u0102.<\/span><\/h6>\n<h6><span style=\"color: #ff0000;\"><strong>\u00a0<\/strong><\/span><span style=\"color: #000080;\">PLANTELE SUNT VIGUROASE, NECESIT\u0102 SUS\u021aINERE\u00a0 , FOARTE REZISTENTE LA CULTURA \u00ceN C\u00c2MP DESCHIS.<\/span><\/h6>\n<h6><span style=\"color: #000080;\"> PREZINT\u0102 REZISTEN\u021a\u0102 RIDICAT\u0102 LA\u00a0 VIRUSUL <\/span><span style=\"color: #000080;\"><strong><span dir=\"auto\">TOMV FOL 0.1 (Virusul Mozaicului Tutunului) \u0219i INTERMEDIAR\u0102 LA\u00a0 NEMATOZI.<\/span><\/strong><\/span><\/h6>\n<h6><span style=\"color: #000080;\"><strong><span dir=\"auto\">Potrivit pentru cultivare \u00een c\u00e2mp deschis dar \u0219i \u00een solarii.\u00a0<\/span><\/strong><\/span><\/h6>\n<h6><\/h6>\n<h6><\/h6>\n<p>&nbsp;<\/p>\n","protected":false},"excerpt":{"rendered":"<h6><span style=\"color: #ff00ff;\">PRODUCE MULT, FRUCTE <\/span><span style=\"color: #ff00ff;\">\u00a0FOARTE GUSTOASE!\u00a0<\/span><\/h6>\n<h6><\/h6>\n","protected":false},"featured_media":17228,"comment_status":"open","ping_status":"closed","template":"","meta":{"site-sidebar-layout":"default","site-content-layout":"default","ast-site-content-layout":"default","site-content-style":"default","site-sidebar-style":"default","ast-global-header-display":"","ast-banner-title-visibility":"","ast-main-header-display":"","ast-hfb-above-header-display":"","ast-hfb-below-header-display":"","ast-hfb-mobile-header-display":"","site-post-title":"","ast-breadcrumbs-content":"","ast-featured-img":"","footer-sml-layout":"","ast-disable-related-posts":"","theme-transparent-header-meta":"default","adv-header-id-meta":"","stick-header-meta":"","header-above-stick-meta":"","header-main-stick-meta":"","header-below-stick-meta":"","astra-migrate-meta-layouts":"set","ast-page-background-enabled":"default","ast-page-background-meta":{"desktop":{"background-color":"var(--ast-global-color-4)","background-image":"","background-repeat":"repeat","background-position":"center center","background-size":"auto","background-attachment":"scroll","background-type":"","background-media":"","overlay-type":"","overlay-color":"","overlay-opacity":"","overlay-gradient":""},"tablet":{"background-color":"","background-image":"","background-repeat":"repeat","background-position":"center center","background-size":"auto","background-attachment":"scroll","background-type":"","background-media":"","overlay-type":"","overlay-color":"","overlay-opacity":"","overlay-gradient":""},"mobile":{"background-color":"","background-image":"","background-repeat":"repeat","background-position":"center center","background-size":"auto","background-attachment":"scroll","background-type":"","background-media":"","overlay-type":"","overlay-color":"","overlay-opacity":"","overlay-gradient":""}},"ast-content-background-meta":{"desktop":{"background-color":"var(--ast-global-color-5)","background-image":"","background-repeat":"repeat","background-position":"center center","background-size":"auto","background-attachment":"scroll","background-type":"","background-media":"","overlay-type":"","overlay-color":"","overlay-opacity":"","overlay-gradient":""},"tablet":{"background-color":"var(--ast-global-color-5)","background-image":"","background-repeat":"repeat","background-position":"center center","background-size":"auto","background-attachment":"scroll","background-type":"","background-media":"","overlay-type":"","overlay-color":"","overlay-opacity":"","overlay-gradient":""},"mobile":{"background-color":"var(--ast-global-color-5)","background-image":"","background-repeat":"repeat","background-position":"center center","background-size":"auto","background-attachment":"scroll","background-type":"","background-media":"","overlay-type":"","overlay-color":"","overlay-opacity":"","overlay-gradient":""}}},"product_brand":[],"product_cat":[110],"product_tag":[],"class_list":{"0":"post-17225","1":"product","2":"type-product","3":"status-publish","4":"has-post-thumbnail","6":"product_cat-tomate-hibrid","7":"pa_z-cantitate-10-seminte","8":"pa_z-cantitate-100-seminte","9":"pa_z-cantitate-200-seminte","10":"pa_z-cantitate-25-seminte","11":"pa_z-cantitate-250-seminte","12":"pa_z-cantitate-50-seminte","13":"pa_z-cantitate-500-seminte","14":"desktop-align-left","15":"tablet-align-left","16":"mobile-align-left","18":"first","19":"instock","20":"sale","21":"taxable","22":"shipping-taxable","23":"product-type-variable"},"_links":{"self":[{"href":"https:\/\/vivasem.ro\/index.php?rest_route=\/wp\/v2\/product\/17225","targetHints":{"allow":["GET"]}}],"collection":[{"href":"https:\/\/vivasem.ro\/index.php?rest_route=\/wp\/v2\/product"}],"about":[{"href":"https:\/\/vivasem.ro\/index.php?rest_route=\/wp\/v2\/types\/product"}],"replies":[{"embeddable":true,"href":"https:\/\/vivasem.ro\/index.php?rest_route=%2Fwp%2Fv2%2Fcomments&post=17225"}],"wp:featuredmedia":[{"embeddable":true,"href":"https:\/\/vivasem.ro\/index.php?rest_route=\/wp\/v2\/media\/17228"}],"wp:attachment":[{"href":"https:\/\/vivasem.ro\/index.php?rest_route=%2Fwp%2Fv2%2Fmedia&parent=17225"}],"wp:term":[{"taxonomy":"product_brand","embeddable":true,"href":"https:\/\/vivasem.ro\/index.php?rest_route=%2Fwp%2Fv2%2Fproduct_brand&post=17225"},{"taxonomy":"product_cat","embeddable":true,"href":"https:\/\/vivasem.ro\/index.php?rest_route=%2Fwp%2Fv2%2Fproduct_cat&post=17225"},{"taxonomy":"product_tag","embeddable":true,"href":"https:\/\/vivasem.ro\/index.php?rest_route=%2Fwp%2Fv2%2Fproduct_tag&post=17225"}],"curies":[{"name":"wp","href":"https:\/\/api.w.org\/{rel}","templated":true}]}}