{"id":17169,"date":"2025-11-11T13:46:34","date_gmt":"2025-11-11T11:46:34","guid":{"rendered":"https:\/\/vivasem.ro\/?post_type=product&#038;p=17169"},"modified":"2025-12-14T09:28:59","modified_gmt":"2025-12-14T07:28:59","slug":"40","status":"publish","type":"product","link":"https:\/\/vivasem.ro\/?product=40","title":{"rendered":"Sasha&#8217;s Altai (CHERRY) 40s"},"content":{"rendered":"<h6><span dir=\"auto\" style=\"color: #ff0000;\">Sasha&#8217;s Altai,\/Ro\u0219ia Altai a lui Sasha ,<\/span><\/h6>\n<h6><span dir=\"auto\" style=\"color: #000080;\">Ro\u0219ia Altai a lui Sasha a fost selectat\u0103 de revista Organic Garden ca fiind una dintre cele mai bune 10 ro\u0219ii timpurii din lume \u0219i a fost campioan\u0103 de gust la multe concursuri. \u00a0 <\/span><\/h6>\n<h6><span style=\"color: #000080;\"><span dir=\"auto\"><span style=\"color: #ff0000;\">Soi heirloom, extratimpuriu, nedeterminat, descoperit de Bill McDorman \u00een 1989, c\u00e2nd se afla \u00een Irkutsk, Siberia, la prietenul s\u0103u\u00a0 siberian Sasha,\u0219i care sus\u021binea c\u0103 aceast\u0103 varietate pe care o cultiva \u00een gr\u0103dina sa , din\u00a0 mun\u021bii Altai Shan era \u201ecea mai bun\u0103 ro\u0219ie din toat\u0103 Siberia\u201d.\u00a0<\/span> Gustul este excep\u021bional , foarte d<\/span>ulce, suculent, complex aromat.<\/span><br \/>\n<span dir=\"auto\" style=\"color: #000080;\">Plantele Sasha&#8217;s Altai, sunt robuste, viguroase,\u00a0 foarte productive, ce fructific\u0103 ciorchini \u00een de 120-170 g.<\/span><\/h6>\n<h6><span dir=\"auto\" style=\"color: #000080;\">La un ciorchine sunt de 8-12 fructe\u00a0 de ro\u0219ii ,cu coaj\u0103 sub\u021bire, de un ro\u0219u aprins, u\u0219or aplatizate, cu o arom\u0103 intens\u0103. Greutatea medie 15-40 grame.<\/span><\/h6>\n<h6><span dir=\"auto\" style=\"color: #ff0000;\">Plantele deosebit\u00a0 de adaptabile,leag\u0103 bine \u0219i \u00een climate\u00a0 mai reci \u0219i la altitudini mari, fiind deosebit de productive \u00een c\u00e2mp \u0219i gr\u0103dini . <\/span><\/h6>\n<h6><span style=\"color: #000080;\"><span dir=\"auto\">Maturitate:<\/span><span dir=\"auto\">\u00a0Foarte timpurie, \u00een jur de 57-59 de zile.<\/span><\/span><\/h6>\n<h6><span dir=\"auto\" style=\"color: #000080;\">Excelent\u0103 pentru , salate \u0219i pentru conservare.<\/span><\/h6>\n","protected":false},"excerpt":{"rendered":"<h6><span style=\"color: #0000ff;\">40 semin\u021be<\/span><\/h6>\n","protected":false},"featured_media":18055,"comment_status":"open","ping_status":"closed","template":"","meta":{"site-sidebar-layout":"default","site-content-layout":"","ast-site-content-layout":"default","site-content-style":"default","site-sidebar-style":"default","ast-global-header-display":"","ast-banner-title-visibility":"","ast-main-header-display":"","ast-hfb-above-header-display":"","ast-hfb-below-header-display":"","ast-hfb-mobile-header-display":"","site-post-title":"","ast-breadcrumbs-content":"","ast-featured-img":"","footer-sml-layout":"","ast-disable-related-posts":"","theme-transparent-header-meta":"default","adv-header-id-meta":"","stick-header-meta":"","header-above-stick-meta":"","header-main-stick-meta":"","header-below-stick-meta":"","astra-migrate-meta-layouts":"set","ast-page-background-enabled":"default","ast-page-background-meta":{"desktop":{"background-color":"var(--ast-global-color-4)","background-image":"","background-repeat":"repeat","background-position":"center center","background-size":"auto","background-attachment":"scroll","background-type":"","background-media":"","overlay-type":"","overlay-color":"","overlay-opacity":"","overlay-gradient":""},"tablet":{"background-color":"","background-image":"","background-repeat":"repeat","background-position":"center center","background-size":"auto","background-attachment":"scroll","background-type":"","background-media":"","overlay-type":"","overlay-color":"","overlay-opacity":"","overlay-gradient":""},"mobile":{"background-color":"","background-image":"","background-repeat":"repeat","background-position":"center center","background-size":"auto","background-attachment":"scroll","background-type":"","background-media":"","overlay-type":"","overlay-color":"","overlay-opacity":"","overlay-gradient":""}},"ast-content-background-meta":{"desktop":{"background-color":"var(--ast-global-color-5)","background-image":"","background-repeat":"repeat","background-position":"center center","background-size":"auto","background-attachment":"scroll","background-type":"","background-media":"","overlay-type":"","overlay-color":"","overlay-opacity":"","overlay-gradient":""},"tablet":{"background-color":"var(--ast-global-color-5)","background-image":"","background-repeat":"repeat","background-position":"center center","background-size":"auto","background-attachment":"scroll","background-type":"","background-media":"","overlay-type":"","overlay-color":"","overlay-opacity":"","overlay-gradient":""},"mobile":{"background-color":"var(--ast-global-color-5)","background-image":"","background-repeat":"repeat","background-position":"center center","background-size":"auto","background-attachment":"scroll","background-type":"","background-media":"","overlay-type":"","overlay-color":"","overlay-opacity":"","overlay-gradient":""}}},"product_brand":[],"product_cat":[143,142,15],"product_tag":[],"class_list":{"0":"post-17169","1":"product","2":"type-product","3":"status-publish","4":"has-post-thumbnail","6":"product_cat-soiuri-timpurii-cherry","7":"product_cat-soiuri-rosii-roz","8":"product_cat-tomate-soi","9":"desktop-align-left","10":"tablet-align-left","11":"mobile-align-left","13":"first","14":"instock","15":"taxable","16":"shipping-taxable","17":"purchasable","18":"product-type-simple"},"_links":{"self":[{"href":"https:\/\/vivasem.ro\/index.php?rest_route=\/wp\/v2\/product\/17169","targetHints":{"allow":["GET"]}}],"collection":[{"href":"https:\/\/vivasem.ro\/index.php?rest_route=\/wp\/v2\/product"}],"about":[{"href":"https:\/\/vivasem.ro\/index.php?rest_route=\/wp\/v2\/types\/product"}],"replies":[{"embeddable":true,"href":"https:\/\/vivasem.ro\/index.php?rest_route=%2Fwp%2Fv2%2Fcomments&post=17169"}],"wp:featuredmedia":[{"embeddable":true,"href":"https:\/\/vivasem.ro\/index.php?rest_route=\/wp\/v2\/media\/18055"}],"wp:attachment":[{"href":"https:\/\/vivasem.ro\/index.php?rest_route=%2Fwp%2Fv2%2Fmedia&parent=17169"}],"wp:term":[{"taxonomy":"product_brand","embeddable":true,"href":"https:\/\/vivasem.ro\/index.php?rest_route=%2Fwp%2Fv2%2Fproduct_brand&post=17169"},{"taxonomy":"product_cat","embeddable":true,"href":"https:\/\/vivasem.ro\/index.php?rest_route=%2Fwp%2Fv2%2Fproduct_cat&post=17169"},{"taxonomy":"product_tag","embeddable":true,"href":"https:\/\/vivasem.ro\/index.php?rest_route=%2Fwp%2Fv2%2Fproduct_tag&post=17169"}],"curies":[{"name":"wp","href":"https:\/\/api.w.org\/{rel}","templated":true}]}}