{"id":17145,"date":"2025-11-11T12:09:15","date_gmt":"2025-11-11T10:09:15","guid":{"rendered":"https:\/\/vivasem.ro\/?post_type=product&#038;p=17145"},"modified":"2025-11-11T12:10:21","modified_gmt":"2025-11-11T10:10:21","slug":"gigante-de-galicia-oferta-100s","status":"publish","type":"product","link":"https:\/\/vivasem.ro\/?product=gigante-de-galicia-oferta-100s","title":{"rendered":"\u201eGIGANTE DE GALICIA (OFERTA 100s)"},"content":{"rendered":"<h6><span style=\"color: #ff0000;\"><strong><u>GIGANTE DE GALICIA,<\/u><\/strong><\/span><\/h6>\n<h5><span style=\"color: #0000ff;\"><strong>Soi spaniol, la care f<\/strong><\/span><strong><span style=\"color: #0000ff;\">ructele sunt mari \u0219i pot ajunge uria\u0219e !<\/span><\/strong><\/h5>\n<h5><span style=\"color: #ff0000;\">Greutatea medie se situeaz\u0103 \u00eentre 200-400 grame, dar, de multe ori au dep\u0103\u0219it 1 kilogram \u0219i s-au \u00eenregistrat recorduri de 2 kilograme.<\/span><\/h5>\n<h5>Sunt foarte c\u0103rnoase,cu pu\u021bine semin\u021be,pu\u021bin gel \u0219i uneori prezint\u0103 goluri .<\/h5>\n<h5><span style=\"color: #0000ff;\">Gustul este excelent, foarte dulce, pu\u021bin acid,intens aromat.<\/span><\/h5>\n<h5>Foarte indicate \u00een salate, dar \u0219i pentru g\u0103tit, \u00een sosuri.<\/h5>\n<h5><span style=\"color: #0000ff;\">Plantele sunt productive, formeaz\u0103 ciorchini de 3-5 fructe, sunt nedeterminate, viguroase, semitimpurii.<\/span><\/h5>\n","protected":false},"excerpt":{"rendered":"<h6><span style=\"color: #000080;\">100 SEMIN\u021aE<img loading=\"lazy\" decoding=\"async\" class=\"alignnone size-full wp-image-8306\" src=\"https:\/\/vivasem.ro\/wp-content\/uploads\/2021\/11\/RECOMAND-e1762844609348.jpg\" alt=\"\" width=\"87\" height=\"84\" \/><\/span><\/h6>\n<h6><span style=\"color: #ff00ff;\">FOARTE PRODUCTIV, URIA\u0218 ,<\/span><span style=\"color: #ff00ff;\">GUST EXCELENT !<\/span><\/h6>\n","protected":false},"featured_media":10543,"comment_status":"open","ping_status":"closed","template":"","meta":{"site-sidebar-layout":"default","site-content-layout":"default","ast-site-content-layout":"default","site-content-style":"default","site-sidebar-style":"default","ast-global-header-display":"","ast-banner-title-visibility":"","ast-main-header-display":"","ast-hfb-above-header-display":"","ast-hfb-below-header-display":"","ast-hfb-mobile-header-display":"","site-post-title":"","ast-breadcrumbs-content":"","ast-featured-img":"","footer-sml-layout":"","ast-disable-related-posts":"","theme-transparent-header-meta":"default","adv-header-id-meta":"","stick-header-meta":"","header-above-stick-meta":"","header-main-stick-meta":"","header-below-stick-meta":"","astra-migrate-meta-layouts":"set","ast-page-background-enabled":"default","ast-page-background-meta":{"desktop":{"background-color":"var(--ast-global-color-4)","background-image":"","background-repeat":"repeat","background-position":"center center","background-size":"auto","background-attachment":"scroll","background-type":"","background-media":"","overlay-type":"","overlay-color":"","overlay-opacity":"","overlay-gradient":""},"tablet":{"background-color":"","background-image":"","background-repeat":"repeat","background-position":"center center","background-size":"auto","background-attachment":"scroll","background-type":"","background-media":"","overlay-type":"","overlay-color":"","overlay-opacity":"","overlay-gradient":""},"mobile":{"background-color":"","background-image":"","background-repeat":"repeat","background-position":"center center","background-size":"auto","background-attachment":"scroll","background-type":"","background-media":"","overlay-type":"","overlay-color":"","overlay-opacity":"","overlay-gradient":""}},"ast-content-background-meta":{"desktop":{"background-color":"var(--ast-global-color-5)","background-image":"","background-repeat":"repeat","background-position":"center center","background-size":"auto","background-attachment":"scroll","background-type":"","background-media":"","overlay-type":"","overlay-color":"","overlay-opacity":"","overlay-gradient":""},"tablet":{"background-color":"var(--ast-global-color-5)","background-image":"","background-repeat":"repeat","background-position":"center center","background-size":"auto","background-attachment":"scroll","background-type":"","background-media":"","overlay-type":"","overlay-color":"","overlay-opacity":"","overlay-gradient":""},"mobile":{"background-color":"var(--ast-global-color-5)","background-image":"","background-repeat":"repeat","background-position":"center center","background-size":"auto","background-attachment":"scroll","background-type":"","background-media":"","overlay-type":"","overlay-color":"","overlay-opacity":"","overlay-gradient":""}}},"product_brand":[],"product_cat":[180,141,142,15],"product_tag":[],"class_list":{"0":"post-17145","1":"product","2":"type-product","3":"status-publish","4":"has-post-thumbnail","6":"product_cat-oferte-de-pret-cantitate","7":"product_cat-soi-gigant-urias","8":"product_cat-soiuri-rosii-roz","9":"product_cat-tomate-soi","10":"desktop-align-left","11":"tablet-align-left","12":"mobile-align-left","14":"first","15":"instock","16":"sale","17":"taxable","18":"shipping-taxable","19":"purchasable","20":"product-type-simple"},"_links":{"self":[{"href":"https:\/\/vivasem.ro\/index.php?rest_route=\/wp\/v2\/product\/17145","targetHints":{"allow":["GET"]}}],"collection":[{"href":"https:\/\/vivasem.ro\/index.php?rest_route=\/wp\/v2\/product"}],"about":[{"href":"https:\/\/vivasem.ro\/index.php?rest_route=\/wp\/v2\/types\/product"}],"replies":[{"embeddable":true,"href":"https:\/\/vivasem.ro\/index.php?rest_route=%2Fwp%2Fv2%2Fcomments&post=17145"}],"wp:featuredmedia":[{"embeddable":true,"href":"https:\/\/vivasem.ro\/index.php?rest_route=\/wp\/v2\/media\/10543"}],"wp:attachment":[{"href":"https:\/\/vivasem.ro\/index.php?rest_route=%2Fwp%2Fv2%2Fmedia&parent=17145"}],"wp:term":[{"taxonomy":"product_brand","embeddable":true,"href":"https:\/\/vivasem.ro\/index.php?rest_route=%2Fwp%2Fv2%2Fproduct_brand&post=17145"},{"taxonomy":"product_cat","embeddable":true,"href":"https:\/\/vivasem.ro\/index.php?rest_route=%2Fwp%2Fv2%2Fproduct_cat&post=17145"},{"taxonomy":"product_tag","embeddable":true,"href":"https:\/\/vivasem.ro\/index.php?rest_route=%2Fwp%2Fv2%2Fproduct_tag&post=17145"}],"curies":[{"name":"wp","href":"https:\/\/api.w.org\/{rel}","templated":true}]}}