{"id":17143,"date":"2025-11-11T10:18:48","date_gmt":"2025-11-11T08:18:48","guid":{"rendered":"https:\/\/vivasem.ro\/?post_type=product&#038;p=17143"},"modified":"2025-12-30T11:36:58","modified_gmt":"2025-12-30T09:36:58","slug":"siberian-trio-30s","status":"publish","type":"product","link":"https:\/\/vivasem.ro\/?product=siberian-trio-30s","title":{"rendered":"SIBERIAN TRIO  (Ofert\u0103 pret\/G. 80-95%)"},"content":{"rendered":"<h6><span style=\"color: #ff0000;\"><strong>SIBERIAN TRIO-UCRAINA,<\/strong><\/span><\/h6>\n<h6>Lot cu germina\u021bie de 80-95%.<\/h6>\n<h6><span style=\"color: #ff0000;\">SOI TIMPURIU, EXTRA-PRODUCTIV, DESPRE CARE SE SPUNE C\u0102 SE POT RECOLTA PESTE 10 kilorame\/plant\u0103 \u00ceN CONDI\u021aII BUNE DE CULTIVARE.\u00a0<\/span><\/h6>\n<h6><span style=\"color: #000080;\"> NUMELE \u00ceI ARAT\u0102 ORIGINEA SIBERIAN\u0102 \u0218I \u00ceI VINE \u0218I DE LA FAPTUL C\u0102, LA UN CIORCHINE SUNT ,\u00a0 DE OBICEI, 3 FRUCTE MARI, \u00ceNTRE 150-250 GRAME ,IAR UNELE POT AJUNGE FOARTE MARI,PESTE 600 grame.<\/span><\/h6>\n<h6><span style=\"color: #000080;\">FRUCTELE SUNT DE CULOARE PURPURIE, FOARTE GUSTOASE, DULCI, CU AROMA RO\u0218IILOR VECHI .<\/span><\/h6>\n<h6><span style=\"color: #000080;\">SOI DEOSEBIT DE REZISTENT LA TEMPERATURI SC\u0102ZUTE.<\/span><\/h6>\n<h6><span style=\"color: #000080;\">Planta este \u00eenalt\u0103,nedeterminat\u0103 ,de sezon lung \u0219i produce p\u00e2n\u0103 la \u00eenghe\u021b.<\/span><\/h6>\n","protected":false},"excerpt":{"rendered":"<h6><span style=\"color: #0000ff;\"><span style=\"color: #ff00ff;\">FOARTE REZISTENT,RODE\u0218TE FOARTE MULT , POATE PRODUCE \u0218I 10 KG\/PLANT\u0102 <\/span><\/span><span style=\"color: #0000ff;\"><span style=\"color: #ff00ff;\">!<\/span><\/span><\/h6>\n<p>&nbsp;<\/p>\n","protected":false},"featured_media":3032,"comment_status":"open","ping_status":"closed","template":"","meta":{"site-sidebar-layout":"default","site-content-layout":"default","ast-site-content-layout":"default","site-content-style":"default","site-sidebar-style":"default","ast-global-header-display":"","ast-banner-title-visibility":"","ast-main-header-display":"","ast-hfb-above-header-display":"","ast-hfb-below-header-display":"","ast-hfb-mobile-header-display":"","site-post-title":"","ast-breadcrumbs-content":"","ast-featured-img":"","footer-sml-layout":"","ast-disable-related-posts":"","theme-transparent-header-meta":"default","adv-header-id-meta":"","stick-header-meta":"","header-above-stick-meta":"","header-main-stick-meta":"","header-below-stick-meta":"","astra-migrate-meta-layouts":"set","ast-page-background-enabled":"default","ast-page-background-meta":{"desktop":{"background-color":"var(--ast-global-color-4)","background-image":"","background-repeat":"repeat","background-position":"center center","background-size":"auto","background-attachment":"scroll","background-type":"","background-media":"","overlay-type":"","overlay-color":"","overlay-opacity":"","overlay-gradient":""},"tablet":{"background-color":"","background-image":"","background-repeat":"repeat","background-position":"center center","background-size":"auto","background-attachment":"scroll","background-type":"","background-media":"","overlay-type":"","overlay-color":"","overlay-opacity":"","overlay-gradient":""},"mobile":{"background-color":"","background-image":"","background-repeat":"repeat","background-position":"center center","background-size":"auto","background-attachment":"scroll","background-type":"","background-media":"","overlay-type":"","overlay-color":"","overlay-opacity":"","overlay-gradient":""}},"ast-content-background-meta":{"desktop":{"background-color":"var(--ast-global-color-5)","background-image":"","background-repeat":"repeat","background-position":"center center","background-size":"auto","background-attachment":"scroll","background-type":"","background-media":"","overlay-type":"","overlay-color":"","overlay-opacity":"","overlay-gradient":""},"tablet":{"background-color":"var(--ast-global-color-5)","background-image":"","background-repeat":"repeat","background-position":"center center","background-size":"auto","background-attachment":"scroll","background-type":"","background-media":"","overlay-type":"","overlay-color":"","overlay-opacity":"","overlay-gradient":""},"mobile":{"background-color":"var(--ast-global-color-5)","background-image":"","background-repeat":"repeat","background-position":"center center","background-size":"auto","background-attachment":"scroll","background-type":"","background-media":"","overlay-type":"","overlay-color":"","overlay-opacity":"","overlay-gradient":""}}},"product_brand":[],"product_cat":[141,142,15],"product_tag":[],"class_list":{"0":"post-17143","1":"product","2":"type-product","3":"status-publish","4":"has-post-thumbnail","6":"product_cat-soi-gigant-urias","7":"product_cat-soiuri-rosii-roz","8":"product_cat-tomate-soi","9":"pa_numar-30-s-202","10":"pa_numar-30-s-1200-seminte","11":"pa_numar-30-s-150-seminte","12":"pa_numar-30-s-1500-seminte","13":"pa_numar-30-s-180-seminte","14":"pa_numar-30-s-210-seminte","15":"pa_numar-30-s-240-seminte","16":"pa_numar-30-s-270-seminte","17":"pa_numar-30-s-30-seminte","18":"pa_numar-30-s-300-seminte","19":"pa_numar-30-s-60-seminte","20":"pa_numar-30-s-600-seminte","21":"pa_numar-30-s-90-seminte","22":"pa_numar-30-s-900-seminte","23":"desktop-align-left","24":"tablet-align-left","25":"mobile-align-left","27":"first","28":"instock","29":"sale","30":"taxable","31":"shipping-taxable","32":"purchasable","33":"product-type-variable"},"_links":{"self":[{"href":"https:\/\/vivasem.ro\/index.php?rest_route=\/wp\/v2\/product\/17143","targetHints":{"allow":["GET"]}}],"collection":[{"href":"https:\/\/vivasem.ro\/index.php?rest_route=\/wp\/v2\/product"}],"about":[{"href":"https:\/\/vivasem.ro\/index.php?rest_route=\/wp\/v2\/types\/product"}],"replies":[{"embeddable":true,"href":"https:\/\/vivasem.ro\/index.php?rest_route=%2Fwp%2Fv2%2Fcomments&post=17143"}],"wp:featuredmedia":[{"embeddable":true,"href":"https:\/\/vivasem.ro\/index.php?rest_route=\/wp\/v2\/media\/3032"}],"wp:attachment":[{"href":"https:\/\/vivasem.ro\/index.php?rest_route=%2Fwp%2Fv2%2Fmedia&parent=17143"}],"wp:term":[{"taxonomy":"product_brand","embeddable":true,"href":"https:\/\/vivasem.ro\/index.php?rest_route=%2Fwp%2Fv2%2Fproduct_brand&post=17143"},{"taxonomy":"product_cat","embeddable":true,"href":"https:\/\/vivasem.ro\/index.php?rest_route=%2Fwp%2Fv2%2Fproduct_cat&post=17143"},{"taxonomy":"product_tag","embeddable":true,"href":"https:\/\/vivasem.ro\/index.php?rest_route=%2Fwp%2Fv2%2Fproduct_tag&post=17143"}],"curies":[{"name":"wp","href":"https:\/\/api.w.org\/{rel}","templated":true}]}}