{"id":17142,"date":"2025-11-11T10:09:13","date_gmt":"2025-11-11T08:09:13","guid":{"rendered":"https:\/\/vivasem.ro\/?post_type=product&#038;p=17142"},"modified":"2026-01-06T09:31:45","modified_gmt":"2026-01-06T07:31:45","slug":"salonic-greco-thessaloniki-thessaloniki-oferta-100s","status":"publish","type":"product","link":"https:\/\/vivasem.ro\/?product=salonic-greco-thessaloniki-thessaloniki-oferta-100s","title":{"rendered":"SALONIC \/GRECO THESSALONIKI \/ THESSALONIKI (OFERTA 100s )"},"content":{"rendered":"<h6 style=\"text-align: left;\"><span style=\"color: #ff0000;\">THESSALONIKI\/GRECO THESSALONIKI<\/span><span style=\"color: #ff0000;\">\/ SALONIC <\/span><span style=\"color: #ff0000;\">-Reimeer Seeds USA,<\/span><\/h6>\n<h6><span style=\"color: #000080;\">RO\u0218IILE SALONIC, SUNT UN SOI VECHI , HEIRLOOM, ORIGINAR DIN GRECIA, CU FRUCTE \u00ceN GREUTATE DE 140-250 grame.<\/span><\/h6>\n<h6><span style=\"color: #ff0000;\">UNUL DINTRE CELE MAI\u00a0 BUNE SOIURI, DE CULTIVAT \u0218I PENTRU COMERCIALIZARE, DATORIT\u0102 MULTIPLELOR CALIT\u0102\u021aI.<\/span><\/h6>\n<h6><span style=\"color: #000080;\">TOMATELE SUNT FOARTE FRUMOASE, ASPECTUASE, UNIFORME, DE CULOARE RO\u0218IE INTENS\u0102 .<\/span><\/h6>\n<h6><span style=\"color: #000080;\">FRUCTELE CRESC \u00ceN CIORCHINI DE 5-6 FRUCTE, CARE SE COC APROAPE SIMULTAN \u0218I SE POT CULEGE SI VINDE\u00a0 \u00ceNTREGI, CU TOT CU CRENGU\u021aE, FAPT PREFERAT DE CEI MAI MUL\u021aI CUMP\u0102R\u0102TORI .<\/span><\/h6>\n<h6><span style=\"color: #ff0000;\">REZIST\u0102 MAI MULT TIMP DUP\u0102 CULEGERE ,LA RAFT \u0218I LA DEPOZITARE , PRACTIC REFUZ\u0102 S\u0102 SE STRICE CHIAR \u0218I DUP\u0102 SUPRACOACERE, AU\u00a0\u0218I PROPIETATEA DE A SE COACE \u0218I DUP\u0102 CULEGEREA LOR MAI VERZI(Extendet shelf life and stores well).<\/span><\/h6>\n<h6><span style=\"color: #ff0000;\">GUST FOARTE BUN,\u00a0 FIN, DULCE,\u00a0 CU O AROM\u0102\u00a0 INTENS\u0102 DE RO\u0218IE TRADI\u021aIONAL\u0102.<\/span><\/h6>\n<h6><span style=\"color: #ff0000;\">PULPA ESTE FERM\u0102,REZISTENT\u0102 LA TRANSPORT,\u00a0 C\u0102RNOAS\u0102 ,SUCULENT\u0102, CE POATE FI FELIAT\u0102 \u0218I FOLOSIT\u0102 \u00ceN SANDVI\u0218URI, SALATE, CONSERVE, ETC.<\/span><\/h6>\n<h6><span style=\"color: #000080;\">PLANTELE NEDETERMINATE , AU FOLIAJ BOGAT, FERIND ASTFEL FRUCTELE DE ARSUR\u0102 SOLAR\u0102 , PETE, OP\u0102RIRE.<\/span><\/h6>\n<h6><span style=\"color: #000080;\"><span style=\"color: #ff0000;\">SUNT EXTRAORDINAR DE\u00a0 PRODUCTIVE \u0218I DAU FOARTE BUNE REZULTATE \u00ceN ZONELE CU CLIM\u0102 CALD\u0102 \u0218I TEMPERATURI RIDICATE DE VAR\u0102<\/span>, \u00ceN GR\u0102DIN\u0102, DAR \u0218I \u00ceN SOLAR .<\/span><\/h6>\n<h6><span style=\"color: #000080;\">TIMPURIETATE MEDIE,\u00a0 75 ZILE DE LA TRANSPLANT.<\/span><\/h6>\n<h6><span style=\"color: #000080;\">SOI ATESTAT \u00ceN SUA, \u00ceNAINTE DE 1950 , CU FRUCTE \u00a0REZISTENTE LA CR\u0102PARE.<\/span><\/h6>\n<h6>.<\/h6>\n<p>&nbsp;<\/p>\n<h6><\/h6>\n","protected":false},"excerpt":{"rendered":"<h6><span style=\"color: #ff00ff;\">EXTREM DE PRODUCTIV !<\/span><\/h6>\n<h6><span style=\"color: #ff00ff;\">SOI FOARTE REZISTENT LA C\u0102LDUR\u0102!<\/span><img loading=\"lazy\" decoding=\"async\" class=\"alignnone size-full wp-image-8306\" style=\"color: #0000ff;\" src=\"https:\/\/vivasem.ro\/wp-content\/uploads\/2021\/11\/RECOMAND-e1762844609348.jpg\" alt=\"\" width=\"87\" height=\"84\" \/><\/h6>\n","protected":false},"featured_media":5814,"comment_status":"open","ping_status":"closed","template":"","meta":{"site-sidebar-layout":"default","site-content-layout":"default","ast-site-content-layout":"default","site-content-style":"default","site-sidebar-style":"default","ast-global-header-display":"","ast-banner-title-visibility":"","ast-main-header-display":"","ast-hfb-above-header-display":"","ast-hfb-below-header-display":"","ast-hfb-mobile-header-display":"","site-post-title":"","ast-breadcrumbs-content":"","ast-featured-img":"","footer-sml-layout":"","ast-disable-related-posts":"","theme-transparent-header-meta":"default","adv-header-id-meta":"","stick-header-meta":"","header-above-stick-meta":"","header-main-stick-meta":"","header-below-stick-meta":"","astra-migrate-meta-layouts":"set","ast-page-background-enabled":"default","ast-page-background-meta":{"desktop":{"background-color":"var(--ast-global-color-4)","background-image":"","background-repeat":"repeat","background-position":"center center","background-size":"auto","background-attachment":"scroll","background-type":"","background-media":"","overlay-type":"","overlay-color":"","overlay-opacity":"","overlay-gradient":""},"tablet":{"background-color":"","background-image":"","background-repeat":"repeat","background-position":"center center","background-size":"auto","background-attachment":"scroll","background-type":"","background-media":"","overlay-type":"","overlay-color":"","overlay-opacity":"","overlay-gradient":""},"mobile":{"background-color":"","background-image":"","background-repeat":"repeat","background-position":"center center","background-size":"auto","background-attachment":"scroll","background-type":"","background-media":"","overlay-type":"","overlay-color":"","overlay-opacity":"","overlay-gradient":""}},"ast-content-background-meta":{"desktop":{"background-color":"var(--ast-global-color-5)","background-image":"","background-repeat":"repeat","background-position":"center center","background-size":"auto","background-attachment":"scroll","background-type":"","background-media":"","overlay-type":"","overlay-color":"","overlay-opacity":"","overlay-gradient":""},"tablet":{"background-color":"var(--ast-global-color-5)","background-image":"","background-repeat":"repeat","background-position":"center center","background-size":"auto","background-attachment":"scroll","background-type":"","background-media":"","overlay-type":"","overlay-color":"","overlay-opacity":"","overlay-gradient":""},"mobile":{"background-color":"var(--ast-global-color-5)","background-image":"","background-repeat":"repeat","background-position":"center center","background-size":"auto","background-attachment":"scroll","background-type":"","background-media":"","overlay-type":"","overlay-color":"","overlay-opacity":"","overlay-gradient":""}}},"product_brand":[],"product_cat":[180,143,141,142,15],"product_tag":[],"class_list":{"0":"post-17142","1":"product","2":"type-product","3":"status-publish","4":"has-post-thumbnail","6":"product_cat-oferte-de-pret-cantitate","7":"product_cat-soiuri-timpurii-cherry","8":"product_cat-soi-gigant-urias","9":"product_cat-soiuri-rosii-roz","10":"product_cat-tomate-soi","11":"desktop-align-left","12":"tablet-align-left","13":"mobile-align-left","15":"first","16":"instock","17":"sale","18":"taxable","19":"shipping-taxable","20":"purchasable","21":"product-type-simple"},"_links":{"self":[{"href":"https:\/\/vivasem.ro\/index.php?rest_route=\/wp\/v2\/product\/17142","targetHints":{"allow":["GET"]}}],"collection":[{"href":"https:\/\/vivasem.ro\/index.php?rest_route=\/wp\/v2\/product"}],"about":[{"href":"https:\/\/vivasem.ro\/index.php?rest_route=\/wp\/v2\/types\/product"}],"replies":[{"embeddable":true,"href":"https:\/\/vivasem.ro\/index.php?rest_route=%2Fwp%2Fv2%2Fcomments&post=17142"}],"wp:featuredmedia":[{"embeddable":true,"href":"https:\/\/vivasem.ro\/index.php?rest_route=\/wp\/v2\/media\/5814"}],"wp:attachment":[{"href":"https:\/\/vivasem.ro\/index.php?rest_route=%2Fwp%2Fv2%2Fmedia&parent=17142"}],"wp:term":[{"taxonomy":"product_brand","embeddable":true,"href":"https:\/\/vivasem.ro\/index.php?rest_route=%2Fwp%2Fv2%2Fproduct_brand&post=17142"},{"taxonomy":"product_cat","embeddable":true,"href":"https:\/\/vivasem.ro\/index.php?rest_route=%2Fwp%2Fv2%2Fproduct_cat&post=17142"},{"taxonomy":"product_tag","embeddable":true,"href":"https:\/\/vivasem.ro\/index.php?rest_route=%2Fwp%2Fv2%2Fproduct_tag&post=17142"}],"curies":[{"name":"wp","href":"https:\/\/api.w.org\/{rel}","templated":true}]}}