{"id":171,"date":"2021-09-19T13:07:58","date_gmt":"2021-09-19T11:07:58","guid":{"rendered":"https:\/\/vivasem.ro\/?post_type=product&#038;p=171"},"modified":"2024-12-08T07:22:46","modified_gmt":"2024-12-08T05:22:46","slug":"bosque-blue-bumblee-bee-tufa-albastra-cu-bondari","status":"publish","type":"product","link":"https:\/\/vivasem.ro\/?product=bosque-blue-bumblee-bee-tufa-albastra-cu-bondari","title":{"rendered":"BOSQUE BLUE BUMBLEE BEE"},"content":{"rendered":"<h6><span style=\"color: #ff0000;\">BOSQUE BLUE BUMBLEE BEE \/TUFA ALBASTR\u0102 CU BONDARI,<\/span><\/h6>\n<h6><span style=\"color: #0000ff;\">UN SOI EXTRAORDINAR DIN SUA, SPECTACULOS,DIN GAMA SOIURILOR CU ANTOCIANIN\u0102, LA CARE CULORILE SUNT MINUNATE ,GALBEN,VIOLET,INDIGO,MAHON.<\/span><br \/>\n<span style=\"color: #0000ff;\">ASPECTUL SE SCHIMB\u0102 \u00ceN PERMANEN\u021a\u0102 ,\u00ceN FUNC\u021aIE DE TEMPERATUR\u0102 \u0218I INTENSITATEA LUMINII,OB\u021aIN\u00c2NDU-SE \u0218I FRUCTE MULTICOLORE,DAR \u0218I FRUCTE COMPLET INDIGO-\u00ceNCHIS,APROAPE NEGRE,CARE ,DOAR IN ZONA CODI\u021aEI,MAI P\u0102STREAZ\u0102 PU\u021aIN GALBEN.<\/span><br \/>\n<span style=\"color: #0000ff;\">GUSTUL ESTE PERFECT,<\/span>ASEM\u0102N\u0102TOR SOIURILOR CHERRY,BINE ECHILIBRAT \u00ceNTRE DULCE \u0218I U\u0218OR ACRI\u0218OR,INTENS,CU AROM\u0102 SPECIFIC\u0102 PREZEN\u021aEI ANTHOCYANINEI,CU NUAN\u021aE DE CITRICE.M\u0102RIMEA FRUCTELOR:20-40 grame.<br \/>\nSOI TIMPURIU,NEDETERMINAT, DE GR\u0102DIN\u0102 \u0218I SOLAR , FOARTE PRODUCTIV,CE CRE\u0218TE \u00ceN CIORCHINI BOGA\u021aI.<\/h6>\n<h6>ESTE BINE ADAPTAT LA CLIM\u0102 RECE, ESTE DE SEZON LUNG \u0218I RODE\u0218TE MULT P\u00c2N\u0102 LA \u00ceNGHE\u021a.<br \/>\n<span style=\"color: #0000ff;\">CULORILE VIOLET-INDIGO-NEGRU ,DEMONSTREAZ\u0102 PREZEN\u021aA \u00ceN ACEST SOI,\u00ceN CANTITATE SEMNIFICATIV\u0102,DE ANTOCIANIN\u0102,UN PUTERNIC ANTIOXIDANT ,BENEFIC \u00ceN S\u0102N\u0102TATEA APARATULUI CARDIO-VASCULAR ,APARATULUI URINAR ,A CREIERULUI ,AV\u00c2ND PROPRIET\u0102\u021aI ANTI-CANCERIGENE ,ANTI-VIRALE \u0218I ANTI-INFLAMATOARE .<\/span><\/h6>\n","protected":false},"excerpt":{"rendered":"<h6><span style=\"color: #0000ff;\">25 SEMIN\u021aE<\/span><\/h6>\n<h6>SOI SPECTACULOS !<\/h6>\n<h6>GUST EXCEP\u021aIONAL !<\/h6>\n<h6>FOARTE PRODUCTIV !<\/h6>\n","protected":false},"featured_media":424,"comment_status":"open","ping_status":"closed","template":"","meta":{"site-sidebar-layout":"default","site-content-layout":"default","ast-site-content-layout":"default","site-content-style":"default","site-sidebar-style":"default","ast-global-header-display":"","ast-banner-title-visibility":"","ast-main-header-display":"","ast-hfb-above-header-display":"","ast-hfb-below-header-display":"","ast-hfb-mobile-header-display":"","site-post-title":"","ast-breadcrumbs-content":"","ast-featured-img":"","footer-sml-layout":"","ast-disable-related-posts":"","theme-transparent-header-meta":"default","adv-header-id-meta":"","stick-header-meta":"","header-above-stick-meta":"","header-main-stick-meta":"","header-below-stick-meta":"","astra-migrate-meta-layouts":"set","ast-page-background-enabled":"default","ast-page-background-meta":{"desktop":{"background-color":"var(--ast-global-color-4)","background-image":"","background-repeat":"repeat","background-position":"center center","background-size":"auto","background-attachment":"scroll","background-type":"","background-media":"","overlay-type":"","overlay-color":"","overlay-opacity":"","overlay-gradient":""},"tablet":{"background-color":"","background-image":"","background-repeat":"repeat","background-position":"center center","background-size":"auto","background-attachment":"scroll","background-type":"","background-media":"","overlay-type":"","overlay-color":"","overlay-opacity":"","overlay-gradient":""},"mobile":{"background-color":"","background-image":"","background-repeat":"repeat","background-position":"center center","background-size":"auto","background-attachment":"scroll","background-type":"","background-media":"","overlay-type":"","overlay-color":"","overlay-opacity":"","overlay-gradient":""}},"ast-content-background-meta":{"desktop":{"background-color":"var(--ast-global-color-5)","background-image":"","background-repeat":"repeat","background-position":"center center","background-size":"auto","background-attachment":"scroll","background-type":"","background-media":"","overlay-type":"","overlay-color":"","overlay-opacity":"","overlay-gradient":""},"tablet":{"background-color":"var(--ast-global-color-5)","background-image":"","background-repeat":"repeat","background-position":"center center","background-size":"auto","background-attachment":"scroll","background-type":"","background-media":"","overlay-type":"","overlay-color":"","overlay-opacity":"","overlay-gradient":""},"mobile":{"background-color":"var(--ast-global-color-5)","background-image":"","background-repeat":"repeat","background-position":"center center","background-size":"auto","background-attachment":"scroll","background-type":"","background-media":"","overlay-type":"","overlay-color":"","overlay-opacity":"","overlay-gradient":""}}},"product_brand":[],"product_cat":[139,143,137,15],"product_tag":[],"class_list":{"0":"post-171","1":"product","2":"type-product","3":"status-publish","4":"has-post-thumbnail","6":"product_cat-tomate-galbene-orange-bicolore-verzi","7":"product_cat-soiuri-timpurii-cherry","8":"product_cat-tomate-indigo","9":"product_cat-tomate-soi","10":"desktop-align-left","11":"tablet-align-left","12":"mobile-align-left","14":"first","15":"instock","16":"taxable","17":"shipping-taxable","18":"purchasable","19":"product-type-simple"},"_links":{"self":[{"href":"https:\/\/vivasem.ro\/index.php?rest_route=\/wp\/v2\/product\/171","targetHints":{"allow":["GET"]}}],"collection":[{"href":"https:\/\/vivasem.ro\/index.php?rest_route=\/wp\/v2\/product"}],"about":[{"href":"https:\/\/vivasem.ro\/index.php?rest_route=\/wp\/v2\/types\/product"}],"replies":[{"embeddable":true,"href":"https:\/\/vivasem.ro\/index.php?rest_route=%2Fwp%2Fv2%2Fcomments&post=171"}],"wp:featuredmedia":[{"embeddable":true,"href":"https:\/\/vivasem.ro\/index.php?rest_route=\/wp\/v2\/media\/424"}],"wp:attachment":[{"href":"https:\/\/vivasem.ro\/index.php?rest_route=%2Fwp%2Fv2%2Fmedia&parent=171"}],"wp:term":[{"taxonomy":"product_brand","embeddable":true,"href":"https:\/\/vivasem.ro\/index.php?rest_route=%2Fwp%2Fv2%2Fproduct_brand&post=171"},{"taxonomy":"product_cat","embeddable":true,"href":"https:\/\/vivasem.ro\/index.php?rest_route=%2Fwp%2Fv2%2Fproduct_cat&post=171"},{"taxonomy":"product_tag","embeddable":true,"href":"https:\/\/vivasem.ro\/index.php?rest_route=%2Fwp%2Fv2%2Fproduct_tag&post=171"}],"curies":[{"name":"wp","href":"https:\/\/api.w.org\/{rel}","templated":true}]}}