{"id":17008,"date":"2025-10-26T15:19:11","date_gmt":"2025-10-26T13:19:11","guid":{"rendered":"https:\/\/vivasem.ro\/?post_type=product&#038;p=17008"},"modified":"2025-10-26T15:21:41","modified_gmt":"2025-10-26T13:21:41","slug":"sart-roloise-100s-g70-80","status":"publish","type":"product","link":"https:\/\/vivasem.ro\/?product=sart-roloise-100s-g70-80","title":{"rendered":"SART ROLOISE (100S)-(G70-80%)"},"content":{"rendered":"<h6><span style=\"color: #ff0000;\">SART ROLOISE,<\/span><\/h6>\n<h6><span style=\"color: #ff00ff;\">Lot cu germina\u021bie detreminata de 70-80%.<\/span><\/h6>\n<h6><span style=\"color: #333399;\">SOI SPECTACULOS, LA CARE FRUCTELE \u00ceSI SCHIMB\u0102 CULOAREA PE M\u0102SUR\u0102 CE SE COC , AJUNG\u00c2ND LA NUAN\u021aE DE GALBEN-AURIU, COMBINATE CU UMERI \u0218I DUNGI INDIGO, (NEGRUL -INDIGO, DOVEDE\u0218TE PREZEN\u021aA UNEI CANTIT\u0102\u021aII MARI DE ANTOCIANIN\u0102, UN ALT ANTIOXIDANT FOARTE PUTERNIC, AL\u0102TURI DE LICOPEN).<\/span><\/h6>\n<h6><span style=\"color: #ff0000;\">MIEZUL ESTE GALBEN-L\u0102M\u00c2I, GUSTUL EXCEP\u021aIONAL,TIP CHERRY, DULCE, ECHILIBRAT CU PU\u021aIN\u0102 ACIDITATE, \u0218I AROM\u0102 INTENS\u0102.<\/span><\/h6>\n<h6><span style=\"color: #333399;\">FORMA ESTE ROTUND-TURTIT\u0102 , GREUTATEA MEDIE ESTE \u00ceNTRE 70-100 grame ,DAR UNELE FRUCTE AJUNG \u0218I MAI MARI, PESTE 350 GRAME.<\/span><\/h6>\n<h6><span style=\"color: #333399;\">ARE REZISTEN\u021a\u0102 MARE LA C\u0102LDUR\u0102, DAR \u0218I LA FRIG, FIIND DE SEZON LUNG.<\/span><\/h6>\n<h6><span style=\"color: #333399;\">OB\u021aINUT \u00ceN SART EUSTACHE-BELGIA, CA \u00ceNCRUCI\u0218ARE \u00ceNTRE BABY BLUE \u0218I WHITE WONDER.<\/span><\/h6>\n<h6><\/h6>\n","protected":false},"excerpt":{"rendered":"<h6><span style=\"color: #0000ff;\">100 SEMIN\u021aE<\/span><\/h6>\n<h6><span style=\"color: #ff00ff;\">SOI EXCEP\u021aIONAL !<\/span><\/h6>\n<h6><span style=\"color: #ff00ff;\">GUST EXTRAORDINAR !<\/span><\/h6>\n","protected":false},"featured_media":17007,"comment_status":"open","ping_status":"closed","template":"","meta":{"site-sidebar-layout":"default","site-content-layout":"default","ast-site-content-layout":"default","site-content-style":"default","site-sidebar-style":"default","ast-global-header-display":"","ast-banner-title-visibility":"","ast-main-header-display":"","ast-hfb-above-header-display":"","ast-hfb-below-header-display":"","ast-hfb-mobile-header-display":"","site-post-title":"","ast-breadcrumbs-content":"","ast-featured-img":"","footer-sml-layout":"","ast-disable-related-posts":"","theme-transparent-header-meta":"default","adv-header-id-meta":"","stick-header-meta":"","header-above-stick-meta":"","header-main-stick-meta":"","header-below-stick-meta":"","astra-migrate-meta-layouts":"set","ast-page-background-enabled":"default","ast-page-background-meta":{"desktop":{"background-color":"var(--ast-global-color-4)","background-image":"","background-repeat":"repeat","background-position":"center center","background-size":"auto","background-attachment":"scroll","background-type":"","background-media":"","overlay-type":"","overlay-color":"","overlay-opacity":"","overlay-gradient":""},"tablet":{"background-color":"","background-image":"","background-repeat":"repeat","background-position":"center center","background-size":"auto","background-attachment":"scroll","background-type":"","background-media":"","overlay-type":"","overlay-color":"","overlay-opacity":"","overlay-gradient":""},"mobile":{"background-color":"","background-image":"","background-repeat":"repeat","background-position":"center center","background-size":"auto","background-attachment":"scroll","background-type":"","background-media":"","overlay-type":"","overlay-color":"","overlay-opacity":"","overlay-gradient":""}},"ast-content-background-meta":{"desktop":{"background-color":"var(--ast-global-color-5)","background-image":"","background-repeat":"repeat","background-position":"center center","background-size":"auto","background-attachment":"scroll","background-type":"","background-media":"","overlay-type":"","overlay-color":"","overlay-opacity":"","overlay-gradient":""},"tablet":{"background-color":"var(--ast-global-color-5)","background-image":"","background-repeat":"repeat","background-position":"center center","background-size":"auto","background-attachment":"scroll","background-type":"","background-media":"","overlay-type":"","overlay-color":"","overlay-opacity":"","overlay-gradient":""},"mobile":{"background-color":"var(--ast-global-color-5)","background-image":"","background-repeat":"repeat","background-position":"center center","background-size":"auto","background-attachment":"scroll","background-type":"","background-media":"","overlay-type":"","overlay-color":"","overlay-opacity":"","overlay-gradient":""}}},"product_brand":[],"product_cat":[139,137,15],"product_tag":[],"class_list":{"0":"post-17008","1":"product","2":"type-product","3":"status-publish","4":"has-post-thumbnail","6":"product_cat-tomate-galbene-orange-bicolore-verzi","7":"product_cat-tomate-indigo","8":"product_cat-tomate-soi","9":"desktop-align-left","10":"tablet-align-left","11":"mobile-align-left","13":"first","14":"instock","15":"taxable","16":"shipping-taxable","17":"purchasable","18":"product-type-simple"},"_links":{"self":[{"href":"https:\/\/vivasem.ro\/index.php?rest_route=\/wp\/v2\/product\/17008","targetHints":{"allow":["GET"]}}],"collection":[{"href":"https:\/\/vivasem.ro\/index.php?rest_route=\/wp\/v2\/product"}],"about":[{"href":"https:\/\/vivasem.ro\/index.php?rest_route=\/wp\/v2\/types\/product"}],"replies":[{"embeddable":true,"href":"https:\/\/vivasem.ro\/index.php?rest_route=%2Fwp%2Fv2%2Fcomments&post=17008"}],"wp:featuredmedia":[{"embeddable":true,"href":"https:\/\/vivasem.ro\/index.php?rest_route=\/wp\/v2\/media\/17007"}],"wp:attachment":[{"href":"https:\/\/vivasem.ro\/index.php?rest_route=%2Fwp%2Fv2%2Fmedia&parent=17008"}],"wp:term":[{"taxonomy":"product_brand","embeddable":true,"href":"https:\/\/vivasem.ro\/index.php?rest_route=%2Fwp%2Fv2%2Fproduct_brand&post=17008"},{"taxonomy":"product_cat","embeddable":true,"href":"https:\/\/vivasem.ro\/index.php?rest_route=%2Fwp%2Fv2%2Fproduct_cat&post=17008"},{"taxonomy":"product_tag","embeddable":true,"href":"https:\/\/vivasem.ro\/index.php?rest_route=%2Fwp%2Fv2%2Fproduct_tag&post=17008"}],"curies":[{"name":"wp","href":"https:\/\/api.w.org\/{rel}","templated":true}]}}