{"id":170,"date":"2021-09-19T13:03:52","date_gmt":"2021-09-19T11:03:52","guid":{"rendered":"https:\/\/vivasem.ro\/?post_type=product&#038;p=170"},"modified":"2025-12-28T12:25:12","modified_gmt":"2025-12-28T10:25:12","slug":"cherry-bing-wing","status":"publish","type":"product","link":"https:\/\/vivasem.ro\/?product=cherry-bing-wing","title":{"rendered":"CHERRY BING WING (Ofert\u0103 pret\/G. 60-80%)"},"content":{"rendered":"<h6><span style=\"color: #ff0000;\">CHERRY BING WING,<\/span><\/h6>\n<h6>Lot cu germina\u021bie de 60-80%,<\/h6>\n<h6><span style=\"color: #0000ff;\">SOI DE O FRUMUSE\u021aE EXTRAORDINAR\u0102,CU FRUCTE ROTUNDE,CE SE TRANSFORM\u0102 DIN CULOAREA VERDE,\u00ceN MOV \u0218I APOI \u00ceN CULOARE RO\u0218IE,CU PETE INDIGO,P\u00c2N\u0102 LA NEGRU,\u00ceN GREUTATE DE 20-50 grame.<\/span><br \/>\nCULORILE VIOLET-INDIGO-NEGRU ,DEMONSTREAZ\u0102 PREZEN\u021aA \u00ceN ACEST SOI,\u00ceN CANTITATE SEMNIFICATIV\u0102,DE ANTOCIANIN\u0102,UN PUTERNIC ANTIOXIDANT ,BENEFIC \u00ceN S\u0102N\u0102TATEA APARATULUI CARDIO-VASCULAR ,APARATULUI URINAR ,A CREIERULUI ,AV\u00c2ND PROPRIET\u0102\u021aI ANTI-CANCERIGENE ,ANTI-VIRALE \u0218I ANTI-INFLAMATOARE .<br \/>\n<span style=\"color: #0000ff;\">GUSTUL ESTE PERFECT,ASEM\u0102N\u0102TOR SOIURILOR CHERRY,BINE ECHILIBRAT \u00ceNTRE DULCE \u0218I ACRI\u0218OR,INTENS,CU AROM\u0102 SPECIFIC\u0102 PREZEN\u021aEI ANTOCIANINEI.<\/span><br \/>\nDE FOLOSIT \u00ceN SPECIAL \u00ceN STARE PROASP\u0102T\u0102,\u00ceN DECORAREA PLATOURILOR,\u00ceN SALATE.<br \/>\nPLANTELE VIGUROASE, RODESC NUMERO\u0218I CIORCHINI ,CE AJUNG LA 40 centimetrii,COMPUSI DIN 5-12 FRUCTE SUPERBE.<br \/>\nAMELIORAT \u00ceN UCRAINA,ACEST SOI POATE FI CULTIVAT CU SUCCES,\u00ceN GR\u0102DIN\u0102 ,INCLUSIV \u00ceN ZONE RECI,\u0218I \u00ceN SOLAR UNDE SE OB\u021aIN REZULTATE DEOSEBITE DE PRODUCTIVITATE.<\/h6>\n","protected":false},"excerpt":{"rendered":"<h6><span style=\"color: #ff00ff;\">SOI SPECTACULOS !<\/span><\/h6>\n<h6><span style=\"color: #ff00ff;\">GUST EXTRAORDINAR !<\/span><\/h6>\n","protected":false},"featured_media":457,"comment_status":"open","ping_status":"closed","template":"","meta":{"site-sidebar-layout":"default","site-content-layout":"default","ast-site-content-layout":"default","site-content-style":"default","site-sidebar-style":"default","ast-global-header-display":"","ast-banner-title-visibility":"","ast-main-header-display":"","ast-hfb-above-header-display":"","ast-hfb-below-header-display":"","ast-hfb-mobile-header-display":"","site-post-title":"","ast-breadcrumbs-content":"","ast-featured-img":"","footer-sml-layout":"","ast-disable-related-posts":"","theme-transparent-header-meta":"default","adv-header-id-meta":"","stick-header-meta":"","header-above-stick-meta":"","header-main-stick-meta":"","header-below-stick-meta":"","astra-migrate-meta-layouts":"set","ast-page-background-enabled":"default","ast-page-background-meta":{"desktop":{"background-color":"var(--ast-global-color-4)","background-image":"","background-repeat":"repeat","background-position":"center center","background-size":"auto","background-attachment":"scroll","background-type":"","background-media":"","overlay-type":"","overlay-color":"","overlay-opacity":"","overlay-gradient":""},"tablet":{"background-color":"","background-image":"","background-repeat":"repeat","background-position":"center center","background-size":"auto","background-attachment":"scroll","background-type":"","background-media":"","overlay-type":"","overlay-color":"","overlay-opacity":"","overlay-gradient":""},"mobile":{"background-color":"","background-image":"","background-repeat":"repeat","background-position":"center center","background-size":"auto","background-attachment":"scroll","background-type":"","background-media":"","overlay-type":"","overlay-color":"","overlay-opacity":"","overlay-gradient":""}},"ast-content-background-meta":{"desktop":{"background-color":"var(--ast-global-color-5)","background-image":"","background-repeat":"repeat","background-position":"center center","background-size":"auto","background-attachment":"scroll","background-type":"","background-media":"","overlay-type":"","overlay-color":"","overlay-opacity":"","overlay-gradient":""},"tablet":{"background-color":"var(--ast-global-color-5)","background-image":"","background-repeat":"repeat","background-position":"center center","background-size":"auto","background-attachment":"scroll","background-type":"","background-media":"","overlay-type":"","overlay-color":"","overlay-opacity":"","overlay-gradient":""},"mobile":{"background-color":"var(--ast-global-color-5)","background-image":"","background-repeat":"repeat","background-position":"center center","background-size":"auto","background-attachment":"scroll","background-type":"","background-media":"","overlay-type":"","overlay-color":"","overlay-opacity":"","overlay-gradient":""}}},"product_brand":[],"product_cat":[180,139,143,137,15],"product_tag":[],"class_list":{"0":"post-170","1":"product","2":"type-product","3":"status-publish","4":"has-post-thumbnail","6":"product_cat-oferte-de-pret-cantitate","7":"product_cat-tomate-galbene-orange-bicolore-verzi","8":"product_cat-soiuri-timpurii-cherry","9":"product_cat-tomate-indigo","10":"product_cat-tomate-soi","11":"pa_numar-30-s-202","12":"pa_numar-30-s-150-seminte","13":"pa_numar-30-s-30-seminte","14":"pa_numar-30-s-300-seminte","15":"pa_numar-30-s-60-seminte","16":"pa_numar-30-s-90-seminte","17":"desktop-align-left","18":"tablet-align-left","19":"mobile-align-left","21":"first","22":"instock","23":"sale","24":"taxable","25":"shipping-taxable","26":"purchasable","27":"product-type-variable"},"_links":{"self":[{"href":"https:\/\/vivasem.ro\/index.php?rest_route=\/wp\/v2\/product\/170","targetHints":{"allow":["GET"]}}],"collection":[{"href":"https:\/\/vivasem.ro\/index.php?rest_route=\/wp\/v2\/product"}],"about":[{"href":"https:\/\/vivasem.ro\/index.php?rest_route=\/wp\/v2\/types\/product"}],"replies":[{"embeddable":true,"href":"https:\/\/vivasem.ro\/index.php?rest_route=%2Fwp%2Fv2%2Fcomments&post=170"}],"wp:featuredmedia":[{"embeddable":true,"href":"https:\/\/vivasem.ro\/index.php?rest_route=\/wp\/v2\/media\/457"}],"wp:attachment":[{"href":"https:\/\/vivasem.ro\/index.php?rest_route=%2Fwp%2Fv2%2Fmedia&parent=170"}],"wp:term":[{"taxonomy":"product_brand","embeddable":true,"href":"https:\/\/vivasem.ro\/index.php?rest_route=%2Fwp%2Fv2%2Fproduct_brand&post=170"},{"taxonomy":"product_cat","embeddable":true,"href":"https:\/\/vivasem.ro\/index.php?rest_route=%2Fwp%2Fv2%2Fproduct_cat&post=170"},{"taxonomy":"product_tag","embeddable":true,"href":"https:\/\/vivasem.ro\/index.php?rest_route=%2Fwp%2Fv2%2Fproduct_tag&post=170"}],"curies":[{"name":"wp","href":"https:\/\/api.w.org\/{rel}","templated":true}]}}