{"id":16989,"date":"2025-10-19T18:34:47","date_gmt":"2025-10-19T16:34:47","guid":{"rendered":"https:\/\/vivasem.ro\/?post_type=product&#038;p=16989"},"modified":"2026-02-10T22:52:59","modified_gmt":"2026-02-10T20:52:59","slug":"pink-heart-f1-nongwoo-bio-12-s","status":"publish","type":"product","link":"https:\/\/vivasem.ro\/?product=pink-heart-f1-nongwoo-bio-12-s","title":{"rendered":"\u201e\u201ePINK HEART F1-NONGWOO BIO (12 s)"},"content":{"rendered":"<h6 style=\"text-align: left;\"><span style=\"color: #ff0000;\"><u>TOMATE HIBRID PINK HEART F1 ,<\/u><\/span><\/h6>\n<h6 style=\"text-align: left;\"><span style=\"color: #ff0000;\">-Produc\u0103tor : NONGWOO BIO -Korea de Sud\u00a0 \u00a0 \u00a0 \u00a0 \u00a0<u><a href=\"https:\/\/vivasem.ro\/wp-content\/uploads\/2022\/12\/NOONGWOO-BIO.jpg\"><img loading=\"lazy\" decoding=\"async\" class=\"alignnone size-medium wp-image-8500\" src=\"https:\/\/vivasem.ro\/wp-content\/uploads\/2022\/12\/NOONGWOO-BIO-300x56.jpg\" alt=\"\" width=\"300\" height=\"56\" srcset=\"https:\/\/vivasem.ro\/wp-content\/uploads\/2022\/12\/NOONGWOO-BIO-300x56.jpg 300w, https:\/\/vivasem.ro\/wp-content\/uploads\/2022\/12\/NOONGWOO-BIO-248x46.jpg 248w, https:\/\/vivasem.ro\/wp-content\/uploads\/2022\/12\/NOONGWOO-BIO.jpg 545w\" sizes=\"auto, (max-width: 300px) 100vw, 300px\" \/><\/a><\/u><\/span><\/h6>\n<h6 style=\"text-align: left;\"><span style=\"color: #ff0000;\"><strong>Pink Heart F1<\/strong> este un hibrid de tomate cu fructe roz, din gama NongWoo Bio, caracterizat prin capacitate mare de produc\u021bie de fructe de calitate ridicat\u0103.<\/span><\/h6>\n<h6><span style=\"color: #0000ff;\">Cele mai importante calit\u0103\u021bi sunt gustul dulce, deosebit, al fructelor\u00a0 , m\u0103rimea mare de 230 &#8211; 240 grame in greutate, aspect excelent,uniform, f\u0103r\u0103 um\u0103r verde, forma rotunda \u0219i culoarea roz,frumoas\u0103.<\/span><\/h6>\n<h6>Fermitatea este buna si permite transportul in condi\u021bii bune.<\/h6>\n<h6 style=\"text-align: left;\"><span style=\"color: #ff0000;\">Hibridul Pink Heart F1,leag\u0103 \u0219i are un comportament excelent pe perioadele reci, fiind recomandat\u0103 cultivarea pe cicluri scurte, de<\/span><span style=\"color: #ff0000;\"> prim\u0103r\u0103 \u0219i toamn\u0103.<\/span><\/h6>\n<h6><span style=\"color: #0000ff;\">Planta hibridului de tomate\u00a0<strong>Pink Heart F1\u00a0<\/strong>prezint\u0103 o cre\u0219tere mediu-puternic\u0103, cu timpurietate medie, ce poate produce 6 &#8211; 8 fructe pe ciorchine, aspectuase, uniforme, de culoare roz.\u00a0<\/span><\/h6>\n<h6><span style=\"color: #0000ff;\">Hibridul\u00a0<strong>Pink Heart F1<\/strong> se recomand\u0103 a se cultiva, <\/span><span style=\"color: #0000ff;\">\u00een perioada rece (ciclul de primavar\u0103-devreme \u0219i ciclul de toamn\u0103), doar \u00een culturi protejate,\u00een solarii \u0219i sere.<\/span><\/h6>\n<h6><span style=\"color: #0000ff;\">Este de preferat evitarea cultivarii hibridului <strong>Pink Heart F1\u00a0<\/strong>in mijlocul verii datorita susceptibilit\u0103\u021bii la cr\u0103pare, la temperaturi foarte ridicate.\u00a0<\/span><\/h6>\n<h6><span style=\"color: #0000ff;\">Rezistenta la boli:<\/span><\/h6>\n<ul>\n<li>\n<h6><span style=\"color: #0000ff;\">HR: ToMV;<\/span><\/h6>\n<\/li>\n<li>\n<h6><span style=\"color: #0000ff;\"> Ff:A-E; <\/span><\/h6>\n<\/li>\n<li>\n<h6><span style=\"color: #0000ff;\">Fol:1,2;<\/span><\/h6>\n<\/li>\n<li>\n<h6><span style=\"color: #0000ff;\"> Vd<\/span><\/h6>\n<\/li>\n<\/ul>\n<h6><\/h6>\n","protected":false},"excerpt":{"rendered":"<h6><span style=\"color: #0000ff;\">12 SEMIN\u021aE\u00a0<\/span><\/h6>\n<h6><span style=\"color: #ff00ff;\">EXTRATIMPURIU, DEOSEBIT DE <\/span><span style=\"color: #ff00ff;\">DULCE !<\/span><\/h6>\n<h6><\/h6>\n<p>&nbsp;<\/p>\n<p>&nbsp;<\/p>\n","protected":false},"featured_media":10867,"comment_status":"open","ping_status":"closed","template":"","meta":{"site-sidebar-layout":"default","site-content-layout":"default","ast-site-content-layout":"default","site-content-style":"default","site-sidebar-style":"default","ast-global-header-display":"","ast-banner-title-visibility":"","ast-main-header-display":"","ast-hfb-above-header-display":"","ast-hfb-below-header-display":"","ast-hfb-mobile-header-display":"","site-post-title":"","ast-breadcrumbs-content":"","ast-featured-img":"","footer-sml-layout":"","ast-disable-related-posts":"","theme-transparent-header-meta":"default","adv-header-id-meta":"","stick-header-meta":"","header-above-stick-meta":"","header-main-stick-meta":"","header-below-stick-meta":"","astra-migrate-meta-layouts":"set","ast-page-background-enabled":"default","ast-page-background-meta":{"desktop":{"background-color":"var(--ast-global-color-4)","background-image":"","background-repeat":"repeat","background-position":"center center","background-size":"auto","background-attachment":"scroll","background-type":"","background-media":"","overlay-type":"","overlay-color":"","overlay-opacity":"","overlay-gradient":""},"tablet":{"background-color":"","background-image":"","background-repeat":"repeat","background-position":"center center","background-size":"auto","background-attachment":"scroll","background-type":"","background-media":"","overlay-type":"","overlay-color":"","overlay-opacity":"","overlay-gradient":""},"mobile":{"background-color":"","background-image":"","background-repeat":"repeat","background-position":"center center","background-size":"auto","background-attachment":"scroll","background-type":"","background-media":"","overlay-type":"","overlay-color":"","overlay-opacity":"","overlay-gradient":""}},"ast-content-background-meta":{"desktop":{"background-color":"var(--ast-global-color-5)","background-image":"","background-repeat":"repeat","background-position":"center center","background-size":"auto","background-attachment":"scroll","background-type":"","background-media":"","overlay-type":"","overlay-color":"","overlay-opacity":"","overlay-gradient":""},"tablet":{"background-color":"var(--ast-global-color-5)","background-image":"","background-repeat":"repeat","background-position":"center center","background-size":"auto","background-attachment":"scroll","background-type":"","background-media":"","overlay-type":"","overlay-color":"","overlay-opacity":"","overlay-gradient":""},"mobile":{"background-color":"var(--ast-global-color-5)","background-image":"","background-repeat":"repeat","background-position":"center center","background-size":"auto","background-attachment":"scroll","background-type":"","background-media":"","overlay-type":"","overlay-color":"","overlay-opacity":"","overlay-gradient":""}}},"product_brand":[],"product_cat":[110],"product_tag":[],"class_list":{"0":"post-16989","1":"product","2":"type-product","3":"status-publish","4":"has-post-thumbnail","6":"product_cat-tomate-hibrid","7":"pa_cantitate-10-seminte","8":"pa_cantitate-100-seminte","9":"pa_cantitate-200-seminte","10":"pa_cantitate-25-seminte","11":"pa_cantitate-250-seminte","12":"pa_cantitate-5-seminte","13":"pa_cantitate-50-seminte","14":"pa_cantitate-500-seminte","15":"desktop-align-left","16":"tablet-align-left","17":"mobile-align-left","19":"first","20":"outofstock","21":"taxable","22":"shipping-taxable","23":"purchasable","24":"product-type-simple"},"_links":{"self":[{"href":"https:\/\/vivasem.ro\/index.php?rest_route=\/wp\/v2\/product\/16989","targetHints":{"allow":["GET"]}}],"collection":[{"href":"https:\/\/vivasem.ro\/index.php?rest_route=\/wp\/v2\/product"}],"about":[{"href":"https:\/\/vivasem.ro\/index.php?rest_route=\/wp\/v2\/types\/product"}],"replies":[{"embeddable":true,"href":"https:\/\/vivasem.ro\/index.php?rest_route=%2Fwp%2Fv2%2Fcomments&post=16989"}],"wp:featuredmedia":[{"embeddable":true,"href":"https:\/\/vivasem.ro\/index.php?rest_route=\/wp\/v2\/media\/10867"}],"wp:attachment":[{"href":"https:\/\/vivasem.ro\/index.php?rest_route=%2Fwp%2Fv2%2Fmedia&parent=16989"}],"wp:term":[{"taxonomy":"product_brand","embeddable":true,"href":"https:\/\/vivasem.ro\/index.php?rest_route=%2Fwp%2Fv2%2Fproduct_brand&post=16989"},{"taxonomy":"product_cat","embeddable":true,"href":"https:\/\/vivasem.ro\/index.php?rest_route=%2Fwp%2Fv2%2Fproduct_cat&post=16989"},{"taxonomy":"product_tag","embeddable":true,"href":"https:\/\/vivasem.ro\/index.php?rest_route=%2Fwp%2Fv2%2Fproduct_tag&post=16989"}],"curies":[{"name":"wp","href":"https:\/\/api.w.org\/{rel}","templated":true}]}}