{"id":16878,"date":"2012-01-14T16:58:57","date_gmt":"2012-01-14T14:58:57","guid":{"rendered":"https:\/\/vivasem.ro\/?post_type=product&#038;p=16878"},"modified":"2025-12-06T11:49:38","modified_gmt":"2025-12-06T09:49:38","slug":"mari-si-bune-de-moldova","status":"publish","type":"product","link":"https:\/\/vivasem.ro\/?product=mari-si-bune-de-moldova","title":{"rendered":"MARI SI BUNE DE MOLDOVA 25s"},"content":{"rendered":"<h6><span style=\"color: #ff0000;\">MARI \u0218I BUNE DE MOLDOVA,<\/span><\/h6>\n<h6><span style=\"color: #333399;\"><strong>\u00a0SOI ROM\u00c2NESC DE GR\u0102DIN\u0102, TRADI\u021aIONAL DIN ZONA J<\/strong><strong>UDE\u021aELOR DIN SUDUL<\/strong><\/span><\/h6>\n<h6><span style=\"color: #333399;\"><strong>MOLDOVEI , VASLUI, BAC\u0102U, VRANCEA \u0218I GALA\u021aI, DEOSEBIT DE GUSTOS.<\/strong><\/span><\/h6>\n<h6><span style=\"color: #333399;\"><strong>\u00a0<span style=\"color: #ff0000;\">DELICIOS, <\/span><\/strong><span style=\"color: #ff0000;\"><strong>CU GUSTUL RO\u0218IILOR VECHI,\u00a0 DULCI \u0218I POTRIVIT ACIDE<\/strong>, <strong>CU FRUCTE\u00a0 MARI, \u00ceN MEDIE DE 200-300 grame, CE TREC FRECVENT DE ACEST BAREM \u0218I AJUNG \u0218I PESTE 500 grame.<\/strong><\/span><\/span><\/h6>\n<h6><span style=\"color: #333399;\"><strong>FRUCTELE SUNT FOARTE C\u0102RNOASE, F<\/strong>\u0102R\u0102 GOLURI INTERIOARE, DE CULOARE RO\u0218U -INTENS, CU PULPA FERM\u0102.<\/span><\/h6>\n<h6><span style=\"color: #333399;\">PLANTELE\u00a0 VIGUROASE,CU FRUNZE NORMALE, SUNT NEDETERMINATE, NECESIT\u00c2ND SUPORT SOLID, REZISTENTE LA BOLI \u0218I VARIA\u021aII TERMICE, CE DAU PRODUC\u021aII BUNE \u00ceN GR\u0102DIN\u0102 ,DAR \u0218I \u00ceN SOLAR.<\/span><\/h6>\n<h6><span style=\"color: #333399;\">COACEREA ESTE SEMITIMPURIE. Este buna la toate, de la consum zilnic, la prelucrari sub forma de paste sau bulioane. \u00a0<\/span><\/h6>\n","protected":false},"excerpt":{"rendered":"<h6><span style=\"color: #0000ff;\">25 SEMIN\u021aE<\/span><\/h6>\n<h6><span style=\"color: #ff6600;\">SOI\u00a0 EXTRAORDINAR , <\/span><span style=\"color: #ff6600;\"><span style=\"color: #0000ff;\">SPECIAL DE C\u00c2MP \u0218I GR\u0102DIN\u0102,<\/span> CU <\/span><span style=\"color: #ff6600;\">GUST EXCEP\u021aIONAL !<\/span><\/h6>\n<p><img loading=\"lazy\" decoding=\"async\" class=\"alignnone size-medium wp-image-17985\" src=\"https:\/\/vivasem.ro\/wp-content\/uploads\/2025\/05\/SOI-ROMANESC-300x106.jpg\" alt=\"\" width=\"300\" height=\"106\" srcset=\"https:\/\/vivasem.ro\/wp-content\/uploads\/2025\/05\/SOI-ROMANESC-300x106.jpg 300w, https:\/\/vivasem.ro\/wp-content\/uploads\/2025\/05\/SOI-ROMANESC-150x53.jpg 150w, https:\/\/vivasem.ro\/wp-content\/uploads\/2025\/05\/SOI-ROMANESC-248x88.jpg 248w, https:\/\/vivasem.ro\/wp-content\/uploads\/2025\/05\/SOI-ROMANESC-590x209.jpg 590w, https:\/\/vivasem.ro\/wp-content\/uploads\/2025\/05\/SOI-ROMANESC.jpg 700w\" sizes=\"auto, (max-width: 300px) 100vw, 300px\" \/><\/p>\n","protected":false},"featured_media":16890,"comment_status":"open","ping_status":"closed","template":"","meta":{"site-sidebar-layout":"default","site-content-layout":"default","ast-site-content-layout":"default","site-content-style":"default","site-sidebar-style":"default","ast-global-header-display":"","ast-banner-title-visibility":"","ast-main-header-display":"","ast-hfb-above-header-display":"","ast-hfb-below-header-display":"","ast-hfb-mobile-header-display":"","site-post-title":"","ast-breadcrumbs-content":"","ast-featured-img":"","footer-sml-layout":"","ast-disable-related-posts":"","theme-transparent-header-meta":"default","adv-header-id-meta":"","stick-header-meta":"","header-above-stick-meta":"","header-main-stick-meta":"","header-below-stick-meta":"","astra-migrate-meta-layouts":"set","ast-page-background-enabled":"default","ast-page-background-meta":{"desktop":{"background-color":"var(--ast-global-color-4)","background-image":"","background-repeat":"repeat","background-position":"center center","background-size":"auto","background-attachment":"scroll","background-type":"","background-media":"","overlay-type":"","overlay-color":"","overlay-opacity":"","overlay-gradient":""},"tablet":{"background-color":"","background-image":"","background-repeat":"repeat","background-position":"center center","background-size":"auto","background-attachment":"scroll","background-type":"","background-media":"","overlay-type":"","overlay-color":"","overlay-opacity":"","overlay-gradient":""},"mobile":{"background-color":"","background-image":"","background-repeat":"repeat","background-position":"center center","background-size":"auto","background-attachment":"scroll","background-type":"","background-media":"","overlay-type":"","overlay-color":"","overlay-opacity":"","overlay-gradient":""}},"ast-content-background-meta":{"desktop":{"background-color":"var(--ast-global-color-5)","background-image":"","background-repeat":"repeat","background-position":"center center","background-size":"auto","background-attachment":"scroll","background-type":"","background-media":"","overlay-type":"","overlay-color":"","overlay-opacity":"","overlay-gradient":""},"tablet":{"background-color":"var(--ast-global-color-5)","background-image":"","background-repeat":"repeat","background-position":"center center","background-size":"auto","background-attachment":"scroll","background-type":"","background-media":"","overlay-type":"","overlay-color":"","overlay-opacity":"","overlay-gradient":""},"mobile":{"background-color":"var(--ast-global-color-5)","background-image":"","background-repeat":"repeat","background-position":"center center","background-size":"auto","background-attachment":"scroll","background-type":"","background-media":"","overlay-type":"","overlay-color":"","overlay-opacity":"","overlay-gradient":""}}},"product_brand":[],"product_cat":[141,140,142,15],"product_tag":[],"class_list":{"0":"post-16878","1":"product","2":"type-product","3":"status-publish","4":"has-post-thumbnail","6":"product_cat-soi-gigant-urias","7":"product_cat-soiuri-romanesti","8":"product_cat-soiuri-rosii-roz","9":"product_cat-tomate-soi","10":"desktop-align-left","11":"tablet-align-left","12":"mobile-align-left","14":"first","15":"instock","16":"taxable","17":"shipping-taxable","18":"purchasable","19":"product-type-simple"},"_links":{"self":[{"href":"https:\/\/vivasem.ro\/index.php?rest_route=\/wp\/v2\/product\/16878","targetHints":{"allow":["GET"]}}],"collection":[{"href":"https:\/\/vivasem.ro\/index.php?rest_route=\/wp\/v2\/product"}],"about":[{"href":"https:\/\/vivasem.ro\/index.php?rest_route=\/wp\/v2\/types\/product"}],"replies":[{"embeddable":true,"href":"https:\/\/vivasem.ro\/index.php?rest_route=%2Fwp%2Fv2%2Fcomments&post=16878"}],"wp:featuredmedia":[{"embeddable":true,"href":"https:\/\/vivasem.ro\/index.php?rest_route=\/wp\/v2\/media\/16890"}],"wp:attachment":[{"href":"https:\/\/vivasem.ro\/index.php?rest_route=%2Fwp%2Fv2%2Fmedia&parent=16878"}],"wp:term":[{"taxonomy":"product_brand","embeddable":true,"href":"https:\/\/vivasem.ro\/index.php?rest_route=%2Fwp%2Fv2%2Fproduct_brand&post=16878"},{"taxonomy":"product_cat","embeddable":true,"href":"https:\/\/vivasem.ro\/index.php?rest_route=%2Fwp%2Fv2%2Fproduct_cat&post=16878"},{"taxonomy":"product_tag","embeddable":true,"href":"https:\/\/vivasem.ro\/index.php?rest_route=%2Fwp%2Fv2%2Fproduct_tag&post=16878"}],"curies":[{"name":"wp","href":"https:\/\/api.w.org\/{rel}","templated":true}]}}