{"id":16871,"date":"2025-10-08T21:35:10","date_gmt":"2025-10-08T19:35:10","guid":{"rendered":"https:\/\/vivasem.ro\/?post_type=product&#038;p=16871"},"modified":"2025-10-08T21:35:13","modified_gmt":"2025-10-08T19:35:13","slug":"pompa-apa","status":"publish","type":"product","link":"https:\/\/vivasem.ro\/?product=pompa-apa","title":{"rendered":"Pomp\u0103 ap\u0103"},"content":{"rendered":"<h6><\/h6>\n<div class=\"ast-oembed-container \" style=\"height: 100%;\"><iframe loading=\"lazy\" title=\"POMPA TRANSFER LICHIDE PENTRU BORMASINA\" width=\"422\" height=\"750\" src=\"https:\/\/www.youtube.com\/embed\/2I7Fq-iQ1II?feature=oembed\" frameborder=\"0\" allow=\"accelerometer; autoplay; clipboard-write; encrypted-media; gyroscope; picture-in-picture; web-share\" referrerpolicy=\"strict-origin-when-cross-origin\" allowfullscreen><\/iframe><\/div>\n<p>&nbsp;<\/p>\n<p>Pomp\u0103 portabil\u0103 ac\u021bionat\u0103 de ma\u0219ina de g\u0103urit,autoamorsant\u0103 .<\/p>\n<p>Ajutor la udarea gr\u0103dinii<\/p>\n<p>Compatibil\u0103 cu furtun de 3\/4&#8243;,<\/p>\n<p>Pomp\u0103 centrifug\u0103 pentru Ulei, Motorin\u0103, Kerosen, pentru uz casnic \u0219i atelier.<\/p>\n<p>Design compact al pompei ,cuplaj sigur cu racorduri.<\/p>\n<div class=\"_2lHZTmSd\">\n<div>Specifica\u021bii: &#x25b6; Culoare: negru &#x25b6; Material: plastic &#x25b6;Greutate net\u0103: aprox. 218 g<\/div>\n<div>&#x25b6; Diametrul tubului interior: aprox. 15 mm &#x25b6; Diametrul arborelui de transmisie: tija rotund\u0103 de 8 mm &#x25b6;Temperatura de lucru: aprox. 5-49\u2103 (41-120\u2109) &#x25b6; Direc\u021bia de rota\u021bie: \u00een sensul acelor de ceasornic<\/div>\n<\/div>\n<div class=\"_2lHZTmSd\">\n<div>Descriere: &#x25b6; Manopera fin\u0103, plastic, durabil \u0219i are o durat\u0103 de via\u021b\u0103 lung\u0103. &#x25b6; Debit mare, performan\u021b\u0103 stabil\u0103 \u0219i eficien\u021b\u0103 ridicat\u0103, instalare u\u0219oar\u0103. &#x25b6; Viteza de pompare este rapid\u0103, poate pompa 20-30 L ap\u0103 pe minut (depinde de tura\u021bia burghiului). &#x25b6; Instala\u021bi toate mandrinele de foraj, pute\u021bi utiliza burghiul electric pentru a ob\u021bine pompa, u\u0219or \u0219i convenabil de utilizat.<\/div>\n<\/div>\n<div class=\"_2lHZTmSd\">\n<div>&#x25b6; Design compact \u0219i u\u0219or, portabil \u0219i u\u0219or de depozitat. &#x25b6;Viteza recomandat\u0103 este 1500-3500 rpm. Capul pompei \u0219i debitul sunt legate de tura\u021bie. Cu c\u00e2t viteza este mai mare, cu at\u00e2t \u00een\u0103l\u021bimea \u0219i debitul sunt mai mari. La 1500 rpm, c, debitul este de aproximativ 15L pe minut.La\u00a0 3000 rpm,\u00a0 debitul este de aproximativ 30L pe minut.<\/div>\n<\/div>\n","protected":false},"excerpt":{"rendered":"<p>&nbsp; Pomp\u0103 portabil\u0103 ac\u021bionat\u0103 de ma\u0219ina de g\u0103urit,autoamorsant\u0103 . Ajutor la udarea gr\u0103dinii Compatibil\u0103 cu furtun de 3\/4&#8243;, Pomp\u0103 centrifug\u0103 pentru Ulei, Motorin\u0103, Kerosen, pentru uz casnic \u0219i atelier. Design compact al pompei ,cuplaj sigur cu racorduri. Specifica\u021bii: &#x25b6; Culoare: negru &#x25b6; Material: plastic &#x25b6;Greutate net\u0103: aprox. 218 g &#x25b6; Diametrul tubului interior: aprox. 15 [&hellip;]<\/p>\n","protected":false},"featured_media":16874,"comment_status":"open","ping_status":"closed","template":"","meta":{"site-sidebar-layout":"default","site-content-layout":"","ast-site-content-layout":"default","site-content-style":"default","site-sidebar-style":"default","ast-global-header-display":"","ast-banner-title-visibility":"","ast-main-header-display":"","ast-hfb-above-header-display":"","ast-hfb-below-header-display":"","ast-hfb-mobile-header-display":"","site-post-title":"","ast-breadcrumbs-content":"","ast-featured-img":"","footer-sml-layout":"","ast-disable-related-posts":"","theme-transparent-header-meta":"default","adv-header-id-meta":"","stick-header-meta":"","header-above-stick-meta":"","header-main-stick-meta":"","header-below-stick-meta":"","astra-migrate-meta-layouts":"set","ast-page-background-enabled":"default","ast-page-background-meta":{"desktop":{"background-color":"var(--ast-global-color-4)","background-image":"","background-repeat":"repeat","background-position":"center center","background-size":"auto","background-attachment":"scroll","background-type":"","background-media":"","overlay-type":"","overlay-color":"","overlay-opacity":"","overlay-gradient":""},"tablet":{"background-color":"","background-image":"","background-repeat":"repeat","background-position":"center center","background-size":"auto","background-attachment":"scroll","background-type":"","background-media":"","overlay-type":"","overlay-color":"","overlay-opacity":"","overlay-gradient":""},"mobile":{"background-color":"","background-image":"","background-repeat":"repeat","background-position":"center center","background-size":"auto","background-attachment":"scroll","background-type":"","background-media":"","overlay-type":"","overlay-color":"","overlay-opacity":"","overlay-gradient":""}},"ast-content-background-meta":{"desktop":{"background-color":"var(--ast-global-color-5)","background-image":"","background-repeat":"repeat","background-position":"center center","background-size":"auto","background-attachment":"scroll","background-type":"","background-media":"","overlay-type":"","overlay-color":"","overlay-opacity":"","overlay-gradient":""},"tablet":{"background-color":"var(--ast-global-color-5)","background-image":"","background-repeat":"repeat","background-position":"center center","background-size":"auto","background-attachment":"scroll","background-type":"","background-media":"","overlay-type":"","overlay-color":"","overlay-opacity":"","overlay-gradient":""},"mobile":{"background-color":"var(--ast-global-color-5)","background-image":"","background-repeat":"repeat","background-position":"center center","background-size":"auto","background-attachment":"scroll","background-type":"","background-media":"","overlay-type":"","overlay-color":"","overlay-opacity":"","overlay-gradient":""}}},"product_brand":[],"product_cat":[93],"product_tag":[],"class_list":{"0":"post-16871","1":"product","2":"type-product","3":"status-publish","4":"has-post-thumbnail","6":"product_cat-alte-produse","7":"desktop-align-left","8":"tablet-align-left","9":"mobile-align-left","11":"first","12":"instock","13":"taxable","14":"shipping-taxable","15":"purchasable","16":"product-type-simple"},"_links":{"self":[{"href":"https:\/\/vivasem.ro\/index.php?rest_route=\/wp\/v2\/product\/16871","targetHints":{"allow":["GET"]}}],"collection":[{"href":"https:\/\/vivasem.ro\/index.php?rest_route=\/wp\/v2\/product"}],"about":[{"href":"https:\/\/vivasem.ro\/index.php?rest_route=\/wp\/v2\/types\/product"}],"replies":[{"embeddable":true,"href":"https:\/\/vivasem.ro\/index.php?rest_route=%2Fwp%2Fv2%2Fcomments&post=16871"}],"wp:featuredmedia":[{"embeddable":true,"href":"https:\/\/vivasem.ro\/index.php?rest_route=\/wp\/v2\/media\/16874"}],"wp:attachment":[{"href":"https:\/\/vivasem.ro\/index.php?rest_route=%2Fwp%2Fv2%2Fmedia&parent=16871"}],"wp:term":[{"taxonomy":"product_brand","embeddable":true,"href":"https:\/\/vivasem.ro\/index.php?rest_route=%2Fwp%2Fv2%2Fproduct_brand&post=16871"},{"taxonomy":"product_cat","embeddable":true,"href":"https:\/\/vivasem.ro\/index.php?rest_route=%2Fwp%2Fv2%2Fproduct_cat&post=16871"},{"taxonomy":"product_tag","embeddable":true,"href":"https:\/\/vivasem.ro\/index.php?rest_route=%2Fwp%2Fv2%2Fproduct_tag&post=16871"}],"curies":[{"name":"wp","href":"https:\/\/api.w.org\/{rel}","templated":true}]}}