{"id":16748,"date":"2025-06-10T07:30:23","date_gmt":"2025-06-10T05:30:23","guid":{"rendered":"https:\/\/vivasem.ro\/?post_type=product&#038;p=16748"},"modified":"2025-08-25T14:56:27","modified_gmt":"2025-08-25T12:56:27","slug":"muchamiel","status":"publish","type":"product","link":"https:\/\/vivasem.ro\/?product=muchamiel","title":{"rendered":"MUCHAMIEL"},"content":{"rendered":"<h6><span style=\"color: #ff0000;\">MUCHAMIEL,<\/span><\/h6>\n<h6><span style=\"color: #000080;\">SOI SPANIOL TRADI\u021aIONAL DIN\u00a0 LOCALITATEA MUCHAMIEL, L\u00c2NG\u0102 ALICANTE, \u00ceN REGIUNEA VALENCIA,\u00a0 AL C\u0102RUI NUME, \u00ceN TRADUCERE, \u00ceNSEAMN\u0102<span style=\"color: #ff0000;\"> ,,DULCE CA MIEREA,, .<\/span><\/span><\/h6>\n<h6><span style=\"color: #000080;\">FRUCTELE DE CULOARE RO\u0218IE SUNT TIP BEEF, ROTUND-TURTITE, CU UMERI U\u0218OR ONDULA\u021aI, FOARTE C\u0102RNOASE, DE M\u0102RIME MEDIE \u00ceNTRE 100-250 gr., DAR FRECVENT POT\u00a0 AJUNGE LA 400-500 GRAME.<\/span><\/h6>\n<h6><span style=\"color: #ff0000;\">PE L\u00c2NG\u0102 GUSTUL DULCE, EXCEP\u021aIONAL, PUTERNIC AROMAT, SE REMARC\u0102 \u0218I PRINTR-O PRODUCTIE RIDICAT\u0102, FIIND SPECIALI\u0218TI CARE SPUN C\u0102 ACEST SOI ARE POTEN\u021aIAL \u0218I DE 12 kilograme PE PLANT\u0102. <\/span><\/h6>\n<h6><span style=\"color: #000080;\">ARE O BUN\u0102 REZISTEN\u021a\u0102 LA C\u0102LDUR\u0102.<\/span><\/h6>\n<h6><span style=\"color: #000080;\">SE CULTIVA CU REZULTATE FOARTE BUNE \u0218I \u00ceN GR\u0102DIN\u0102, DAR \u0218I SOLAR.<\/span><\/h6>\n","protected":false},"excerpt":{"rendered":"<h6><span style=\"color: #0000ff;\">30 SEMIN\u021aE<\/span><\/h6>\n<h6><span style=\"color: #ff00ff;\">GUST EXCEP\u021aIONAL, FOARTE PRODUCTIV, REZISTENT LA C\u0102LDUR\u0102.<\/span><\/h6>\n","protected":false},"featured_media":4907,"comment_status":"open","ping_status":"closed","template":"","meta":{"site-sidebar-layout":"default","site-content-layout":"default","ast-site-content-layout":"default","site-content-style":"default","site-sidebar-style":"default","ast-global-header-display":"","ast-banner-title-visibility":"","ast-main-header-display":"","ast-hfb-above-header-display":"","ast-hfb-below-header-display":"","ast-hfb-mobile-header-display":"","site-post-title":"","ast-breadcrumbs-content":"","ast-featured-img":"","footer-sml-layout":"","ast-disable-related-posts":"","theme-transparent-header-meta":"default","adv-header-id-meta":"","stick-header-meta":"","header-above-stick-meta":"","header-main-stick-meta":"","header-below-stick-meta":"","astra-migrate-meta-layouts":"set","ast-page-background-enabled":"default","ast-page-background-meta":{"desktop":{"background-color":"var(--ast-global-color-4)","background-image":"","background-repeat":"repeat","background-position":"center center","background-size":"auto","background-attachment":"scroll","background-type":"","background-media":"","overlay-type":"","overlay-color":"","overlay-opacity":"","overlay-gradient":""},"tablet":{"background-color":"","background-image":"","background-repeat":"repeat","background-position":"center center","background-size":"auto","background-attachment":"scroll","background-type":"","background-media":"","overlay-type":"","overlay-color":"","overlay-opacity":"","overlay-gradient":""},"mobile":{"background-color":"","background-image":"","background-repeat":"repeat","background-position":"center center","background-size":"auto","background-attachment":"scroll","background-type":"","background-media":"","overlay-type":"","overlay-color":"","overlay-opacity":"","overlay-gradient":""}},"ast-content-background-meta":{"desktop":{"background-color":"var(--ast-global-color-5)","background-image":"","background-repeat":"repeat","background-position":"center center","background-size":"auto","background-attachment":"scroll","background-type":"","background-media":"","overlay-type":"","overlay-color":"","overlay-opacity":"","overlay-gradient":""},"tablet":{"background-color":"var(--ast-global-color-5)","background-image":"","background-repeat":"repeat","background-position":"center center","background-size":"auto","background-attachment":"scroll","background-type":"","background-media":"","overlay-type":"","overlay-color":"","overlay-opacity":"","overlay-gradient":""},"mobile":{"background-color":"var(--ast-global-color-5)","background-image":"","background-repeat":"repeat","background-position":"center center","background-size":"auto","background-attachment":"scroll","background-type":"","background-media":"","overlay-type":"","overlay-color":"","overlay-opacity":"","overlay-gradient":""}}},"product_brand":[],"product_cat":[141,142,15],"product_tag":[],"class_list":{"0":"post-16748","1":"product","2":"type-product","3":"status-publish","4":"has-post-thumbnail","6":"product_cat-soi-gigant-urias","7":"product_cat-soiuri-rosii-roz","8":"product_cat-tomate-soi","9":"desktop-align-left","10":"tablet-align-left","11":"mobile-align-left","13":"first","14":"instock","15":"taxable","16":"shipping-taxable","17":"purchasable","18":"product-type-simple"},"_links":{"self":[{"href":"https:\/\/vivasem.ro\/index.php?rest_route=\/wp\/v2\/product\/16748","targetHints":{"allow":["GET"]}}],"collection":[{"href":"https:\/\/vivasem.ro\/index.php?rest_route=\/wp\/v2\/product"}],"about":[{"href":"https:\/\/vivasem.ro\/index.php?rest_route=\/wp\/v2\/types\/product"}],"replies":[{"embeddable":true,"href":"https:\/\/vivasem.ro\/index.php?rest_route=%2Fwp%2Fv2%2Fcomments&post=16748"}],"wp:featuredmedia":[{"embeddable":true,"href":"https:\/\/vivasem.ro\/index.php?rest_route=\/wp\/v2\/media\/4907"}],"wp:attachment":[{"href":"https:\/\/vivasem.ro\/index.php?rest_route=%2Fwp%2Fv2%2Fmedia&parent=16748"}],"wp:term":[{"taxonomy":"product_brand","embeddable":true,"href":"https:\/\/vivasem.ro\/index.php?rest_route=%2Fwp%2Fv2%2Fproduct_brand&post=16748"},{"taxonomy":"product_cat","embeddable":true,"href":"https:\/\/vivasem.ro\/index.php?rest_route=%2Fwp%2Fv2%2Fproduct_cat&post=16748"},{"taxonomy":"product_tag","embeddable":true,"href":"https:\/\/vivasem.ro\/index.php?rest_route=%2Fwp%2Fv2%2Fproduct_tag&post=16748"}],"curies":[{"name":"wp","href":"https:\/\/api.w.org\/{rel}","templated":true}]}}