{"id":16734,"date":"2025-05-14T06:28:37","date_gmt":"2025-05-14T04:28:37","guid":{"rendered":"https:\/\/vivasem.ro\/?post_type=product&#038;p=16734"},"modified":"2026-01-11T13:18:26","modified_gmt":"2026-01-11T11:18:26","slug":"florelia-de-buzau-30s","status":"publish","type":"product","link":"https:\/\/vivasem.ro\/?product=florelia-de-buzau-30s","title":{"rendered":"FLORELIA ( DE BUZ\u0102U) (30s)"},"content":{"rendered":"<h6><span style=\"color: #ff0000;\">FLORELIA ( DE BUZ\u0102U) ,<\/span><\/h6>\n<h6><span style=\"color: #000080;\">Florelia este un soi de tomate roz ob\u021binut la Sta\u021biunea SCDL Buz\u0103u, cu crestere nedeterminata. <\/span><\/h6>\n<h6><span style=\"color: #ff0000;\">Greutatea fructului este cuprinsa intre\u00a0 105 &#8211; 250 g., \u00a0de forma sferic\u0103, u\u0219or turtit\u0103, de culoare roz-zmeurie uniform\u0103, cu luciu \u0219i fermitate bun\u0103.<\/span><\/h6>\n<h6><span style=\"color: #ff0000;\">Pulpa este c\u0103rnoas\u0103, dens\u0103, cu semin\u021be pu\u021bine, tip beef.<\/span><\/h6>\n<h6><span style=\"color: #000080;\">Gustul este excep\u021bional, de ro\u0219ie tradi\u021bional\u0103, dulce ,slab acid, cu arom\u0103 foarte intens\u0103.<\/span><\/h6>\n<h6><span style=\"color: #000080;\">Productivitatea este mare, Florelia are un potential de productie de 75-95 t\/ha.<\/span><\/h6>\n<h6><span style=\"color: #000080;\"><span style=\"color: #ff0000;\">Se preteaz\u0103 la cultivarea \u00een c\u00e2mp deschis, gr\u0103dini, solarii \u0219i alte spa\u021bii protejate\u00a0 in sistem conven\u021bional \u0219i ecologic, \u00een toate zonele favorabile culturii tomatelor.<\/span><br \/>\n<\/span><\/h6>\n<h6><span style=\"color: #000080;\">Florelia are o toleran\u021b\u0103 mare fata de atacul principalilor agenti patogeni ai\u00a0 tomatelor \u0219i o perioada de vegetatie de 125-130 de zile de la r\u0103sarit p\u00e2n\u0103 la recoltare. <\/span><\/h6>\n<h6><span style=\"color: #000080;\">Necesita palisare, copilire si c\u00e2rnire.<\/span><\/h6>\n<h6><span style=\"color: #000080;\"><span style=\"color: #ff0000;\">Datorit\u0103 pulpei ferme \u0219i dense, foarte rezistente la cr\u0103pare, a capacita\u021bii mari de rezisten\u021b\u0103 la transport \u0219i p\u0103strare, plus aspectul \u0219i calit\u0103\u021bile gustative \u00eenalte, fac Florelia , o alegere excelent\u0103 \u0219i pentru comercializare.<\/span><br \/>\n<\/span><\/h6>\n<p>&nbsp;<\/p>\n<h6>HDT GLX<\/h6>\n<h6><\/h6>\n","protected":false},"excerpt":{"rendered":"<h6><span style=\"color: #0000ff;\">30 SEMIN\u021aE<\/span><\/h6>\n<h6><span style=\"color: #ff00ff;\">DEOSEBIT DE PRODUCTIV \u0218I FOARTE GUSTOS<\/span><\/h6>\n<h6><img loading=\"lazy\" decoding=\"async\" class=\"alignnone size-medium wp-image-17985\" style=\"color: #0000ff;\" src=\"https:\/\/vivasem.ro\/wp-content\/uploads\/2025\/05\/SOI-ROMANESC-300x106.jpg\" alt=\"\" width=\"300\" height=\"106\" srcset=\"https:\/\/vivasem.ro\/wp-content\/uploads\/2025\/05\/SOI-ROMANESC-300x106.jpg 300w, https:\/\/vivasem.ro\/wp-content\/uploads\/2025\/05\/SOI-ROMANESC-150x53.jpg 150w, https:\/\/vivasem.ro\/wp-content\/uploads\/2025\/05\/SOI-ROMANESC-248x88.jpg 248w, https:\/\/vivasem.ro\/wp-content\/uploads\/2025\/05\/SOI-ROMANESC-590x209.jpg 590w, https:\/\/vivasem.ro\/wp-content\/uploads\/2025\/05\/SOI-ROMANESC.jpg 700w\" sizes=\"auto, (max-width: 300px) 100vw, 300px\" \/><\/h6>\n","protected":false},"featured_media":17971,"comment_status":"open","ping_status":"closed","template":"","meta":{"site-sidebar-layout":"default","site-content-layout":"default","ast-site-content-layout":"default","site-content-style":"default","site-sidebar-style":"default","ast-global-header-display":"","ast-banner-title-visibility":"","ast-main-header-display":"","ast-hfb-above-header-display":"","ast-hfb-below-header-display":"","ast-hfb-mobile-header-display":"","site-post-title":"","ast-breadcrumbs-content":"","ast-featured-img":"","footer-sml-layout":"","ast-disable-related-posts":"","theme-transparent-header-meta":"default","adv-header-id-meta":"","stick-header-meta":"","header-above-stick-meta":"","header-main-stick-meta":"","header-below-stick-meta":"","astra-migrate-meta-layouts":"set","ast-page-background-enabled":"default","ast-page-background-meta":{"desktop":{"background-color":"var(--ast-global-color-4)","background-image":"","background-repeat":"repeat","background-position":"center center","background-size":"auto","background-attachment":"scroll","background-type":"","background-media":"","overlay-type":"","overlay-color":"","overlay-opacity":"","overlay-gradient":""},"tablet":{"background-color":"","background-image":"","background-repeat":"repeat","background-position":"center center","background-size":"auto","background-attachment":"scroll","background-type":"","background-media":"","overlay-type":"","overlay-color":"","overlay-opacity":"","overlay-gradient":""},"mobile":{"background-color":"","background-image":"","background-repeat":"repeat","background-position":"center center","background-size":"auto","background-attachment":"scroll","background-type":"","background-media":"","overlay-type":"","overlay-color":"","overlay-opacity":"","overlay-gradient":""}},"ast-content-background-meta":{"desktop":{"background-color":"var(--ast-global-color-5)","background-image":"","background-repeat":"repeat","background-position":"center center","background-size":"auto","background-attachment":"scroll","background-type":"","background-media":"","overlay-type":"","overlay-color":"","overlay-opacity":"","overlay-gradient":""},"tablet":{"background-color":"var(--ast-global-color-5)","background-image":"","background-repeat":"repeat","background-position":"center center","background-size":"auto","background-attachment":"scroll","background-type":"","background-media":"","overlay-type":"","overlay-color":"","overlay-opacity":"","overlay-gradient":""},"mobile":{"background-color":"var(--ast-global-color-5)","background-image":"","background-repeat":"repeat","background-position":"center center","background-size":"auto","background-attachment":"scroll","background-type":"","background-media":"","overlay-type":"","overlay-color":"","overlay-opacity":"","overlay-gradient":""}}},"product_brand":[],"product_cat":[140,142,15],"product_tag":[],"class_list":{"0":"post-16734","1":"product","2":"type-product","3":"status-publish","4":"has-post-thumbnail","6":"product_cat-soiuri-romanesti","7":"product_cat-soiuri-rosii-roz","8":"product_cat-tomate-soi","9":"desktop-align-left","10":"tablet-align-left","11":"mobile-align-left","13":"first","14":"instock","15":"taxable","16":"shipping-taxable","17":"purchasable","18":"product-type-simple"},"_links":{"self":[{"href":"https:\/\/vivasem.ro\/index.php?rest_route=\/wp\/v2\/product\/16734","targetHints":{"allow":["GET"]}}],"collection":[{"href":"https:\/\/vivasem.ro\/index.php?rest_route=\/wp\/v2\/product"}],"about":[{"href":"https:\/\/vivasem.ro\/index.php?rest_route=\/wp\/v2\/types\/product"}],"replies":[{"embeddable":true,"href":"https:\/\/vivasem.ro\/index.php?rest_route=%2Fwp%2Fv2%2Fcomments&post=16734"}],"wp:featuredmedia":[{"embeddable":true,"href":"https:\/\/vivasem.ro\/index.php?rest_route=\/wp\/v2\/media\/17971"}],"wp:attachment":[{"href":"https:\/\/vivasem.ro\/index.php?rest_route=%2Fwp%2Fv2%2Fmedia&parent=16734"}],"wp:term":[{"taxonomy":"product_brand","embeddable":true,"href":"https:\/\/vivasem.ro\/index.php?rest_route=%2Fwp%2Fv2%2Fproduct_brand&post=16734"},{"taxonomy":"product_cat","embeddable":true,"href":"https:\/\/vivasem.ro\/index.php?rest_route=%2Fwp%2Fv2%2Fproduct_cat&post=16734"},{"taxonomy":"product_tag","embeddable":true,"href":"https:\/\/vivasem.ro\/index.php?rest_route=%2Fwp%2Fv2%2Fproduct_tag&post=16734"}],"curies":[{"name":"wp","href":"https:\/\/api.w.org\/{rel}","templated":true}]}}