{"id":16723,"date":"2025-05-12T16:08:04","date_gmt":"2025-05-12T14:08:04","guid":{"rendered":"https:\/\/vivasem.ro\/?post_type=product&#038;p=16723"},"modified":"2025-12-26T10:29:50","modified_gmt":"2025-12-26T08:29:50","slug":"ananas-flora-25s","status":"publish","type":"product","link":"https:\/\/vivasem.ro\/?product=ananas-flora-25s","title":{"rendered":"ANANAS (FLORA) (25s)"},"content":{"rendered":"<h6><span style=\"color: #ff0000;\"><strong>ANANAS\/PINEAPPLE &#8211;\u00a0 \u00a0 \u00a0 \u00a0 \u00a0 \u00a0 \u00a0 \u00a0 \u00a0 \u00a0 \u00a0 \u00a0<img loading=\"lazy\" decoding=\"async\" class=\"alignnone wp-image-16724\" src=\"https:\/\/vivasem.ro\/wp-content\/uploads\/2025\/05\/FLORA-SELF-300x133.jpg\" alt=\"\" width=\"198\" height=\"88\" srcset=\"https:\/\/vivasem.ro\/wp-content\/uploads\/2025\/05\/FLORA-SELF-300x133.jpg 300w, https:\/\/vivasem.ro\/wp-content\/uploads\/2025\/05\/FLORA-SELF-150x66.jpg 150w, https:\/\/vivasem.ro\/wp-content\/uploads\/2025\/05\/FLORA-SELF-248x110.jpg 248w, https:\/\/vivasem.ro\/wp-content\/uploads\/2025\/05\/FLORA-SELF.jpg 395w\" sizes=\"auto, (max-width: 198px) 100vw, 198px\" \/><\/strong><\/span><\/h6>\n<h6><span style=\"color: #ff0000;\"><strong>SEMINTE DE LA FLORASELF\u00a0 GMBH GERMANIA ,AMBALATE DE NOI \u00ceN PLICURI ZIP ,ETICHETATE.<\/strong><\/span><\/h6>\n<h6><strong><span style=\"color: #0000ff;\">\u00a0 \u00a0 \u00a0 \u00a0 \u00a0 \u00a0 \u00a0 \u00a0 \u00a0 \u00a0 \u00a0 \u00a0 \u00a0 \u00a0 \u00a0 \u00a0 \u00a0 \u00a0 \u00a0 \u00a0 \u00a0 \u00a0 \u00a0 \u00a0<\/span><\/strong><\/h6>\n<h6><strong><span style=\"color: #0000ff;\">SOI\u00a0 BELGIAN EXCEP\u021aIONAL, CU FRUCTE URIA\u0218E<\/span>,<span style=\"color: #0000ff;\">MASIVE ,CU MIEZ SUPERB ,GALBEN -ROSU,CU ASPECT IN SEC\u021aIUNE ASEM\u0102N\u0102TOR ANANASULUI.<\/span><\/strong><\/h6>\n<h6>M\u0102RIMEA MEDIE ESTE DE 200-350 GRAME, <span style=\"color: #0000ff;\">DAR AJUNG \u0218I PESTE 1 kilogram.<\/span><\/h6>\n<h6><span style=\"color: #ff0000;\"><strong>TOMATELE SUNT TIP BEEFSTEAK<\/strong>, CU PULP\u0102 FERM\u0102, CE PERMITE FELIEREA \u0218I T\u0102IEREA IN CUBURI, \u00ceNTRE CELE MAI MARI TOMATE GALBENE -BICOLORE<\/span><\/h6>\n<h6><span style=\"color: #0000ff;\"> EXCEP\u021aIONAL DE GUSTOASE,<\/span> CU AROM\u0102 FRUCTAT\u0102, C\u0102RNOASE DULCI, NEACIDE.<\/h6>\n<h6>\u00a0 SOI HEIRLOOM EXTRAORDINAR, DE MARE PRODUCTIVITATE, NEDETERMINAT , SEMITIMPURIU.<\/h6>\n<h6><a href=\"https:\/\/vivasem.ro\/wp-content\/uploads\/2021\/11\/RECOMAND.jpg\">CEA MAI BUN\u0102 VARIETATE DIN ACEST SOI ,CULTIVAT\u0102 DE NOI\u00a0 !<\/a><a href=\"https:\/\/vivasem.ro\/wp-content\/uploads\/2021\/11\/RECOMAND.jpg\"><img loading=\"lazy\" decoding=\"async\" class=\"alignnone wp-image-8306 \" src=\"https:\/\/vivasem.ro\/wp-content\/uploads\/2021\/11\/RECOMAND-150x150.jpg\" alt=\"\" width=\"88\" height=\"88\" \/><\/a><\/h6>\n","protected":false},"excerpt":{"rendered":"<h6><span style=\"color: #0000ff;\">25 SEMIN\u021aE<\/span><\/h6>\n<h6><span style=\"color: #ff00ff;\">SOI GIGANT,EXTREM DE PRODUCTIV, GUST EXCEP\u021aIONAL !<\/span><\/h6>\n","protected":false},"featured_media":18172,"comment_status":"open","ping_status":"closed","template":"","meta":{"site-sidebar-layout":"default","site-content-layout":"default","ast-site-content-layout":"default","site-content-style":"default","site-sidebar-style":"default","ast-global-header-display":"","ast-banner-title-visibility":"","ast-main-header-display":"","ast-hfb-above-header-display":"","ast-hfb-below-header-display":"","ast-hfb-mobile-header-display":"","site-post-title":"","ast-breadcrumbs-content":"","ast-featured-img":"","footer-sml-layout":"","ast-disable-related-posts":"","theme-transparent-header-meta":"default","adv-header-id-meta":"","stick-header-meta":"","header-above-stick-meta":"","header-main-stick-meta":"","header-below-stick-meta":"","astra-migrate-meta-layouts":"set","ast-page-background-enabled":"default","ast-page-background-meta":{"desktop":{"background-color":"var(--ast-global-color-4)","background-image":"","background-repeat":"repeat","background-position":"center center","background-size":"auto","background-attachment":"scroll","background-type":"","background-media":"","overlay-type":"","overlay-color":"","overlay-opacity":"","overlay-gradient":""},"tablet":{"background-color":"","background-image":"","background-repeat":"repeat","background-position":"center center","background-size":"auto","background-attachment":"scroll","background-type":"","background-media":"","overlay-type":"","overlay-color":"","overlay-opacity":"","overlay-gradient":""},"mobile":{"background-color":"","background-image":"","background-repeat":"repeat","background-position":"center center","background-size":"auto","background-attachment":"scroll","background-type":"","background-media":"","overlay-type":"","overlay-color":"","overlay-opacity":"","overlay-gradient":""}},"ast-content-background-meta":{"desktop":{"background-color":"var(--ast-global-color-5)","background-image":"","background-repeat":"repeat","background-position":"center center","background-size":"auto","background-attachment":"scroll","background-type":"","background-media":"","overlay-type":"","overlay-color":"","overlay-opacity":"","overlay-gradient":""},"tablet":{"background-color":"var(--ast-global-color-5)","background-image":"","background-repeat":"repeat","background-position":"center center","background-size":"auto","background-attachment":"scroll","background-type":"","background-media":"","overlay-type":"","overlay-color":"","overlay-opacity":"","overlay-gradient":""},"mobile":{"background-color":"var(--ast-global-color-5)","background-image":"","background-repeat":"repeat","background-position":"center center","background-size":"auto","background-attachment":"scroll","background-type":"","background-media":"","overlay-type":"","overlay-color":"","overlay-opacity":"","overlay-gradient":""}}},"product_brand":[],"product_cat":[139,141,15],"product_tag":[],"class_list":{"0":"post-16723","1":"product","2":"type-product","3":"status-publish","4":"has-post-thumbnail","6":"product_cat-tomate-galbene-orange-bicolore-verzi","7":"product_cat-soi-gigant-urias","8":"product_cat-tomate-soi","9":"desktop-align-left","10":"tablet-align-left","11":"mobile-align-left","13":"first","14":"instock","15":"taxable","16":"shipping-taxable","17":"purchasable","18":"product-type-simple"},"_links":{"self":[{"href":"https:\/\/vivasem.ro\/index.php?rest_route=\/wp\/v2\/product\/16723","targetHints":{"allow":["GET"]}}],"collection":[{"href":"https:\/\/vivasem.ro\/index.php?rest_route=\/wp\/v2\/product"}],"about":[{"href":"https:\/\/vivasem.ro\/index.php?rest_route=\/wp\/v2\/types\/product"}],"replies":[{"embeddable":true,"href":"https:\/\/vivasem.ro\/index.php?rest_route=%2Fwp%2Fv2%2Fcomments&post=16723"}],"wp:featuredmedia":[{"embeddable":true,"href":"https:\/\/vivasem.ro\/index.php?rest_route=\/wp\/v2\/media\/18172"}],"wp:attachment":[{"href":"https:\/\/vivasem.ro\/index.php?rest_route=%2Fwp%2Fv2%2Fmedia&parent=16723"}],"wp:term":[{"taxonomy":"product_brand","embeddable":true,"href":"https:\/\/vivasem.ro\/index.php?rest_route=%2Fwp%2Fv2%2Fproduct_brand&post=16723"},{"taxonomy":"product_cat","embeddable":true,"href":"https:\/\/vivasem.ro\/index.php?rest_route=%2Fwp%2Fv2%2Fproduct_cat&post=16723"},{"taxonomy":"product_tag","embeddable":true,"href":"https:\/\/vivasem.ro\/index.php?rest_route=%2Fwp%2Fv2%2Fproduct_tag&post=16723"}],"curies":[{"name":"wp","href":"https:\/\/api.w.org\/{rel}","templated":true}]}}