{"id":16638,"date":"2025-03-29T10:11:16","date_gmt":"2025-03-29T08:11:16","guid":{"rendered":"https:\/\/vivasem.ro\/?post_type=product&#038;p=16638"},"modified":"2026-01-23T12:27:12","modified_gmt":"2026-01-23T10:27:12","slug":"hera","status":"publish","type":"product","link":"https:\/\/vivasem.ro\/?product=hera","title":{"rendered":"HERA"},"content":{"rendered":"<h6><span style=\"color: #ff0000;\"><strong>HERA,<\/strong><\/span><\/h6>\n<h6><span style=\"color: #333399;\"><strong>SOI ROM\u00c2NESC, OB\u021aINUT LA SCDL BUZ\u0102U,CE RODE\u0218TE NUMEROASE FRUCTE LUNGI <\/strong>\u00a0,CU GUST EXCELENT, CLASIC,DULCE -ACRI\u0218OR.<\/span><\/h6>\n<h6 style=\"text-align: left;\"><span style=\"color: #333399;\">PLANTELE NEDETERMINATE, SUNT\u00a0 PRODUCTIVE \u0218I FORMEAZ\u0102 CIORCHINI DE 6-10 FRUCTE SPECTACULOASE, DE CULOARE RO\u0218IE INTENS\u0102, SUCULENTE,,C\u0102RNOASE, CU PULP\u0102 FERM\u0102, \u00ceN GREUTATE DE 60-200 grame, F\u0102R\u0102 GOLURI, CU SEMIN\u021aE FOARTE PU\u021aINE .\u00a0<\/span><\/h6>\n<h6><span style=\"color: #333399;\">SOI SEMITIMPURIU.<\/span><\/h6>\n","protected":false},"excerpt":{"rendered":"<h6><span style=\"color: #0000ff;\">15 SEMIN\u021aE<\/span><\/h6>\n<h6><span style=\"color: #ff00ff;\">SOI DEOSEBIT, FOARTE GUSTOS, PRODUCTIV<\/span><\/h6>\n<p><img loading=\"lazy\" decoding=\"async\" class=\"alignnone size-medium wp-image-17985\" src=\"https:\/\/vivasem.ro\/wp-content\/uploads\/2025\/05\/SOI-ROMANESC-300x106.jpg\" alt=\"\" width=\"300\" height=\"106\" srcset=\"https:\/\/vivasem.ro\/wp-content\/uploads\/2025\/05\/SOI-ROMANESC-300x106.jpg 300w, https:\/\/vivasem.ro\/wp-content\/uploads\/2025\/05\/SOI-ROMANESC-150x53.jpg 150w, https:\/\/vivasem.ro\/wp-content\/uploads\/2025\/05\/SOI-ROMANESC-248x88.jpg 248w, https:\/\/vivasem.ro\/wp-content\/uploads\/2025\/05\/SOI-ROMANESC-590x209.jpg 590w, https:\/\/vivasem.ro\/wp-content\/uploads\/2025\/05\/SOI-ROMANESC.jpg 700w\" sizes=\"auto, (max-width: 300px) 100vw, 300px\" \/><\/p>\n<p>&nbsp;<\/p>\n<p>&nbsp;<\/p>\n","protected":false},"featured_media":16645,"comment_status":"open","ping_status":"closed","template":"","meta":{"site-sidebar-layout":"default","site-content-layout":"default","ast-site-content-layout":"default","site-content-style":"default","site-sidebar-style":"default","ast-global-header-display":"","ast-banner-title-visibility":"","ast-main-header-display":"","ast-hfb-above-header-display":"","ast-hfb-below-header-display":"","ast-hfb-mobile-header-display":"","site-post-title":"","ast-breadcrumbs-content":"","ast-featured-img":"","footer-sml-layout":"","ast-disable-related-posts":"","theme-transparent-header-meta":"default","adv-header-id-meta":"","stick-header-meta":"","header-above-stick-meta":"","header-main-stick-meta":"","header-below-stick-meta":"","astra-migrate-meta-layouts":"set","ast-page-background-enabled":"default","ast-page-background-meta":{"desktop":{"background-color":"var(--ast-global-color-4)","background-image":"","background-repeat":"repeat","background-position":"center center","background-size":"auto","background-attachment":"scroll","background-type":"","background-media":"","overlay-type":"","overlay-color":"","overlay-opacity":"","overlay-gradient":""},"tablet":{"background-color":"","background-image":"","background-repeat":"repeat","background-position":"center center","background-size":"auto","background-attachment":"scroll","background-type":"","background-media":"","overlay-type":"","overlay-color":"","overlay-opacity":"","overlay-gradient":""},"mobile":{"background-color":"","background-image":"","background-repeat":"repeat","background-position":"center center","background-size":"auto","background-attachment":"scroll","background-type":"","background-media":"","overlay-type":"","overlay-color":"","overlay-opacity":"","overlay-gradient":""}},"ast-content-background-meta":{"desktop":{"background-color":"var(--ast-global-color-5)","background-image":"","background-repeat":"repeat","background-position":"center center","background-size":"auto","background-attachment":"scroll","background-type":"","background-media":"","overlay-type":"","overlay-color":"","overlay-opacity":"","overlay-gradient":""},"tablet":{"background-color":"var(--ast-global-color-5)","background-image":"","background-repeat":"repeat","background-position":"center center","background-size":"auto","background-attachment":"scroll","background-type":"","background-media":"","overlay-type":"","overlay-color":"","overlay-opacity":"","overlay-gradient":""},"mobile":{"background-color":"var(--ast-global-color-5)","background-image":"","background-repeat":"repeat","background-position":"center center","background-size":"auto","background-attachment":"scroll","background-type":"","background-media":"","overlay-type":"","overlay-color":"","overlay-opacity":"","overlay-gradient":""}}},"product_brand":[],"product_cat":[143,178,140,142,15],"product_tag":[],"class_list":{"0":"post-16638","1":"product","2":"type-product","3":"status-publish","4":"has-post-thumbnail","6":"product_cat-soiuri-timpurii-cherry","7":"product_cat-soiuri-lungi","8":"product_cat-soiuri-romanesti","9":"product_cat-soiuri-rosii-roz","10":"product_cat-tomate-soi","11":"desktop-align-left","12":"tablet-align-left","13":"mobile-align-left","15":"first","16":"instock","17":"taxable","18":"shipping-taxable","19":"purchasable","20":"product-type-simple"},"_links":{"self":[{"href":"https:\/\/vivasem.ro\/index.php?rest_route=\/wp\/v2\/product\/16638","targetHints":{"allow":["GET"]}}],"collection":[{"href":"https:\/\/vivasem.ro\/index.php?rest_route=\/wp\/v2\/product"}],"about":[{"href":"https:\/\/vivasem.ro\/index.php?rest_route=\/wp\/v2\/types\/product"}],"replies":[{"embeddable":true,"href":"https:\/\/vivasem.ro\/index.php?rest_route=%2Fwp%2Fv2%2Fcomments&post=16638"}],"wp:featuredmedia":[{"embeddable":true,"href":"https:\/\/vivasem.ro\/index.php?rest_route=\/wp\/v2\/media\/16645"}],"wp:attachment":[{"href":"https:\/\/vivasem.ro\/index.php?rest_route=%2Fwp%2Fv2%2Fmedia&parent=16638"}],"wp:term":[{"taxonomy":"product_brand","embeddable":true,"href":"https:\/\/vivasem.ro\/index.php?rest_route=%2Fwp%2Fv2%2Fproduct_brand&post=16638"},{"taxonomy":"product_cat","embeddable":true,"href":"https:\/\/vivasem.ro\/index.php?rest_route=%2Fwp%2Fv2%2Fproduct_cat&post=16638"},{"taxonomy":"product_tag","embeddable":true,"href":"https:\/\/vivasem.ro\/index.php?rest_route=%2Fwp%2Fv2%2Fproduct_tag&post=16638"}],"curies":[{"name":"wp","href":"https:\/\/api.w.org\/{rel}","templated":true}]}}