{"id":16188,"date":"2025-02-18T08:05:40","date_gmt":"2025-02-18T06:05:40","guid":{"rendered":"https:\/\/vivasem.ro\/?post_type=product&#038;p=16188"},"modified":"2026-02-27T21:26:51","modified_gmt":"2026-02-27T19:26:51","slug":"sub-arctic-plenty","status":"publish","type":"product","link":"https:\/\/vivasem.ro\/?product=sub-arctic-plenty","title":{"rendered":".Sub Arctic Plenty ( Soi \u0219i de ghiveci) -Ofert\u0103 pret\/G. 80-95%"},"content":{"rendered":"<h6><span style=\"color: #ff0000;\">\u00a0 Sub Arctic Plenty,<\/span><\/h6>\n<h6>Lot cu germina\u021bie de 80-95%.<\/h6>\n<h6><span style=\"color: #333399;\">Poate cel mai rezistent soi existent , a fost dezvoltat \u00een anii 1940 de armata SUA pentru a furniza ro\u0219ii proaspete trupelor lor din Groenlanda, a fost de fapt creeat la Beaverlodge Research Station (Alberta, Canada) ,\u00een anii 1970.<\/span><\/h6>\n<h6><span style=\"color: #333399;\"> I<span style=\"color: #ff0000;\">deal pentru clim\u0103 rece, extratimpuriu, de sezon scurt , 55-65 zile.<\/span><\/span><\/h6>\n<h6><span style=\"color: #ff0000;\">Foarte productiv, poate face\u00a0 sute de fructe ro\u0219ii mici, de 2,5 p\u00e2n\u0103 la 6 cm, cu acea arom\u0103\u00a0 de ro\u0219ii vechi, cu gust excep\u021bional dulce-acri\u0219or. <\/span><\/h6>\n<h6><span style=\"color: #333399;\">Maturitate extrem de timpurie,fructe \u00een greutate de 30-100 grame,ferme, care nu crap\u0103,cu seminte pu\u021bine.<\/span><\/h6>\n<h6><span style=\"color: #333399;\">Soi determinat,nu necesit\u0103 araci.<\/span><\/h6>\n<h6><span style=\"color: #333399;\">DEDICAT PENTRU OB\u021aINEREA DE SOSURI, CONSERVE, BULION.<\/span><\/h6>\n<h6><span style=\"color: #333399;\">SOI SPECIAL DE GR\u0102DIN\u0102 .<\/span><\/h6>\n","protected":false},"excerpt":{"rendered":"<h6><span style=\"color: #ff00ff;\">SOI DETERMINAT\u00a0 EXTREM DE REZISTENT,GUSTOS \u0218I PRODUCTIV!<\/span><\/h6>\n","protected":false},"featured_media":16201,"comment_status":"open","ping_status":"closed","template":"","meta":{"site-sidebar-layout":"default","site-content-layout":"default","ast-site-content-layout":"default","site-content-style":"default","site-sidebar-style":"default","ast-global-header-display":"","ast-banner-title-visibility":"","ast-main-header-display":"","ast-hfb-above-header-display":"","ast-hfb-below-header-display":"","ast-hfb-mobile-header-display":"","site-post-title":"","ast-breadcrumbs-content":"","ast-featured-img":"","footer-sml-layout":"","ast-disable-related-posts":"","theme-transparent-header-meta":"default","adv-header-id-meta":"","stick-header-meta":"","header-above-stick-meta":"","header-main-stick-meta":"","header-below-stick-meta":"","astra-migrate-meta-layouts":"set","ast-page-background-enabled":"default","ast-page-background-meta":{"desktop":{"background-color":"var(--ast-global-color-4)","background-image":"","background-repeat":"repeat","background-position":"center center","background-size":"auto","background-attachment":"scroll","background-type":"","background-media":"","overlay-type":"","overlay-color":"","overlay-opacity":"","overlay-gradient":""},"tablet":{"background-color":"","background-image":"","background-repeat":"repeat","background-position":"center center","background-size":"auto","background-attachment":"scroll","background-type":"","background-media":"","overlay-type":"","overlay-color":"","overlay-opacity":"","overlay-gradient":""},"mobile":{"background-color":"","background-image":"","background-repeat":"repeat","background-position":"center center","background-size":"auto","background-attachment":"scroll","background-type":"","background-media":"","overlay-type":"","overlay-color":"","overlay-opacity":"","overlay-gradient":""}},"ast-content-background-meta":{"desktop":{"background-color":"var(--ast-global-color-5)","background-image":"","background-repeat":"repeat","background-position":"center center","background-size":"auto","background-attachment":"scroll","background-type":"","background-media":"","overlay-type":"","overlay-color":"","overlay-opacity":"","overlay-gradient":""},"tablet":{"background-color":"var(--ast-global-color-5)","background-image":"","background-repeat":"repeat","background-position":"center center","background-size":"auto","background-attachment":"scroll","background-type":"","background-media":"","overlay-type":"","overlay-color":"","overlay-opacity":"","overlay-gradient":""},"mobile":{"background-color":"var(--ast-global-color-5)","background-image":"","background-repeat":"repeat","background-position":"center center","background-size":"auto","background-attachment":"scroll","background-type":"","background-media":"","overlay-type":"","overlay-color":"","overlay-opacity":"","overlay-gradient":""}}},"product_brand":[],"product_cat":[167,178,142,15],"product_tag":[],"class_list":{"0":"post-16188","1":"product","2":"type-product","3":"status-publish","4":"has-post-thumbnail","6":"product_cat-tufa","7":"product_cat-soiuri-lungi","8":"product_cat-soiuri-rosii-roz","9":"product_cat-tomate-soi","10":"pa_cantitate-10-seminte","11":"pa_cantitate-100-seminte","12":"pa_cantitate-200-seminte","13":"pa_cantitate-25-seminte","14":"pa_cantitate-250-seminte","15":"pa_cantitate-5-seminte","16":"pa_cantitate-50-seminte","17":"pa_cantitate-500-seminte","18":"desktop-align-left","19":"tablet-align-left","20":"mobile-align-left","22":"first","23":"instock","24":"sale","25":"taxable","26":"shipping-taxable","27":"purchasable","28":"product-type-variable"},"_links":{"self":[{"href":"https:\/\/vivasem.ro\/index.php?rest_route=\/wp\/v2\/product\/16188","targetHints":{"allow":["GET"]}}],"collection":[{"href":"https:\/\/vivasem.ro\/index.php?rest_route=\/wp\/v2\/product"}],"about":[{"href":"https:\/\/vivasem.ro\/index.php?rest_route=\/wp\/v2\/types\/product"}],"replies":[{"embeddable":true,"href":"https:\/\/vivasem.ro\/index.php?rest_route=%2Fwp%2Fv2%2Fcomments&post=16188"}],"wp:featuredmedia":[{"embeddable":true,"href":"https:\/\/vivasem.ro\/index.php?rest_route=\/wp\/v2\/media\/16201"}],"wp:attachment":[{"href":"https:\/\/vivasem.ro\/index.php?rest_route=%2Fwp%2Fv2%2Fmedia&parent=16188"}],"wp:term":[{"taxonomy":"product_brand","embeddable":true,"href":"https:\/\/vivasem.ro\/index.php?rest_route=%2Fwp%2Fv2%2Fproduct_brand&post=16188"},{"taxonomy":"product_cat","embeddable":true,"href":"https:\/\/vivasem.ro\/index.php?rest_route=%2Fwp%2Fv2%2Fproduct_cat&post=16188"},{"taxonomy":"product_tag","embeddable":true,"href":"https:\/\/vivasem.ro\/index.php?rest_route=%2Fwp%2Fv2%2Fproduct_tag&post=16188"}],"curies":[{"name":"wp","href":"https:\/\/api.w.org\/{rel}","templated":true}]}}