{"id":16169,"date":"2025-02-15T17:45:22","date_gmt":"2025-02-15T15:45:22","guid":{"rendered":"https:\/\/vivasem.ro\/?post_type=product&#038;p=16169"},"modified":"2026-04-13T14:35:00","modified_gmt":"2026-04-13T12:35:00","slug":"mazare-urcatoare-pentru-pastai-carouby-50g","status":"publish","type":"product","link":"https:\/\/vivasem.ro\/?product=mazare-urcatoare-pentru-pastai-carouby-50g","title":{"rendered":"Maz\u0103re dulce pentru p\u0103st\u0103i-Carouby (50g)"},"content":{"rendered":"<h6 style=\"text-align: left;\"><span style=\"color: #ff0000;\"><strong><u>Maz\u0103re urc\u0103toare pentru p\u0103st\u0103i-Carouby -Agrosem Tg.Mure\u0219,<\/u><\/strong><\/span><\/h6>\n<h6 style=\"text-align: left;\">Semin\u021be produse \u0219i tratate \u00een Italia.<\/h6>\n<h6><span style=\"color: #ff0000;\">La acest soi, la \u00eenceputul fructific\u0103rii, c\u00e2nd p\u0103stile sunt fragede, \u0219i au\u00a0 semin\u021bele interne mici,c\u00e2t bobul de piper,se consum\u0103\u00a0 p\u0103st\u0103iele integrale, ca la fasolea verde, fiind foarte gustoase.<\/span><\/h6>\n<h6><span style=\"color: #333399;\"><strong>Se seam\u0103n\u0103 \u00een c\u00e2mp prim\u0103vara timpuriu.<\/strong><\/span><\/h6>\n<h6><span style=\"color: #333399;\"><strong> \u00cen\u0103l\u021bimea plantei este de 140-150 cm, \u0219i necesit\u0103 palisare. <\/strong><\/span><\/h6>\n<h6><span style=\"color: #333399;\"><strong>P\u0103st\u0103ile au lungime 10-11 cm, sunt verzi, f\u0103r\u0103 a\u021be, foarte dulci, gustoase \u0219i con\u021bin boabe mici dulci.<\/strong><\/span><\/h6>\n<h6><span style=\"color: #ff0000;\"><strong>Se consum\u0103 p\u0103st\u0103ile \u00een faz\u0103 \u00a0t\u00e2n\u0103r\u0103 at\u00e2t proaspete c\u00e2t \u0219i congelate.<\/strong><\/span><\/h6>\n<h6><span style=\"color: #333399;\"><strong>Soi cu perioada de vegeta\u021bie de 75-80 zile.<\/strong><\/span><\/h6>\n<h6><\/h6>\n","protected":false},"excerpt":{"rendered":"<h6><span style=\"color: #0000ff;\">50 grame\/190-210 SEMIN\u021aE<\/span><\/h6>\n<h6><span style=\"color: #ff00ff;\"> SOI URC\u0102TOR ,DE LA CARE SE CONSUM\u0102\u00a0 P\u0102ST\u0102ILE.<\/span><\/h6>\n","protected":false},"featured_media":16170,"comment_status":"open","ping_status":"closed","template":"","meta":{"site-sidebar-layout":"default","site-content-layout":"default","ast-site-content-layout":"default","site-content-style":"default","site-sidebar-style":"default","ast-global-header-display":"","ast-banner-title-visibility":"","ast-main-header-display":"","ast-hfb-above-header-display":"","ast-hfb-below-header-display":"","ast-hfb-mobile-header-display":"","site-post-title":"","ast-breadcrumbs-content":"","ast-featured-img":"","footer-sml-layout":"","ast-disable-related-posts":"","theme-transparent-header-meta":"default","adv-header-id-meta":"","stick-header-meta":"","header-above-stick-meta":"","header-main-stick-meta":"","header-below-stick-meta":"","astra-migrate-meta-layouts":"set","ast-page-background-enabled":"default","ast-page-background-meta":{"desktop":{"background-color":"var(--ast-global-color-4)","background-image":"","background-repeat":"repeat","background-position":"center center","background-size":"auto","background-attachment":"scroll","background-type":"","background-media":"","overlay-type":"","overlay-color":"","overlay-opacity":"","overlay-gradient":""},"tablet":{"background-color":"","background-image":"","background-repeat":"repeat","background-position":"center center","background-size":"auto","background-attachment":"scroll","background-type":"","background-media":"","overlay-type":"","overlay-color":"","overlay-opacity":"","overlay-gradient":""},"mobile":{"background-color":"","background-image":"","background-repeat":"repeat","background-position":"center center","background-size":"auto","background-attachment":"scroll","background-type":"","background-media":"","overlay-type":"","overlay-color":"","overlay-opacity":"","overlay-gradient":""}},"ast-content-background-meta":{"desktop":{"background-color":"var(--ast-global-color-5)","background-image":"","background-repeat":"repeat","background-position":"center center","background-size":"auto","background-attachment":"scroll","background-type":"","background-media":"","overlay-type":"","overlay-color":"","overlay-opacity":"","overlay-gradient":""},"tablet":{"background-color":"var(--ast-global-color-5)","background-image":"","background-repeat":"repeat","background-position":"center center","background-size":"auto","background-attachment":"scroll","background-type":"","background-media":"","overlay-type":"","overlay-color":"","overlay-opacity":"","overlay-gradient":""},"mobile":{"background-color":"var(--ast-global-color-5)","background-image":"","background-repeat":"repeat","background-position":"center center","background-size":"auto","background-attachment":"scroll","background-type":"","background-media":"","overlay-type":"","overlay-color":"","overlay-opacity":"","overlay-gradient":""}}},"product_brand":[],"product_cat":[85,112],"product_tag":[],"class_list":{"0":"post-16169","1":"product","2":"type-product","3":"status-publish","4":"has-post-thumbnail","6":"product_cat-fasole","7":"product_cat-fasole-oloaga-fasole-pitica","8":"desktop-align-left","9":"tablet-align-left","10":"mobile-align-left","12":"first","13":"instock","14":"taxable","15":"shipping-taxable","16":"purchasable","17":"product-type-simple"},"_links":{"self":[{"href":"https:\/\/vivasem.ro\/index.php?rest_route=\/wp\/v2\/product\/16169","targetHints":{"allow":["GET"]}}],"collection":[{"href":"https:\/\/vivasem.ro\/index.php?rest_route=\/wp\/v2\/product"}],"about":[{"href":"https:\/\/vivasem.ro\/index.php?rest_route=\/wp\/v2\/types\/product"}],"replies":[{"embeddable":true,"href":"https:\/\/vivasem.ro\/index.php?rest_route=%2Fwp%2Fv2%2Fcomments&post=16169"}],"wp:featuredmedia":[{"embeddable":true,"href":"https:\/\/vivasem.ro\/index.php?rest_route=\/wp\/v2\/media\/16170"}],"wp:attachment":[{"href":"https:\/\/vivasem.ro\/index.php?rest_route=%2Fwp%2Fv2%2Fmedia&parent=16169"}],"wp:term":[{"taxonomy":"product_brand","embeddable":true,"href":"https:\/\/vivasem.ro\/index.php?rest_route=%2Fwp%2Fv2%2Fproduct_brand&post=16169"},{"taxonomy":"product_cat","embeddable":true,"href":"https:\/\/vivasem.ro\/index.php?rest_route=%2Fwp%2Fv2%2Fproduct_cat&post=16169"},{"taxonomy":"product_tag","embeddable":true,"href":"https:\/\/vivasem.ro\/index.php?rest_route=%2Fwp%2Fv2%2Fproduct_tag&post=16169"}],"curies":[{"name":"wp","href":"https:\/\/api.w.org\/{rel}","templated":true}]}}